{"id":80220,"date":"2023-04-28T11:03:34","date_gmt":"2023-04-28T14:03:34","guid":{"rendered":"http:\/\/www.apucarana.pr.gov.br\/site\/?page_id=80220"},"modified":"2023-05-15T10:14:07","modified_gmt":"2023-05-15T13:14:07","slug":"conselho-tutelar","status":"publish","type":"page","link":"https:\/\/www.apucarana.pr.gov.br\/site\/orgaos-da-administracao\/assistencia-social\/conselho-tutelar\/","title":{"rendered":"Conselho Tutelar"},"content":{"rendered":"\t\t<div data-elementor-type=\"wp-page\" data-elementor-id=\"80220\" class=\"elementor elementor-80220\">\n\t\t\t\t\t\t\t\t\t<section class=\"elementor-section elementor-top-section elementor-element elementor-element-5a94f9a elementor-section-boxed elementor-section-height-default elementor-section-height-default\" data-id=\"5a94f9a\" data-element_type=\"section\" data-settings=\"{&quot;jet_parallax_layout_list&quot;:[{&quot;jet_parallax_layout_image&quot;:{&quot;url&quot;:&quot;&quot;,&quot;id&quot;:&quot;&quot;},&quot;_id&quot;:&quot;bb5842e&quot;,&quot;jet_parallax_layout_image_tablet&quot;:{&quot;url&quot;:&quot;&quot;,&quot;id&quot;:&quot;&quot;},&quot;jet_parallax_layout_image_mobile&quot;:{&quot;url&quot;:&quot;&quot;,&quot;id&quot;:&quot;&quot;},&quot;jet_parallax_layout_speed&quot;:{&quot;unit&quot;:&quot;%&quot;,&quot;size&quot;:50,&quot;sizes&quot;:[]},&quot;jet_parallax_layout_type&quot;:&quot;scroll&quot;,&quot;jet_parallax_layout_direction&quot;:null,&quot;jet_parallax_layout_fx_direction&quot;:null,&quot;jet_parallax_layout_z_index&quot;:&quot;&quot;,&quot;jet_parallax_layout_bg_x&quot;:50,&quot;jet_parallax_layout_bg_x_tablet&quot;:&quot;&quot;,&quot;jet_parallax_layout_bg_x_mobile&quot;:&quot;&quot;,&quot;jet_parallax_layout_bg_y&quot;:50,&quot;jet_parallax_layout_bg_y_tablet&quot;:&quot;&quot;,&quot;jet_parallax_layout_bg_y_mobile&quot;:&quot;&quot;,&quot;jet_parallax_layout_bg_size&quot;:&quot;auto&quot;,&quot;jet_parallax_layout_bg_size_tablet&quot;:&quot;&quot;,&quot;jet_parallax_layout_bg_size_mobile&quot;:&quot;&quot;,&quot;jet_parallax_layout_animation_prop&quot;:&quot;transform&quot;,&quot;jet_parallax_layout_on&quot;:[&quot;desktop&quot;,&quot;tablet&quot;]}]}\">\n\t\t\t\t\t\t<div class=\"elementor-container elementor-column-gap-default\">\n\t\t\t\t\t<div class=\"elementor-column elementor-col-100 elementor-top-column elementor-element elementor-element-9d8e2bd\" data-id=\"9d8e2bd\" data-element_type=\"column\">\n\t\t\t<div class=\"elementor-widget-wrap elementor-element-populated\">\n\t\t\t\t\t\t\t\t<div class=\"elementor-element elementor-element-1d3947a elementor-align-left elementor-widget elementor-widget-raven-heading\" data-id=\"1d3947a\" data-element_type=\"widget\" data-widget_type=\"raven-heading.default\">\n\t\t\t\t<div class=\"elementor-widget-container\">\n\t\t\t\t\t<div class=\"raven-widget-wrapper\"><h3 class=\"raven-heading raven-heading-h3\"><span class=\"raven-heading-title\">Descri\u00e7\u00e3o<\/span><\/h3><\/div>\n\t\t\t\t<\/div>\n\t\t\t\t<\/div>\n\t\t\t\t<div class=\"elementor-element elementor-element-7dcd6c9 elementor-widget elementor-widget-text-editor\" data-id=\"7dcd6c9\" data-element_type=\"widget\" data-widget_type=\"text-editor.default\">\n\t\t\t\t<div class=\"elementor-widget-container\">\n\t\t\t\t\t\t\t<div id=\"da7237\" class=\"dtxt\">\u00d3rg\u00e3o permanente e aut\u00f4nomo, n\u00e3o jurisdicional, encarregado pela sociedade de zelar pelo cumprimento dos direitos da crian\u00e7a e do adolescente, definidos na Lei Federal n\u00ba 8.069\/1990, Resolu\u00e7\u00e3o n\u00ba 170\/2014 &#8211; CONANDA e complementados pela Lei Municipal n\u00ba 138\/2014.<\/div>\t\t\t\t\t\t<\/div>\n\t\t\t\t<\/div>\n\t\t\t\t<div class=\"elementor-element elementor-element-080c84b elementor-align-left elementor-widget elementor-widget-raven-heading\" data-id=\"080c84b\" data-element_type=\"widget\" data-widget_type=\"raven-heading.default\">\n\t\t\t\t<div class=\"elementor-widget-container\">\n\t\t\t\t\t<div class=\"raven-widget-wrapper\"><h3 class=\"raven-heading raven-heading-h3\"><span class=\"raven-heading-title\">Elei\u00e7\u00f5es Conselho Tutelar<\/span><\/h3><\/div>\n\t\t\t\t<\/div>\n\t\t\t\t<\/div>\n\t\t\t\t<div class=\"elementor-element elementor-element-4c4f6a6 default-icon-list elementor-icon-list--layout-traditional elementor-list-item-link-full_width elementor-widget elementor-widget-icon-list\" data-id=\"4c4f6a6\" data-element_type=\"widget\" data-widget_type=\"icon-list.default\">\n\t\t\t\t<div class=\"elementor-widget-container\">\n\t\t\t\t\t<ul class=\"elementor-icon-list-items\">\n\t\t\t\t\t\t\t<li class=\"elementor-icon-list-item\">\n\t\t\t\t\t\t\t\t\t\t\t<a href=\"\/site\/orgaos-da-administracao\/assistencia-social\/conselho-tutelar\/eleicoes-conselho-tutelar-gestao-2024-2027\/\">\n\n\t\t\t\t\t\t\t\t\t\t\t\t<span class=\"elementor-icon-list-icon\">\n\t\t\t\t\t\t\t<i aria-hidden=\"true\" class=\"fas fa-link\"><\/i>\t\t\t\t\t\t<\/span>\n\t\t\t\t\t\t\t\t\t\t<span class=\"elementor-icon-list-text\">Elei\u00e7\u00f5es Conselho Tutelar Gest\u00e3o 2024\/2027<\/span>\n\t\t\t\t\t\t\t\t\t\t\t<\/a>\n\t\t\t\t\t\t\t\t\t<\/li>\n\t\t\t\t\t\t<\/ul>\n\t\t\t\t<\/div>\n\t\t\t\t<\/div>\n\t\t\t\t\t<\/div>\n\t\t<\/div>\n\t\t\t\t\t\t\t<\/div>\n\t\t<\/section>\n\t\t\t\t\t\t\t<\/div>\n\t\t","protected":false},"excerpt":{"rendered":"<p>Descri&ccedil;&atilde;o &Oacute;rg&atilde;o permanente e aut&ocirc;nomo, n&atilde;o jurisdicional, encarregado pela sociedade de zelar pelo cumprimento dos direitos da crian&ccedil;a e do adolescente, definidos na Lei Federal n&ordm; 8.069\/1990, Resolu&ccedil;&atilde;o n&ordm; 170\/2014 &ndash; CONANDA e complementados pela Lei Municipal n&ordm; 138\/2014. Elei&ccedil;&otilde;es Conselho Tutelar Elei&ccedil;&otilde;es Conselho Tutelar Gest&atilde;o 2024\/2027<\/p>\n","protected":false},"author":2,"featured_media":0,"parent":1482,"menu_order":0,"comment_status":"closed","ping_status":"closed","template":"","meta":{"footnotes":""},"class_list":["post-80220","page","type-page","status-publish","hentry"],"acf":[],"_links":{"self":[{"href":"https:\/\/www.apucarana.pr.gov.br\/site\/wp-json\/wp\/v2\/pages\/80220","targetHints":{"allow":["GET"]}}],"collection":[{"href":"https:\/\/www.apucarana.pr.gov.br\/site\/wp-json\/wp\/v2\/pages"}],"about":[{"href":"https:\/\/www.apucarana.pr.gov.br\/site\/wp-json\/wp\/v2\/types\/page"}],"author":[{"embeddable":true,"href":"https:\/\/www.apucarana.pr.gov.br\/site\/wp-json\/wp\/v2\/users\/2"}],"replies":[{"embeddable":true,"href":"https:\/\/www.apucarana.pr.gov.br\/site\/wp-json\/wp\/v2\/comments?post=80220"}],"version-history":[{"count":5,"href":"https:\/\/www.apucarana.pr.gov.br\/site\/wp-json\/wp\/v2\/pages\/80220\/revisions"}],"predecessor-version":[{"id":80901,"href":"https:\/\/www.apucarana.pr.gov.br\/site\/wp-json\/wp\/v2\/pages\/80220\/revisions\/80901"}],"up":[{"embeddable":true,"href":"https:\/\/www.apucarana.pr.gov.br\/site\/wp-json\/wp\/v2\/pages\/1482"}],"wp:attachment":[{"href":"https:\/\/www.apucarana.pr.gov.br\/site\/wp-json\/wp\/v2\/media?parent=80220"}],"curies":[{"name":"wp","href":"https:\/\/api.w.org\/{rel}","templated":true}]}}