{"id":55700,"date":"2021-12-23T08:52:50","date_gmt":"2021-12-23T11:52:50","guid":{"rendered":"http:\/\/www.apucarana.pr.gov.br\/site\/?page_id=55700"},"modified":"2022-03-28T08:46:02","modified_gmt":"2022-03-28T11:46:02","slug":"cartao-comida-boa","status":"publish","type":"page","link":"https:\/\/www.apucarana.pr.gov.br\/site\/cartao-comida-boa\/","title":{"rendered":"Cart\u00e3o Comida Boa"},"content":{"rendered":"\t\t<div data-elementor-type=\"wp-page\" data-elementor-id=\"55700\" class=\"elementor elementor-55700\">\n\t\t\t\t\t\t\t\t\t<section class=\"elementor-section elementor-top-section elementor-element elementor-element-e653020 elementor-section-boxed elementor-section-height-default elementor-section-height-default\" data-id=\"e653020\" data-element_type=\"section\" data-settings=\"{&quot;jet_parallax_layout_list&quot;:[{&quot;jet_parallax_layout_image&quot;:{&quot;url&quot;:&quot;&quot;,&quot;id&quot;:&quot;&quot;},&quot;_id&quot;:&quot;f1d61d9&quot;,&quot;jet_parallax_layout_image_tablet&quot;:{&quot;url&quot;:&quot;&quot;,&quot;id&quot;:&quot;&quot;},&quot;jet_parallax_layout_image_mobile&quot;:{&quot;url&quot;:&quot;&quot;,&quot;id&quot;:&quot;&quot;},&quot;jet_parallax_layout_speed&quot;:{&quot;unit&quot;:&quot;%&quot;,&quot;size&quot;:50,&quot;sizes&quot;:[]},&quot;jet_parallax_layout_type&quot;:&quot;scroll&quot;,&quot;jet_parallax_layout_direction&quot;:null,&quot;jet_parallax_layout_fx_direction&quot;:null,&quot;jet_parallax_layout_z_index&quot;:&quot;&quot;,&quot;jet_parallax_layout_bg_x&quot;:50,&quot;jet_parallax_layout_bg_x_tablet&quot;:&quot;&quot;,&quot;jet_parallax_layout_bg_x_mobile&quot;:&quot;&quot;,&quot;jet_parallax_layout_bg_y&quot;:50,&quot;jet_parallax_layout_bg_y_tablet&quot;:&quot;&quot;,&quot;jet_parallax_layout_bg_y_mobile&quot;:&quot;&quot;,&quot;jet_parallax_layout_bg_size&quot;:&quot;auto&quot;,&quot;jet_parallax_layout_bg_size_tablet&quot;:&quot;&quot;,&quot;jet_parallax_layout_bg_size_mobile&quot;:&quot;&quot;,&quot;jet_parallax_layout_animation_prop&quot;:&quot;transform&quot;,&quot;jet_parallax_layout_on&quot;:[&quot;desktop&quot;,&quot;tablet&quot;]}]}\">\n\t\t\t\t\t\t<div class=\"elementor-container elementor-column-gap-default\">\n\t\t\t\t\t<div class=\"elementor-column elementor-col-100 elementor-top-column elementor-element elementor-element-0b23365\" data-id=\"0b23365\" data-element_type=\"column\">\n\t\t\t<div class=\"elementor-widget-wrap elementor-element-populated\">\n\t\t\t\t\t\t\t\t<div class=\"elementor-element elementor-element-43a0f52 elementor-align-left elementor-widget elementor-widget-raven-heading\" data-id=\"43a0f52\" data-element_type=\"widget\" data-widget_type=\"raven-heading.default\">\n\t\t\t\t<div class=\"elementor-widget-container\">\n\t\t\t\t\t<div class=\"raven-widget-wrapper\"><h3 class=\"raven-heading raven-heading-h3\"><span class=\"raven-heading-title\">Quem tem direito ao cart\u00e3o Comida Boa?<\/span><\/h3><\/div>\n\t\t\t\t<\/div>\n\t\t\t\t<\/div>\n\t\t\t\t<div class=\"elementor-element elementor-element-d9fe37d elementor-widget elementor-widget-text-editor\" data-id=\"d9fe37d\" data-element_type=\"widget\" data-widget_type=\"text-editor.default\">\n\t\t\t\t<div class=\"elementor-widget-container\">\n\t\t\t\t\t\t\t<ul><li>Fam\u00edlias com Cadastro \u00danico devidamente atualizado<\/li><li>Fam\u00edlias com renda familiar per capita mensal n\u00e3o superior a R$ 200,00<\/li><li>Fam\u00edlias que <strong>N\u00c3O<\/strong> sejam benefici\u00e1rios do Aux\u00edlio Brasil<\/li><\/ul>\t\t\t\t\t\t<\/div>\n\t\t\t\t<\/div>\n\t\t\t\t<div class=\"elementor-element elementor-element-c9cde37 elementor-align-left elementor-widget elementor-widget-raven-heading\" data-id=\"c9cde37\" data-element_type=\"widget\" data-widget_type=\"raven-heading.default\">\n\t\t\t\t<div class=\"elementor-widget-container\">\n\t\t\t\t\t<div class=\"raven-widget-wrapper\"><h3 class=\"raven-heading raven-heading-h3\"><span class=\"raven-heading-title\">Como saber se sou benefici\u00e1rio do programa?<\/span><\/h3><\/div>\n\t\t\t\t<\/div>\n\t\t\t\t<\/div>\n\t\t\t\t<div class=\"elementor-element elementor-element-0244778 elementor-widget elementor-widget-text-editor\" data-id=\"0244778\" data-element_type=\"widget\" data-widget_type=\"text-editor.default\">\n\t\t\t\t<div class=\"elementor-widget-container\">\n\t\t\t\t\t\t\t<ul><li>Pela consulta na <a href=\"\/site\/wp-content\/uploads\/2021\/12\/LISTA-DE-BENEFICIARIOS-DO-PROGRAMA-COMIDA-BOA-APUCARANA.pdf\" target=\"_blank\" rel=\"noopener\">lista de benefici\u00e1rios<\/a><\/li><li>Atrav\u00e9s do site da SEJUF <a href=\"http:\/\/www.social.pr.gov.br\/comida-boa\" target=\"_blank\" rel=\"noopener\">http:\/\/www.social.pr.gov.br\/comida-boa<\/a><\/li><li>Pelos telefones dos CRAS:<ul><li>CRAS I: (43) 3426-7355<\/li><li>CRAS II: (43) 3423-4252<\/li><li>CRAS III: (43) 3456-1569<\/li><li>CRAS IV: (43) 3424-1470<\/li><\/ul><\/li><\/ul>\t\t\t\t\t\t<\/div>\n\t\t\t\t<\/div>\n\t\t\t\t<div class=\"elementor-element elementor-element-f904aef elementor-widget elementor-widget-html\" data-id=\"f904aef\" data-element_type=\"widget\" data-widget_type=\"html.default\">\n\t\t\t\t<div class=\"elementor-widget-container\">\n\t\t\t<object type=\"application\/pdf\" data=\"\/site\/wp-content\/uploads\/2022\/03\/beneficiarios_cartao_comida_boa_24-03-2022.pdf\" width=\"100%\" height=\"720\">\n    <a href=\"\/site\/wp-content\/uploads\/2022\/03\/beneficiarios_cartao_comida_boa_24-03-2022.pdf\">Clique aqui<\/a> para consultar a lista dos benefici\u00e1rios\n<\/object>\t\t<\/div>\n\t\t\t\t<\/div>\n\t\t\t\t<div class=\"elementor-element elementor-element-6ea2f5a elementor-align-left elementor-widget elementor-widget-raven-heading\" data-id=\"6ea2f5a\" data-element_type=\"widget\" data-widget_type=\"raven-heading.default\">\n\t\t\t\t<div class=\"elementor-widget-container\">\n\t\t\t\t\t<div class=\"raven-widget-wrapper\"><h3 class=\"raven-heading raven-heading-h3\"><span class=\"raven-heading-title\">Locais credenciados para compra com o cart\u00e3o Comida Boa<\/span><\/h3><\/div>\n\t\t\t\t<\/div>\n\t\t\t\t<\/div>\n\t\t\t\t<div class=\"elementor-element elementor-element-f619b18 elementor-widget elementor-widget-text-editor\" data-id=\"f619b18\" data-element_type=\"widget\" data-widget_type=\"text-editor.default\">\n\t\t\t\t<div class=\"elementor-widget-container\">\n\t\t\t\t\t\t\t<ul><li>Lista dos <a href=\"\/site\/wp-content\/uploads\/2021\/12\/REDE-CREDENCIADA-COMIDA-BOA-APUCARANA.pdf\" target=\"_blank\" rel=\"noopener\">estabelecimentos credenciados<\/a><\/li><li><strong>N\u00c3O \u00c9 POSS\u00cdVEL SACAR O BENEF\u00cdCIO<\/strong> ou realizar compras em locais n\u00e3o credenciados<\/li><li>A indica\u00e7\u00e3o de novos estabelecimentos comerciais pode ser feito atrav\u00e9s do site da empresa credenciadora <a href=\"https:\/\/www.grupogreencard.com.br\/usuarios\/indique-um-estabelecimento\/\" target=\"_blank\" rel=\"noopener\">https:\/\/www.grupogreencard.com.br\/usuarios\/indique-um-estabelecimento\/<\/a><\/li><\/ul>\t\t\t\t\t\t<\/div>\n\t\t\t\t<\/div>\n\t\t\t\t<div class=\"elementor-element elementor-element-f5b350c elementor-widget elementor-widget-html\" data-id=\"f5b350c\" data-element_type=\"widget\" data-widget_type=\"html.default\">\n\t\t\t\t<div class=\"elementor-widget-container\">\n\t\t\t<object type=\"application\/pdf\" data=\"\/site\/wp-content\/uploads\/2021\/12\/REDE-CREDENCIADA-COMIDA-BOA-APUCARANA.pdf\" width=\"100%\" height=\"720\">\n    <a href=\"\/site\/wp-content\/uploads\/2021\/12\/REDE-CREDENCIADA-COMIDA-BOA-APUCARANA.pdf\">Clique aqui<\/a> para consultar a lista dos estabelecimentos credenciados\n<\/object>\t\t<\/div>\n\t\t\t\t<\/div>\n\t\t\t\t<div class=\"elementor-element elementor-element-cbac2dd elementor-align-left elementor-widget elementor-widget-raven-heading\" data-id=\"cbac2dd\" data-element_type=\"widget\" data-widget_type=\"raven-heading.default\">\n\t\t\t\t<div class=\"elementor-widget-container\">\n\t\t\t\t\t<div class=\"raven-widget-wrapper\"><h3 class=\"raven-heading raven-heading-h3\"><span class=\"raven-heading-title\">D\u00favidas?<\/span><\/h3><\/div>\n\t\t\t\t<\/div>\n\t\t\t\t<\/div>\n\t\t\t\t<div class=\"elementor-element elementor-element-403ff1c elementor-widget elementor-widget-text-editor\" data-id=\"403ff1c\" data-element_type=\"widget\" data-widget_type=\"text-editor.default\">\n\t\t\t\t<div class=\"elementor-widget-container\">\n\t\t\t\t\t\t\t<ul><li><strong>Para benefici\u00e1rios<\/strong>: 0800-728-4402<\/li><li><strong>Consulta de saldo<\/strong>: 0800-005-7682<\/li><li><strong>Consulta de saldo ouvidoria<\/strong>: ouvidoria@sejuf.pr.gov.br<\/li><\/ul>\t\t\t\t\t\t<\/div>\n\t\t\t\t<\/div>\n\t\t\t\t\t<\/div>\n\t\t<\/div>\n\t\t\t\t\t\t\t<\/div>\n\t\t<\/section>\n\t\t\t\t\t\t\t<\/div>\n\t\t","protected":false},"excerpt":{"rendered":"<p>Quem tem direito ao cart&atilde;o Comida Boa? Fam&iacute;lias com Cadastro &Uacute;nico devidamente atualizado Fam&iacute;lias com renda familiar per capita mensal n&atilde;o superior a R$ 200,00 Fam&iacute;lias que N&Atilde;O sejam benefici&aacute;rios do Aux&iacute;lio Brasil Como saber se sou benefici&aacute;rio do programa? Pela consulta na lista de benefici&aacute;rios Atrav&eacute;s do site da SEJUF http:\/\/www.social.pr.gov.br\/comida-boa Pelos telefones dos [&hellip;]<\/p>\n","protected":false},"author":2,"featured_media":0,"parent":0,"menu_order":0,"comment_status":"closed","ping_status":"closed","template":"","meta":{"footnotes":""},"class_list":["post-55700","page","type-page","status-publish","hentry"],"acf":[],"_links":{"self":[{"href":"https:\/\/www.apucarana.pr.gov.br\/site\/wp-json\/wp\/v2\/pages\/55700","targetHints":{"allow":["GET"]}}],"collection":[{"href":"https:\/\/www.apucarana.pr.gov.br\/site\/wp-json\/wp\/v2\/pages"}],"about":[{"href":"https:\/\/www.apucarana.pr.gov.br\/site\/wp-json\/wp\/v2\/types\/page"}],"author":[{"embeddable":true,"href":"https:\/\/www.apucarana.pr.gov.br\/site\/wp-json\/wp\/v2\/users\/2"}],"replies":[{"embeddable":true,"href":"https:\/\/www.apucarana.pr.gov.br\/site\/wp-json\/wp\/v2\/comments?post=55700"}],"version-history":[{"count":5,"href":"https:\/\/www.apucarana.pr.gov.br\/site\/wp-json\/wp\/v2\/pages\/55700\/revisions"}],"predecessor-version":[{"id":62875,"href":"https:\/\/www.apucarana.pr.gov.br\/site\/wp-json\/wp\/v2\/pages\/55700\/revisions\/62875"}],"wp:attachment":[{"href":"https:\/\/www.apucarana.pr.gov.br\/site\/wp-json\/wp\/v2\/media?parent=55700"}],"curies":[{"name":"wp","href":"https:\/\/api.w.org\/{rel}","templated":true}]}}