{"id":121418,"date":"2025-12-15T16:27:23","date_gmt":"2025-12-15T19:27:23","guid":{"rendered":"https:\/\/www.apucarana.pr.gov.br\/site\/?page_id=121418"},"modified":"2026-01-08T09:03:11","modified_gmt":"2026-01-08T12:03:11","slug":"notanacional","status":"publish","type":"page","link":"https:\/\/www.apucarana.pr.gov.br\/site\/notanacional\/","title":{"rendered":"NFS-e Nacional"},"content":{"rendered":"\t\t<div data-elementor-type=\"wp-page\" data-elementor-id=\"121418\" class=\"elementor elementor-121418\">\n\t\t\t\t\t\t\t\t\t<section class=\"elementor-section elementor-top-section elementor-element elementor-element-8405db9 elementor-section-boxed elementor-section-height-default elementor-section-height-default\" data-id=\"8405db9\" data-element_type=\"section\" data-settings=\"{&quot;jet_parallax_layout_list&quot;:[]}\">\n\t\t\t\t\t\t<div class=\"elementor-container elementor-column-gap-default\">\n\t\t\t\t\t<div class=\"elementor-column elementor-col-100 elementor-top-column elementor-element elementor-element-94c50ad\" data-id=\"94c50ad\" data-element_type=\"column\" data-settings=\"{&quot;background_background&quot;:&quot;classic&quot;}\">\n\t\t\t<div class=\"elementor-widget-wrap elementor-element-populated\">\n\t\t\t\t\t\t\t\t<div class=\"elementor-element elementor-element-a5243e7 elementor-widget elementor-widget-heading\" data-id=\"a5243e7\" data-element_type=\"widget\" data-widget_type=\"heading.default\">\n\t\t\t\t<div class=\"elementor-widget-container\">\n\t\t\t<h2 class=\"elementor-heading-title elementor-size-default\">Migra\u00e7\u00e3o para a NFS-e Nacional em Apucarana<\/h2>\t\t<\/div>\n\t\t\t\t<\/div>\n\t\t\t\t<div class=\"elementor-element elementor-element-c51244d elementor-widget elementor-widget-text-editor\" data-id=\"c51244d\" data-element_type=\"widget\" data-widget_type=\"text-editor.default\">\n\t\t\t\t<div class=\"elementor-widget-container\">\n\t\t\t\t\t\t\t<p>Com a Reforma Tribut\u00e1ria, a emiss\u00e3o de nota fiscal eletr\u00f4nica passar\u00e1 a ocorrer por meio do emissor nacional. Prepare-se para a transi\u00e7\u00e3o.<\/p>\t\t\t\t\t\t<\/div>\n\t\t\t\t<\/div>\n\t\t\t\t\t<\/div>\n\t\t<\/div>\n\t\t\t\t\t\t\t<\/div>\n\t\t<\/section>\n\t\t\t\t<section class=\"elementor-section elementor-top-section elementor-element elementor-element-fe321c6 elementor-section-boxed elementor-section-height-default elementor-section-height-default\" data-id=\"fe321c6\" data-element_type=\"section\" data-settings=\"{&quot;jet_parallax_layout_list&quot;:[]}\">\n\t\t\t\t\t\t<div class=\"elementor-container elementor-column-gap-default\">\n\t\t\t\t\t<div class=\"elementor-column elementor-col-50 elementor-top-column elementor-element elementor-element-2a8b82a\" data-id=\"2a8b82a\" data-element_type=\"column\">\n\t\t\t<div class=\"elementor-widget-wrap elementor-element-populated\">\n\t\t\t\t\t\t\t\t<div class=\"elementor-element elementor-element-cdf27c8 elementor-widget elementor-widget-heading\" data-id=\"cdf27c8\" data-element_type=\"widget\" data-widget_type=\"heading.default\">\n\t\t\t\t<div class=\"elementor-widget-container\">\n\t\t\t<h2 class=\"elementor-heading-title elementor-size-default\">O que, de fato, est\u00e1 mudando?<\/h2>\t\t<\/div>\n\t\t\t\t<\/div>\n\t\t\t\t<div class=\"elementor-element elementor-element-2d9c226 elementor-widget elementor-widget-text-editor\" data-id=\"2d9c226\" data-element_type=\"widget\" data-widget_type=\"text-editor.default\">\n\t\t\t\t<div class=\"elementor-widget-container\">\n\t\t\t\t\t\t\t<p>A Prefeitura Municipal de Apucarana, atrav\u00e9s da Secretaria Municipal da Fazenda, informa aos empres\u00e1rios\/empresas prestadoras de servi\u00e7o do munic\u00edpio sobre uma mudan\u00e7a fundamental e obrigat\u00f3ria no sistema de emiss\u00e3o da Nota Fiscal de Servi\u00e7os Eletr\u00f4nica (NFS-e), que entrar\u00e1 em vigor a partir de 1\u00ba de janeiro de 2026.<br \/>Agora, a emiss\u00e3o passa a ser pelo Portal Nacional da Nota Fiscal de Servi\u00e7os, com a infraestrutura do Governo Federal.<br \/>A medida alinha o munic\u00edpio \u00e0s diretrizes federais da Reforma Tribut\u00e1ria, exigindo a ado\u00e7\u00e3o do modelo da Nota Fiscal de Servi\u00e7o Eletr\u00f4nica de Padr\u00e3o Nacional, um sistema padronizado para todo o pa\u00eds, que visa aprimorar a fiscaliza\u00e7\u00e3o e a transpar\u00eancia.<\/p>\t\t\t\t\t\t<\/div>\n\t\t\t\t<\/div>\n\t\t\t\t\t<\/div>\n\t\t<\/div>\n\t\t\t\t<div class=\"elementor-column elementor-col-50 elementor-top-column elementor-element elementor-element-02fee1c\" data-id=\"02fee1c\" data-element_type=\"column\">\n\t\t\t<div class=\"elementor-widget-wrap elementor-element-populated\">\n\t\t\t\t\t\t\t\t<div class=\"elementor-element elementor-element-50705df elementor-align-center elementor-widget elementor-widget-button\" data-id=\"50705df\" data-element_type=\"widget\" data-widget_type=\"button.default\">\n\t\t\t\t<div class=\"elementor-widget-container\">\n\t\t\t\t\t<div class=\"elementor-button-wrapper\">\n\t\t\t<a href=\"https:\/\/www.nfse.gov.br\/EmissorNacional\/Login?ReturnUrl=%2fEmissorNacional%2f\" class=\"elementor-button-link elementor-button elementor-size-sm\" role=\"button\">\n\t\t\t\t\t\t<span class=\"elementor-button-content-wrapper\">\n\t\t\t\t\t\t<span class=\"elementor-button-text\">Acessar Portal Nacional <br> CLIQUE AQUI!<\/span>\n\t\t<\/span>\n\t\t\t\t\t<\/a>\n\t\t<\/div>\n\t\t\t\t<\/div>\n\t\t\t\t<\/div>\n\t\t\t\t<div class=\"elementor-element elementor-element-9422cbf elementor-invisible elementor-widget elementor-widget-image\" data-id=\"9422cbf\" data-element_type=\"widget\" data-settings=\"{&quot;_animation&quot;:&quot;zoomIn&quot;}\" data-widget_type=\"image.default\">\n\t\t\t\t<div class=\"elementor-widget-container\">\n\t\t\t\t\t\t\t\t\t\t\t\t\t\t\t<img loading=\"lazy\" decoding=\"async\" width=\"348\" height=\"259\" src=\"https:\/\/www.apucarana.pr.gov.br\/site\/wp-content\/uploads\/2025\/12\/nfse.png\" class=\"attachment-full size-full wp-image-121440\" alt=\"\" srcset=\"https:\/\/www.apucarana.pr.gov.br\/site\/wp-content\/uploads\/2025\/12\/nfse.png 348w, https:\/\/www.apucarana.pr.gov.br\/site\/wp-content\/uploads\/2025\/12\/nfse-300x223.png 300w\" sizes=\"auto, (max-width: 348px) 100vw, 348px\" \/>\t\t\t\t\t\t\t\t\t\t\t\t\t\t\t<\/div>\n\t\t\t\t<\/div>\n\t\t\t\t\t<\/div>\n\t\t<\/div>\n\t\t\t\t\t\t\t<\/div>\n\t\t<\/section>\n\t\t\t\t<section class=\"elementor-section elementor-top-section elementor-element elementor-element-5fe408e elementor-section-boxed elementor-section-height-default elementor-section-height-default\" data-id=\"5fe408e\" data-element_type=\"section\" data-settings=\"{&quot;jet_parallax_layout_list&quot;:[],&quot;background_background&quot;:&quot;classic&quot;}\">\n\t\t\t\t\t\t<div class=\"elementor-container elementor-column-gap-default\">\n\t\t\t\t\t<div class=\"elementor-column elementor-col-100 elementor-top-column elementor-element elementor-element-7828301\" data-id=\"7828301\" data-element_type=\"column\">\n\t\t\t<div class=\"elementor-widget-wrap elementor-element-populated\">\n\t\t\t\t\t\t\t\t<div class=\"elementor-element elementor-element-c6665a6 elementor-view-default elementor-mobile-position-top elementor-vertical-align-top elementor-widget elementor-widget-icon-box\" data-id=\"c6665a6\" data-element_type=\"widget\" data-widget_type=\"icon-box.default\">\n\t\t\t\t<div class=\"elementor-widget-container\">\n\t\t\t\t\t<div class=\"elementor-icon-box-wrapper\">\n\t\t\t\t\t\t<div class=\"elementor-icon-box-icon\">\n\t\t\t\t<span class=\"elementor-icon elementor-animation-\" >\n\t\t\t\t<i aria-hidden=\"true\" class=\"fas fa-book-reader\"><\/i>\t\t\t\t<\/span>\n\t\t\t<\/div>\n\t\t\t\t\t\t<div class=\"elementor-icon-box-content\">\n\t\t\t\t<h3 class=\"elementor-icon-box-title\">\n\t\t\t\t\t<span  >\n\t\t\t\t\t\tComo se Preparar e Emitir Notas?\t\t\t\t\t<\/span>\n\t\t\t\t<\/h3>\n\t\t\t\t\t\t\t\t\t<p class=\"elementor-icon-box-description\">\n\t\t\t\t\t\tDisponibilizamos todos os recursos que voc\u00ea precisa para fazer a transi\u00e7\u00e3o de forma tranquila.\t\t\t\t\t<\/p>\n\t\t\t\t\t\t\t<\/div>\n\t\t<\/div>\n\t\t\t\t<\/div>\n\t\t\t\t<\/div>\n\t\t\t\t\t<\/div>\n\t\t<\/div>\n\t\t\t\t\t\t\t<\/div>\n\t\t<\/section>\n\t\t\t\t<section class=\"elementor-section elementor-top-section elementor-element elementor-element-e647eba elementor-section-boxed elementor-section-height-default elementor-section-height-default\" data-id=\"e647eba\" data-element_type=\"section\" data-settings=\"{&quot;jet_parallax_layout_list&quot;:[],&quot;background_background&quot;:&quot;classic&quot;}\">\n\t\t\t\t\t\t<div class=\"elementor-container elementor-column-gap-default\">\n\t\t\t\t\t<div class=\"elementor-column elementor-col-100 elementor-top-column elementor-element elementor-element-b622679 elementor-invisible\" data-id=\"b622679\" data-element_type=\"column\" data-settings=\"{&quot;background_background&quot;:&quot;classic&quot;,&quot;animation&quot;:&quot;fadeIn&quot;}\">\n\t\t\t<div class=\"elementor-widget-wrap elementor-element-populated\">\n\t\t\t\t\t\t\t\t<div class=\"elementor-element elementor-element-e418ef1 elementor-widget elementor-widget-heading\" data-id=\"e418ef1\" data-element_type=\"widget\" data-widget_type=\"heading.default\">\n\t\t\t\t<div class=\"elementor-widget-container\">\n\t\t\t<h2 class=\"elementor-heading-title elementor-size-default\">Documenta\u00e7\u00e3o T\u00e9cnica Padr\u00e3o Nacional<\/h2>\t\t<\/div>\n\t\t\t\t<\/div>\n\t\t\t\t<div class=\"elementor-element elementor-element-60f04e5 elementor-widget elementor-widget-text-editor\" data-id=\"60f04e5\" data-element_type=\"widget\" data-widget_type=\"text-editor.default\">\n\t\t\t\t<div class=\"elementor-widget-container\">\n\t\t\t\t\t\t\t<p><strong>Documenta\u00e7\u00e3o T\u00e9cnica \u2013 padr\u00e3o nacional<\/strong><\/p><p><a href=\"https:\/\/www.gov.br\/nfse\/pt-br\/biblioteca\/documentacao-tecnica\">https:\/\/www.gov.br\/nfse\/pt-br\/biblioteca\/documentacao-tecnica<\/a><\/p><p><strong>Links de Produ\u00e7\u00e3o Restrita (ambiente de testes\/homologa\u00e7\u00e3o):<\/strong><\/p><p>&#8211; Emissor Nacional:\u00a0<a href=\"https:\/\/www.producaorestrita.nfse.gov.br\/EmissorNacional\/\">https:\/\/www.producaorestrita.nfse.gov.br\/EmissorNacional\/<\/a><\/p><p>&#8211; Painel Nacional:\u00a0<a href=\"https:\/\/www.producaorestrita.nfse.gov.br\/PainelNacional\/\">https:\/\/www.producaorestrita.nfse.gov.br\/PainelNacional\/<\/a><\/p><p>&#8211; Painel Municipal:\u00a0<a href=\"https:\/\/www.producaorestrita.nfse.gov.br\/PainelMunicipal\/\">https:\/\/www.producaorestrita.nfse.gov.br\/PainelMunicipal\/<\/a><\/p><p>&#8211; Swagger Contribuinte:\u00a0<a href=\"https:\/\/www.producaorestrita.nfse.gov.br\/swagger\/contribuintesissqn\/\">https:\/\/www.producaorestrita.nfse.gov.br\/swagger\/contribuintesissqn\/<\/a><\/p><p>&#8211; Swagger Fisco:\u00a0<a href=\"https:\/\/www.producaorestrita.nfse.gov.br\/swagger\/fisco\/\">https:\/\/www.producaorestrita.nfse.gov.br\/swagger\/fisco\/<\/a><\/p><p>&#8211; Consulta P\u00fablica:\u00a0<a href=\"https:\/\/www.producaorestrita.nfse.gov.br\/consultapublica\">https:\/\/www.producaorestrita.nfse.gov.br\/consultapublica<\/a><\/p><p><strong>Links de Produ\u00e7\u00e3o:<\/strong><\/p><p>&#8211; Emissor Nacional:\u00a0<a href=\"https:\/\/www.nfse.gov.br\/EmissorNacional\/\">https:\/\/www.nfse.gov.br\/EmissorNacional\/<\/a><\/p><p>&#8211; Painel Nacional:\u00a0<a href=\"https:\/\/www.nfse.gov.br\/PainelNacional\/\">https:\/\/www.nfse.gov.br\/PainelNacional\/<\/a><\/p><p>&#8211; Painel Municipal:\u00a0<a href=\"https:\/\/www.nfse.gov.br\/PainelMunicipal\/\">https:\/\/www.nfse.gov.br\/PainelMunicipal\/<\/a><\/p><p>&#8211; Swagger Contribuinte:\u00a0<a href=\"https:\/\/www.nfse.gov.br\/swagger\/contribuintesissqn\/\">https:\/\/www.nfse.gov.br\/swagger\/contribuintesissqn\/<\/a><\/p><p>&#8211; Swagger Fisco:\u00a0<a href=\"https:\/\/www.nfse.gov.br\/swagger\/fisco\/\">https:\/\/www.nfse.gov.br\/swagger\/fisco\/<\/a><\/p><p>&#8211; Consulta P\u00fablica:\u00a0<a href=\"https:\/\/www.nfse.gov.br\/consultapublica\/\">https:\/\/www.nfse.gov.br\/consultapublica\/<\/a><\/p>\t\t\t\t\t\t<\/div>\n\t\t\t\t<\/div>\n\t\t\t\t<div class=\"elementor-element elementor-element-de69523 elementor-align-center elementor-widget elementor-widget-button\" data-id=\"de69523\" data-element_type=\"widget\" data-widget_type=\"button.default\">\n\t\t\t\t<div class=\"elementor-widget-container\">\n\t\t\t\t\t<div class=\"elementor-button-wrapper\">\n\t\t\t<a href=\"https:\/\/www.nfse.gov.br\/EmissorNacional\/Login?ReturnUrl=%2fEmissorNacional%2f\" class=\"elementor-button-link elementor-button elementor-size-sm\" role=\"button\">\n\t\t\t\t\t\t<span class=\"elementor-button-content-wrapper\">\n\t\t\t\t\t\t<span class=\"elementor-button-text\">Acessar Portal Nacional<\/span>\n\t\t<\/span>\n\t\t\t\t\t<\/a>\n\t\t<\/div>\n\t\t\t\t<\/div>\n\t\t\t\t<\/div>\n\t\t\t\t\t<\/div>\n\t\t<\/div>\n\t\t\t\t\t\t\t<\/div>\n\t\t<\/section>\n\t\t\t\t<section class=\"elementor-section elementor-top-section elementor-element elementor-element-9aaafce elementor-section-boxed elementor-section-height-default elementor-section-height-default\" data-id=\"9aaafce\" data-element_type=\"section\" data-settings=\"{&quot;jet_parallax_layout_list&quot;:[],&quot;background_background&quot;:&quot;classic&quot;}\">\n\t\t\t\t\t\t<div class=\"elementor-container elementor-column-gap-default\">\n\t\t\t\t\t<div class=\"elementor-column elementor-col-100 elementor-top-column elementor-element elementor-element-055590c\" data-id=\"055590c\" data-element_type=\"column\">\n\t\t\t<div class=\"elementor-widget-wrap elementor-element-populated\">\n\t\t\t\t\t\t\t\t<div class=\"elementor-element elementor-element-bf35f80 elementor-view-default elementor-mobile-position-top elementor-vertical-align-top elementor-widget elementor-widget-icon-box\" data-id=\"bf35f80\" data-element_type=\"widget\" data-widget_type=\"icon-box.default\">\n\t\t\t\t<div class=\"elementor-widget-container\">\n\t\t\t\t\t<div class=\"elementor-icon-box-wrapper\">\n\t\t\t\t\t\t<div class=\"elementor-icon-box-icon\">\n\t\t\t\t<span class=\"elementor-icon elementor-animation-\" >\n\t\t\t\t<i aria-hidden=\"true\" class=\"far fa-comment-dots\"><\/i>\t\t\t\t<\/span>\n\t\t\t<\/div>\n\t\t\t\t\t\t<div class=\"elementor-icon-box-content\">\n\t\t\t\t<h3 class=\"elementor-icon-box-title\">\n\t\t\t\t\t<span  >\n\t\t\t\t\t\tLegisla\u00e7\u00e3o e D\u00favidas Frequentes\t\t\t\t\t<\/span>\n\t\t\t\t<\/h3>\n\t\t\t\t\t\t\t\t\t<p class=\"elementor-icon-box-description\">\n\t\t\t\t\t\tAcesse a base legal que rege a mudan\u00e7a e encontre respostas para as perguntas mais comuns.\t\t\t\t\t<\/p>\n\t\t\t\t\t\t\t<\/div>\n\t\t<\/div>\n\t\t\t\t<\/div>\n\t\t\t\t<\/div>\n\t\t\t\t\t<\/div>\n\t\t<\/div>\n\t\t\t\t\t\t\t<\/div>\n\t\t<\/section>\n\t\t\t\t<section class=\"elementor-section elementor-top-section elementor-element elementor-element-8961d83 elementor-section-boxed elementor-section-height-default elementor-section-height-default\" data-id=\"8961d83\" data-element_type=\"section\" data-settings=\"{&quot;jet_parallax_layout_list&quot;:[],&quot;background_background&quot;:&quot;classic&quot;}\">\n\t\t\t\t\t\t<div class=\"elementor-container elementor-column-gap-default\">\n\t\t\t\t\t<div class=\"elementor-column elementor-col-50 elementor-top-column elementor-element elementor-element-e7a2a34 elementor-invisible\" data-id=\"e7a2a34\" data-element_type=\"column\" data-settings=\"{&quot;background_background&quot;:&quot;classic&quot;,&quot;animation&quot;:&quot;fadeIn&quot;}\">\n\t\t\t<div class=\"elementor-widget-wrap elementor-element-populated\">\n\t\t\t\t\t\t\t\t<div class=\"elementor-element elementor-element-71675bd elementor-widget elementor-widget-heading\" data-id=\"71675bd\" data-element_type=\"widget\" data-widget_type=\"heading.default\">\n\t\t\t\t<div class=\"elementor-widget-container\">\n\t\t\t<h2 class=\"elementor-heading-title elementor-size-default\">Base Legal<\/h2>\t\t<\/div>\n\t\t\t\t<\/div>\n\t\t\t\t<div class=\"elementor-element elementor-element-ed59a61 elementor-widget elementor-widget-text-editor\" data-id=\"ed59a61\" data-element_type=\"widget\" data-widget_type=\"text-editor.default\">\n\t\t\t\t<div class=\"elementor-widget-container\">\n\t\t\t\t\t\t\t<p>Para emiss\u00e3o manual r\u00e1pida e f\u00e1cil, ideal para o dia a dia<\/p>\t\t\t\t\t\t<\/div>\n\t\t\t\t<\/div>\n\t\t\t\t<div class=\"elementor-element elementor-element-aa7b286 elementor-icon-list--layout-traditional elementor-list-item-link-full_width elementor-widget elementor-widget-icon-list\" data-id=\"aa7b286\" data-element_type=\"widget\" data-widget_type=\"icon-list.default\">\n\t\t\t\t<div class=\"elementor-widget-container\">\n\t\t\t\t\t<ul class=\"elementor-icon-list-items\">\n\t\t\t\t\t\t\t<li class=\"elementor-icon-list-item\">\n\t\t\t\t\t\t\t\t\t\t\t<a href=\"http:\/\/legislacao.planalto.gov.br\/legisla\/legislacao.nsf\/Viw_Identificacao\/lcp%20214-2025?OpenDocument\">\n\n\t\t\t\t\t\t\t\t\t\t\t\t<span class=\"elementor-icon-list-icon\">\n\t\t\t\t\t\t\t<i aria-hidden=\"true\" class=\"fas fa-gavel\"><\/i>\t\t\t\t\t\t<\/span>\n\t\t\t\t\t\t\t\t\t\t<span class=\"elementor-icon-list-text\">Lei Complementar n\u00ba 214\/2025<\/span>\n\t\t\t\t\t\t\t\t\t\t\t<\/a>\n\t\t\t\t\t\t\t\t\t<\/li>\n\t\t\t\t\t\t\t\t<li class=\"elementor-icon-list-item\">\n\t\t\t\t\t\t\t\t\t\t\t<a href=\"https:\/\/www.planalto.gov.br\/ccivil_03\/leis\/lcp\/lcp123.htm\">\n\n\t\t\t\t\t\t\t\t\t\t\t\t<span class=\"elementor-icon-list-icon\">\n\t\t\t\t\t\t\t<i aria-hidden=\"true\" class=\"fas fa-gavel\"><\/i>\t\t\t\t\t\t<\/span>\n\t\t\t\t\t\t\t\t\t\t<span class=\"elementor-icon-list-text\">Lei Complementar n\u00ba 123\/2006<\/span>\n\t\t\t\t\t\t\t\t\t\t\t<\/a>\n\t\t\t\t\t\t\t\t\t<\/li>\n\t\t\t\t\t\t\t\t<li class=\"elementor-icon-list-item\">\n\t\t\t\t\t\t\t\t\t\t\t<a href=\"http:\/\/www.apucarana.pr.gov.br\/site\/wp-content\/uploads\/2025\/12\/Lei-Complementar-116.pdf\">\n\n\t\t\t\t\t\t\t\t\t\t\t\t<span class=\"elementor-icon-list-icon\">\n\t\t\t\t\t\t\t<i aria-hidden=\"true\" class=\"fas fa-gavel\"><\/i>\t\t\t\t\t\t<\/span>\n\t\t\t\t\t\t\t\t\t\t<span class=\"elementor-icon-list-text\">Lei Complementar 116\/2003<\/span>\n\t\t\t\t\t\t\t\t\t\t\t<\/a>\n\t\t\t\t\t\t\t\t\t<\/li>\n\t\t\t\t\t\t\t\t<li class=\"elementor-icon-list-item\">\n\t\t\t\t\t\t\t\t\t\t\t<a href=\"http:\/\/normas.receita.fazenda.gov.br\/sijut2consulta\/link.action?idAto=133140\">\n\n\t\t\t\t\t\t\t\t\t\t\t\t<span class=\"elementor-icon-list-icon\">\n\t\t\t\t\t\t\t<i aria-hidden=\"true\" class=\"fas fa-gavel\"><\/i>\t\t\t\t\t\t<\/span>\n\t\t\t\t\t\t\t\t\t\t<span class=\"elementor-icon-list-text\">Resolu\u00e7\u00e3o CGNFS-e n\u00ba 3\/2023<\/span>\n\t\t\t\t\t\t\t\t\t\t\t<\/a>\n\t\t\t\t\t\t\t\t\t<\/li>\n\t\t\t\t\t\t\t\t<li class=\"elementor-icon-list-item\">\n\t\t\t\t\t\t\t\t\t\t\t<a href=\"http:\/\/www.apucarana.pr.gov.br\/site\/wp-content\/uploads\/2025\/12\/decreto-484.pdf\">\n\n\t\t\t\t\t\t\t\t\t\t\t\t<span class=\"elementor-icon-list-icon\">\n\t\t\t\t\t\t\t<i aria-hidden=\"true\" class=\"fas fa-gavel\"><\/i>\t\t\t\t\t\t<\/span>\n\t\t\t\t\t\t\t\t\t\t<span class=\"elementor-icon-list-text\">Decreto Municipal 484\/2025<\/span>\n\t\t\t\t\t\t\t\t\t\t\t<\/a>\n\t\t\t\t\t\t\t\t\t<\/li>\n\t\t\t\t\t\t<\/ul>\n\t\t\t\t<\/div>\n\t\t\t\t<\/div>\n\t\t\t\t<div class=\"elementor-element elementor-element-ad55470 elementor-align-center elementor-widget elementor-widget-button\" data-id=\"ad55470\" data-element_type=\"widget\" data-widget_type=\"button.default\">\n\t\t\t\t<div class=\"elementor-widget-container\">\n\t\t\t\t\t<div class=\"elementor-button-wrapper\">\n\t\t\t<a href=\"https:\/\/www.nfse.gov.br\/EmissorNacional\/Login?ReturnUrl=%2fEmissorNacional%2f\" class=\"elementor-button-link elementor-button elementor-size-sm\" role=\"button\">\n\t\t\t\t\t\t<span class=\"elementor-button-content-wrapper\">\n\t\t\t\t\t\t<span class=\"elementor-button-text\">Acessar Portal Nacional<\/span>\n\t\t<\/span>\n\t\t\t\t\t<\/a>\n\t\t<\/div>\n\t\t\t\t<\/div>\n\t\t\t\t<\/div>\n\t\t\t\t\t<\/div>\n\t\t<\/div>\n\t\t\t\t<div class=\"elementor-column elementor-col-50 elementor-top-column elementor-element elementor-element-c7c1980 elementor-invisible\" data-id=\"c7c1980\" data-element_type=\"column\" data-settings=\"{&quot;background_background&quot;:&quot;classic&quot;,&quot;animation&quot;:&quot;fadeIn&quot;}\">\n\t\t\t<div class=\"elementor-widget-wrap elementor-element-populated\">\n\t\t\t\t\t\t\t\t<div class=\"elementor-element elementor-element-89cbb6c elementor-widget elementor-widget-heading\" data-id=\"89cbb6c\" data-element_type=\"widget\" data-widget_type=\"heading.default\">\n\t\t\t\t<div class=\"elementor-widget-container\">\n\t\t\t<h2 class=\"elementor-heading-title elementor-size-default\">Precisa de ajuda?<\/h2>\t\t<\/div>\n\t\t\t\t<\/div>\n\t\t\t\t<div class=\"elementor-element elementor-element-2871b79 elementor-widget elementor-widget-text-editor\" data-id=\"2871b79\" data-element_type=\"widget\" data-widget_type=\"text-editor.default\">\n\t\t\t\t<div class=\"elementor-widget-container\">\n\t\t\t\t\t\t\t<p>A Secretaria Municipal da Fazenda destaca que este momento exige aten\u00e7\u00e3o por parte das empresas. \u00c9\u00a0<strong>imperativo<\/strong>\u00a0que os contribuintes se preparem com a m\u00e1xima anteced\u00eancia.\u00a0<strong>Come\u00e7ar os testes agora<\/strong>\u00a0\u00e9 a melhor forma de garantir a adapta\u00e7\u00e3o, realizar os ajustes finos em seus sistemas pr\u00f3prios e evitar qualquer problema operacional ou atraso na emiss\u00e3o de notas a partir de janeiro de 2026.<\/p><p>Para mais informa\u00e7\u00f5es e documenta\u00e7\u00e3o t\u00e9cnica , consulte o Portal da NFS-e Nacional(Governo Federal).<\/p><p>Para emiss\u00e3o da Nota Fiscal de Servi\u00e7os Eletr\u00f4nica- (NFS-e):<\/p><p>https:\/\/www.nfse.gov.br\/EmissorNacional\/<\/p><p>As empresas que utilizam sistemas pr\u00f3prios ou integrados para emiss\u00e3o de notas fiscais dever\u00e3o adequ\u00e1-los ao Emissor Nacional conforme as especifica\u00e7\u00f5es t\u00e9cnicas disponibilizadas no Portal Nacional, acess\u00edveis em:<\/p><p>\u00a0<a href=\"https:\/\/www.gov.br\/nfse\/pt-br\/biblioteca\/documentacao-tecnica\">https:\/\/www.gov.br\/nfse\/pt-br\/biblioteca\/documentacao-tecnica<\/a><\/p><p><a href=\"https:\/\/www.gov.br\/nfse\/pt-br\/biblioteca\/documentacao-tecnica\/documentacao-atual\">https:\/\/www.gov.br\/nfse\/pt-br\/biblioteca\/documentacao-tecnica\/documentacao-atual<\/a><\/p><p><a href=\"https:\/\/www.gov.br\/nfse\/pt-br\/biblioteca\/documentacao-tecnica\/rtc\">https:\/\/www.gov.br\/nfse\/pt-br\/biblioteca\/documentacao-tecnica\/rtc<\/a><\/p>\t\t\t\t\t\t<\/div>\n\t\t\t\t<\/div>\n\t\t\t\t<div class=\"elementor-element elementor-element-4afee25 elementor-widget elementor-widget-heading\" data-id=\"4afee25\" data-element_type=\"widget\" data-widget_type=\"heading.default\">\n\t\t\t\t<div class=\"elementor-widget-container\">\n\t\t\t<h2 class=\"elementor-heading-title elementor-size-default\">Contato com a Fiscaliza\u00e7\u00e3o: (43) 3422-4000 ramal 239 e 242 e pelo whatsapp : (43) 3308-1446.<\/h2>\t\t<\/div>\n\t\t\t\t<\/div>\n\t\t\t\t\t<\/div>\n\t\t<\/div>\n\t\t\t\t\t\t\t<\/div>\n\t\t<\/section>\n\t\t\t\t\t\t\t<\/div>\n\t\t","protected":false},"excerpt":{"rendered":"<p>Migra&ccedil;&atilde;o para a NFS-e Nacional em Apucarana Com a Reforma Tribut&aacute;ria, a emiss&atilde;o de nota fiscal eletr&ocirc;nica passar&aacute; a ocorrer por meio do emissor nacional. Prepare-se para a transi&ccedil;&atilde;o. O que, de fato, est&aacute; mudando? A Prefeitura Municipal de Apucarana, atrav&eacute;s da Secretaria Municipal da Fazenda, informa aos empres&aacute;rios\/empresas prestadoras de servi&ccedil;o do munic&iacute;pio sobre [&hellip;]<\/p>\n","protected":false},"author":18,"featured_media":0,"parent":0,"menu_order":0,"comment_status":"closed","ping_status":"closed","template":"elementor_header_footer","meta":{"footnotes":""},"class_list":["post-121418","page","type-page","status-publish","hentry"],"acf":[],"_links":{"self":[{"href":"https:\/\/www.apucarana.pr.gov.br\/site\/wp-json\/wp\/v2\/pages\/121418","targetHints":{"allow":["GET"]}}],"collection":[{"href":"https:\/\/www.apucarana.pr.gov.br\/site\/wp-json\/wp\/v2\/pages"}],"about":[{"href":"https:\/\/www.apucarana.pr.gov.br\/site\/wp-json\/wp\/v2\/types\/page"}],"author":[{"embeddable":true,"href":"https:\/\/www.apucarana.pr.gov.br\/site\/wp-json\/wp\/v2\/users\/18"}],"replies":[{"embeddable":true,"href":"https:\/\/www.apucarana.pr.gov.br\/site\/wp-json\/wp\/v2\/comments?post=121418"}],"version-history":[{"count":5,"href":"https:\/\/www.apucarana.pr.gov.br\/site\/wp-json\/wp\/v2\/pages\/121418\/revisions"}],"predecessor-version":[{"id":122086,"href":"https:\/\/www.apucarana.pr.gov.br\/site\/wp-json\/wp\/v2\/pages\/121418\/revisions\/122086"}],"wp:attachment":[{"href":"https:\/\/www.apucarana.pr.gov.br\/site\/wp-json\/wp\/v2\/media?parent=121418"}],"curies":[{"name":"wp","href":"https:\/\/api.w.org\/{rel}","templated":true}]}}