{"id":114308,"date":"2025-06-06T13:17:21","date_gmt":"2025-06-06T16:17:21","guid":{"rendered":"https:\/\/www.apucarana.pr.gov.br\/site\/?page_id=114308"},"modified":"2025-06-16T15:51:53","modified_gmt":"2025-06-16T18:51:53","slug":"7a-conferencia-municipal-das-cidades","status":"publish","type":"page","link":"https:\/\/www.apucarana.pr.gov.br\/site\/7a-conferencia-municipal-das-cidades\/","title":{"rendered":"7\u00aa Confer\u00eancia Municipal das Cidades"},"content":{"rendered":"\t\t<div data-elementor-type=\"wp-page\" data-elementor-id=\"114308\" class=\"elementor elementor-114308\">\n\t\t\t\t\t\t\t\t\t<section class=\"elementor-section elementor-top-section elementor-element elementor-element-3724223 elementor-section-boxed elementor-section-height-default elementor-section-height-default\" data-id=\"3724223\" data-element_type=\"section\" data-settings=\"{&quot;jet_parallax_layout_list&quot;:[{&quot;jet_parallax_layout_image&quot;:{&quot;url&quot;:&quot;&quot;,&quot;id&quot;:&quot;&quot;},&quot;_id&quot;:&quot;0493ed9&quot;,&quot;jet_parallax_layout_image_tablet&quot;:{&quot;url&quot;:&quot;&quot;,&quot;id&quot;:&quot;&quot;},&quot;jet_parallax_layout_image_mobile&quot;:{&quot;url&quot;:&quot;&quot;,&quot;id&quot;:&quot;&quot;},&quot;jet_parallax_layout_speed&quot;:{&quot;unit&quot;:&quot;%&quot;,&quot;size&quot;:50,&quot;sizes&quot;:[]},&quot;jet_parallax_layout_type&quot;:&quot;scroll&quot;,&quot;jet_parallax_layout_direction&quot;:null,&quot;jet_parallax_layout_fx_direction&quot;:null,&quot;jet_parallax_layout_z_index&quot;:&quot;&quot;,&quot;jet_parallax_layout_bg_x&quot;:50,&quot;jet_parallax_layout_bg_x_tablet&quot;:&quot;&quot;,&quot;jet_parallax_layout_bg_x_mobile&quot;:&quot;&quot;,&quot;jet_parallax_layout_bg_y&quot;:50,&quot;jet_parallax_layout_bg_y_tablet&quot;:&quot;&quot;,&quot;jet_parallax_layout_bg_y_mobile&quot;:&quot;&quot;,&quot;jet_parallax_layout_bg_size&quot;:&quot;auto&quot;,&quot;jet_parallax_layout_bg_size_tablet&quot;:&quot;&quot;,&quot;jet_parallax_layout_bg_size_mobile&quot;:&quot;&quot;,&quot;jet_parallax_layout_animation_prop&quot;:&quot;transform&quot;,&quot;jet_parallax_layout_on&quot;:[&quot;desktop&quot;,&quot;tablet&quot;]}]}\">\n\t\t\t\t\t\t<div class=\"elementor-container elementor-column-gap-default\">\n\t\t\t\t\t<div class=\"elementor-column elementor-col-100 elementor-top-column elementor-element elementor-element-7b7f803\" data-id=\"7b7f803\" data-element_type=\"column\">\n\t\t\t<div class=\"elementor-widget-wrap elementor-element-populated\">\n\t\t\t\t\t\t\t\t<div class=\"elementor-element elementor-element-5e271ca elementor-align-left elementor-widget elementor-widget-raven-heading\" data-id=\"5e271ca\" data-element_type=\"widget\" data-widget_type=\"raven-heading.default\">\n\t\t\t\t<div class=\"elementor-widget-container\">\n\t\t\t\t\t<div class=\"raven-widget-wrapper\"><h4 class=\"raven-heading raven-heading-h4\"><span class=\"raven-heading-title\">7\u00aa Confer\u00eancia Municipal das Cidades<\/span><\/h4><\/div>\n\t\t\t\t<\/div>\n\t\t\t\t<\/div>\n\t\t\t\t<div class=\"elementor-element elementor-element-62a1393 elementor-widget elementor-widget-image\" data-id=\"62a1393\" data-element_type=\"widget\" data-widget_type=\"image.default\">\n\t\t\t\t<div class=\"elementor-widget-container\">\n\t\t\t\t\t\t\t\t\t\t\t\t\t\t\t<img loading=\"lazy\" decoding=\"async\" width=\"1280\" height=\"679\" src=\"https:\/\/www.apucarana.pr.gov.br\/site\/wp-content\/uploads\/2025\/06\/Conferencia-das-Cidades-Arte-2.png\" class=\"attachment-full size-full wp-image-114602\" alt=\"\" srcset=\"https:\/\/www.apucarana.pr.gov.br\/site\/wp-content\/uploads\/2025\/06\/Conferencia-das-Cidades-Arte-2.png 1280w, https:\/\/www.apucarana.pr.gov.br\/site\/wp-content\/uploads\/2025\/06\/Conferencia-das-Cidades-Arte-2-300x159.png 300w, https:\/\/www.apucarana.pr.gov.br\/site\/wp-content\/uploads\/2025\/06\/Conferencia-das-Cidades-Arte-2-1024x543.png 1024w, https:\/\/www.apucarana.pr.gov.br\/site\/wp-content\/uploads\/2025\/06\/Conferencia-das-Cidades-Arte-2-768x407.png 768w\" sizes=\"auto, (max-width: 1280px) 100vw, 1280px\" \/>\t\t\t\t\t\t\t\t\t\t\t\t\t\t\t<\/div>\n\t\t\t\t<\/div>\n\t\t\t\t<div class=\"elementor-element elementor-element-79436ce elementor-align-left elementor-widget elementor-widget-raven-heading\" data-id=\"79436ce\" data-element_type=\"widget\" data-widget_type=\"raven-heading.default\">\n\t\t\t\t<div class=\"elementor-widget-container\">\n\t\t\t\t\t<div class=\"raven-widget-wrapper\"><h2 class=\"raven-heading raven-heading-h2\"><span class=\"raven-heading-title\">O que \u00e9 a Confer\u00eancia das Cidades?<\/span><\/h2><\/div>\n\t\t\t\t<\/div>\n\t\t\t\t<\/div>\n\t\t\t\t<div class=\"elementor-element elementor-element-e25c5b1 elementor-widget elementor-widget-text-editor\" data-id=\"e25c5b1\" data-element_type=\"widget\" data-widget_type=\"text-editor.default\">\n\t\t\t\t<div class=\"elementor-widget-container\">\n\t\t\t\t\t\t\t<p>A Confer\u00eancia das Cidades \u00e9 um instrumento fundamental de participa\u00e7\u00e3o social para a constru\u00e7\u00e3o da pol\u00edtica urbana no Brasil, assegurando que a gest\u00e3o dos munic\u00edpios ocorra de forma democr\u00e1tica e transparente. Seu objetivo principal \u00e9 estabelecer um espa\u00e7o de di\u00e1logo, mobiliza\u00e7\u00e3o e delibera\u00e7\u00e3o entre o governo e a sociedade civil sobre os rumos da Pol\u00edtica Nacional de Desenvolvimento Urbano (PNDU).<\/p>\t\t\t\t\t\t<\/div>\n\t\t\t\t<\/div>\n\t\t\t\t<div class=\"elementor-element elementor-element-2b09f9f elementor-align-left elementor-widget elementor-widget-raven-heading\" data-id=\"2b09f9f\" data-element_type=\"widget\" data-widget_type=\"raven-heading.default\">\n\t\t\t\t<div class=\"elementor-widget-container\">\n\t\t\t\t\t<div class=\"raven-widget-wrapper\"><h2 class=\"raven-heading raven-heading-h2\"><span class=\"raven-heading-title\">Como funciona?<\/span><\/h2><\/div>\n\t\t\t\t<\/div>\n\t\t\t\t<\/div>\n\t\t\t\t<div class=\"elementor-element elementor-element-bae18e6 elementor-widget elementor-widget-text-editor\" data-id=\"bae18e6\" data-element_type=\"widget\" data-widget_type=\"text-editor.default\">\n\t\t\t\t<div class=\"elementor-widget-container\">\n\t\t\t\t\t\t\t<p>O processo da confer\u00eancia \u00e9 organizado de maneira ascendente, com etapas que se iniciam nos munic\u00edpios e culminam em um grande evento nacional:<\/p><ul><li><strong>Etapa Municipal<\/strong>: Cidad\u00e3os e poder p\u00fablico local debatem os desafios e as necessidades do munic\u00edpio, formulando as propostas iniciais que nortear\u00e3o as discuss\u00f5es futuras.<\/li><li><strong>Etapa Estadual<\/strong>: As propostas aprovadas nas confer\u00eancias municipais s\u00e3o encaminhadas para a etapa estadual, onde s\u00e3o discutidas, aprimoradas e consolidadas em um \u00e2mbito regional.<\/li><li><strong>Etapa Nacional<\/strong>: Finalmente, as propostas de todo o pa\u00eds s\u00e3o apresentadas na Confer\u00eancia Nacional das Cidades. Neste evento, avaliam-se as diretrizes da pol\u00edtica urbana, formulam-se novas propostas e s\u00e3o eleitos os conselheiros que acompanhar\u00e3o a implementa\u00e7\u00e3o das pol\u00edticas definidas.<\/li><\/ul><p>Em s\u00edntese, a Confer\u00eancia das Cidades \u00e9 o principal canal para que a popula\u00e7\u00e3o participe ativamente da formula\u00e7\u00e3o, execu\u00e7\u00e3o e acompanhamento das pol\u00edticas que transformam o presente e o futuro das cidades brasileiras.<\/p><p>Participe da constru\u00e7\u00e3o de uma Apucarana cada vez melhor. Inscreva-se no link abaixo!<\/p>\t\t\t\t\t\t<\/div>\n\t\t\t\t<\/div>\n\t\t\t\t<div class=\"elementor-element elementor-element-fd70f8d elementor-align-center elementor-widget elementor-widget-button\" data-id=\"fd70f8d\" data-element_type=\"widget\" data-widget_type=\"button.default\">\n\t\t\t\t<div class=\"elementor-widget-container\">\n\t\t\t\t\t<div class=\"elementor-button-wrapper\">\n\t\t\t<a href=\"https:\/\/forms.office.com\/Pages\/DesignPageV2.aspx?subpage=design&#038;FormId=xJBxzN1UIkW%20XMZkPccFLLYnK3iMPbUZLj6dCKTterwxUNE1STVNBSERLWTNFVkFRMFRXMzhCNEhZRS4u%20&#038;Token=35d4ca3883ae43bc91d83332e33681a3\" target=\"_blank\" rel=\"nofollow\" class=\"elementor-button-link elementor-button elementor-size-md\" role=\"button\">\n\t\t\t\t\t\t<span class=\"elementor-button-content-wrapper\">\n\t\t\t\t\t\t<span class=\"elementor-button-text\">Formul\u00e1rio de Inscri\u00e7\u00e3o<\/span>\n\t\t<\/span>\n\t\t\t\t\t<\/a>\n\t\t<\/div>\n\t\t\t\t<\/div>\n\t\t\t\t<\/div>\n\t\t\t\t<div class=\"elementor-element elementor-element-caf80cb elementor-widget elementor-widget-text-editor\" data-id=\"caf80cb\" data-element_type=\"widget\" data-widget_type=\"text-editor.default\">\n\t\t\t\t<div class=\"elementor-widget-container\">\n\t\t\t\t\t\t\t<p>A identidade visual da confer\u00eancia pode ser encontrada neste link:<\/p><p><a href=\"https:\/\/www.redus.org.br\/concid24\/brasil\/conferencia-nacional\/biblioteca\/pasta\/b7bbb1fc6935-4483-a13f-eec57f576b68\" target=\"_blank\" rel=\"noopener\">https:\/\/www.redus.org.br\/concid24\/brasil\/conferencia-nacional\/biblioteca\/pasta\/b7bbb1fc6935-4483-a13f-eec57f576b68<\/a><\/p><p>Agradecemos antecipadamente pela aten\u00e7\u00e3o e nos colocamos \u00e0 disposi\u00e7\u00e3o para quaisquer esclarecimentos.<\/p>\t\t\t\t\t\t<\/div>\n\t\t\t\t<\/div>\n\t\t\t\t\t<\/div>\n\t\t<\/div>\n\t\t\t\t\t\t\t<\/div>\n\t\t<\/section>\n\t\t\t\t\t\t\t<\/div>\n\t\t","protected":false},"excerpt":{"rendered":"<p>7&ordf; Confer&ecirc;ncia Municipal das Cidades O que &eacute; a Confer&ecirc;ncia das Cidades? A Confer&ecirc;ncia das Cidades &eacute; um instrumento fundamental de participa&ccedil;&atilde;o social para a constru&ccedil;&atilde;o da pol&iacute;tica urbana no Brasil, assegurando que a gest&atilde;o dos munic&iacute;pios ocorra de forma democr&aacute;tica e transparente. Seu objetivo principal &eacute; estabelecer um espa&ccedil;o de di&aacute;logo, mobiliza&ccedil;&atilde;o e delibera&ccedil;&atilde;o [&hellip;]<\/p>\n","protected":false},"author":2,"featured_media":0,"parent":0,"menu_order":0,"comment_status":"closed","ping_status":"closed","template":"","meta":{"footnotes":""},"class_list":["post-114308","page","type-page","status-publish","hentry"],"acf":[],"_links":{"self":[{"href":"https:\/\/www.apucarana.pr.gov.br\/site\/wp-json\/wp\/v2\/pages\/114308","targetHints":{"allow":["GET"]}}],"collection":[{"href":"https:\/\/www.apucarana.pr.gov.br\/site\/wp-json\/wp\/v2\/pages"}],"about":[{"href":"https:\/\/www.apucarana.pr.gov.br\/site\/wp-json\/wp\/v2\/types\/page"}],"author":[{"embeddable":true,"href":"https:\/\/www.apucarana.pr.gov.br\/site\/wp-json\/wp\/v2\/users\/2"}],"replies":[{"embeddable":true,"href":"https:\/\/www.apucarana.pr.gov.br\/site\/wp-json\/wp\/v2\/comments?post=114308"}],"version-history":[{"count":5,"href":"https:\/\/www.apucarana.pr.gov.br\/site\/wp-json\/wp\/v2\/pages\/114308\/revisions"}],"predecessor-version":[{"id":114609,"href":"https:\/\/www.apucarana.pr.gov.br\/site\/wp-json\/wp\/v2\/pages\/114308\/revisions\/114609"}],"wp:attachment":[{"href":"https:\/\/www.apucarana.pr.gov.br\/site\/wp-json\/wp\/v2\/media?parent=114308"}],"curies":[{"name":"wp","href":"https:\/\/api.w.org\/{rel}","templated":true}]}}