{"id":113627,"date":"2025-05-23T08:01:01","date_gmt":"2025-05-23T11:01:01","guid":{"rendered":"https:\/\/www.apucarana.pr.gov.br\/site\/?page_id=113627"},"modified":"2025-05-23T08:46:49","modified_gmt":"2025-05-23T11:46:49","slug":"plano-anual-de-contratacoes-pac","status":"publish","type":"page","link":"https:\/\/www.apucarana.pr.gov.br\/site\/plano-anual-de-contratacoes-pac\/","title":{"rendered":"Plano Anual de Contrata\u00e7\u00f5es (PAC)"},"content":{"rendered":"\t\t<div data-elementor-type=\"wp-page\" data-elementor-id=\"113627\" class=\"elementor elementor-113627\">\n\t\t\t\t\t\t\t\t\t<section class=\"elementor-section elementor-top-section elementor-element elementor-element-1ee09ba elementor-section-boxed elementor-section-height-default elementor-section-height-default\" data-id=\"1ee09ba\" data-element_type=\"section\" data-settings=\"{&quot;jet_parallax_layout_list&quot;:[]}\">\n\t\t\t\t\t\t<div class=\"elementor-container elementor-column-gap-default\">\n\t\t\t\t\t<div class=\"elementor-column elementor-col-100 elementor-top-column elementor-element elementor-element-d456c31\" data-id=\"d456c31\" data-element_type=\"column\">\n\t\t\t<div class=\"elementor-widget-wrap elementor-element-populated\">\n\t\t\t\t\t\t\t\t<div class=\"elementor-element elementor-element-ff3af02 carta-de-servicos-accordion elementor-widget elementor-widget-jet-accordion\" data-id=\"ff3af02\" data-element_type=\"widget\" data-widget_type=\"jet-accordion.default\">\n\t\t\t\t<div class=\"elementor-widget-container\">\n\t\t\t\t\t<div class=\"jet-accordion\" data-settings=\"{&quot;collapsible&quot;:false,&quot;ajaxTemplate&quot;:false,&quot;switchScrolling&quot;:false,&quot;switchScrollingOffset&quot;:0}\" role=\"tablist\">\n\t\t\t<div class=\"jet-accordion__inner\">\n\t\t\t\t<div class=\"jet-accordion__item jet-toggle jet-toggle-fade-effect active-toggle\">\n\t\t\t\t\t\t\t<div id=\"jet-toggle-control-2671\" class=\"jet-toggle__control elementor-menu-anchor\" data-toggle=\"1\" role=\"tab\" tabindex=\"0\" aria-controls=\"jet-toggle-content-2671\" aria-expanded=\"true\" data-template-id=\"false\">\n\t\t\t\t\t\t\t\t<div class=\"jet-toggle__label-icon jet-toggle-icon-position-left\"><span class=\"jet-toggle__icon icon-normal jet-tabs-icon\"><i class=\"fas fa-folder-open\"><\/i><\/span><span class=\"jet-toggle__icon icon-active jet-tabs-icon\"><i class=\"fas fa-folder-open\"><\/i><\/span><\/div><div class=\"jet-toggle__label-text\">PAC 2025<\/div>\t\t\t\t\t\t\t<\/div>\n\t\t\t\t\t\t\t<div id=\"jet-toggle-content-2671\" class=\"jet-toggle__content\" data-toggle=\"1\" role=\"tabpanel\" data-template-id=\"false\">\n\t\t\t\t\t\t\t\t<div class=\"jet-toggle__content-inner\"><ul><li><a href=\"\/site\/wp-content\/uploads\/2025\/05\/PAC-ALMOXARIFADO-CENTRAL-2025.pdf\" target=\"_blank\" rel=\"noopener\">Almoxarifado Central<\/a><\/li><li><a href=\"\/site\/wp-content\/uploads\/2025\/05\/PAC-AME-2025.pdf\" target=\"_blank\" rel=\"noopener\">Autarquia Municipal de Educa\u00e7\u00e3o (AME)<\/a><\/li><li><a href=\"\/site\/wp-content\/uploads\/2025\/05\/PAC-AMS-2025.pdf\" target=\"_blank\" rel=\"noopener\">Autarquia Municipal de Sa\u00fade (AMS)<\/a><\/li><li><a href=\"\/site\/wp-content\/uploads\/2025\/05\/PAC-ASERFA-2024.pdf\" target=\"_blank\" rel=\"noopener\">Autarquia Municipal de Servi\u00e7os Funer\u00e1rios (ASERFA)<\/a><\/li><li><a href=\"\/site\/wp-content\/uploads\/2025\/05\/PAC-DTI-2025.pdf\" target=\"_blank\" rel=\"noopener\">Departamento de Tecnolgia da Informa\u00e7\u00e3o (DTI)<\/a><\/li><li><a href=\"\/site\/wp-content\/uploads\/2025\/05\/PAC-GUARDA-CIVIL-MUNICIPAL-2025.pdf\" target=\"_blank\" rel=\"noopener\">Guarda Civil Municipal<\/a><\/li><li><a href=\"\/site\/wp-content\/uploads\/2025\/05\/PAC-IDDEPLAN-2025.pdf\" target=\"_blank\" rel=\"noopener\">Instituto de Desenvolvimento, Pesquisa e Planejamento (IDEPPLAN)<\/a><\/li><li><a href=\"\/site\/wp-content\/uploads\/2025\/05\/PAC-2025-Patrimonio.pdf\" target=\"_blank\" rel=\"noopener\">Patrim\u00f4nio<\/a><\/li><li><a href=\"\/site\/wp-content\/uploads\/2025\/05\/PAC-PROCURADORIA-JURIDICA-2025.pdf\" target=\"_blank\" rel=\"noopener\">Procuradoria Jur\u00eddica<\/a><\/li><li><a href=\"\/site\/wp-content\/uploads\/2025\/05\/PAC-RECURSOS-HUMANOS-2025.pdf\" target=\"_blank\" rel=\"noopener\">Recursos Humanos<\/a><\/li><li><a href=\"\/site\/wp-content\/uploads\/2025\/05\/PAC-2025-SEFAZ.pdf\" target=\"_blank\" rel=\"noopener\">Secretaria da Fazenda (SEFAZ)<\/a><\/li><li><a href=\"\/site\/wp-content\/uploads\/2025\/05\/PAC-SECRETARIA-DA-MULHER-2025.pdf\" target=\"_blank\" rel=\"noopener\">Secretaria da Mulher<\/a><\/li><li><a href=\"\/site\/wp-content\/uploads\/2025\/05\/PAC-SECRETARIA-DA-AGRICULTURA-2025.pdf\" target=\"_blank\" rel=\"noopener\">Secretaria de Agricultura<\/a><\/li><li><a href=\"\/site\/wp-content\/uploads\/2025\/05\/PAC-Assistencia-Social-2025.pdf\" target=\"_blank\" rel=\"noopener\">Secretaria de Assist\u00eancia Social<\/a><\/li><li><a href=\"\/site\/wp-content\/uploads\/2025\/05\/PAC-ESPORTES-2025.pdf\" target=\"_blank\" rel=\"noopener\">Secretaria de Esportes<\/a><\/li><li><a href=\"\/site\/wp-content\/uploads\/2025\/05\/PAC-SECRETARIA-DE-INDUSTRIA-E-COMERCIO-2025.pdf\" target=\"_blank\" rel=\"noopener\">Secretaria de Ind\u00fastria e Com\u00e9rcio e Emprego (SEINC)<\/a><\/li><li><a href=\"\/site\/wp-content\/uploads\/2025\/05\/PAC-SECRETARIA-DE-OBRAS-2025.pdf\" target=\"_blank\" rel=\"noopener\">Secretaria de Obras<\/a><\/li><li><a href=\"\/site\/wp-content\/uploads\/2025\/05\/PAC-SECRETARIA-DE-CULTURA-2025.pdf\" target=\"_blank\" rel=\"noopener\">Secretaria de Promo\u00e7\u00e3o Art\u00edstica, Cultural e Tur\u00edstica<\/a><\/li><li><a href=\"\/site\/wp-content\/uploads\/2025\/05\/PAC-SECRETARIA-DE-SERVICOS-PUBLICOS-2025.pdf\" target=\"_blank\" rel=\"noopener\">Secretaria de Servi\u00e7os P\u00fablicos<\/a><\/li><li><a href=\"\/site\/wp-content\/uploads\/2025\/05\/PAC-SECRETARIA-DE-MEIO-AMBIENTE-2025.pdf\" target=\"_blank\" rel=\"noopener\">Secretaria do Meio Ambiente (SEMA)<\/a><\/li><\/ul><\/div>\n\t\t\t\t\t\t\t<\/div>\n\t\t\t\t\t\t<\/div>\t\t\t\t\t\t\t\t<\/div>\n\t\t<\/div>\n\t\t\t\t<\/div>\n\t\t\t\t<\/div>\n\t\t\t\t\t<\/div>\n\t\t<\/div>\n\t\t\t\t\t\t\t<\/div>\n\t\t<\/section>\n\t\t\t\t\t\t\t<\/div>\n\t\t","protected":false},"excerpt":{"rendered":"<p>PAC 2025 Almoxarifado Central Autarquia Municipal de Educa&ccedil;&atilde;o (AME) Autarquia Municipal de Sa&uacute;de (AMS) Autarquia Municipal de Servi&ccedil;os Funer&aacute;rios (ASERFA) Departamento de Tecnolgia da Informa&ccedil;&atilde;o (DTI) Guarda Civil Municipal Instituto de Desenvolvimento, Pesquisa e Planejamento (IDEPPLAN) Patrim&ocirc;nio Procuradoria Jur&iacute;dica Recursos Humanos Secretaria da Fazenda (SEFAZ) Secretaria da Mulher Secretaria de Agricultura Secretaria de Assist&ecirc;ncia Social [&hellip;]<\/p>\n","protected":false},"author":2,"featured_media":0,"parent":0,"menu_order":0,"comment_status":"closed","ping_status":"closed","template":"","meta":{"footnotes":""},"class_list":["post-113627","page","type-page","status-publish","hentry"],"acf":[],"_links":{"self":[{"href":"https:\/\/www.apucarana.pr.gov.br\/site\/wp-json\/wp\/v2\/pages\/113627","targetHints":{"allow":["GET"]}}],"collection":[{"href":"https:\/\/www.apucarana.pr.gov.br\/site\/wp-json\/wp\/v2\/pages"}],"about":[{"href":"https:\/\/www.apucarana.pr.gov.br\/site\/wp-json\/wp\/v2\/types\/page"}],"author":[{"embeddable":true,"href":"https:\/\/www.apucarana.pr.gov.br\/site\/wp-json\/wp\/v2\/users\/2"}],"replies":[{"embeddable":true,"href":"https:\/\/www.apucarana.pr.gov.br\/site\/wp-json\/wp\/v2\/comments?post=113627"}],"version-history":[{"count":5,"href":"https:\/\/www.apucarana.pr.gov.br\/site\/wp-json\/wp\/v2\/pages\/113627\/revisions"}],"predecessor-version":[{"id":113643,"href":"https:\/\/www.apucarana.pr.gov.br\/site\/wp-json\/wp\/v2\/pages\/113627\/revisions\/113643"}],"wp:attachment":[{"href":"https:\/\/www.apucarana.pr.gov.br\/site\/wp-json\/wp\/v2\/media?parent=113627"}],"curies":[{"name":"wp","href":"https:\/\/api.w.org\/{rel}","templated":true}]}}