{"id":514,"date":"2022-02-21T16:18:14","date_gmt":"2022-02-21T19:18:14","guid":{"rendered":"http:\/\/www.apucarana.pr.gov.br\/saladoempreendedor\/?page_id=514"},"modified":"2022-05-18T14:46:18","modified_gmt":"2022-05-18T17:46:18","slug":"vigilancia-sanitaria","status":"publish","type":"page","link":"https:\/\/www.apucarana.pr.gov.br\/saladoempreendedor\/vigilancia-sanitaria\/","title":{"rendered":"Vigil\u00e2ncia Sanit\u00e1ria"},"content":{"rendered":"\t\t<div data-elementor-type=\"wp-page\" data-elementor-id=\"514\" class=\"elementor elementor-514\" data-elementor-settings=\"[]\">\n\t\t\t\t\t\t\t<div class=\"elementor-section-wrap\">\n\t\t\t\t\t\t\t<section class=\"elementor-section elementor-top-section elementor-element elementor-element-4bab164 elementor-section-boxed elementor-section-height-default elementor-section-height-default\" data-id=\"4bab164\" data-element_type=\"section\" data-settings=\"{&quot;jet_parallax_layout_list&quot;:[]}\">\n\t\t\t\t\t\t<div class=\"elementor-container elementor-column-gap-default\">\n\t\t\t\t\t<div class=\"elementor-column elementor-col-100 elementor-top-column elementor-element elementor-element-e8305d9\" data-id=\"e8305d9\" data-element_type=\"column\">\n\t\t\t<div class=\"elementor-widget-wrap elementor-element-populated\">\n\t\t\t\t\t\t\t\t<div class=\"elementor-element elementor-element-7901c2d elementor-align-left elementor-widget elementor-widget-raven-breadcrumbs\" data-id=\"7901c2d\" data-element_type=\"widget\" data-widget_type=\"raven-breadcrumbs.default\">\n\t\t\t\t<div class=\"elementor-widget-container\">\n\t\t\t<div class=\"raven-breadcrumbs raven-breadcrumbs-default\"><ol class=\"breadcrumb\">\t\t\t\t<li class=\"breadcrumb-item active\" aria-current=\"page\"><span>Home<\/span><\/li>\n\n\t\t\t\t<\/ol><\/div>\t\t<\/div>\n\t\t\t\t<\/div>\n\t\t\t\t<div class=\"elementor-element elementor-element-8ea5943 elementor-widget elementor-widget-heading\" data-id=\"8ea5943\" data-element_type=\"widget\" data-widget_type=\"heading.default\">\n\t\t\t\t<div class=\"elementor-widget-container\">\n\t\t\t<style>\/*! elementor - v3.5.6 - 28-02-2022 *\/\n.elementor-heading-title{padding:0;margin:0;line-height:1}.elementor-widget-heading .elementor-heading-title[class*=elementor-size-]>a{color:inherit;font-size:inherit;line-height:inherit}.elementor-widget-heading .elementor-heading-title.elementor-size-small{font-size:15px}.elementor-widget-heading .elementor-heading-title.elementor-size-medium{font-size:19px}.elementor-widget-heading .elementor-heading-title.elementor-size-large{font-size:29px}.elementor-widget-heading .elementor-heading-title.elementor-size-xl{font-size:39px}.elementor-widget-heading .elementor-heading-title.elementor-size-xxl{font-size:59px}<\/style><h2 class=\"elementor-heading-title elementor-size-xl\">Vigil\u00e2ncia Sanit\u00e1ria<\/h2>\t\t<\/div>\n\t\t\t\t<\/div>\n\t\t\t\t<div class=\"elementor-element elementor-element-2d3ef1f elementor-widget elementor-widget-heading\" data-id=\"2d3ef1f\" data-element_type=\"widget\" data-widget_type=\"heading.default\">\n\t\t\t\t<div class=\"elementor-widget-container\">\n\t\t\t<h3 class=\"elementor-heading-title elementor-size-default\">Licen\u00e7a Sanit\u00e1ria<\/h3>\t\t<\/div>\n\t\t\t\t<\/div>\n\t\t\t\t<div class=\"elementor-element elementor-element-03cb51a elementor-widget elementor-widget-text-editor\" data-id=\"03cb51a\" data-element_type=\"widget\" data-widget_type=\"text-editor.default\">\n\t\t\t\t<div class=\"elementor-widget-container\">\n\t\t\t<style>\/*! elementor - v3.5.6 - 28-02-2022 *\/\n.elementor-widget-text-editor.elementor-drop-cap-view-stacked .elementor-drop-cap{background-color:#818a91;color:#fff}.elementor-widget-text-editor.elementor-drop-cap-view-framed .elementor-drop-cap{color:#818a91;border:3px solid;background-color:transparent}.elementor-widget-text-editor:not(.elementor-drop-cap-view-default) .elementor-drop-cap{margin-top:8px}.elementor-widget-text-editor:not(.elementor-drop-cap-view-default) .elementor-drop-cap-letter{width:1em;height:1em}.elementor-widget-text-editor .elementor-drop-cap{float:left;text-align:center;line-height:1;font-size:50px}.elementor-widget-text-editor .elementor-drop-cap-letter{display:inline-block}<\/style>\t\t\t\t<p>A licen\u00e7a sanit\u00e1ria poder\u00e1 ser solicitada via empresa f\u00e1cil no momento da abertura da empresa ou MEI. Em caso de renova\u00e7\u00e3o, a licen\u00e7a poder\u00e1 ser solicitada atrav\u00e9s do e-mail vigilanciaapucarana2020@gmail.com ou presencialmente na Vigil\u00e2ncia Sanit\u00e1ria, localizada na Rua Tamandar\u00e9, 115, na Barra Funda. O hor\u00e1rio de atendimento \u00e9 de segunda a sexta-feira, das 8h \u00e0s 12h e 13h \u00e0s 17h.<\/p><p>Mais informa\u00e7\u00f5es podem ser obtidas pelo telefone (43) 3034-3004.<\/p>\t\t\t\t\t\t<\/div>\n\t\t\t\t<\/div>\n\t\t\t\t\t<\/div>\n\t\t<\/div>\n\t\t\t\t\t\t\t<\/div>\n\t\t<\/section>\n\t\t\t\t\t\t<\/div>\n\t\t\t\t\t<\/div>\n\t\t","protected":false},"excerpt":{"rendered":"<p>Home Vigil\u00e2ncia Sanit\u00e1ria Licen\u00e7a Sanit\u00e1ria A licen\u00e7a sanit\u00e1ria poder\u00e1 ser solicitada via empresa f\u00e1cil no momento da abertura da empresa ou MEI. Em caso de renova\u00e7\u00e3o, a licen\u00e7a poder\u00e1 ser [&hellip;]<\/p>\n","protected":false},"author":4,"featured_media":0,"parent":0,"menu_order":0,"comment_status":"closed","ping_status":"closed","template":"","meta":[],"acf":[],"_links":{"self":[{"href":"https:\/\/www.apucarana.pr.gov.br\/saladoempreendedor\/wp-json\/wp\/v2\/pages\/514"}],"collection":[{"href":"https:\/\/www.apucarana.pr.gov.br\/saladoempreendedor\/wp-json\/wp\/v2\/pages"}],"about":[{"href":"https:\/\/www.apucarana.pr.gov.br\/saladoempreendedor\/wp-json\/wp\/v2\/types\/page"}],"author":[{"embeddable":true,"href":"https:\/\/www.apucarana.pr.gov.br\/saladoempreendedor\/wp-json\/wp\/v2\/users\/4"}],"replies":[{"embeddable":true,"href":"https:\/\/www.apucarana.pr.gov.br\/saladoempreendedor\/wp-json\/wp\/v2\/comments?post=514"}],"version-history":[{"count":5,"href":"https:\/\/www.apucarana.pr.gov.br\/saladoempreendedor\/wp-json\/wp\/v2\/pages\/514\/revisions"}],"predecessor-version":[{"id":3645,"href":"https:\/\/www.apucarana.pr.gov.br\/saladoempreendedor\/wp-json\/wp\/v2\/pages\/514\/revisions\/3645"}],"wp:attachment":[{"href":"https:\/\/www.apucarana.pr.gov.br\/saladoempreendedor\/wp-json\/wp\/v2\/media?parent=514"}],"curies":[{"name":"wp","href":"https:\/\/api.w.org\/{rel}","templated":true}]}}