{"id":503,"date":"2022-02-21T16:13:44","date_gmt":"2022-02-21T19:13:44","guid":{"rendered":"http:\/\/www.apucarana.pr.gov.br\/saladoempreendedor\/?page_id=503"},"modified":"2022-05-19T09:48:36","modified_gmt":"2022-05-19T12:48:36","slug":"baixa","status":"publish","type":"page","link":"https:\/\/www.apucarana.pr.gov.br\/saladoempreendedor\/baixa\/","title":{"rendered":"Baixa"},"content":{"rendered":"\t\t<div data-elementor-type=\"wp-page\" data-elementor-id=\"503\" class=\"elementor elementor-503\" data-elementor-settings=\"[]\">\n\t\t\t\t\t\t\t<div class=\"elementor-section-wrap\">\n\t\t\t\t\t\t\t<section class=\"elementor-section elementor-top-section elementor-element elementor-element-6db5d28 elementor-section-boxed elementor-section-height-default elementor-section-height-default\" data-id=\"6db5d28\" data-element_type=\"section\" data-settings=\"{&quot;jet_parallax_layout_list&quot;:[]}\">\n\t\t\t\t\t\t<div class=\"elementor-container elementor-column-gap-default\">\n\t\t\t\t\t<div class=\"elementor-column elementor-col-100 elementor-top-column elementor-element elementor-element-ccd3768\" data-id=\"ccd3768\" data-element_type=\"column\">\n\t\t\t<div class=\"elementor-widget-wrap elementor-element-populated\">\n\t\t\t\t\t\t\t\t<div class=\"elementor-element elementor-element-a6a6c25 elementor-align-left elementor-widget elementor-widget-raven-breadcrumbs\" data-id=\"a6a6c25\" data-element_type=\"widget\" data-widget_type=\"raven-breadcrumbs.default\">\n\t\t\t\t<div class=\"elementor-widget-container\">\n\t\t\t<div class=\"raven-breadcrumbs raven-breadcrumbs-default\"><ol class=\"breadcrumb\">\t\t\t\t<li class=\"breadcrumb-item active\" aria-current=\"page\"><span>Home<\/span><\/li>\n\n\t\t\t\t<\/ol><\/div>\t\t<\/div>\n\t\t\t\t<\/div>\n\t\t\t\t<div class=\"elementor-element elementor-element-408411c elementor-widget elementor-widget-heading\" data-id=\"408411c\" data-element_type=\"widget\" data-widget_type=\"heading.default\">\n\t\t\t\t<div class=\"elementor-widget-container\">\n\t\t\t<style>\/*! elementor - v3.5.6 - 28-02-2022 *\/\n.elementor-heading-title{padding:0;margin:0;line-height:1}.elementor-widget-heading .elementor-heading-title[class*=elementor-size-]>a{color:inherit;font-size:inherit;line-height:inherit}.elementor-widget-heading .elementor-heading-title.elementor-size-small{font-size:15px}.elementor-widget-heading .elementor-heading-title.elementor-size-medium{font-size:19px}.elementor-widget-heading .elementor-heading-title.elementor-size-large{font-size:29px}.elementor-widget-heading .elementor-heading-title.elementor-size-xl{font-size:39px}.elementor-widget-heading .elementor-heading-title.elementor-size-xxl{font-size:59px}<\/style><h2 class=\"elementor-heading-title elementor-size-xl\">Baixa<\/h2>\t\t<\/div>\n\t\t\t\t<\/div>\n\t\t\t\t<div class=\"elementor-element elementor-element-ba0ce12 elementor-widget elementor-widget-text-editor\" data-id=\"ba0ce12\" data-element_type=\"widget\" data-widget_type=\"text-editor.default\">\n\t\t\t\t<div class=\"elementor-widget-container\">\n\t\t\t<style>\/*! elementor - v3.5.6 - 28-02-2022 *\/\n.elementor-widget-text-editor.elementor-drop-cap-view-stacked .elementor-drop-cap{background-color:#818a91;color:#fff}.elementor-widget-text-editor.elementor-drop-cap-view-framed .elementor-drop-cap{color:#818a91;border:3px solid;background-color:transparent}.elementor-widget-text-editor:not(.elementor-drop-cap-view-default) .elementor-drop-cap{margin-top:8px}.elementor-widget-text-editor:not(.elementor-drop-cap-view-default) .elementor-drop-cap-letter{width:1em;height:1em}.elementor-widget-text-editor .elementor-drop-cap{float:left;text-align:center;line-height:1;font-size:50px}.elementor-widget-text-editor .elementor-drop-cap-letter{display:inline-block}<\/style>\t\t\t\t<p>A extin\u00e7\u00e3o da Pessoa Jur\u00eddica traz como consequ\u00eancia a baixa de todas suas inscri\u00e7\u00f5es nos diversos \u00f3rg\u00e3os.<\/p><p>A entidade ter\u00e1 a baixa de inscri\u00e7\u00e3o nas administra\u00e7\u00f5es tribut\u00e1rias independentemente da exist\u00eancia de d\u00e9bitos em aberto ou suspensos. Entretanto, haver\u00e1 a transfer\u00eancia da responsabilidade por eventuais obriga\u00e7\u00f5es existentes ou que venham a ser apuradas para o titular, s\u00f3cios ou administradores.<\/p><p>Orienta-se que a entidade fa\u00e7a uma pesquisa de situa\u00e7\u00e3o fiscal nos \u00f3rg\u00e3os de administra\u00e7\u00e3o tribut\u00e1ria no momento da baixa para n\u00e3o ser surpreendida com a cobran\u00e7a posterior de d\u00e9bitos apurados.<\/p>\t\t\t\t\t\t<\/div>\n\t\t\t\t<\/div>\n\t\t\t\t<div class=\"elementor-element elementor-element-b7c34c9 elementor-widget elementor-widget-heading\" data-id=\"b7c34c9\" data-element_type=\"widget\" data-widget_type=\"heading.default\">\n\t\t\t\t<div class=\"elementor-widget-container\">\n\t\t\t<h3 class=\"elementor-heading-title elementor-size-default\">Procedimentos para solicitar a baixa<\/h3>\t\t<\/div>\n\t\t\t\t<\/div>\n\t\t\t\t<div class=\"elementor-element elementor-element-f6cf33a elementor-widget elementor-widget-text-editor\" data-id=\"f6cf33a\" data-element_type=\"widget\" data-widget_type=\"text-editor.default\">\n\t\t\t\t<div class=\"elementor-widget-container\">\n\t\t\t\t\t\t\t<p><strong>Observa\u00e7\u00e3o<\/strong>: Se a empresa estiver inscrita como MEI (Microempreendedor Individual), a baixa independe da apresenta\u00e7\u00e3o de documentos e pode ser solicitada por meio <a href=\"https:\/\/www.gov.br\/empresas-e-negocios\/pt-br\/empreendedor\/servicos-para-mei\/baixa-de-mei\" target=\"_blank\" rel=\"noopener\">deste link<\/a>. A baixa de inscri\u00e7\u00e3o \u00e9 irretrat\u00e1vel e extingue a pessoa jur\u00eddica. Todas as inscri\u00e7\u00f5es vinculadas ser\u00e3o baixadas.<\/p><p>Para as demais pessoas jur\u00eddicas, a solicita\u00e7\u00e3o de baixa ser\u00e1 efetuada com o preenchimento do pedido de baixa no Coletor Nacional de Dados (Baixa Empresa) ap\u00f3s a autentica\u00e7\u00e3o do usu\u00e1rio.<\/p><p>Caso a extin\u00e7\u00e3o ainda n\u00e3o esteja registrada no \u00d3rg\u00e3o de Registro, a baixa de todas as inscri\u00e7\u00f5es poder\u00e1 ser deferida no mesmo momento do registro do ato de extin\u00e7\u00e3o, desde que o \u00f3rg\u00e3o de registro seja conveniado. Caso o \u00d3rg\u00e3o de Registro n\u00e3o seja conveniado ou para baixa de inscri\u00e7\u00e3o em que a extin\u00e7\u00e3o n\u00e3o dependa de registro, a baixa ser\u00e1 deferida na unidade de atendimento da Receita Federal do Brasil de jurisdi\u00e7\u00e3o da Pessoa Jur\u00eddica.<\/p><p>Ao finalizar a solicita\u00e7\u00e3o de baixa no Coletor Nacional de Dados, ser\u00e1 gerado um n\u00famero (n\u00famero do recibo\/n\u00famero de identifica\u00e7\u00e3o) que servir\u00e1 como c\u00f3digo de acesso e permitir\u00e1 o acompanhamento do andamento do seu pedido na op\u00e7\u00e3o Consulta ao Andamento da Solicita\u00e7\u00e3o.<\/p><p>Uma vez aceita a solicita\u00e7\u00e3o, ser\u00e1 disponibilizado o Documento B\u00e1sico de Entrada \u2013 DBE. Para impress\u00e3o do DBE e acompanhamento do pedido de baixa pela internet, acesse a op\u00e7\u00e3o Consulta ao Andamento da Solicita\u00e7\u00e3o.<\/p>\t\t\t\t\t\t<\/div>\n\t\t\t\t<\/div>\n\t\t\t\t<div class=\"elementor-element elementor-element-338b070 elementor-widget elementor-widget-heading\" data-id=\"338b070\" data-element_type=\"widget\" data-widget_type=\"heading.default\">\n\t\t\t\t<div class=\"elementor-widget-container\">\n\t\t\t<h3 class=\"elementor-heading-title elementor-size-default\">Apresenta\u00e7\u00e3o da Documenta\u00e7\u00e3o<\/h3>\t\t<\/div>\n\t\t\t\t<\/div>\n\t\t\t\t<div class=\"elementor-element elementor-element-a144251 elementor-widget elementor-widget-text-editor\" data-id=\"a144251\" data-element_type=\"widget\" data-widget_type=\"text-editor.default\">\n\t\t\t\t<div class=\"elementor-widget-container\">\n\t\t\t\t\t\t\t<p>Caso o DBE esteja direcionado para deferimento no \u00d3rg\u00e3o de Registro, o pr\u00f3ximo passo \u00e9 a apresenta\u00e7\u00e3o da documenta\u00e7\u00e3o de extin\u00e7\u00e3o para registro. O \u00d3rg\u00e3o de Registro pode ser a Junta Comercial, o Cart\u00f3rio de Registro de Pessoas Jur\u00eddicas ou a OAB para sociedades de advogados. O \u00d3rg\u00e3o de Registro est\u00e1 indicado no momento da impress\u00e3o do DBE.<\/p><p>Caso o DBE esteja direcionado para deferimento na Receita Federal do Brasil a apresenta\u00e7\u00e3o da documenta\u00e7\u00e3o ser\u00e1 na unidade de jurisdi\u00e7\u00e3o da Pessoa Jur\u00eddica na Receita Federal. A unidade de jurisdi\u00e7\u00e3o da Receita Federal do Brasil estar\u00e1 indicada no momento de impress\u00e3o do DBE.<\/p>\t\t\t\t\t\t<\/div>\n\t\t\t\t<\/div>\n\t\t\t\t\t<\/div>\n\t\t<\/div>\n\t\t\t\t\t\t\t<\/div>\n\t\t<\/section>\n\t\t\t\t\t\t<\/div>\n\t\t\t\t\t<\/div>\n\t\t","protected":false},"excerpt":{"rendered":"<p>Home Baixa A extin\u00e7\u00e3o da Pessoa Jur\u00eddica traz como consequ\u00eancia a baixa de todas suas inscri\u00e7\u00f5es nos diversos \u00f3rg\u00e3os. A entidade ter\u00e1 a baixa de inscri\u00e7\u00e3o nas administra\u00e7\u00f5es tribut\u00e1rias independentemente [&hellip;]<\/p>\n","protected":false},"author":4,"featured_media":0,"parent":0,"menu_order":0,"comment_status":"closed","ping_status":"closed","template":"","meta":[],"acf":[],"_links":{"self":[{"href":"https:\/\/www.apucarana.pr.gov.br\/saladoempreendedor\/wp-json\/wp\/v2\/pages\/503"}],"collection":[{"href":"https:\/\/www.apucarana.pr.gov.br\/saladoempreendedor\/wp-json\/wp\/v2\/pages"}],"about":[{"href":"https:\/\/www.apucarana.pr.gov.br\/saladoempreendedor\/wp-json\/wp\/v2\/types\/page"}],"author":[{"embeddable":true,"href":"https:\/\/www.apucarana.pr.gov.br\/saladoempreendedor\/wp-json\/wp\/v2\/users\/4"}],"replies":[{"embeddable":true,"href":"https:\/\/www.apucarana.pr.gov.br\/saladoempreendedor\/wp-json\/wp\/v2\/comments?post=503"}],"version-history":[{"count":5,"href":"https:\/\/www.apucarana.pr.gov.br\/saladoempreendedor\/wp-json\/wp\/v2\/pages\/503\/revisions"}],"predecessor-version":[{"id":3694,"href":"https:\/\/www.apucarana.pr.gov.br\/saladoempreendedor\/wp-json\/wp\/v2\/pages\/503\/revisions\/3694"}],"wp:attachment":[{"href":"https:\/\/www.apucarana.pr.gov.br\/saladoempreendedor\/wp-json\/wp\/v2\/media?parent=503"}],"curies":[{"name":"wp","href":"https:\/\/api.w.org\/{rel}","templated":true}]}}