{"id":3953,"date":"2022-11-03T09:23:27","date_gmt":"2022-11-03T12:23:27","guid":{"rendered":"http:\/\/www.apucarana.pr.gov.br\/saladoempreendedor\/?page_id=3953"},"modified":"2022-11-21T15:16:38","modified_gmt":"2022-11-21T18:16:38","slug":"abra-seu-mei","status":"publish","type":"page","link":"https:\/\/www.apucarana.pr.gov.br\/saladoempreendedor\/abra-seu-mei\/","title":{"rendered":"Abra seu MEI"},"content":{"rendered":"\t\t<div data-elementor-type=\"wp-page\" data-elementor-id=\"3953\" class=\"elementor elementor-3953\" data-elementor-settings=\"[]\">\n\t\t\t\t\t\t\t<div class=\"elementor-section-wrap\">\n\t\t\t\t\t\t\t<section class=\"elementor-section elementor-top-section elementor-element elementor-element-d67e7bb elementor-section-boxed elementor-section-height-default elementor-section-height-default\" data-id=\"d67e7bb\" data-element_type=\"section\" data-settings=\"{&quot;jet_parallax_layout_list&quot;:[]}\">\n\t\t\t\t\t\t<div class=\"elementor-container elementor-column-gap-default\">\n\t\t\t\t\t<div class=\"elementor-column elementor-col-100 elementor-top-column elementor-element elementor-element-3bb01b9\" data-id=\"3bb01b9\" data-element_type=\"column\">\n\t\t\t<div class=\"elementor-widget-wrap elementor-element-populated\">\n\t\t\t\t\t\t\t\t<div class=\"elementor-element elementor-element-54d7c5d elementor-widget elementor-widget-heading\" data-id=\"54d7c5d\" data-element_type=\"widget\" data-widget_type=\"heading.default\">\n\t\t\t\t<div class=\"elementor-widget-container\">\n\t\t\t<style>\/*! elementor - v3.5.6 - 28-02-2022 *\/\n.elementor-heading-title{padding:0;margin:0;line-height:1}.elementor-widget-heading .elementor-heading-title[class*=elementor-size-]>a{color:inherit;font-size:inherit;line-height:inherit}.elementor-widget-heading .elementor-heading-title.elementor-size-small{font-size:15px}.elementor-widget-heading .elementor-heading-title.elementor-size-medium{font-size:19px}.elementor-widget-heading .elementor-heading-title.elementor-size-large{font-size:29px}.elementor-widget-heading .elementor-heading-title.elementor-size-xl{font-size:39px}.elementor-widget-heading .elementor-heading-title.elementor-size-xxl{font-size:59px}<\/style><h2 class=\"elementor-heading-title elementor-size-xl\">Abra seu MEI<\/h2>\t\t<\/div>\n\t\t\t\t<\/div>\n\t\t\t\t<div class=\"elementor-element elementor-element-a2fbf3a elementor-widget elementor-widget-text-editor\" data-id=\"a2fbf3a\" data-element_type=\"widget\" data-widget_type=\"text-editor.default\">\n\t\t\t\t<div class=\"elementor-widget-container\">\n\t\t\t<style>\/*! elementor - v3.5.6 - 28-02-2022 *\/\n.elementor-widget-text-editor.elementor-drop-cap-view-stacked .elementor-drop-cap{background-color:#818a91;color:#fff}.elementor-widget-text-editor.elementor-drop-cap-view-framed .elementor-drop-cap{color:#818a91;border:3px solid;background-color:transparent}.elementor-widget-text-editor:not(.elementor-drop-cap-view-default) .elementor-drop-cap{margin-top:8px}.elementor-widget-text-editor:not(.elementor-drop-cap-view-default) .elementor-drop-cap-letter{width:1em;height:1em}.elementor-widget-text-editor .elementor-drop-cap{float:left;text-align:center;line-height:1;font-size:50px}.elementor-widget-text-editor .elementor-drop-cap-letter{display:inline-block}<\/style>\t\t\t\t<p>Para abrir o seu MEI, verifique primeiro se a atividade que deseja \u00e9 permitida como um MEI. Em seguida, fa\u00e7a uma consulta pr\u00e9via de viabilidade com o munic\u00edpio para verificar se a localiza\u00e7\u00e3o permite a atividade que ser\u00e1 exercida. Por fim, formalize o seu MEI no portal do empreendedor online. Confira abaixo com mais detalhes cada uma dessas etapas.<\/p>\t\t\t\t\t\t<\/div>\n\t\t\t\t<\/div>\n\t\t\t\t<div class=\"elementor-element elementor-element-7e3b6cb elementor-widget elementor-widget-heading\" data-id=\"7e3b6cb\" data-element_type=\"widget\" data-widget_type=\"heading.default\">\n\t\t\t\t<div class=\"elementor-widget-container\">\n\t\t\t<h3 class=\"elementor-heading-title elementor-size-default\">Atividades Permitidas<\/h3>\t\t<\/div>\n\t\t\t\t<\/div>\n\t\t\t\t<div class=\"elementor-element elementor-element-d9c38f8 elementor-widget elementor-widget-text-editor\" data-id=\"d9c38f8\" data-element_type=\"widget\" data-widget_type=\"text-editor.default\">\n\t\t\t\t<div class=\"elementor-widget-container\">\n\t\t\t\t\t\t\t<p>N\u00e3o \u00e9 qualquer ramo de atividade que pode se enquadrar como MEI, existem restri\u00e7\u00f5es. A lista com os ramos de atividades que s\u00e3o permitidas para MEIs pode ser <a href=\"https:\/\/www.gov.br\/empresas-e-negocios\/pt-br\/empreendedor\/quero-ser-mei\/atividades-permitidas\" target=\"_blank\" rel=\"noopener\">conferida aqui<\/a>. Os ramos de atividades que n\u00e3o estejam presentes na lista n\u00e3o podem ser enquadradas como MEI.<\/p>\t\t\t\t\t\t<\/div>\n\t\t\t\t<\/div>\n\t\t\t\t<div class=\"elementor-element elementor-element-b68582b elementor-widget elementor-widget-heading\" data-id=\"b68582b\" data-element_type=\"widget\" data-widget_type=\"heading.default\">\n\t\t\t\t<div class=\"elementor-widget-container\">\n\t\t\t<h3 class=\"elementor-heading-title elementor-size-default\">Consulta Pr\u00e9via de Viabilidade<\/h3>\t\t<\/div>\n\t\t\t\t<\/div>\n\t\t\t\t<div class=\"elementor-element elementor-element-de5119d elementor-widget elementor-widget-text-editor\" data-id=\"de5119d\" data-element_type=\"widget\" data-widget_type=\"text-editor.default\">\n\t\t\t\t<div class=\"elementor-widget-container\">\n\t\t\t\t\t\t\t<p>No caso de abertura de MEI ou qualquer outro tipo de empresa, altera\u00e7\u00e3o de atividades ou altera\u00e7\u00e3o de endere\u00e7o, \u00e9 necess\u00e1rio solicitar a viabilidade da localiza\u00e7\u00e3o, onde ser\u00e1 verificado se o local permite exercer a atividade pretendida, de acordo com o plano diretor do munic\u00edpio. Para pedir a consulta pr\u00e9via de viabilidade <a href=\"\/site\/carta-de-servicos\/consulta-previa-de-localizacao\/\" target=\"_blank\" rel=\"noopener\">acesse aqui<\/a>.<\/p>\t\t\t\t\t\t<\/div>\n\t\t\t\t<\/div>\n\t\t\t\t<div class=\"elementor-element elementor-element-a0c06d3 elementor-widget elementor-widget-heading\" data-id=\"a0c06d3\" data-element_type=\"widget\" data-widget_type=\"heading.default\">\n\t\t\t\t<div class=\"elementor-widget-container\">\n\t\t\t<h3 class=\"elementor-heading-title elementor-size-default\">Formalize o MEI<\/h3>\t\t<\/div>\n\t\t\t\t<\/div>\n\t\t\t\t<div class=\"elementor-element elementor-element-bfcc38f elementor-widget elementor-widget-text-editor\" data-id=\"bfcc38f\" data-element_type=\"widget\" data-widget_type=\"text-editor.default\">\n\t\t\t\t<div class=\"elementor-widget-container\">\n\t\t\t\t\t\t\t<p>Uma vez verificada se a sua atividade e a localiza\u00e7\u00e3o de onde ela vai ser exercida s\u00e3o permitidas, agora \u00e9 a hora de formalizar o seu MEI. O processo \u00e9 f\u00e1cil e totalmente online. Basta acessar o <a href=\"https:\/\/mei.receita.economia.gov.br\/inscricao\/login\" target=\"_blank\" rel=\"noopener\">Portal do Empreendedor<\/a>. Para acessar o Portal \u00e9 necess\u00e1rio possuir o login no Gov.br.<\/p>\t\t\t\t\t\t<\/div>\n\t\t\t\t<\/div>\n\t\t\t\t\t<\/div>\n\t\t<\/div>\n\t\t\t\t\t\t\t<\/div>\n\t\t<\/section>\n\t\t\t\t\t\t<\/div>\n\t\t\t\t\t<\/div>\n\t\t","protected":false},"excerpt":{"rendered":"<p>Abra seu MEI Para abrir o seu MEI, verifique primeiro se a atividade que deseja \u00e9 permitida como um MEI. Em seguida, fa\u00e7a uma consulta pr\u00e9via de viabilidade com o [&hellip;]<\/p>\n","protected":false},"author":3,"featured_media":0,"parent":0,"menu_order":0,"comment_status":"closed","ping_status":"closed","template":"","meta":[],"acf":[],"_links":{"self":[{"href":"https:\/\/www.apucarana.pr.gov.br\/saladoempreendedor\/wp-json\/wp\/v2\/pages\/3953"}],"collection":[{"href":"https:\/\/www.apucarana.pr.gov.br\/saladoempreendedor\/wp-json\/wp\/v2\/pages"}],"about":[{"href":"https:\/\/www.apucarana.pr.gov.br\/saladoempreendedor\/wp-json\/wp\/v2\/types\/page"}],"author":[{"embeddable":true,"href":"https:\/\/www.apucarana.pr.gov.br\/saladoempreendedor\/wp-json\/wp\/v2\/users\/3"}],"replies":[{"embeddable":true,"href":"https:\/\/www.apucarana.pr.gov.br\/saladoempreendedor\/wp-json\/wp\/v2\/comments?post=3953"}],"version-history":[{"count":5,"href":"https:\/\/www.apucarana.pr.gov.br\/saladoempreendedor\/wp-json\/wp\/v2\/pages\/3953\/revisions"}],"predecessor-version":[{"id":4125,"href":"https:\/\/www.apucarana.pr.gov.br\/saladoempreendedor\/wp-json\/wp\/v2\/pages\/3953\/revisions\/4125"}],"wp:attachment":[{"href":"https:\/\/www.apucarana.pr.gov.br\/saladoempreendedor\/wp-json\/wp\/v2\/media?parent=3953"}],"curies":[{"name":"wp","href":"https:\/\/api.w.org\/{rel}","templated":true}]}}