{"id":9874,"date":"2021-10-01T09:02:50","date_gmt":"2021-10-01T12:02:50","guid":{"rendered":"http:\/\/www.apucarana.pr.gov.br\/ame\/?page_id=9874"},"modified":"2025-10-10T15:21:53","modified_gmt":"2025-10-10T18:21:53","slug":"vagas-por-escola-e-cmei","status":"publish","type":"page","link":"https:\/\/www.apucarana.pr.gov.br\/ame\/vagas-por-escola-e-cmei\/","title":{"rendered":"Vagas por Escola e CMEI"},"content":{"rendered":"<div class=\"pagina vagas-escolas\">\n<div>\n<h2>LISTA DE VAGAS OCUPADAS E DISPON\u00cdVEIS POR CMEI<\/h2>\n<ul>\n<li>\n            <a href=\"\/ame\/wp-content\/uploads\/2025\/10\/Instrucao-Normativa-no-03-2025-Prioridade-de-Vagas.pdf\" target=\"_blank\" rel=\"noopener\">INSTRU\u00c7\u00c3O NORMATIVA N\u00ba 03-2025 &#8211; PRIORIDADE DE VAGAS<\/a>\n         <\/li>\n<li>\n            <a href=\"https:\/\/docs.google.com\/spreadsheets\/d\/1aDzud6UPvgJOi7mHliSSVH4IoIsY8M9CIdIP-XYBNEw\/edit?usp=sharing\" target=\"_blank\" rel=\"noopener\">CMEI ALICE PEREIRA DE ARA\u00daJO<\/a>\n         <\/li>\n<li>\n            <a href=\"https:\/\/docs.google.com\/spreadsheets\/d\/1Il67lp-gqLasYR4fHCBH9NQ2mNr3nKbh3uta3Q7V-w4\/edit?usp=sharing\" target=\"_blank\" rel=\"noopener\">CMEI ANA LUIZ\u00c3O FESTI<\/a>\n         <\/li>\n<li>\n            <a href=\"https:\/\/docs.google.com\/spreadsheets\/d\/1n2EP4WUkDgbOFH0A7uBNJqwHnWmdbBajQ3LyiPqY10s\/edit?usp=sharing\" target=\"_blank\" rel=\"noopener\">CMEI ANT\u00d4NIO DO CARMO RIBEIRO<\/a>\n         <\/li>\n<li>\n            <a href=\"https:\/\/docs.google.com\/spreadsheets\/d\/1RFK_8EGXh8OGhsGz9ZQzutyE3x84A2bnhzt_Lbk73ks\/edit?usp=sharing\" target=\"_blank\" rel=\"noopener\">CMEI BENEDITO LEUGI<\/a>\n         <\/li>\n<li>\n            <a href=\"https:\/\/docs.google.com\/spreadsheets\/d\/1mCbq2kuHqbYt1jne5jHEbdA72VYk0P0UuhMNa8QRHxI\/edit?usp=sharing\" target=\"_blank\" rel=\"noopener\">CMEI COSAP<\/a>\n         <\/li>\n<li>\n            <a href=\"https:\/\/docs.google.com\/spreadsheets\/d\/1mnKY2xfMYFfsrKvTf3LF46EHNF-SVlbm75LOdIFiC-A\/edit?usp=sharing\" target=\"_blank\" rel=\"noopener\">CMEI DOMINGOS MAREZE<\/a>\n         <\/li>\n<li>\n            <a href=\"https:\/\/docs.google.com\/spreadsheets\/d\/1oAef8hNep5ADHk3KVmAogxt_evJ1F1EBldONIn35o-Q\/edit?usp=sharing\" target=\"_blank\" rel=\"noopener\">CMEI GERALDA SIQUEIRA BORMAITA<\/a>\n         <\/li>\n<li>\n            <a href=\"https:\/\/docs.google.com\/spreadsheets\/d\/1ZXTLQH2bab5cQ-Y2peveCZGMl_SXCn1zQqCe37Vsyig\/edit?usp=sharing\" target=\"_blank\" rel=\"noopener\">CMEI IRM\u00c3 DULCE<\/a>\n         <\/li>\n<li>\n            <a href=\"https:\/\/docs.google.com\/spreadsheets\/d\/1v1gkSDNrzaQDo4F2o-p5qEx6dx1833bzOuFYjBd25Nk\/edit?usp=sharing\" target=\"_blank\" rel=\"noopener\">CMEI IZABEL HOLAK<\/a>\n         <\/li>\n<li>\n            <a href=\"https:\/\/docs.google.com\/spreadsheets\/d\/1yzdp0pZG1BcuUzj5f1icYjbBW1xlYE5luQJBtja9FuU\/edit?usp=sharing\" target=\"_blank\" rel=\"noopener\">CMEI JANDIRA GOMES SCARPELINI<\/a>\n         <\/li>\n<li>\n            <a href=\"https:\/\/docs.google.com\/spreadsheets\/d\/1xEvCo7B91ueoePZYzCo0AHcDkqmweZNPObfmdRL16lg\/edit?usp=sharing\" target=\"_blank\" rel=\"noopener\">CMEI JONAS PIRES<\/a>\n         <\/li>\n<li>\n            <a href=\"https:\/\/docs.google.com\/spreadsheets\/d\/1IhfUbXn56N77t7YifSojS6i7zbvcysC5Ip3WJhfeyzY\/edit?usp=sharing\" target=\"_blank\" rel=\"noopener\">CMEI JOSA RIBEIRO<\/a>\n         <\/li>\n<li>\n            <a href=\"https:\/\/docs.google.com\/spreadsheets\/d\/1ZaVaMdx9p7J72GS5Hv0blZ8NIQuA1dMlxCNIuiQPedM\/edit?usp=sharing\" target=\"_blank\" rel=\"noopener\">CMEI JOS\u00c9 IGN\u00c1CIO NETO<\/a>\n         <\/li>\n<li>\n            <a href=\"https:\/\/docs.google.com\/spreadsheets\/d\/1UclN1x2CeUGZA98_-tfZqb45H6qFGKCVJPuGZPN0v30\/edit?usp=sharing\" target=\"_blank\" rel=\"noopener\">CMEI LUIZ AN\u00cdBAL MATIUZZI<\/a>\n         <\/li>\n<li>\n            <a href=\"https:\/\/docs.google.com\/spreadsheets\/d\/1sCXgm_brFHaMx5ahwwL_24tRgher-yTlfCZ30_1QqY8\/edit?usp=sharing\" target=\"_blank\" rel=\"noopener\">CMEI MARIA DE NAZAR\u00c9<\/a>\n         <\/li>\n<li>\n            <a href=\"https:\/\/docs.google.com\/spreadsheets\/d\/15eUa-4lN6nxvZmCxsh_5hmLe7xEJtIx2pO9VNspShtg\/edit?usp=sharing\" target=\"_blank\" rel=\"noopener\">CMEI MARIA DOS SANTOS GRAVENA<\/a>\n         <\/li>\n<li>\n            <a href=\"https:\/\/docs.google.com\/spreadsheets\/d\/1jBbqi54S878CrXo6Px100I5xcHZfXmeB7N2k1zim3Ig\/edit?usp=sharing\" target=\"_blank\" rel=\"noopener\">CMEI MIGUEL MORENO<\/a>\n         <\/li>\n<li>\n            <a href=\"https:\/\/docs.google.com\/spreadsheets\/d\/1s73wFkdXDRmbw4ePRTStskEvhTsndlSdtQj_KiucIiE\/edit?usp=sharing\" target=\"_blank\" rel=\"noopener\">CMEI OL\u00cdVIO FERNANDES<\/a>\n         <\/li>\n<li>\n            <a href=\"https:\/\/docs.google.com\/spreadsheets\/d\/1GK-Km2pWzVciK1cuyR093TOwGHokX333C9XXP0U3IEI\/edit?usp=sharing\" target=\"_blank\" rel=\"noopener\">CMEI PROFESSOR ON\u00c9SIMO DE OLIVEIRA MORAES<\/a>\n         <\/li>\n<li>\n            <a href=\"https:\/\/docs.google.com\/spreadsheets\/d\/1I5sozSw1cSDk2RiRfnV9sEFKvn3ZnJl8vB7zI1KIGjk\/edit?usp=sharing\" target=\"_blank\" rel=\"noopener\">CMEI PROFESSORA LAURA MAREZE MARTINELLI<\/a>\n         <\/li>\n<li>\n            <a href=\"https:\/\/docs.google.com\/spreadsheets\/d\/1bNIPj4q1RCVU-aNhBps8nPRl6pZPS5vlC_8pFVtf91Y\/edit?usp=sharing\" target=\"_blank\" rel=\"noopener\">CMEI PROFESSORA MARISA BELTONI FELIPE<\/a>\n         <\/li>\n<li>\n            <a href=\"https:\/\/docs.google.com\/spreadsheets\/d\/1sYZwR1al9qIiftLRHJyOZ-SL_Ht3LjtMPyTKzEweutI\/edit?usp=sharing\" target=\"_blank\" rel=\"noopener\">CMEI PROFESSORA TATIANE ANDR\u00c9IA AGRELA FELIPPE CHINELLI<\/a>\n         <\/li>\n<li>\n            <a href=\"https:\/\/docs.google.com\/spreadsheets\/d\/1_dNsRItVk8WtSxP33Q2p3NPyjhZ6Wlk_V6IbFmzMQ1Q\/edit?usp=sharing\" target=\"_blank\" rel=\"noopener\">CMEI SERAFIM COLOMBO<\/a>\n         <\/li>\n<li>\n            <a href=\"https:\/\/docs.google.com\/spreadsheets\/d\/1Yc6QZ0lKdixxzVWO_rQoS27D26_mFb_G__zoUs5gciQ\/edit?usp=sharing\" target=\"_blank\" rel=\"noopener\">CMEI SONHO DE ESPERAN\u00c7A<\/a>\n         <\/li>\n<\/ul><\/div>\n<div>\n<h2>LISTA DE VAGAS OCUPADAS E DISPON\u00cdVEIS POR ESCOLA<\/h2>\n<ul>\n<li>\n            <a href=\"https:\/\/docs.google.com\/spreadsheets\/d\/1oJbKcSjiq4qiBChebY7aVoC1jLSUweiXoYtrLerbZnQ\/edit?usp=sharing\" target=\"_blank\" rel=\"noopener\">ESCOLA MUNICIPAL ALBINO BIACCHI<\/a>\n         <\/li>\n<li>\n            <a href=\"https:\/\/docs.google.com\/spreadsheets\/d\/1BX4j4eQaDKc2n8zp1L1JkZaeJ5WTTEVCZIKMaLPbLDE\/edit?usp=sharing\" target=\"_blank\" rel=\"noopener\">ESCOLA MUNICIPAL ANTONIETA DA SILVA LAUTENSCHLAGER<\/a>\n         <\/li>\n<li>\n            <a href=\"https:\/\/docs.google.com\/spreadsheets\/d\/1Whtu5kMukamyOeGkDqJxSYPBOpt5uJdvse2m8vx_WJE\/edit?usp=sharing\" target=\"_blank\" rel=\"noopener\">ESCOLA MUNICIPAL AUGUSTO WEYAND<\/a>\n         <\/li>\n<li>\n            <a href=\"https:\/\/docs.google.com\/spreadsheets\/d\/1qFZ91etX46uPVMenwP7jFqtF6HgudRDq6FW0PUPX-ys\/edit?usp=sharing\" target=\"_blank\" rel=\"noopener\">ESCOLA MUNICIPAL DINARTE PEREIRA DE ARA\u00daJO<\/a>\n         <\/li>\n<li>\n            <a href=\"https:\/\/docs.google.com\/spreadsheets\/d\/1Ymev5Y17-z4JTntP26irVwLyQ9NA30BxnWDv_ytcgmA\/edit?usp=sharing\" target=\"_blank\" rel=\"noopener\">ESCOLA MUNICIPAL DO CAMPO PADRE ANT\u00d4NIO VIEIRA<\/a>\n         <\/li>\n<li>\n            <a href=\"https:\/\/docs.google.com\/spreadsheets\/d\/1cVpDt_vUC6DO62gkXLax4stNm5cLPGbVB140T3MXVqE\/edit?usp=sharing\" target=\"_blank\" rel=\"noopener\">ESCOLA MUNICIPAL DO CAMPO PROFESSOR WILSON DE AZEVEDO<\/a>\n         <\/li>\n<li>\n            <a href=\"https:\/\/docs.google.com\/spreadsheets\/d\/1G_2aUqJsiVhLQE_xoj9MJVU_WL96RJFdrYyu8NItnRI\/edit?usp=sharing\" target=\"_blank\" rel=\"noopener\">ESCOLA MUNICIPAL DR. EDSON GIACOMINI<\/a>\n         <\/li>\n<li>\n            <a href=\"https:\/\/docs.google.com\/spreadsheets\/d\/1JS-U98t68uiteJUlkx4V2udM9Tat1eSq1o-ugkIDY5A\/edit?usp=sharing\" target=\"_blank\" rel=\"noopener\">ESCOLA MUNICIPAL DR. JOAQUIM VICENTE DE CASTRO<\/a>\n         <\/li>\n<li>\n            <a href=\"https:\/\/docs.google.com\/spreadsheets\/d\/1EUCV22QXSamEM8CYbrs3zqxJDQOmc76RUF8-z5LQaME\/edit?usp=sharing\" target=\"_blank\" rel=\"noopener\">ESCOLA MUNICIPAL DR. OSVALDO DOS SANTOS LIMA<\/a>\n         <\/li>\n<li>\n            <a href=\"https:\/\/docs.google.com\/spreadsheets\/d\/1HOGHl59IlzcZyamQaU6u4uYWC2lzDJ7OWDrxmV6md-g\/edit?usp=sharing\" target=\"_blank\" rel=\"noopener\">ESCOLA MUNICIPAL F\u00c1BIO HENRIQUE DA SILVA<\/a>\n         <\/li>\n<li>\n            <a href=\"https:\/\/docs.google.com\/spreadsheets\/d\/1M-KhmtC5TDufwDtRdbYlEEu9JhQpQK8k2NvBZ84QYeU\/edit?usp=sharing\" target=\"_blank\" rel=\"noopener\">ESCOLA MUNICIPAL FERNANDO JOS\u00c9 ACOSTA<\/a>\n         <\/li>\n<li>\n            <a href=\"https:\/\/docs.google.com\/spreadsheets\/d\/1g6cTNXgCAff67Oa5gFVBUfJqUMHmIP5yOn0DmyUF7Kc\/edit?usp=sharing\" target=\"_blank\" rel=\"noopener\">ESCOLA MUNICIPAL GABRIEL DE LARA<\/a>\n         <\/li>\n<li>\n            <a href=\"https:\/\/docs.google.com\/spreadsheets\/d\/1GnxCMSBiv-7RbdkQiU65WpWJd12aYP4Yvo_8gi0awWc\/edit?usp=sharing\" target=\"_blank\" rel=\"noopener\">ESCOLA MUNICIPAL HUMBERTO DE ALENCAR CASTELO BRANCO<\/a>\n         <\/li>\n<li>\n            <a href=\"https:\/\/docs.google.com\/spreadsheets\/d\/1uQ_A_3K0B3Tooy_uIida24WAEYV-yLcZBshGDXtBfOo\/edit?usp=sharing\" target=\"_blank\" rel=\"noopener\">ESCOLA MUNICIPAL JO\u00c3O ANTONIO BRAGA C\u00d4RTES<\/a>\n         <\/li>\n<li>\n            <a href=\"https:\/\/docs.google.com\/spreadsheets\/d\/1cBSiqm28gCxhPaJuV-GyV4lLXk_4_ax4JbRF8L6Pm4E\/edit?usp=sharing\" target=\"_blank\" rel=\"noopener\">ESCOLA MUNICIPAL JO\u00c3O BATISTA<\/a>\n         <\/li>\n<li>\n            <a href=\"https:\/\/docs.google.com\/spreadsheets\/d\/1CY4mXlKoMTSmU1KGBtUUTGUTRcqOhqXey-XkNQqXC7I\/edit?usp=sharing\" target=\"_blank\" rel=\"noopener\">ESCOLA MUNICIPAL JOS\u00c9 BRAZIL CAMARGO<\/a>\n         <\/li>\n<li>\n            <a href=\"https:\/\/docs.google.com\/spreadsheets\/d\/1XaZbQp_wRGHoDOnSImuxBlMVS26uXnl2DHcMVMt7apo\/edit?usp=sharing\" target=\"_blank\" rel=\"noopener\">ESCOLA MUNICIPAL JOS\u00c9 DE ALENCAR<\/a>\n         <\/li>\n<li>\n            <a href=\"https:\/\/docs.google.com\/spreadsheets\/d\/1PaRM2LSLq7Y4Q_zn9PJaT53olAEFvvXGf5yhC84dBSg\/edit?usp=sharing\" target=\"_blank\" rel=\"noopener\">ESCOLA MUNICIPAL JOS\u00c9 ID\u00c9SIO BRIANEZI<\/a>\n         <\/li>\n<li>\n            <a href=\"https:\/\/docs.google.com\/spreadsheets\/d\/13Fnx8dQ3SXJrSyBJVWDUq3qLo1ek3CBxppQL2vdsptY\/edit?usp=sharing\" target=\"_blank\" rel=\"noopener\">ESCOLA MUNICIPAL JUIZ LUIZ FERNANDO ARAUJO PEREIRA<\/a>\n         <\/li>\n<li>\n            <a href=\"https:\/\/docs.google.com\/spreadsheets\/d\/17Sip9h0ccKouBe6fTh6__kLGoLXPSS4K1JwdBs1yyGE\/edit?usp=sharing\" target=\"_blank\" rel=\"noopener\">ESCOLA MUNICIPAL KAREL KOBER<\/a>\n         <\/li>\n<li>\n            <a href=\"https:\/\/docs.google.com\/spreadsheets\/d\/1SUwnc8pUtwAvhxqqSnqxHQ0JJzmtHoyr7xhv3vWHAE8\/edit?usp=sharing\" target=\"_blank\" rel=\"noopener\">ESCOLA MUNICIPAL LUIZ CARLOS PRESTES<\/a>\n         <\/li>\n<li>\n            <a href=\"https:\/\/docs.google.com\/spreadsheets\/d\/1HV1Ctyx-XYoU4Kvo3VYw5pU02fvMPfc-f6sM6wQYEGg\/edit?usp=sharing\" target=\"_blank\" rel=\"noopener\">ESCOLA MUNICIPAL MATEUS LEME<\/a>\n         <\/li>\n<li>\n            <a href=\"https:\/\/docs.google.com\/spreadsheets\/d\/1qeXgA-kp2nNeeBBvApNBXv-3YNcB1tpOeswTqBeZp54\/edit?usp=sharing\" target=\"_blank\" rel=\"noopener\">ESCOLA MUNICIPAL MONSENHOR ARNALDO BELTRAMI<\/a>\n         <\/li>\n<li>\n            <a href=\"https:\/\/docs.google.com\/spreadsheets\/d\/1hRUFqj32_wSwACZUAgh9zxEvaxisdUe5P7-BkKsVhLM\/edit?usp=sharing\" target=\"_blank\" rel=\"noopener\">ESCOLA MUNICIPAL PAPA JO\u00c3O XXIII<\/a>\n         <\/li>\n<li>\n            <a href=\"https:\/\/docs.google.com\/spreadsheets\/d\/1f2Fwu2R4iLHookcLrOikiN2OEwrvpD3e0ugbcZldHE0\/edit?usp=sharing\" target=\"_blank\" rel=\"noopener\">ESCOLA MUNICIPAL PL\u00c1CIDO DE CASTRO<\/a>\n         <\/li>\n<li>\n            <a href=\"https:\/\/docs.google.com\/spreadsheets\/d\/1r2QhWckD9y3kw7I1X1YiZQ9ivcFC_59IMP-mATudXaQ\/edit?usp=sharing\" target=\"_blank\" rel=\"noopener\">ESCOLA MUNICIPAL PRESIDENTE M\u00c9DICI<\/a>\n         <\/li>\n<li>\n            <a href=\"https:\/\/docs.google.com\/spreadsheets\/d\/1QlYmzhLNqZjQUP0JjiF9kb5XlFJ1Xc6lr3wWBWYscC4\/edit?usp=sharing\" target=\"_blank\" rel=\"noopener\">ESCOLA MUNICIPAL PROFESSOR ALCIDES RAMOS<\/a>\n         <\/li>\n<li>\n            <a href=\"https:\/\/docs.google.com\/spreadsheets\/d\/1cRNTAYp9Y9Q5ItCM7CSVef1XAQnl9_Lyvzxfm9uxsXI\/edit?usp=sharing\" target=\"_blank\" rel=\"noopener\">ESCOLA MUNICIPAL PROFESSOR BENTO FERNANDES DIAS<\/a>\n         <\/li>\n<li>\n            <a href=\"https:\/\/docs.google.com\/spreadsheets\/d\/1_oWZi4CgVDVX67g6O6Wf5Ly76e9CMetBrVjA4mOpRE0\/edit?usp=sharing\" target=\"_blank\" rel=\"noopener\">ESCOLA MUNICIPAL PROFESSOR DURVAL PINTO<\/a>\n         <\/li>\n<li>\n            <a href=\"https:\/\/docs.google.com\/spreadsheets\/d\/1EtkOKPIqKIzzdhNkyiNP7FZjznrgvyaUmY4QwqIgWiM\/edit?usp=sharing\" target=\"_blank\" rel=\"noopener\">ESCOLA MUNICIPAL PROFESSOR IDALICE MOREIRA PRATES<\/a>\n         <\/li>\n<li>\n            <a href=\"https:\/\/docs.google.com\/spreadsheets\/d\/1gN4ioFnbRJb0FRdHZrq6RoS02DGYfDZabFnIbL4Qux4\/edit?usp=sharing\" target=\"_blank\" rel=\"noopener\">ESCOLA MUNICIPAL PROFESSORA MARIA MADALENA COCO<\/a>\n         <\/li>\n<li>\n            <a href=\"https:\/\/docs.google.com\/spreadsheets\/d\/1sE0paRzsgj1b86ffK48iJ-FO6C7x-IRN67e0M_Ftw1w\/edit?usp=sharing\" target=\"_blank\" rel=\"noopener\">ESCOLA MUNICIPAL PROFESSORA MARIA TEREZA GEBRIM PRETO<\/a>\n         <\/li>\n<li>\n            <a href=\"https:\/\/docs.google.com\/spreadsheets\/d\/1PcfuYpNAKPP31x2N9sjMqQn1VUtCZ_r6bXr190kouHA\/edit?usp=sharing\" target=\"_blank\" rel=\"noopener\">ESCOLA MUNICIPAL PROFESSORA MARILDA DUARTE NOLI<\/a>\n         <\/li>\n<li>\n            <a href=\"https:\/\/docs.google.com\/spreadsheets\/d\/1SRLxg2eo1AtaWfVMzyNL0HM0uxo275JBce9UTre0wRg\/edit?usp=sharing\" target=\"_blank\" rel=\"noopener\">ESCOLA MUNICIPAL PROFESSORA MARTA PEREIRA DA SILVA<\/a>\n         <\/li>\n<li>\n            <a href=\"https:\/\/docs.google.com\/spreadsheets\/d\/1eH-ozrEtyU2b-h_BldSIsKH7gxM5fY9Sk5492EX5usc\/edit?usp=sharing\" target=\"_blank\" rel=\"noopener\">ESCOLA MUNICIPAL SENADOR MARCOS DE BARROS FREIRE<\/a>\n         <\/li>\n<li>\n            <a href=\"https:\/\/docs.google.com\/spreadsheets\/d\/1RX4wSJT7LlEHIB8Nc4x5PIrVBjDuQd2GxX1YcZumQ5M\/edit?usp=sharing\" target=\"_blank\" rel=\"noopener\">ESCOLA MUNICIPAL VEREADOR JOS\u00c9 RAMOS DE OLIVEIRA<\/a>\n         <\/li>\n<\/ul><\/div>\n<\/div>\n<div class = 'socialMediaOnEveryPost'>Compartilhe<div id=\"sgmbShare1-1\" class=\"sgmbShare jssocials-theme-classic sgmbWidget1-1\"><\/div><div class=\"dropdownWrapper dropdownWrapper1 dropdownWrapper-for-widget \" id=\"dropdownWrapper-for-widget\">\r\n\t\t\t\t\t\t<div class=\"dropdownLabel\" id=\"dropdownLabel-share-list\"><span class=\"sgmbButtonListLabel1\">Share List<\/span><\/div>\r\n\t\t\t\t\t\t<div class=\"dropdownPanel dropdownPanel1-1\">\r\n\t\t\t\t\t\t<\/div>\r\n\t\t\t\t\t<\/div><script>  SGMB_URL = \"https:\/\/www.apucarana.pr.gov.br\/ame\/wp-content\/plugins\/social-media-builder\/\"; jQuery(\".dropdownWrapper\").hide(); SGMB_GOOGLE_ACOUNT = \"\"; <\/script><script type=\"text\/javascript\">\r\n\t\tjQuery(document).ready(function($){var widget = new SGMBWidget();widget.show({\"id\":\"1\",\"title\":\"Face\\\/Twitter\",\"options\":{\"currentUrl\":\"1\",\"url\":\"\",\"shareText\":\"\",\"fontSize\":\"14\",\"betweenButtons\":\"1px\",\"theme\":\"classic\",\"sgmbButtonsPosition\":\"bottomLeft\",\"socialTheme\":\"\",\"icon\":\"default\",\"buttonsPanelEffect\":\"No Effect\",\"buttonsEffect\":\"No Effect\",\"iconsEffect\":\"No Effect\",\"buttons\":\"{\\\"facebook\\\":{\\\"label\\\":\\\"Share\\\",\\\"icon\\\":\\\"default-facebook\\\"},\\\"twitter\\\":{\\\"label\\\":\\\"Tweet\\\",\\\"icon\\\":\\\"default-twitter\\\",\\\"via\\\":\\\"\\\",\\\"hashtags\\\":\\\"\\\"}}\",\"roundButton\":\"\",\"showLabels\":\"\",\"showCounts\":\"\",\"showCenter\":\"\",\"showButtonsAsList\":\"\",\"sgmbDropdownColor\":\"\",\"sgmbDropdownLabelFontSize\":\"14\",\"sgmbDropdownLabelColor\":\"\",\"showButtonsOnEveryPost\":\"on\",\"selectedOrExcluded\":\"\",\"showButtonsOnEveryPage\":\"\",\"textOnEveryPost\":\"Compartilhe\",\"showButtonsOnCustomPost\":\"\",\"textOnCustomPost\":\"\",\"showButtonsOnMobileDirect\":\"on\",\"showButtonsOnDesktopDirect\":\"on\",\"sgmbSelectedPages\":[\"\"],\"sgmbExcludedPosts\":[\"\"],\"sgmbSelectedCustomPosts\":[],\"showButtonsInPopup\":\"\",\"titleOfPopup\":\"\",\"descriptionOfPopup\":\"\",\"showPopupOnLoad\":\"\",\"showPopupOnScroll\":\"\",\"showPopupOnExit\":\"\",\"openSecondsOfPopup\":\"\",\"googleAnaliticsAccount\":\"\"},\"buttonOptions\":{\"facebook\":{\"label\":\"Share\",\"icon\":\"default-facebook\"},\"twitter\":{\"label\":\"Tweet\",\"icon\":\"default-twitter\",\"via\":\"\",\"hashtags\":\"\"}},\"button\":[\"facebook\",\"twitter\"]}, 1, '', 'https:\/\/www.apucarana.pr.gov.br\/ame\/wp-content\/plugins\/social-media-builder\/\/img\/no-image.png', '', 'https:\/\/www.apucarana.pr.gov.br\/ame\/vagas-por-escola-e-cmei\/'); });<\/script><\/div><script> jQuery(\".socialMediaOnEveryPost\").addClass(\"sgmb-left\") <\/script>","protected":false},"excerpt":{"rendered":"<p>LISTA DE VAGAS OCUPADAS E DISPON\u00cdVEIS POR CMEI INSTRU\u00c7\u00c3O NORMATIVA N\u00ba 03-2025 &#8211; PRIORIDADE DE VAGAS CMEI ALICE PEREIRA DE ARA\u00daJO CMEI ANA LUIZ\u00c3O FESTI CMEI ANT\u00d4NIO DO CARMO RIBEIRO CMEI BENEDITO LEUGI CMEI COSAP CMEI DOMINGOS MAREZE CMEI GERALDA SIQUEIRA BORMAITA CMEI IRM\u00c3 DULCE CMEI IZABEL HOLAK CMEI JANDIRA&hellip; <\/p>\n","protected":false},"author":1,"featured_media":0,"parent":0,"menu_order":0,"comment_status":"closed","ping_status":"closed","template":"","meta":[],"_links":{"self":[{"href":"https:\/\/www.apucarana.pr.gov.br\/ame\/wp-json\/wp\/v2\/pages\/9874"}],"collection":[{"href":"https:\/\/www.apucarana.pr.gov.br\/ame\/wp-json\/wp\/v2\/pages"}],"about":[{"href":"https:\/\/www.apucarana.pr.gov.br\/ame\/wp-json\/wp\/v2\/types\/page"}],"author":[{"embeddable":true,"href":"https:\/\/www.apucarana.pr.gov.br\/ame\/wp-json\/wp\/v2\/users\/1"}],"replies":[{"embeddable":true,"href":"https:\/\/www.apucarana.pr.gov.br\/ame\/wp-json\/wp\/v2\/comments?post=9874"}],"version-history":[{"count":51,"href":"https:\/\/www.apucarana.pr.gov.br\/ame\/wp-json\/wp\/v2\/pages\/9874\/revisions"}],"predecessor-version":[{"id":14830,"href":"https:\/\/www.apucarana.pr.gov.br\/ame\/wp-json\/wp\/v2\/pages\/9874\/revisions\/14830"}],"wp:attachment":[{"href":"https:\/\/www.apucarana.pr.gov.br\/ame\/wp-json\/wp\/v2\/media?parent=9874"}],"curies":[{"name":"wp","href":"https:\/\/api.w.org\/{rel}","templated":true}]}}