{"id":5447,"date":"2016-04-27T15:47:44","date_gmt":"2016-04-27T18:47:44","guid":{"rendered":"http:\/\/www.apucarana.pr.gov.br\/ame\/?page_id=5447"},"modified":"2024-08-15T10:59:16","modified_gmt":"2024-08-15T13:59:16","slug":"indicadores","status":"publish","type":"page","link":"https:\/\/www.apucarana.pr.gov.br\/ame\/indicadores\/","title":{"rendered":"IDEB"},"content":{"rendered":"<p>O Instituto Nacional de Estudos e Pesquisas Educacionais An\u00edsio Teixeira (INEP) divulgou, no dia 14 de agosto de 2024, o \u00cdndice de Desenvolvimento da Educa\u00e7\u00e3o B\u00e1sica (IDEB), referente \u00e0 edi\u00e7\u00e3o de 2023. Apucarana conquistou a nota 7,6 nos anos iniciais do Ensino Fundamental (1\u00ba ao 5\u00ba Ano) e ficou em primeiro lugar no ranking dos munic\u00edpios de m\u00e9dio e grande porte do Paran\u00e1.<\/p>\n<p>O c\u00e1lculo do IDEB leva em considera\u00e7\u00e3o a taxa de aprova\u00e7\u00e3o e o rendimento dos estudantes na prova SAEB \u2013 Sistema de Avalia\u00e7\u00e3o da Educa\u00e7\u00e3o B\u00e1sica -, das \u00e1reas de Matem\u00e1tica e L\u00edngua Portuguesa.<\/p>\n<p>Confira abaixo as notas alcan\u00e7adas individualmente pelas escolas municipais apucaranenses:<\/p>\n<p><a href=\"\/ame\/wp-content\/uploads\/2024\/08\/IDEB-notas-por-escola-1.jpeg\"><br \/>\n   <img class=\"aligncenter\" src=\"\/ame\/wp-content\/uploads\/2024\/08\/IDEB-notas-por-escola-1.jpeg\" alt=\"Resultado \u00daltimo IDEB\" \/><br \/>\n<\/a><\/p>\n<p>Confira tamb\u00e9m o ranking dos munic\u00edpios paranaenses, com mais de cem mil habitantes, no IDEB:<\/p>\n<p><a href=\"\/ame\/wp-content\/uploads\/2024\/08\/IDEB-Ranking-dos-municipios-de-medio-e-grande-porte-do-Parana.jpeg\"><br \/>\n   <img class=\"aligncenter\" src=\"\/ame\/wp-content\/uploads\/2024\/08\/IDEB-Ranking-dos-municipios-de-medio-e-grande-porte-do-Parana.jpeg\" alt=\"Resultado \u00daltimo IDEB\" \/><br \/>\n<\/a><\/p>\n<div class = 'socialMediaOnEveryPost'>Compartilhe<div id=\"sgmbShare1-1\" class=\"sgmbShare jssocials-theme-classic sgmbWidget1-1\"><\/div><div class=\"dropdownWrapper dropdownWrapper1 dropdownWrapper-for-widget \" id=\"dropdownWrapper-for-widget\">\r\n\t\t\t\t\t\t<div class=\"dropdownLabel\" id=\"dropdownLabel-share-list\"><span class=\"sgmbButtonListLabel1\">Share List<\/span><\/div>\r\n\t\t\t\t\t\t<div class=\"dropdownPanel dropdownPanel1-1\">\r\n\t\t\t\t\t\t<\/div>\r\n\t\t\t\t\t<\/div><script>  SGMB_URL = \"https:\/\/www.apucarana.pr.gov.br\/ame\/wp-content\/plugins\/social-media-builder\/\"; jQuery(\".dropdownWrapper\").hide(); SGMB_GOOGLE_ACOUNT = \"\"; <\/script><script type=\"text\/javascript\">\r\n\t\tjQuery(document).ready(function($){var widget = new SGMBWidget();widget.show({\"id\":\"1\",\"title\":\"Face\\\/Twitter\",\"options\":{\"currentUrl\":\"1\",\"url\":\"\",\"shareText\":\"\",\"fontSize\":\"14\",\"betweenButtons\":\"1px\",\"theme\":\"classic\",\"sgmbButtonsPosition\":\"bottomLeft\",\"socialTheme\":\"\",\"icon\":\"default\",\"buttonsPanelEffect\":\"No Effect\",\"buttonsEffect\":\"No Effect\",\"iconsEffect\":\"No Effect\",\"buttons\":\"{\\\"facebook\\\":{\\\"label\\\":\\\"Share\\\",\\\"icon\\\":\\\"default-facebook\\\"},\\\"twitter\\\":{\\\"label\\\":\\\"Tweet\\\",\\\"icon\\\":\\\"default-twitter\\\",\\\"via\\\":\\\"\\\",\\\"hashtags\\\":\\\"\\\"}}\",\"roundButton\":\"\",\"showLabels\":\"\",\"showCounts\":\"\",\"showCenter\":\"\",\"showButtonsAsList\":\"\",\"sgmbDropdownColor\":\"\",\"sgmbDropdownLabelFontSize\":\"14\",\"sgmbDropdownLabelColor\":\"\",\"showButtonsOnEveryPost\":\"on\",\"selectedOrExcluded\":\"\",\"showButtonsOnEveryPage\":\"\",\"textOnEveryPost\":\"Compartilhe\",\"showButtonsOnCustomPost\":\"\",\"textOnCustomPost\":\"\",\"showButtonsOnMobileDirect\":\"on\",\"showButtonsOnDesktopDirect\":\"on\",\"sgmbSelectedPages\":[\"\"],\"sgmbExcludedPosts\":[\"\"],\"sgmbSelectedCustomPosts\":[],\"showButtonsInPopup\":\"\",\"titleOfPopup\":\"\",\"descriptionOfPopup\":\"\",\"showPopupOnLoad\":\"\",\"showPopupOnScroll\":\"\",\"showPopupOnExit\":\"\",\"openSecondsOfPopup\":\"\",\"googleAnaliticsAccount\":\"\"},\"buttonOptions\":{\"facebook\":{\"label\":\"Share\",\"icon\":\"default-facebook\"},\"twitter\":{\"label\":\"Tweet\",\"icon\":\"default-twitter\",\"via\":\"\",\"hashtags\":\"\"}},\"button\":[\"facebook\",\"twitter\"]}, 1, '', '\/ame\/wp-content\/uploads\/2024\/08\/IDEB-notas-por-escola-1.jpeg', '', 'https:\/\/www.apucarana.pr.gov.br\/ame\/indicadores\/'); });<\/script><\/div><script> jQuery(\".socialMediaOnEveryPost\").addClass(\"sgmb-left\") <\/script>","protected":false},"excerpt":{"rendered":"<p>O Instituto Nacional de Estudos e Pesquisas Educacionais An\u00edsio Teixeira (INEP) divulgou, no dia 14 de agosto de 2024, o \u00cdndice de Desenvolvimento da Educa\u00e7\u00e3o B\u00e1sica (IDEB), referente \u00e0 edi\u00e7\u00e3o de 2023. Apucarana conquistou a nota 7,6 nos anos iniciais do Ensino Fundamental (1\u00ba ao 5\u00ba Ano) e ficou em&hellip; <\/p>\n","protected":false},"author":1,"featured_media":0,"parent":0,"menu_order":0,"comment_status":"closed","ping_status":"closed","template":"","meta":[],"_links":{"self":[{"href":"https:\/\/www.apucarana.pr.gov.br\/ame\/wp-json\/wp\/v2\/pages\/5447"}],"collection":[{"href":"https:\/\/www.apucarana.pr.gov.br\/ame\/wp-json\/wp\/v2\/pages"}],"about":[{"href":"https:\/\/www.apucarana.pr.gov.br\/ame\/wp-json\/wp\/v2\/types\/page"}],"author":[{"embeddable":true,"href":"https:\/\/www.apucarana.pr.gov.br\/ame\/wp-json\/wp\/v2\/users\/1"}],"replies":[{"embeddable":true,"href":"https:\/\/www.apucarana.pr.gov.br\/ame\/wp-json\/wp\/v2\/comments?post=5447"}],"version-history":[{"count":19,"href":"https:\/\/www.apucarana.pr.gov.br\/ame\/wp-json\/wp\/v2\/pages\/5447\/revisions"}],"predecessor-version":[{"id":13835,"href":"https:\/\/www.apucarana.pr.gov.br\/ame\/wp-json\/wp\/v2\/pages\/5447\/revisions\/13835"}],"wp:attachment":[{"href":"https:\/\/www.apucarana.pr.gov.br\/ame\/wp-json\/wp\/v2\/media?parent=5447"}],"curies":[{"name":"wp","href":"https:\/\/api.w.org\/{rel}","templated":true}]}}