{"id":5445,"date":"2016-04-27T15:06:36","date_gmt":"2016-04-27T18:06:36","guid":{"rendered":"http:\/\/www.apucarana.pr.gov.br\/ame\/?page_id=5445"},"modified":"2026-02-19T17:02:45","modified_gmt":"2026-02-19T20:02:45","slug":"escolas-municipais","status":"publish","type":"page","link":"https:\/\/www.apucarana.pr.gov.br\/ame\/escolas-municipais\/","title":{"rendered":"Escolas Municipais"},"content":{"rendered":"<div style=\"line-height: 2em;\">\n<h1>Escola Municipal Albino Biacchi<\/h1>\n<p><strong>Endere\u00e7o<\/strong>: Rua Professor Juscelino Kubitschek, 250. Jardim Trabalhista.<br \/>\n<strong>Telefone<\/strong>: (43) 3308-1646<br \/>\n<strong>Ramal<\/strong>: 1600<br \/>\n<strong>Hor\u00e1rio de Atendimento<\/strong>: das 7:30 \u00e0s 16:30.<\/p>\n<h1>Escola Municipal Antonieta da Silva Lautenschlager<\/h1>\n<p><strong>Endere\u00e7o<\/strong>: Rua Nossa Senhora da Concei\u00e7\u00e3o, 449. Jardim Presidente Kennedy.<br \/>\n<strong>Telefone<\/strong>: (43) 3308-1624<br \/>\n<strong>Ramal<\/strong>: S\/R<br \/>\n<strong>Hor\u00e1rio de Atendimento<\/strong>: das 7:30 \u00e0s 16:30.<\/p>\n<h1>Escola Municipal Augusto Weyand<\/h1>\n<p><strong>Endere\u00e7o<\/strong>: Rua Marc\u00edlio Dias, 889. Jardim Tibagi.<br \/>\n<strong>Telefone<\/strong>: (43) 3308-1625<br \/>\n<strong>Ramal<\/strong>: 1635<br \/>\n<strong>Hor\u00e1rio de Atendimento<\/strong>: das 7:30 \u00e0s 16:30.<\/p>\n<h1>Escola Municipal Dinarte Pereira de Ara\u00fajo<\/h1>\n<p><strong>Endere\u00e7o<\/strong>: Rua Paulo Set\u00fabal, 250. Parque Bigua\u00e7u.<br \/>\n<strong>Telefone<\/strong>: (43) 3308-1626<br \/>\n<strong>Ramal<\/strong>: 1690<br \/>\n<strong>Hor\u00e1rio de Atendimento<\/strong>: das 7:30 \u00e0s 16:30.<\/p>\n<h1>Escola Municipal Dr. Edson Giacomini<\/h1>\n<p><strong>Endere\u00e7o<\/strong>: Rua Jacarand\u00e1, n\u00ba 07. N\u00facleo Afonso Alves de Camargo.<br \/>\n<strong>Telefone<\/strong>: (43) 3308-1647<br \/>\n<strong>Ramal<\/strong>: 1715<br \/>\n<strong>Hor\u00e1rio de Atendimento<\/strong>: das 7:30 \u00e0s 16:30.<\/p>\n<h1>Escola Municipal F\u00e1bio Henrique da Silva<\/h1>\n<p><strong>Endere\u00e7o<\/strong>: Rua Jair Fid\u00e9lis Marques, 240. Residencial Garcia.<br \/>\n<strong>Telefone<\/strong>: (43) 3308-1627<br \/>\n<strong>Ramal<\/strong>: S\/R<br \/>\n<strong>Hor\u00e1rio de Atendimento<\/strong>: das 7:30 \u00e0s 16:30.<\/p>\n<h1>Escola Municipal Fernando Jos\u00e9 Acosta<\/h1>\n<p><strong>Endere\u00e7o<\/strong>: Rua Ilson Ferreira Guerra, 405. Residencial Sumatra.<br \/>\n<strong>Telefone<\/strong>: (43) 3308-1645<br \/>\n<strong>Ramal<\/strong>: 1625<br \/>\n<strong>Hor\u00e1rio de Atendimento<\/strong>: das 7:30 \u00e0s 16:30.<\/p>\n<h1>Escola Municipal Humberto de Alencar Castelo Branco<\/h1>\n<p><strong>Endere\u00e7o<\/strong>: Rua Carmem Miranda, 114. N\u00facleo Castelo Branco.<br \/>\n<strong>Telefone<\/strong>: (43) 3308-1651<br \/>\n<strong>Ramal<\/strong>: 1655<br \/>\n<strong>Hor\u00e1rio de Atendimento<\/strong>: das 7:30 \u00e0s 16:30.<\/p>\n<h1>Escola Municipal Jo\u00e3o Antonio Braga Cortes<\/h1>\n<p><strong>Endere\u00e7o<\/strong>: Rua \u00cdtalo Ado Fontanini, 486. Vila Formosa.<br \/>\n<strong>Telefone<\/strong>: (43) 3308-1652<br \/>\n<strong>Ramal<\/strong>: 1660<br \/>\n<strong>Hor\u00e1rio de Atendimento<\/strong>: das 7:30 \u00e0s 16:30.<\/p>\n<h1>Escola Municipal Jo\u00e3o Batista<\/h1>\n<p><strong>Endere\u00e7o<\/strong>: Rua Jardin\u00f3polis, s\/n. Vila Vit\u00f3ria R\u00e9gia.<br \/>\n<strong>Telefone<\/strong>: (43) 3308-1628<br \/>\n<strong>Ramal<\/strong>: S\/R<br \/>\n<strong>Hor\u00e1rio de Atendimento<\/strong>: das 7:30 \u00e0s 16:30.<\/p>\n<h1>Escola Municipal Dr. Joaquim Vicente de Castro<\/h1>\n<p><strong>Endere\u00e7o<\/strong>: Rua Quintino Bocai\u00fava, 738. Vila Santa Rosa.<br \/>\n<strong>Telefone<\/strong>: (43) 3308-1648<br \/>\n<strong>Ramal<\/strong>: 1730<br \/>\n<strong>Hor\u00e1rio de Atendimento<\/strong>: das 7:30 \u00e0s 16:30.<\/p>\n<h1>Escola Municipal Dr. Osvaldo dos Santos Lima<\/h1>\n<p><strong>Endere\u00e7o<\/strong>: Rua Em\u00edlio de Menezes, 500. Jardim Alvorada.<br \/>\n<strong>Telefone<\/strong>: (43) 3308-1649<br \/>\n<strong>Ramal<\/strong>: 1605<br \/>\n<strong>Hor\u00e1rio de Atendimento<\/strong>: das 7:30 \u00e0s 16:30.<\/p>\n<h1>Escola Municipal Jos\u00e9 Brazil Camargo<\/h1>\n<p><strong>Endere\u00e7o<\/strong>: Rua Papagaio, 318. N\u00facleo Michel Soni.<br \/>\n<strong>Telefone<\/strong>: (43) 3308-1629<br \/>\n<strong>Ramal<\/strong>: 1710<br \/>\n<strong>Hor\u00e1rio de Atendimento<\/strong>: das 7:30 \u00e0s 16:30.<\/p>\n<h1>Escola Municipal Jos\u00e9 de Alencar<\/h1>\n<p><strong>Endere\u00e7o<\/strong>: Rua Apucarana, 415. Vila Reis.<br \/>\n<strong>Telefone<\/strong>: (43) 3308-1630<br \/>\n<strong>Ramal<\/strong>: 1640<br \/>\n<strong>Hor\u00e1rio de Atendimento<\/strong>: das 7:30 \u00e0s 16:30.<\/p>\n<h1>Escola Municipal Jos\u00e9 Id\u00e9sio Brianezi<\/h1>\n<p><strong>Endere\u00e7o<\/strong>: Rua Rio Alonzo, 55. N\u00facleo Jo\u00e3o Paulo.<br \/>\n<strong>Telefone<\/strong>: (43) 3308-1631<br \/>\n<strong>Ramal<\/strong>: S\/R<br \/>\n<strong>Hor\u00e1rio de Atendimento<\/strong>: das 7:30 \u00e0s 16:30.<\/p>\n<h1>Escola Municipal Juiz Luiz Fernando de Ara\u00fajo Pereira<\/h1>\n<p><strong>Endere\u00e7o<\/strong>: Rua S\u00e3o Sebasti\u00e3o, 164. N\u00facleo Dom Romeu Alberti.<br \/>\n<strong>Telefone<\/strong>: (43) 3308-1632<br \/>\n<strong>Ramal<\/strong>: S\/R<br \/>\n<strong>Hor\u00e1rio de Atendimento<\/strong>: das 7:30 \u00e0s 16:30.<\/p>\n<h1>Escola Municipal Karel Kober<\/h1>\n<p><strong>Endere\u00e7o<\/strong>: Rua Catanduva, 335. Jardim Am\u00e9rica.<br \/>\n<strong>Telefone<\/strong>: (43) 3308-1653<br \/>\n<strong>Ramal<\/strong>: 1620<br \/>\n<strong>Hor\u00e1rio de Atendimento<\/strong>: das 7:30 \u00e0s 16:30.<\/p>\n<h1>Escola Municipal Luiz Carlos Prestes<\/h1>\n<p><strong>Endere\u00e7o<\/strong>: Rua Ouro Verde, 632. Jardim Am\u00e9rica.<br \/>\n<strong>Telefone<\/strong>: (43) 3308-1633<br \/>\n<strong>Ramal<\/strong>: 1615<br \/>\n<strong>Hor\u00e1rio de Atendimento<\/strong>: das 7:30 \u00e0s 16:30.<\/p>\n<h1>Escola Municipal Mateus Leme<\/h1>\n<p><strong>Endere\u00e7o<\/strong>: Rua Nova Ucr\u00e2nia, 548. Vila Nossa Senhora da Concei\u00e7\u00e3o.<br \/>\n<strong>Telefone<\/strong>: (43) 3308-1634<br \/>\n<strong>Ramal<\/strong>: 1705<br \/>\n<strong>Hor\u00e1rio de Atendimento<\/strong>: das 7:30 \u00e0s 16:30.<\/p>\n<h1>Escola Municipal Monsenhor Arnaldo Beltrami<\/h1>\n<p><strong>Endere\u00e7o<\/strong>: Rua Luiz Cl\u00e1udio Matsui, 106. Jardim Colonial.<br \/>\n<strong>Telefone<\/strong>: (43) 3308-1635<br \/>\n<strong>Ramal<\/strong>: 1735<br \/>\n<strong>Hor\u00e1rio de Atendimento<\/strong>: das 7:30 \u00e0s 16:30.<\/p>\n<h1>Escola Municipal Padre Antonio Vieira<\/h1>\n<p><strong>Endere\u00e7o<\/strong>: Rua Calif\u00f3rnia, 555. Distrito de Correia de Freitas.<br \/>\n<strong>Telefone<\/strong>: (43) 3308-1636<br \/>\n<strong>Ramal<\/strong>: 1755<br \/>\n<strong>Hor\u00e1rio de Atendimento<\/strong>: das 7:30 \u00e0s 16:30.<\/p>\n<h1>Escola Municipal Papa Jo\u00e3o XXIII<\/h1>\n<p><strong>Endere\u00e7o<\/strong>: Rua Papa Jo\u00e3o XXIII, 85. Vila Regina.<br \/>\n<strong>Telefone<\/strong>: (43) 3308-1637<br \/>\n<strong>Ramal<\/strong>: 1630<br \/>\n<strong>Hor\u00e1rio de Atendimento<\/strong>: das 7:30 \u00e0s 16:30.<\/p>\n<h1>Escola Municipal Pl\u00e1cido de Castro\t<\/h1>\n<p><strong>Endere\u00e7o<\/strong>: Rua Serra da Mantiqueira, 152. N\u00facleo Adriano Correa.<br \/>\n<strong>Telefone<\/strong>: (43) 3308-1638<br \/>\n<strong>Ramal<\/strong>: S\/R<br \/>\n<strong>Hor\u00e1rio de Atendimento<\/strong>: das 7:30 \u00e0s 16:30.<\/p>\n<h1>Escola Municipal Presidente M\u00e9dici<\/h1>\n<p><strong>Endere\u00e7o<\/strong>: Rua Pernambuco, 103. Jardim Apucarana.<br \/>\n<strong>Telefone<\/strong>: (43) 3308-1639<br \/>\n<strong>Ramal<\/strong>: 1720<br \/>\n<strong>Hor\u00e1rio de Atendimento<\/strong>: das 7:30 \u00e0s 16:30.<\/p>\n<h1>Escola Municipal Professora Maria Madalena Coco<\/h1>\n<p><strong>Endere\u00e7o<\/strong>: Rua Rol\u00e2ndia, 316. Vila Martins.<br \/>\n<strong>Telefone<\/strong>: (43) 3308-1642<br \/>\n<strong>Ramal<\/strong>: 1695<br \/>\n<strong>Hor\u00e1rio de Atendimento<\/strong>: das 7:30 \u00e0s 16:30.<\/p>\n<h1>Escola Municipal Professora Maria Tereza Gebrim Preto<\/h1>\n<p><strong>Endere\u00e7o<\/strong>: AvenidaI\u00eado Marques, 115. Jardim Madrid.<br \/>\n<strong>Telefone<\/strong>: S\/T<br \/>\n<strong>Ramal<\/strong>: S\/R<br \/>\n<strong>Hor\u00e1rio de Atendimento<\/strong>: das 7:30 \u00e0s 16:30.<\/p>\n<h1>Escola Municipal Professora Marta Pereira da Silva<\/h1>\n<p><strong>Endere\u00e7o<\/strong>: Rua Santa C\u00e2ndida, 89. Jardim Menegazzo.<br \/>\n<strong>Telefone<\/strong>: (43) 3308-1657<br \/>\n<strong>Ramal<\/strong>: 1665<br \/>\n<strong>Hor\u00e1rio de Atendimento<\/strong>: das 7:30 \u00e0s 16:30.<\/p>\n<h1>Escola Municipal Professora Marilda Duarte Noli<\/h1>\n<p><strong>Endere\u00e7o<\/strong>: Rua Emiliano Perneta, 509. Jardim Ponta Grossa.<br \/>\n<strong>Telefone<\/strong>: (43) 3308-1656<br \/>\n<strong>Ramal<\/strong>: 1610<br \/>\n<strong>Hor\u00e1rio de Atendimento<\/strong>: das 7:30 \u00e0s 16:30.<\/p>\n<h1>Escola Municipal Professor Alcides Ramos<\/h1>\n<p><strong>Endere\u00e7o<\/strong>: Rua Rio Igua\u00e7u, 10. N\u00facleo Osmar Guaracy Freire.<br \/>\n<strong>Telefone<\/strong>: (43) 3308-1640<br \/>\n<strong>Ramal<\/strong>: 1700<br \/>\n<strong>Hor\u00e1rio de Atendimento<\/strong>: das 7:30 \u00e0s 16:30.<\/p>\n<h1>Escola Municipal Professor Bento Fernandes Dias<\/h1>\n<p><strong>Endere\u00e7o<\/strong>: Rua Jos\u00e9 Miskowski, 272. Jardim Malibu.<br \/>\n<strong>Telefone<\/strong>: (43) 3308-1654<br \/>\n<strong>Ramal<\/strong>: 1645<br \/>\n<strong>Hor\u00e1rio de Atendimento<\/strong>: das 7:30 \u00e0s 16:30.<\/p>\n<h1>Escola Municipal Professor Durval Pinto<\/h1>\n<p><strong>Endere\u00e7o<\/strong>: Rua Mitsuo Hayashi, 335. Centro.<br \/>\n<strong>Telefone<\/strong>: (43) 3308-1655<br \/>\n<strong>Ramal<\/strong>: 1670<br \/>\n<strong>Hor\u00e1rio de Atendimento<\/strong>: das 7:30 \u00e0s 16:30.<\/p>\n<h1>Escola Municipal Professor Idalice Moreira Prates<\/h1>\n<p><strong>Endere\u00e7o<\/strong>: Rua Jo\u00e3o Matiuzzi, 425. Parque Bela Vista.<br \/>\n<strong>Telefone<\/strong>: (43) 3308-1641<br \/>\n<strong>Ramal<\/strong>: 1680<br \/>\n<strong>Hor\u00e1rio de Atendimento<\/strong>: das 7:30 \u00e0s 16:30.<\/p>\n<h1>Escola Municipal Senador Marcos de Barros Freire<\/h1>\n<p><strong>Endere\u00e7o<\/strong>: Rua Castro Alves, 1212. Jardim Ponta Grossa.<br \/>\n<strong>Telefone<\/strong>: (43) 3308-1658<br \/>\n<strong>Ramal<\/strong>: 1725<br \/>\n<strong>Hor\u00e1rio de Atendimento<\/strong>: das 7:30 \u00e0s 16:30.<\/p>\n<h1>Escola Municipal Vereador Jos\u00e9 Ramos de Oliveira<\/h1>\n<p><strong>Endere\u00e7o<\/strong>: Avenida Andr\u00e9 Hernandes, 917. Distrito de Pirap\u00f3.<br \/>\n<strong>Telefone<\/strong>: (43) 3308-1643<br \/>\n<strong>Ramal<\/strong>: S\/R<br \/>\n<strong>Hor\u00e1rio de Atendimento<\/strong>: das 7:30 \u00e0s 16:30.<\/p>\n<h1>Escola Municipal Wilson de Azevedo<\/h1>\n<p><strong>Endere\u00e7o<\/strong>: Rua Nelson Miquel\u00e3o, 346. Distrito de Caixa S\u00e3o Pedro.<br \/>\n<strong>Telefone<\/strong>: (43) 3308-1644<br \/>\n<strong>Ramal<\/strong>: 1675<br \/>\n<strong>Hor\u00e1rio de Atendimento<\/strong>: das 7:30 \u00e0s 16:30.<\/p>\n<\/div>\n<div class = 'socialMediaOnEveryPost'>Compartilhe<div id=\"sgmbShare1-1\" class=\"sgmbShare jssocials-theme-classic sgmbWidget1-1\"><\/div><div class=\"dropdownWrapper dropdownWrapper1 dropdownWrapper-for-widget \" id=\"dropdownWrapper-for-widget\">\r\n\t\t\t\t\t\t<div class=\"dropdownLabel\" id=\"dropdownLabel-share-list\"><span class=\"sgmbButtonListLabel1\">Share List<\/span><\/div>\r\n\t\t\t\t\t\t<div class=\"dropdownPanel dropdownPanel1-1\">\r\n\t\t\t\t\t\t<\/div>\r\n\t\t\t\t\t<\/div><script>  SGMB_URL = \"https:\/\/www.apucarana.pr.gov.br\/ame\/wp-content\/plugins\/social-media-builder\/\"; jQuery(\".dropdownWrapper\").hide(); SGMB_GOOGLE_ACOUNT = \"\"; <\/script><script type=\"text\/javascript\">\r\n\t\tjQuery(document).ready(function($){var widget = new SGMBWidget();widget.show({\"id\":\"1\",\"title\":\"Face\\\/Twitter\",\"options\":{\"currentUrl\":\"1\",\"url\":\"\",\"shareText\":\"\",\"fontSize\":\"14\",\"betweenButtons\":\"1px\",\"theme\":\"classic\",\"sgmbButtonsPosition\":\"bottomLeft\",\"socialTheme\":\"\",\"icon\":\"default\",\"buttonsPanelEffect\":\"No Effect\",\"buttonsEffect\":\"No Effect\",\"iconsEffect\":\"No Effect\",\"buttons\":\"{\\\"facebook\\\":{\\\"label\\\":\\\"Share\\\",\\\"icon\\\":\\\"default-facebook\\\"},\\\"twitter\\\":{\\\"label\\\":\\\"Tweet\\\",\\\"icon\\\":\\\"default-twitter\\\",\\\"via\\\":\\\"\\\",\\\"hashtags\\\":\\\"\\\"}}\",\"roundButton\":\"\",\"showLabels\":\"\",\"showCounts\":\"\",\"showCenter\":\"\",\"showButtonsAsList\":\"\",\"sgmbDropdownColor\":\"\",\"sgmbDropdownLabelFontSize\":\"14\",\"sgmbDropdownLabelColor\":\"\",\"showButtonsOnEveryPost\":\"on\",\"selectedOrExcluded\":\"\",\"showButtonsOnEveryPage\":\"\",\"textOnEveryPost\":\"Compartilhe\",\"showButtonsOnCustomPost\":\"\",\"textOnCustomPost\":\"\",\"showButtonsOnMobileDirect\":\"on\",\"showButtonsOnDesktopDirect\":\"on\",\"sgmbSelectedPages\":[\"\"],\"sgmbExcludedPosts\":[\"\"],\"sgmbSelectedCustomPosts\":[],\"showButtonsInPopup\":\"\",\"titleOfPopup\":\"\",\"descriptionOfPopup\":\"\",\"showPopupOnLoad\":\"\",\"showPopupOnScroll\":\"\",\"showPopupOnExit\":\"\",\"openSecondsOfPopup\":\"\",\"googleAnaliticsAccount\":\"\"},\"buttonOptions\":{\"facebook\":{\"label\":\"Share\",\"icon\":\"default-facebook\"},\"twitter\":{\"label\":\"Tweet\",\"icon\":\"default-twitter\",\"via\":\"\",\"hashtags\":\"\"}},\"button\":[\"facebook\",\"twitter\"]}, 1, '', 'https:\/\/www.apucarana.pr.gov.br\/ame\/wp-content\/plugins\/social-media-builder\/\/img\/no-image.png', '', 'https:\/\/www.apucarana.pr.gov.br\/ame\/escolas-municipais\/'); });<\/script><\/div><script> jQuery(\".socialMediaOnEveryPost\").addClass(\"sgmb-left\") <\/script>","protected":false},"excerpt":{"rendered":"<p>Escola Municipal Albino Biacchi Endere\u00e7o: Rua Professor Juscelino Kubitschek, 250. Jardim Trabalhista. Telefone: (43) 3308-1646 Ramal: 1600 Hor\u00e1rio de Atendimento: das 7:30 \u00e0s 16:30. Escola Municipal Antonieta da Silva Lautenschlager Endere\u00e7o: Rua Nossa Senhora da Concei\u00e7\u00e3o, 449. Jardim Presidente Kennedy. Telefone: (43) 3308-1624 Ramal: S\/R Hor\u00e1rio de Atendimento: das 7:30&hellip; <\/p>\n","protected":false},"author":1,"featured_media":0,"parent":0,"menu_order":0,"comment_status":"closed","ping_status":"closed","template":"","meta":[],"_links":{"self":[{"href":"https:\/\/www.apucarana.pr.gov.br\/ame\/wp-json\/wp\/v2\/pages\/5445"}],"collection":[{"href":"https:\/\/www.apucarana.pr.gov.br\/ame\/wp-json\/wp\/v2\/pages"}],"about":[{"href":"https:\/\/www.apucarana.pr.gov.br\/ame\/wp-json\/wp\/v2\/types\/page"}],"author":[{"embeddable":true,"href":"https:\/\/www.apucarana.pr.gov.br\/ame\/wp-json\/wp\/v2\/users\/1"}],"replies":[{"embeddable":true,"href":"https:\/\/www.apucarana.pr.gov.br\/ame\/wp-json\/wp\/v2\/comments?post=5445"}],"version-history":[{"count":22,"href":"https:\/\/www.apucarana.pr.gov.br\/ame\/wp-json\/wp\/v2\/pages\/5445\/revisions"}],"predecessor-version":[{"id":5683,"href":"https:\/\/www.apucarana.pr.gov.br\/ame\/wp-json\/wp\/v2\/pages\/5445\/revisions\/5683"}],"wp:attachment":[{"href":"https:\/\/www.apucarana.pr.gov.br\/ame\/wp-json\/wp\/v2\/media?parent=5445"}],"curies":[{"name":"wp","href":"https:\/\/api.w.org\/{rel}","templated":true}]}}