{"id":56872,"date":"2022-01-11T09:43:02","date_gmt":"2022-01-11T12:43:02","guid":{"rendered":"http:\/\/www.apucarana.pr.gov.br\/site\/?page_id=56872"},"modified":"2025-09-05T10:46:27","modified_gmt":"2025-09-05T13:46:27","slug":"unidade-fiscal-municipal-ufm","status":"publish","type":"page","link":"http:\/\/www.apucarana.pr.gov.br\/site\/unidade-fiscal-municipal-ufm\/","title":{"rendered":"Unidade Fiscal Municipal (UFM)"},"content":{"rendered":"\t\t<div data-elementor-type=\"wp-page\" data-elementor-id=\"56872\" class=\"elementor elementor-56872\">\n\t\t\t\t\t\t\t\t\t<section class=\"elementor-section elementor-top-section elementor-element elementor-element-8026c35 elementor-section-boxed elementor-section-height-default elementor-section-height-default\" data-id=\"8026c35\" data-element_type=\"section\" data-settings=\"{&quot;jet_parallax_layout_list&quot;:[{&quot;jet_parallax_layout_image&quot;:{&quot;url&quot;:&quot;&quot;,&quot;id&quot;:&quot;&quot;},&quot;_id&quot;:&quot;870fec3&quot;,&quot;jet_parallax_layout_image_tablet&quot;:{&quot;url&quot;:&quot;&quot;,&quot;id&quot;:&quot;&quot;},&quot;jet_parallax_layout_image_mobile&quot;:{&quot;url&quot;:&quot;&quot;,&quot;id&quot;:&quot;&quot;},&quot;jet_parallax_layout_speed&quot;:{&quot;unit&quot;:&quot;%&quot;,&quot;size&quot;:50,&quot;sizes&quot;:[]},&quot;jet_parallax_layout_type&quot;:&quot;scroll&quot;,&quot;jet_parallax_layout_direction&quot;:null,&quot;jet_parallax_layout_fx_direction&quot;:null,&quot;jet_parallax_layout_z_index&quot;:&quot;&quot;,&quot;jet_parallax_layout_bg_x&quot;:50,&quot;jet_parallax_layout_bg_x_tablet&quot;:&quot;&quot;,&quot;jet_parallax_layout_bg_x_mobile&quot;:&quot;&quot;,&quot;jet_parallax_layout_bg_y&quot;:50,&quot;jet_parallax_layout_bg_y_tablet&quot;:&quot;&quot;,&quot;jet_parallax_layout_bg_y_mobile&quot;:&quot;&quot;,&quot;jet_parallax_layout_bg_size&quot;:&quot;auto&quot;,&quot;jet_parallax_layout_bg_size_tablet&quot;:&quot;&quot;,&quot;jet_parallax_layout_bg_size_mobile&quot;:&quot;&quot;,&quot;jet_parallax_layout_animation_prop&quot;:&quot;transform&quot;,&quot;jet_parallax_layout_on&quot;:[&quot;desktop&quot;,&quot;tablet&quot;]}]}\">\n\t\t\t\t\t\t<div class=\"elementor-container elementor-column-gap-default\">\n\t\t\t\t\t<div class=\"elementor-column elementor-col-100 elementor-top-column elementor-element elementor-element-caf49f9\" data-id=\"caf49f9\" data-element_type=\"column\">\n\t\t\t<div class=\"elementor-widget-wrap elementor-element-populated\">\n\t\t\t\t\t\t\t\t<div class=\"elementor-element elementor-element-5b0aba2 elementor-widget elementor-widget-text-editor\" data-id=\"5b0aba2\" data-element_type=\"widget\" data-widget_type=\"text-editor.default\">\n\t\t\t\t<div class=\"elementor-widget-container\">\n\t\t\t\t\t\t\t<p>A Unidade Fiscal Municipal (UFM) \u00e9 um indexador utilizado para calcular tributos, multas, restitui\u00e7\u00e3o de valores, processos tribut\u00e1rios e processos administrativos. Confira na tabela abaixo o valor vigente da UFM:<\/p>\t\t\t\t\t\t<\/div>\n\t\t\t\t<\/div>\n\t\t\t\t<div class=\"elementor-element elementor-element-7463654 elementor-widget elementor-widget-jet-table\" data-id=\"7463654\" data-element_type=\"widget\" data-widget_type=\"jet-table.default\">\n\t\t\t\t<div class=\"elementor-widget-container\">\n\t\t\t<div class=\"elementor-jet-table jet-elements\">\n\t\t<div class=\"jet-table-wrapper jet-table-responsive-mobile\">\n\t\t\t<table class=\"jet-table jet-table--fa5-compat\">\n\t\t\t\t<thead class=\"jet-table__head\"><tr class=\"jet-table__head-row\"><th class=\"jet-table__cell elementor-repeater-item-d62df29 jet-table__head-cell\" scope=\"col\"><div class=\"jet-table__cell-inner\"><div class=\"jet-table__cell-content\"><div class=\"jet-table__cell-text\">Ano<\/div><\/div><\/div><\/th><th class=\"jet-table__cell elementor-repeater-item-6731fd4 jet-table__head-cell\" scope=\"col\"><div class=\"jet-table__cell-inner\"><div class=\"jet-table__cell-content\"><div class=\"jet-table__cell-text\">Decreto<\/div><\/div><\/div><\/th><th class=\"jet-table__cell elementor-repeater-item-fa8380a jet-table__head-cell\" scope=\"col\"><div class=\"jet-table__cell-inner\"><div class=\"jet-table__cell-content\"><div class=\"jet-table__cell-text\">Valor<\/div><\/div><\/div><\/th><th class=\"jet-table__cell elementor-repeater-item-2351f73 jet-table__head-cell\" scope=\"col\"><div class=\"jet-table__cell-inner\"><div class=\"jet-table__cell-content\"><div class=\"jet-table__cell-text\">Vig\u00eancia<\/div><\/div><\/div><\/th><\/tr><\/thead>\n\t\t\t\t\t\t\t\t<tbody class=\"jet-table__body\"><tr class=\"jet-table__body-row elementor-repeater-item-9d41650\"><td class=\"jet-table__cell elementor-repeater-item-8ec5d40 jet-table__body-cell\"><div class=\"jet-table__cell-inner\"><div class=\"jet-table__cell-content\"><div class=\"jet-table__cell-text\">2019<\/div><\/div><\/div><\/td><td class=\"jet-table__cell elementor-repeater-item-8181461 jet-table__body-cell\"><div class=\"jet-table__cell-inner\"><div class=\"jet-table__cell-content\"><div class=\"jet-table__cell-text\">411\/2019<\/div><\/div><\/div><\/td><td class=\"jet-table__cell elementor-repeater-item-60a4659 jet-table__body-cell\"><div class=\"jet-table__cell-inner\"><div class=\"jet-table__cell-content\"><div class=\"jet-table__cell-text\">R$ 77,74<\/div><\/div><\/div><\/td><td class=\"jet-table__cell elementor-repeater-item-78743e6 jet-table__body-cell\"><div class=\"jet-table__cell-inner\"><div class=\"jet-table__cell-content\"><div class=\"jet-table__cell-text\">17\/10\/2019<\/div><\/div><\/div><\/td><\/tr><tr class=\"jet-table__body-row elementor-repeater-item-fd86d21\"><td class=\"jet-table__cell elementor-repeater-item-329cb9a jet-table__body-cell\"><div class=\"jet-table__cell-inner\"><div class=\"jet-table__cell-content\"><div class=\"jet-table__cell-text\">2020<\/div><\/div><\/div><\/td><td class=\"jet-table__cell elementor-repeater-item-6d88e56 jet-table__body-cell\"><div class=\"jet-table__cell-inner\"><div class=\"jet-table__cell-content\"><div class=\"jet-table__cell-text\">580\/2020<\/div><\/div><\/div><\/td><td class=\"jet-table__cell elementor-repeater-item-fd95376 jet-table__body-cell\"><div class=\"jet-table__cell-inner\"><div class=\"jet-table__cell-content\"><div class=\"jet-table__cell-text\">R$ 80,76<\/div><\/div><\/div><\/td><td class=\"jet-table__cell elementor-repeater-item-7e1e1dd jet-table__body-cell\"><div class=\"jet-table__cell-inner\"><div class=\"jet-table__cell-content\"><div class=\"jet-table__cell-text\">23\/11\/2020<\/div><\/div><\/div><\/td><\/tr><tr class=\"jet-table__body-row elementor-repeater-item-cfc4eaa\"><td class=\"jet-table__cell elementor-repeater-item-a607891 jet-table__body-cell\"><div class=\"jet-table__cell-inner\"><div class=\"jet-table__cell-content\"><div class=\"jet-table__cell-text\">2021<\/div><\/div><\/div><\/td><td class=\"jet-table__cell elementor-repeater-item-5370747 jet-table__body-cell\"><div class=\"jet-table__cell-inner\"><div class=\"jet-table__cell-content\"><div class=\"jet-table__cell-text\">740\/2021<\/div><\/div><\/div><\/td><td class=\"jet-table__cell elementor-repeater-item-bcde3e9 jet-table__body-cell\"><div class=\"jet-table__cell-inner\"><div class=\"jet-table__cell-content\"><div class=\"jet-table__cell-text\">R$ 89,46<\/div><\/div><\/div><\/td><td class=\"jet-table__cell elementor-repeater-item-61d6a71 jet-table__body-cell\"><div class=\"jet-table__cell-inner\"><div class=\"jet-table__cell-content\"><div class=\"jet-table__cell-text\">21\/10\/2021<\/div><\/div><\/div><\/td><\/tr><tr class=\"jet-table__body-row elementor-repeater-item-fc91444\"><td class=\"jet-table__cell elementor-repeater-item-f7c99cd jet-table__body-cell\"><div class=\"jet-table__cell-inner\"><div class=\"jet-table__cell-content\"><div class=\"jet-table__cell-text\">2022<\/div><\/div><\/div><\/td><td class=\"jet-table__cell elementor-repeater-item-90f52d3 jet-table__body-cell\"><div class=\"jet-table__cell-inner\"><div class=\"jet-table__cell-content\"><div class=\"jet-table__cell-text\">953\/2022<\/div><\/div><\/div><\/td><td class=\"jet-table__cell elementor-repeater-item-0c4a30d jet-table__body-cell\"><div class=\"jet-table__cell-inner\"><div class=\"jet-table__cell-content\"><div class=\"jet-table__cell-text\">R$ 94,80<\/div><\/div><\/div><\/td><td class=\"jet-table__cell elementor-repeater-item-b1f2f85 jet-table__body-cell\"><div class=\"jet-table__cell-inner\"><div class=\"jet-table__cell-content\"><div class=\"jet-table__cell-text\">15\/12\/2022<\/div><\/div><\/div><\/td><\/tr><tr class=\"jet-table__body-row elementor-repeater-item-c079c59\"><td class=\"jet-table__cell elementor-repeater-item-268d50a jet-table__body-cell\"><div class=\"jet-table__cell-inner\"><div class=\"jet-table__cell-content\"><div class=\"jet-table__cell-text\">2023<\/div><\/div><\/div><\/td><td class=\"jet-table__cell elementor-repeater-item-4c28b97 jet-table__body-cell\"><div class=\"jet-table__cell-inner\"><div class=\"jet-table__cell-content\"><div class=\"jet-table__cell-text\">904\/2023<\/div><\/div><\/div><\/td><td class=\"jet-table__cell elementor-repeater-item-d8b8513 jet-table__body-cell\"><div class=\"jet-table__cell-inner\"><div class=\"jet-table__cell-content\"><div class=\"jet-table__cell-text\">R$ 98,45<\/div><\/div><\/div><\/td><td class=\"jet-table__cell elementor-repeater-item-6ecd2bb jet-table__body-cell\"><div class=\"jet-table__cell-inner\"><div class=\"jet-table__cell-content\"><div class=\"jet-table__cell-text\">13\/12\/2023<\/div><\/div><\/div><\/td><\/tr><tr class=\"jet-table__body-row elementor-repeater-item-36be4fb\"><td class=\"jet-table__cell elementor-repeater-item-1fb8940 jet-table__body-cell\"><div class=\"jet-table__cell-inner\"><div class=\"jet-table__cell-content\"><div class=\"jet-table__cell-text\">2024<\/div><\/div><\/div><\/td><td class=\"jet-table__cell elementor-repeater-item-cd6a442 jet-table__body-cell\"><div class=\"jet-table__cell-inner\"><div class=\"jet-table__cell-content\"><div class=\"jet-table__cell-text\">988\/2024<\/div><\/div><\/div><\/td><td class=\"jet-table__cell elementor-repeater-item-8da050b jet-table__body-cell\"><div class=\"jet-table__cell-inner\"><div class=\"jet-table__cell-content\"><div class=\"jet-table__cell-text\">R$ 103,21<\/div><\/div><\/div><\/td><td class=\"jet-table__cell elementor-repeater-item-50d3da2 jet-table__body-cell\"><div class=\"jet-table__cell-inner\"><div class=\"jet-table__cell-content\"><div class=\"jet-table__cell-text\">10\/12\/2024<\/div><\/div><\/div><\/td><\/tr><\/tbody>\n\t\t\t<\/table>\n\t\t<\/div>\n\n\t\t<\/div>\t\t<\/div>\n\t\t\t\t<\/div>\n\t\t\t\t\t<\/div>\n\t\t<\/div>\n\t\t\t\t\t\t\t<\/div>\n\t\t<\/section>\n\t\t\t\t<section class=\"elementor-section elementor-top-section elementor-element elementor-element-e0c66e1 elementor-section-boxed elementor-section-height-default elementor-section-height-default\" data-id=\"e0c66e1\" data-element_type=\"section\" data-settings=\"{&quot;jet_parallax_layout_list&quot;:[]}\">\n\t\t\t\t\t\t<div class=\"elementor-container elementor-column-gap-default\">\n\t\t\t\t\t<div class=\"elementor-column elementor-col-100 elementor-top-column elementor-element elementor-element-cbb9082\" data-id=\"cbb9082\" data-element_type=\"column\">\n\t\t\t<div class=\"elementor-widget-wrap elementor-element-populated\">\n\t\t\t\t\t\t\t\t<div class=\"elementor-element elementor-element-bfadee3 carta-de-servicos-accordion elementor-widget elementor-widget-jet-accordion\" data-id=\"bfadee3\" data-element_type=\"widget\" data-widget_type=\"jet-accordion.default\">\n\t\t\t\t<div class=\"elementor-widget-container\">\n\t\t\t\t\t<div class=\"jet-accordion\" data-settings=\"{&quot;collapsible&quot;:false,&quot;ajaxTemplate&quot;:false,&quot;switchScrolling&quot;:false,&quot;switchScrollingOffset&quot;:0}\" role=\"tablist\">\n\t\t\t<div class=\"jet-accordion__inner\">\n\t\t\t\t<div class=\"jet-accordion__item jet-toggle jet-toggle-fade-effect \">\n\t\t\t\t\t\t\t<div id=\"jet-toggle-control-2001\" class=\"jet-toggle__control elementor-menu-anchor\" data-toggle=\"1\" role=\"tab\" tabindex=\"0\" aria-controls=\"jet-toggle-content-2001\" aria-expanded=\"false\" data-template-id=\"false\">\n\t\t\t\t\t\t\t\t<div class=\"jet-toggle__label-icon jet-toggle-icon-position-left\"><span class=\"jet-toggle__icon icon-normal jet-tabs-icon\"><i class=\"fas fa-arrow-alt-circle-right\"><\/i><\/span><span class=\"jet-toggle__icon icon-active jet-tabs-icon\"><i class=\"fas fa-arrow-alt-circle-right\"><\/i><\/span><\/div><div class=\"jet-toggle__label-text\">Decretos<\/div>\t\t\t\t\t\t\t<\/div>\n\t\t\t\t\t\t\t<div id=\"jet-toggle-content-2001\" class=\"jet-toggle__content\" data-toggle=\"1\" role=\"tabpanel\" data-template-id=\"false\">\n\t\t\t\t\t\t\t\t<div class=\"jet-toggle__content-inner\"><ul>\n \t<li><a href=\"\/site\/wp-content\/uploads\/2023\/10\/DECRETO-411-2019.pdf\" target=\"_blank\" rel=\"noopener\">DECRETO 411-2019<\/a><\/li>\n \t<li><a href=\"\/site\/wp-content\/uploads\/2023\/10\/DECRETO-580-2020.pdf\" target=\"_blank\" rel=\"noopener\">DECRETO 580-2020<\/a><\/li>\n \t<li><a href=\"\/site\/wp-content\/uploads\/2023\/10\/DECRETO-740-2021.pdf\" target=\"_blank\" rel=\"noopener\">DECRETO 740-2021<\/a><\/li>\n \t<li><a href=\"\/site\/wp-content\/uploads\/2023\/10\/DECRETO-953-2022.pdf\" target=\"_blank\" rel=\"noopener\">DECRETO 953-2022<\/a><\/li>\n \t<li><a href=\"\/site\/wp-content\/uploads\/2024\/05\/DECRETO-904-2023.pdf\" target=\"_blank\" rel=\"noopener\">DECRETO 904-2023<\/a><\/li>\n \t<li><a href=\"\/site\/wp-content\/uploads\/2025\/09\/decreto_988_2024_UFM.pdf\" target=\"_blank\" rel=\"noopener\">DECRETO 988-2024<\/a><\/li>\n<\/ul><\/div>\n\t\t\t\t\t\t\t<\/div>\n\t\t\t\t\t\t<\/div>\t\t\t\t\t\t\t\t<\/div>\n\t\t<\/div>\n\t\t\t\t<\/div>\n\t\t\t\t<\/div>\n\t\t\t\t\t<\/div>\n\t\t<\/div>\n\t\t\t\t\t\t\t<\/div>\n\t\t<\/section>\n\t\t\t\t\t\t\t<\/div>\n\t\t","protected":false},"excerpt":{"rendered":"<p>A Unidade Fiscal Municipal (UFM) &eacute; um indexador utilizado para calcular tributos, multas, restitui&ccedil;&atilde;o de valores, processos tribut&aacute;rios e processos administrativos. Confira na tabela abaixo o valor vigente da UFM: Ano Decreto Valor Vig&ecirc;ncia 2019 411\/2019 R$ 77,74 17\/10\/2019 2020 580\/2020 R$ 80,76 23\/11\/2020 2021 740\/2021 R$ 89,46 21\/10\/2021 2022 953\/2022 R$ 94,80 15\/12\/2022 2023 [&hellip;]<\/p>\n","protected":false},"author":1,"featured_media":0,"parent":0,"menu_order":0,"comment_status":"closed","ping_status":"closed","template":"","meta":{"footnotes":""},"class_list":["post-56872","page","type-page","status-publish","hentry"],"acf":[],"_links":{"self":[{"href":"http:\/\/www.apucarana.pr.gov.br\/site\/wp-json\/wp\/v2\/pages\/56872","targetHints":{"allow":["GET"]}}],"collection":[{"href":"http:\/\/www.apucarana.pr.gov.br\/site\/wp-json\/wp\/v2\/pages"}],"about":[{"href":"http:\/\/www.apucarana.pr.gov.br\/site\/wp-json\/wp\/v2\/types\/page"}],"author":[{"embeddable":true,"href":"http:\/\/www.apucarana.pr.gov.br\/site\/wp-json\/wp\/v2\/users\/1"}],"replies":[{"embeddable":true,"href":"http:\/\/www.apucarana.pr.gov.br\/site\/wp-json\/wp\/v2\/comments?post=56872"}],"version-history":[{"count":5,"href":"http:\/\/www.apucarana.pr.gov.br\/site\/wp-json\/wp\/v2\/pages\/56872\/revisions"}],"predecessor-version":[{"id":117174,"href":"http:\/\/www.apucarana.pr.gov.br\/site\/wp-json\/wp\/v2\/pages\/56872\/revisions\/117174"}],"wp:attachment":[{"href":"http:\/\/www.apucarana.pr.gov.br\/site\/wp-json\/wp\/v2\/media?parent=56872"}],"curies":[{"name":"wp","href":"https:\/\/api.w.org\/{rel}","templated":true}]}}