{"id":54708,"date":"2021-12-13T10:31:52","date_gmt":"2021-12-13T13:31:52","guid":{"rendered":"http:\/\/www.apucarana.pr.gov.br\/site\/?page_id=54708"},"modified":"2022-01-19T12:27:26","modified_gmt":"2022-01-19T15:27:26","slug":"carta-de-servicos-servidores","status":"publish","type":"page","link":"http:\/\/www.apucarana.pr.gov.br\/site\/carta-de-servicos-servidores\/","title":{"rendered":"Carta de Servi\u00e7os Servidores"},"content":{"rendered":"\t\t<div data-elementor-type=\"wp-page\" data-elementor-id=\"54708\" class=\"elementor elementor-54708\">\n\t\t\t\t\t\t\t\t\t<section class=\"elementor-section elementor-top-section elementor-element elementor-element-dccab1d elementor-section-boxed elementor-section-height-default elementor-section-height-default\" data-id=\"dccab1d\" data-element_type=\"section\" data-settings=\"{&quot;jet_parallax_layout_list&quot;:[{&quot;jet_parallax_layout_image&quot;:{&quot;url&quot;:&quot;&quot;,&quot;id&quot;:&quot;&quot;},&quot;_id&quot;:&quot;01c5fd8&quot;,&quot;jet_parallax_layout_image_tablet&quot;:{&quot;url&quot;:&quot;&quot;,&quot;id&quot;:&quot;&quot;},&quot;jet_parallax_layout_image_mobile&quot;:{&quot;url&quot;:&quot;&quot;,&quot;id&quot;:&quot;&quot;},&quot;jet_parallax_layout_speed&quot;:{&quot;unit&quot;:&quot;%&quot;,&quot;size&quot;:50,&quot;sizes&quot;:[]},&quot;jet_parallax_layout_type&quot;:&quot;scroll&quot;,&quot;jet_parallax_layout_direction&quot;:null,&quot;jet_parallax_layout_fx_direction&quot;:null,&quot;jet_parallax_layout_z_index&quot;:&quot;&quot;,&quot;jet_parallax_layout_bg_x&quot;:50,&quot;jet_parallax_layout_bg_x_tablet&quot;:&quot;&quot;,&quot;jet_parallax_layout_bg_x_mobile&quot;:&quot;&quot;,&quot;jet_parallax_layout_bg_y&quot;:50,&quot;jet_parallax_layout_bg_y_tablet&quot;:&quot;&quot;,&quot;jet_parallax_layout_bg_y_mobile&quot;:&quot;&quot;,&quot;jet_parallax_layout_bg_size&quot;:&quot;auto&quot;,&quot;jet_parallax_layout_bg_size_tablet&quot;:&quot;&quot;,&quot;jet_parallax_layout_bg_size_mobile&quot;:&quot;&quot;,&quot;jet_parallax_layout_animation_prop&quot;:&quot;transform&quot;,&quot;jet_parallax_layout_on&quot;:[&quot;desktop&quot;,&quot;tablet&quot;]}]}\">\n\t\t\t\t\t\t<div class=\"elementor-container elementor-column-gap-default\">\n\t\t\t\t\t<div class=\"elementor-column elementor-col-50 elementor-top-column elementor-element elementor-element-37f9952\" data-id=\"37f9952\" data-element_type=\"column\">\n\t\t\t<div class=\"elementor-widget-wrap elementor-element-populated\">\n\t\t\t\t\t\t\t\t<div class=\"elementor-element elementor-element-619c7bf elementor-align-justify elementor-widget elementor-widget-button\" data-id=\"619c7bf\" data-element_type=\"widget\" data-widget_type=\"button.default\">\n\t\t\t\t<div class=\"elementor-widget-container\">\n\t\t\t\t\t<div class=\"elementor-button-wrapper\">\n\t\t\t<a href=\"\/site\/carta-de-servicos-cidadao\/\" class=\"elementor-button-link elementor-button elementor-size-lg\" role=\"button\">\n\t\t\t\t\t\t<span class=\"elementor-button-content-wrapper\">\n\t\t\t\t\t\t\t<span class=\"elementor-button-icon elementor-align-icon-left\">\n\t\t\t\t<i aria-hidden=\"true\" class=\"fas fa-user-alt\"><\/i>\t\t\t<\/span>\n\t\t\t\t\t\t<span class=\"elementor-button-text\">Cidad\u00e3o<\/span>\n\t\t<\/span>\n\t\t\t\t\t<\/a>\n\t\t<\/div>\n\t\t\t\t<\/div>\n\t\t\t\t<\/div>\n\t\t\t\t<div class=\"elementor-element elementor-element-621b0f9 elementor-align-justify elementor-widget elementor-widget-button\" data-id=\"621b0f9\" data-element_type=\"widget\" data-widget_type=\"button.default\">\n\t\t\t\t<div class=\"elementor-widget-container\">\n\t\t\t\t\t<div class=\"elementor-button-wrapper\">\n\t\t\t<a href=\"\/site\/carta-de-servicos-empresas\/\" class=\"elementor-button-link elementor-button elementor-size-lg\" role=\"button\">\n\t\t\t\t\t\t<span class=\"elementor-button-content-wrapper\">\n\t\t\t\t\t\t\t<span class=\"elementor-button-icon elementor-align-icon-left\">\n\t\t\t\t<i aria-hidden=\"true\" class=\"fas fa-building\"><\/i>\t\t\t<\/span>\n\t\t\t\t\t\t<span class=\"elementor-button-text\">Empresas<\/span>\n\t\t<\/span>\n\t\t\t\t\t<\/a>\n\t\t<\/div>\n\t\t\t\t<\/div>\n\t\t\t\t<\/div>\n\t\t\t\t<div class=\"elementor-element elementor-element-adcb870 elementor-align-justify elementor-widget elementor-widget-button\" data-id=\"adcb870\" data-element_type=\"widget\" data-widget_type=\"button.default\">\n\t\t\t\t<div class=\"elementor-widget-container\">\n\t\t\t\t\t<div class=\"elementor-button-wrapper\">\n\t\t\t<a href=\"\/site\/carta-de-servicos-servidor\/\" class=\"elementor-button-link elementor-button elementor-size-lg\" role=\"button\">\n\t\t\t\t\t\t<span class=\"elementor-button-content-wrapper\">\n\t\t\t\t\t\t\t<span class=\"elementor-button-icon elementor-align-icon-left\">\n\t\t\t\t<i aria-hidden=\"true\" class=\"fas fa-users\"><\/i>\t\t\t<\/span>\n\t\t\t\t\t\t<span class=\"elementor-button-text\">Servidores<\/span>\n\t\t<\/span>\n\t\t\t\t\t<\/a>\n\t\t<\/div>\n\t\t\t\t<\/div>\n\t\t\t\t<\/div>\n\t\t\t\t\t<\/div>\n\t\t<\/div>\n\t\t\t\t<div class=\"elementor-column elementor-col-50 elementor-top-column elementor-element elementor-element-e1eb099\" data-id=\"e1eb099\" data-element_type=\"column\">\n\t\t\t<div class=\"elementor-widget-wrap elementor-element-populated\">\n\t\t\t\t\t\t\t\t<div class=\"elementor-element elementor-element-78eccdc elementor-widget elementor-widget-shortcode\" data-id=\"78eccdc\" data-element_type=\"widget\" data-widget_type=\"shortcode.default\">\n\t\t\t\t<div class=\"elementor-widget-container\">\n\t\t\t\t\t\t<style type=\"text\/css\">\n\t\t\t\t\t\t#is-ajax-search-result-55540 .is-ajax-search-post,                        \n\t            #is-ajax-search-result-55540 .is-show-more-results,\n\t            #is-ajax-search-details-55540 .is-ajax-search-items > div {\n\t\t\t\t\tbackground-color: #ffffff !important;\n\t\t\t\t}\n            \t\t\t\t#is-ajax-search-result-55540 .is-ajax-search-post:hover,\n\t            #is-ajax-search-result-55540 .is-show-more-results:hover,\n\t            #is-ajax-search-details-55540 .is-ajax-search-tags-details > div:hover,\n\t            #is-ajax-search-details-55540 .is-ajax-search-categories-details > div:hover {\n\t\t\t\t\tbackground-color: #f7f7f7 !important;\n\t\t\t\t}\n                                        #is-ajax-search-result-55540 .is-ajax-term-label,\n                #is-ajax-search-details-55540 .is-ajax-term-label,\n\t\t\t\t#is-ajax-search-result-55540,\n                #is-ajax-search-details-55540 {\n\t\t\t\t\tcolor: #212529 !important;\n\t\t\t\t}\n                        \t\t\t\t#is-ajax-search-result-55540 a,\n                #is-ajax-search-details-55540 a:not(.button) {\n\t\t\t\t\tcolor: #007bff !important;\n\t\t\t\t}\n                #is-ajax-search-details-55540 .is-ajax-woocommerce-actions a.button {\n                \tbackground-color: #007bff !important;\n                }\n                        \t\t\t.is-form-id-55540 .is-search-submit:focus,\n\t\t\t.is-form-id-55540 .is-search-submit:hover,\n\t\t\t.is-form-id-55540 .is-search-submit,\n            .is-form-id-55540 .is-search-icon {\n\t\t\tcolor: #ffffff !important;            background-color: #003c8f !important;            border-color: #003c8f !important;\t\t\t}\n                        \t.is-form-id-55540 .is-search-submit path {\n\t\t\t\t\tfill: #ffffff !important;            \t}\n            \t\t\t.is-form-style-1.is-form-id-55540 .is-search-input:focus,\n\t\t\t.is-form-style-1.is-form-id-55540 .is-search-input:hover,\n\t\t\t.is-form-style-1.is-form-id-55540 .is-search-input,\n\t\t\t.is-form-style-2.is-form-id-55540 .is-search-input:focus,\n\t\t\t.is-form-style-2.is-form-id-55540 .is-search-input:hover,\n\t\t\t.is-form-style-2.is-form-id-55540 .is-search-input,\n\t\t\t.is-form-style-3.is-form-id-55540 .is-search-input:focus,\n\t\t\t.is-form-style-3.is-form-id-55540 .is-search-input:hover,\n\t\t\t.is-form-style-3.is-form-id-55540 .is-search-input,\n\t\t\t.is-form-id-55540 .is-search-input:focus,\n\t\t\t.is-form-id-55540 .is-search-input:hover,\n\t\t\t.is-form-id-55540 .is-search-input {\n                                                                                                background-color: #fcfbfe !important;\t\t\t}\n                        \t\t\t<\/style>\n\t\t\t\t\t\t\t\t\t<style type=\"text\/css\" media=\"screen\">\n\t\t\t\t\t\t\t#is-ajax-search-result-55540 .is-highlight { background-color: #FFFFB9 !important;}\n\t\t\t\t\t\t\t#is-ajax-search-result-55540 .meta .is-highlight { background-color: transparent !important;}\n\t\t\t\t\t\t\t<\/style>\n\t\t\t\t\t\t\t\t<div class=\"elementor-shortcode\"><form data-min-no-for-search=3 data-result-box-max-height=400 data-form-id=55540 class=\"is-search-form is-disable-submit is-form-style is-form-style-3 is-form-id-55540 is-ajax-search\" action=\"http:\/\/www.apucarana.pr.gov.br\/site\/\" method=\"get\" role=\"search\" ><label for=\"is-search-input-55540\"><span class=\"is-screen-reader-text\">Search for:<\/span><input  type=\"search\" id=\"is-search-input-55540\" name=\"s\" value=\"\" class=\"is-search-input\" placeholder=\"Digite aqui para buscar um servi\u00e7o\" autocomplete=off \/><span class=\"is-loader-image\" style=\"display: none;background-image:url(http:\/\/www.apucarana.pr.gov.br\/site\/wp-content\/plugins\/add-search-to-menu\/public\/images\/spinner.gif);\" ><\/span><\/label><button type=\"submit\" class=\"is-search-submit\"><span class=\"is-screen-reader-text\">Search Button<\/span><span class=\"is-search-icon\"><svg focusable=\"false\" aria-label=\"Search\" xmlns=\"http:\/\/www.w3.org\/2000\/svg\" viewBox=\"0 0 24 24\" width=\"24px\"><path d=\"M15.5 14h-.79l-.28-.27C15.41 12.59 16 11.11 16 9.5 16 5.91 13.09 3 9.5 3S3 5.91 3 9.5 5.91 16 9.5 16c1.61 0 3.09-.59 4.23-1.57l.27.28v.79l5 4.99L20.49 19l-4.99-5zm-6 0C7.01 14 5 11.99 5 9.5S7.01 5 9.5 5 14 7.01 14 9.5 11.99 14 9.5 14z\"><\/path><\/svg><\/span><\/button><input type=\"hidden\" name=\"id\" value=\"55540\" \/><input type=\"hidden\" name=\"post_type\" value=\"carta-de-servicos\" \/><\/form><\/div>\n\t\t\t\t<\/div>\n\t\t\t\t<\/div>\n\t\t\t\t<div class=\"elementor-element elementor-element-be6247f carta-de-servicos-accordion elementor-widget elementor-widget-jet-accordion\" data-id=\"be6247f\" data-element_type=\"widget\" data-widget_type=\"jet-accordion.default\">\n\t\t\t\t<div class=\"elementor-widget-container\">\n\t\t\t\t\t<div class=\"jet-accordion\" data-settings=\"{&quot;collapsible&quot;:true,&quot;ajaxTemplate&quot;:false,&quot;switchScrolling&quot;:false,&quot;switchScrollingOffset&quot;:0}\" role=\"tablist\">\n\t\t\t<div class=\"jet-accordion__inner\">\n\t\t\t\t<div class=\"jet-accordion__item jet-toggle jet-toggle-fade-effect \">\n\t\t\t\t\t\t\t<div id=\"jet-toggle-control-1991\" class=\"jet-toggle__control elementor-menu-anchor\" data-toggle=\"1\" role=\"tab\" tabindex=\"0\" aria-controls=\"jet-toggle-content-1991\" aria-expanded=\"false\" data-template-id=\"false\">\n\t\t\t\t\t\t\t\t<div class=\"jet-toggle__label-icon jet-toggle-icon-position-left\"><span class=\"jet-toggle__icon icon-normal jet-tabs-icon\"><i class=\"fas fa-book\"><\/i><\/span><span class=\"jet-toggle__icon icon-active jet-tabs-icon\"><i class=\"fas fa-book\"><\/i><\/span><\/div><div class=\"jet-toggle__label-text\">Educa\u00e7\u00e3o<\/div>\t\t\t\t\t\t\t<\/div>\n\t\t\t\t\t\t\t<div id=\"jet-toggle-content-1991\" class=\"jet-toggle__content\" data-toggle=\"1\" role=\"tabpanel\" data-template-id=\"false\">\n\t\t\t\t\t\t\t\t<div class=\"jet-toggle__content-inner\"><ul><li><a href=\"\/site\/carta-de-servicos\/solicitacao-de-licenca-premio-educacao\/\">Solicita\u00e7\u00e3o de Licen\u00e7a Pr\u00eamio (Educa\u00e7\u00e3o)<\/a><\/li><\/ul><\/div>\n\t\t\t\t\t\t\t<\/div>\n\t\t\t\t\t\t<\/div><div class=\"jet-accordion__item jet-toggle jet-toggle-fade-effect \">\n\t\t\t\t\t\t\t<div id=\"jet-toggle-control-1992\" class=\"jet-toggle__control elementor-menu-anchor\" data-toggle=\"2\" role=\"tab\" tabindex=\"0\" aria-controls=\"jet-toggle-content-1992\" aria-expanded=\"false\" data-template-id=\"false\">\n\t\t\t\t\t\t\t\t<div class=\"jet-toggle__label-icon jet-toggle-icon-position-left\"><span class=\"jet-toggle__icon icon-normal jet-tabs-icon\"><i class=\"fas fa-address-book\"><\/i><\/span><span class=\"jet-toggle__icon icon-active jet-tabs-icon\"><i class=\"fas fa-address-book\"><\/i><\/span><\/div><div class=\"jet-toggle__label-text\">Recursos Humanos<\/div>\t\t\t\t\t\t\t<\/div>\n\t\t\t\t\t\t\t<div id=\"jet-toggle-content-1992\" class=\"jet-toggle__content\" data-toggle=\"2\" role=\"tabpanel\" data-template-id=\"false\">\n\t\t\t\t\t\t\t\t<div class=\"jet-toggle__content-inner\"><ul>\n\t<li><a href=\"\/site\/carta-de-servicos\/comprovante-de-rendimentos\/\">Comprovante de Rendimentos<\/a><\/li>\n\t<li><a href=\"\/site\/carta-de-servicos\/concurso-publico\/\">Concurso P\u00fablico<\/a><\/li>\n\t<li><a href=\"\/site\/carta-de-servicos\/declaracao-de-trabalho\/\">Declara\u00e7\u00e3o de Trabalho<\/a><\/li>\n\t<li><a href=\"\/site\/carta-de-servicos\/ppp-perfil-profissiografico-previdenciario\/\">PPP &#8211; Perfil Profissiogr\u00e1fico Previdenci\u00e1rio<\/a><\/li>\n\t<li><a href=\"\/site\/carta-de-servicos\/solicitacao-de-certidao-de-tempo-de-servicos\/\">Solicita\u00e7\u00e3o de Certid\u00e3o de Tempo de Servi\u00e7os<\/a><\/li>\n<\/ul><\/div>\n\t\t\t\t\t\t\t<\/div>\n\t\t\t\t\t\t<\/div>\t\t\t\t\t\t\t\t<\/div>\n\t\t<\/div>\n\t\t\t\t<\/div>\n\t\t\t\t<\/div>\n\t\t\t\t\t<\/div>\n\t\t<\/div>\n\t\t\t\t\t\t\t<\/div>\n\t\t<\/section>\n\t\t\t\t\t\t\t<\/div>\n\t\t","protected":false},"excerpt":{"rendered":"<p>Cidad&atilde;o Empresas Servidores Educa&ccedil;&atilde;o Solicita&ccedil;&atilde;o de Licen&ccedil;a Pr&ecirc;mio (Educa&ccedil;&atilde;o) Recursos Humanos Comprovante de Rendimentos Concurso P&uacute;blico Declara&ccedil;&atilde;o de Trabalho PPP &ndash; Perfil Profissiogr&aacute;fico Previdenci&aacute;rio Solicita&ccedil;&atilde;o de Certid&atilde;o de Tempo de Servi&ccedil;os<\/p>\n","protected":false},"author":2,"featured_media":0,"parent":0,"menu_order":0,"comment_status":"closed","ping_status":"closed","template":"","meta":{"footnotes":""},"class_list":["post-54708","page","type-page","status-publish","hentry"],"acf":[],"_links":{"self":[{"href":"http:\/\/www.apucarana.pr.gov.br\/site\/wp-json\/wp\/v2\/pages\/54708","targetHints":{"allow":["GET"]}}],"collection":[{"href":"http:\/\/www.apucarana.pr.gov.br\/site\/wp-json\/wp\/v2\/pages"}],"about":[{"href":"http:\/\/www.apucarana.pr.gov.br\/site\/wp-json\/wp\/v2\/types\/page"}],"author":[{"embeddable":true,"href":"http:\/\/www.apucarana.pr.gov.br\/site\/wp-json\/wp\/v2\/users\/2"}],"replies":[{"embeddable":true,"href":"http:\/\/www.apucarana.pr.gov.br\/site\/wp-json\/wp\/v2\/comments?post=54708"}],"version-history":[{"count":6,"href":"http:\/\/www.apucarana.pr.gov.br\/site\/wp-json\/wp\/v2\/pages\/54708\/revisions"}],"predecessor-version":[{"id":58547,"href":"http:\/\/www.apucarana.pr.gov.br\/site\/wp-json\/wp\/v2\/pages\/54708\/revisions\/58547"}],"wp:attachment":[{"href":"http:\/\/www.apucarana.pr.gov.br\/site\/wp-json\/wp\/v2\/media?parent=54708"}],"curies":[{"name":"wp","href":"https:\/\/api.w.org\/{rel}","templated":true}]}}