{"id":5213,"date":"2021-08-03T15:08:31","date_gmt":"2021-08-03T18:08:31","guid":{"rendered":"http:\/\/www.apucarana.pr.gov.br\/site\/?page_id=5213"},"modified":"2026-04-24T08:38:46","modified_gmt":"2026-04-24T11:38:46","slug":"vagas-de-emprego","status":"publish","type":"page","link":"http:\/\/www.apucarana.pr.gov.br\/site\/vagas-de-emprego\/","title":{"rendered":"Vagas de Emprego"},"content":{"rendered":"\t\t<div data-elementor-type=\"wp-page\" data-elementor-id=\"5213\" class=\"elementor elementor-5213\">\n\t\t\t\t\t\t\t\t\t<section class=\"elementor-section elementor-top-section elementor-element elementor-element-5ff8941c elementor-section-boxed elementor-section-height-default elementor-section-height-default\" data-id=\"5ff8941c\" data-element_type=\"section\" data-settings=\"{&quot;jet_parallax_layout_list&quot;:[{&quot;jet_parallax_layout_image&quot;:{&quot;url&quot;:&quot;&quot;,&quot;id&quot;:&quot;&quot;},&quot;_id&quot;:&quot;7d8d2f6&quot;,&quot;jet_parallax_layout_image_tablet&quot;:{&quot;url&quot;:&quot;&quot;,&quot;id&quot;:&quot;&quot;},&quot;jet_parallax_layout_image_mobile&quot;:{&quot;url&quot;:&quot;&quot;,&quot;id&quot;:&quot;&quot;},&quot;jet_parallax_layout_speed&quot;:{&quot;unit&quot;:&quot;%&quot;,&quot;size&quot;:50,&quot;sizes&quot;:[]},&quot;jet_parallax_layout_type&quot;:&quot;scroll&quot;,&quot;jet_parallax_layout_direction&quot;:null,&quot;jet_parallax_layout_fx_direction&quot;:null,&quot;jet_parallax_layout_z_index&quot;:&quot;&quot;,&quot;jet_parallax_layout_bg_x&quot;:50,&quot;jet_parallax_layout_bg_x_tablet&quot;:&quot;&quot;,&quot;jet_parallax_layout_bg_x_mobile&quot;:&quot;&quot;,&quot;jet_parallax_layout_bg_y&quot;:50,&quot;jet_parallax_layout_bg_y_tablet&quot;:&quot;&quot;,&quot;jet_parallax_layout_bg_y_mobile&quot;:&quot;&quot;,&quot;jet_parallax_layout_bg_size&quot;:&quot;auto&quot;,&quot;jet_parallax_layout_bg_size_tablet&quot;:&quot;&quot;,&quot;jet_parallax_layout_bg_size_mobile&quot;:&quot;&quot;,&quot;jet_parallax_layout_animation_prop&quot;:&quot;transform&quot;,&quot;jet_parallax_layout_on&quot;:[&quot;desktop&quot;,&quot;tablet&quot;]}]}\">\n\t\t\t\t\t\t<div class=\"elementor-container elementor-column-gap-default\">\n\t\t\t\t\t<div class=\"elementor-column elementor-col-100 elementor-top-column elementor-element elementor-element-daee1a8\" data-id=\"daee1a8\" data-element_type=\"column\">\n\t\t\t<div class=\"elementor-widget-wrap elementor-element-populated\">\n\t\t\t\t\t\t\t\t<div class=\"elementor-element elementor-element-1455b3a elementor-widget elementor-widget-raven-image\" data-id=\"1455b3a\" data-element_type=\"widget\" data-widget_type=\"raven-image.default\">\n\t\t\t\t<div class=\"elementor-widget-container\">\n\t\t\t\t\t<div class=\"raven-image\">\n\t\t\n\t\t\n\t\t<img loading=\"lazy\" decoding=\"async\" width=\"1536\" height=\"865\" src=\"http:\/\/www.apucarana.pr.gov.br\/site\/wp-content\/uploads\/2026\/01\/BANNER-VAGAS-DE-EMPREGO-2026.png\" class=\"attachment-full size-full wp-image-122054\" alt=\"\" srcset=\"http:\/\/www.apucarana.pr.gov.br\/site\/wp-content\/uploads\/2026\/01\/BANNER-VAGAS-DE-EMPREGO-2026.png 1536w, http:\/\/www.apucarana.pr.gov.br\/site\/wp-content\/uploads\/2026\/01\/BANNER-VAGAS-DE-EMPREGO-2026-300x169.png 300w, http:\/\/www.apucarana.pr.gov.br\/site\/wp-content\/uploads\/2026\/01\/BANNER-VAGAS-DE-EMPREGO-2026-1024x577.png 1024w, http:\/\/www.apucarana.pr.gov.br\/site\/wp-content\/uploads\/2026\/01\/BANNER-VAGAS-DE-EMPREGO-2026-768x433.png 768w\" sizes=\"auto, (max-width: 1536px) 100vw, 1536px\" \/>\t\t<\/div>\n\t\t\t\t<\/div>\n\t\t\t\t<\/div>\n\t\t\t\t<div class=\"elementor-element elementor-element-205371cf elementor-widget elementor-widget-text-editor\" data-id=\"205371cf\" data-element_type=\"widget\" data-widget_type=\"text-editor.default\">\n\t\t\t\t<div class=\"elementor-widget-container\">\n\t\t\t\t\t\t\t<p>A Ag\u00eancia do Trabalhador de Apucarana oferta 388 vagas de emprego para o dia 24\/04. Os postos de trabalho est\u00e3o dispon\u00edveis em diversas \u00e1reas e est\u00e3o sujeitos a altera\u00e7\u00f5es conforme aberturas e contrata\u00e7\u00f5es nas empresas.<\/p><p>Localizada na Rua Ren\u00ea Camargo de Azambuja, 705, a Ag\u00eancia do Trabalhador funciona de segunda a sexta-feira, das 8 \u00e0s 17 horas. O contato pode ser feito pelo telefone (43) 3122-1084 \/ WhatsApp (43) 99654-9318.<\/p>\t\t\t\t\t\t<\/div>\n\t\t\t\t<\/div>\n\t\t\t\t<div class=\"elementor-element elementor-element-ba9b63d elementor-widget elementor-widget-heading\" data-id=\"ba9b63d\" data-element_type=\"widget\" data-widget_type=\"heading.default\">\n\t\t\t\t<div class=\"elementor-widget-container\">\n\t\t\t<h2 class=\"elementor-heading-title elementor-size-default\">Cursos Dispon\u00edveis<\/h2>\t\t<\/div>\n\t\t\t\t<\/div>\n\t\t\t\t<section class=\"elementor-section elementor-inner-section elementor-element elementor-element-fbbc384 elementor-section-boxed elementor-section-height-default elementor-section-height-default\" data-id=\"fbbc384\" data-element_type=\"section\" data-settings=\"{&quot;jet_parallax_layout_list&quot;:[]}\">\n\t\t\t\t\t\t<div class=\"elementor-container elementor-column-gap-default\">\n\t\t\t\t\t<div class=\"elementor-column elementor-col-50 elementor-inner-column elementor-element elementor-element-7eb3aed\" data-id=\"7eb3aed\" data-element_type=\"column\">\n\t\t\t<div class=\"elementor-widget-wrap elementor-element-populated\">\n\t\t\t\t\t\t\t\t<div class=\"elementor-element elementor-element-23f217f elementor-widget elementor-widget-jet-button\" data-id=\"23f217f\" data-element_type=\"widget\" data-widget_type=\"jet-button.default\">\n\t\t\t\t<div class=\"elementor-widget-container\">\n\t\t\t<div class=\"elementor-jet-button jet-elements\"><div class=\"jet-button__container\">\n\t<a class=\"jet-button__instance jet-button__instance--icon- hover-effect-0\" href=\"https:\/\/portalcursos.sgcpgestao.com.br\/parceiro\/prefeitura-de-apucarana\" target=\"_blank\" rel=\"nofollow\">\n\t\t<div class=\"jet-button__plane jet-button__plane-normal\"><\/div>\n\t\t<div class=\"jet-button__plane jet-button__plane-hover\"><\/div>\n\t\t<div class=\"jet-button__state jet-button__state-normal\">\n\t\t\t<span class=\"jet-button__label\">Cursos Prefeitura Municipal <\/span>\t\t<\/div>\n\t\t<div class=\"jet-button__state jet-button__state-hover\">\n\t\t\t<span class=\"jet-button__label\">Cursos Prefeitura Municipal <\/span>\t\t<\/div>\n\t<\/a>\n<\/div>\n<\/div>\t\t<\/div>\n\t\t\t\t<\/div>\n\t\t\t\t\t<\/div>\n\t\t<\/div>\n\t\t\t\t<div class=\"elementor-column elementor-col-50 elementor-inner-column elementor-element elementor-element-842cab1\" data-id=\"842cab1\" data-element_type=\"column\">\n\t\t\t<div class=\"elementor-widget-wrap elementor-element-populated\">\n\t\t\t\t\t\t\t\t<div class=\"elementor-element elementor-element-b3999b6 elementor-widget elementor-widget-jet-button\" data-id=\"b3999b6\" data-element_type=\"widget\" data-widget_type=\"jet-button.default\">\n\t\t\t\t<div class=\"elementor-widget-container\">\n\t\t\t<div class=\"elementor-jet-button jet-elements\"><div class=\"jet-button__container\">\n\t<a class=\"jet-button__instance jet-button__instance--icon- hover-effect-0\" href=\"https:\/\/portalcursos.sgcpgestao.com.br\/parceiro\/sivale\" target=\"_blank\" rel=\"nofollow\">\n\t\t<div class=\"jet-button__plane jet-button__plane-normal\"><\/div>\n\t\t<div class=\"jet-button__plane jet-button__plane-hover\"><\/div>\n\t\t<div class=\"jet-button__state jet-button__state-normal\">\n\t\t\t<span class=\"jet-button__label\">Cursos Parceria SIVALE<\/span>\t\t<\/div>\n\t\t<div class=\"jet-button__state jet-button__state-hover\">\n\t\t\t<span class=\"jet-button__label\">Cursos Parceria SIVALE<\/span>\t\t<\/div>\n\t<\/a>\n<\/div>\n<\/div>\t\t<\/div>\n\t\t\t\t<\/div>\n\t\t\t\t\t<\/div>\n\t\t<\/div>\n\t\t\t\t\t\t\t<\/div>\n\t\t<\/section>\n\t\t\t\t<div class=\"elementor-element elementor-element-f9ee601 elementor-widget elementor-widget-spacer\" data-id=\"f9ee601\" data-element_type=\"widget\" data-widget_type=\"spacer.default\">\n\t\t\t\t<div class=\"elementor-widget-container\">\n\t\t\t\t\t<div class=\"elementor-spacer\">\n\t\t\t<div class=\"elementor-spacer-inner\"><\/div>\n\t\t<\/div>\n\t\t\t\t<\/div>\n\t\t\t\t<\/div>\n\t\t\t\t<div class=\"elementor-element elementor-element-ddec8b1 elementor-widget elementor-widget-heading\" data-id=\"ddec8b1\" data-element_type=\"widget\" data-widget_type=\"heading.default\">\n\t\t\t\t<div class=\"elementor-widget-container\">\n\t\t\t<h2 class=\"elementor-heading-title elementor-size-default\">Vagas Para Trabalho Dispon\u00edveis<\/h2>\t\t<\/div>\n\t\t\t\t<\/div>\n\t\t\t\t<div class=\"elementor-element elementor-element-6ac2f07 elementor-widget elementor-widget-text-editor\" data-id=\"6ac2f07\" data-element_type=\"widget\" data-widget_type=\"text-editor.default\">\n\t\t\t\t<div class=\"elementor-widget-container\">\n\t\t\t\t\t\t\t<table dir=\"ltr\" border=\"1\" cellspacing=\"0\" cellpadding=\"0\"><tbody><tr><td>VAGAS SEM EXPERI\u00caNCIA<\/td><td>Quantidade<\/td><\/tr><tr><td>AJUDANTE DE CARGA E DESCARGA<\/td><td>1<\/td><\/tr><tr><td>AJUDANTE DE MOTORISTA<\/td><td>1<\/td><\/tr><tr><td>AJUDANTE DE SERRALHEIRO<\/td><td>2<\/td><\/tr><tr><td>ATENDENTE BALCONISTA<\/td><td>3<\/td><\/tr><tr><td>AUXILIAR DE CORTE<\/td><td>1<\/td><\/tr><tr><td>AUXILIAR DE COSTURA<\/td><td>6<\/td><\/tr><tr><td>AUXILIAR DE COSTURA NO ACABAMENTO<\/td><td>6<\/td><\/tr><tr><td>AUXILIAR DE COZINHA<\/td><td>1<\/td><\/tr><tr><td>AUXILIAR DE EXPEDI\u00c7\u00c3O<\/td><td>1<\/td><\/tr><tr><td>AUXILIAR DE LIMPEZA<\/td><td>3<\/td><\/tr><tr><td>AUXILIAR DE PRODU\u00c7\u00c3O<\/td><td>40<\/td><\/tr><tr><td>AUXILIAR DE SERVI\u00c7OS GERAIS<\/td><td>22<\/td><\/tr><tr><td>JOVEM APRENDIZ<\/td><td>1<\/td><\/tr><tr><td>MERENDEIRA<\/td><td>1<\/td><\/tr><tr><td>OPERADOR DE BALANCIM<\/td><td>1<\/td><\/tr><tr><td>OPERADOR DE CAIXA<\/td><td>1<\/td><\/tr><tr><td>OPERADOR DE SISTEMA<\/td><td>1<\/td><\/tr><tr><td>VENDEDOR EXTERNO<\/td><td>5<\/td><\/tr><tr><td>VENDEDOR INTERNO<\/td><td>7<\/td><\/tr><tr><td>VISTORIADOR DE VEICULOS<\/td><td>1<\/td><\/tr><tr><td>ZELADOR<\/td><td>15<\/td><\/tr><tr><td>\u00a0<\/td><td>\u00a0<\/td><\/tr><tr><td>VAGAS DIVERSAS<\/td><td>Quantidade<\/td><\/tr><tr><td>AJUSTADOR DE MEC\u00c2NICO<\/td><td>1<\/td><\/tr><tr><td>AGENTE DE PREVEN\u00c7\u00c3O<\/td><td>1<\/td><\/tr><tr><td>ANALISTA CONT\u00c1BIL<\/td><td>1<\/td><\/tr><tr><td>ANALISTA FISCAL<\/td><td>2<\/td><\/tr><tr><td>ATENDENTE MULTITAREFAS<\/td><td>1<\/td><\/tr><tr><td>AUXILIAR ADMINISTRATIVO<\/td><td>3<\/td><\/tr><tr><td>ASSISTENTE ADMINISTRATIVO<\/td><td>5<\/td><\/tr><tr><td>ASSISTENTE DE RH<\/td><td>1<\/td><\/tr><tr><td>AUXILIAR CONT\u00c1BIL<\/td><td>1<\/td><\/tr><tr><td>AUXILIAR DE LOG\u00cdSTICA<\/td><td>1<\/td><\/tr><tr><td>CONSULTOR DE VENDAS<\/td><td>2<\/td><\/tr><tr><td>CONFERENTE DE CARGA E DESCARGA<\/td><td>4<\/td><\/tr><tr><td>DESIGNER GR\u00c1FICOS<\/td><td>1<\/td><\/tr><tr><td>ELETRICISTA<\/td><td>1<\/td><\/tr><tr><td>ENCARREGADO DEPARTAMENTO PESSOAL<\/td><td>1<\/td><\/tr><tr><td>ESTILISTA DE MODA<\/td><td>1<\/td><\/tr><tr><td>ESTOQUISTA<\/td><td>1<\/td><\/tr><tr><td>FRESADOR<\/td><td>1<\/td><\/tr><tr><td>INSTALADOR DE INSULFILM<\/td><td>1<\/td><\/tr><tr><td>MEC\u00c2NICO DE AUTOM\u00d3VEL<\/td><td>1<\/td><\/tr><tr><td>MEC\u00c2NICO INDUSTRIAL<\/td><td>1<\/td><\/tr><tr><td>MONTADOR DE M\u00d3VEIS<\/td><td>1<\/td><\/tr><tr><td>MONTADOR DE VIDROS<\/td><td>1<\/td><\/tr><tr><td>MANUTEN\u00c7\u00c3O PREDIAL<\/td><td>1<\/td><\/tr><tr><td>MOTORISTA DE CAMINH\u00c3O (CNH C)<\/td><td>2<\/td><\/tr><tr><td>MOTORISTA DE CAMINH\u00c3O (CNH D)<\/td><td>1<\/td><\/tr><tr><td>MOTORISTA DE CAMINH\u00c3O BETONEIRA (CNH C)<\/td><td>1<\/td><\/tr><tr><td>MOTORISTA ENTREGADOR<\/td><td>2<\/td><\/tr><tr><td>OPERADOR DE CALDEIRA<\/td><td>2<\/td><\/tr><tr><td>OPERADOR DE MAQUINA DE CORTE DE BOMBINA<\/td><td>1<\/td><\/tr><tr><td>OPERADOR DE MAQUINA<\/td><td>8<\/td><\/tr><tr><td>OPERADOR DE PIN\u00c7A<\/td><td>1<\/td><\/tr><tr><td>OPERADOR DE TORNO CNC<\/td><td>1<\/td><\/tr><tr><td>PALETIZADOR<\/td><td>1<\/td><\/tr><tr><td>PINTOR A PISTOLA ELETROSTATICA<\/td><td>1<\/td><\/tr><tr><td>RECEPCIONISTA SECRET\u00c1RIA<\/td><td>1<\/td><\/tr><tr><td>SERRALHEIRO<\/td><td>1<\/td><\/tr><tr><td>SOLDADOR<\/td><td>1<\/td><\/tr><tr><td>TE\u00c9CNICO EM ELETROMECANICA<\/td><td>1<\/td><\/tr><tr><td>T\u00c9CNICO EM ELETR\u00d5NICO<\/td><td>1<\/td><\/tr><tr><td>TECNICO DE REDE EXTERNA<\/td><td>2<\/td><\/tr><tr><td>TORNEIRO MEC\u00c2NICO<\/td><td>1<\/td><\/tr><tr><td>TOSADOR DE ANIMAIS<\/td><td>1<\/td><\/tr><tr><td>TRABALHADOR DA PECUARIA (EQUINOS)<\/td><td>2<\/td><\/tr><tr><td>VIGIA<\/td><td>1<\/td><\/tr><tr><td>\u00a0<\/td><td>\u00a0<\/td><\/tr><tr><td>VAGAS PARA ENSINO SUPERIOR\/ T\u00c9CNICO<\/td><td>Quantidade<\/td><\/tr><tr><td>AUXILIAR CONT\u00c1BIL<\/td><td>1<\/td><\/tr><tr><td>ANALISTA DE RECURSOS HUMANOS<\/td><td>3<\/td><\/tr><tr><td>BIOM\u00c9DICO<\/td><td>1<\/td><\/tr><tr><td>FARMAC\u00caUTICO<\/td><td>1<\/td><\/tr><tr><td>PROFESSOR REGENTE<\/td><td>1<\/td><\/tr><tr><td>T\u00c9CNICO EM SISTEMAS DE SEGURAN\u00c7A<\/td><td>1<\/td><\/tr><tr><td>T\u00c9CNICO EM SEGURAN\u00c7A DO TRABALHO<\/td><td>1<\/td><\/tr><tr><td>\u00a0<\/td><td>\u00a0<\/td><\/tr><tr><td>VAGAS PARA PESSOAS COM DEFICI\u00caNCIA<\/td><td>Quantidade<\/td><\/tr><tr><td>AUXILIAR DE PRODU\u00c7\u00c3O<\/td><td>2<\/td><\/tr><tr><td>OPERADOR DE CAIXA<\/td><td>1<\/td><\/tr><tr><td>\u00a0<\/td><td>\u00a0<\/td><\/tr><tr><td>VAGAS NA \u00c1REA DA ALIMENTA\u00c7\u00c3O<\/td><td>Quantidade<\/td><\/tr><tr><td>AUXILIAR DE COZINHA<\/td><td>6<\/td><\/tr><tr><td>COZINHEIRO<\/td><td>4<\/td><\/tr><tr><td>\u00a0<\/td><td>\u00a0<\/td><\/tr><tr><td>VAGAS NA CONSTRU\u00c7\u00c3O CIVIL<\/td><td>Quantidade<\/td><\/tr><tr><td>AJUDANTE DE OBRAS<\/td><td>1<\/td><\/tr><tr><td>AUXILIAR ADMINSTRATIVO<\/td><td>1<\/td><\/tr><tr><td>ENCARREGADO DE OBRAS<\/td><td>1<\/td><\/tr><tr><td>OPERADOR DE ESCAVADEIRA HIDR\u00c1ULICA<\/td><td>1<\/td><\/tr><tr><td>OPERADOR DE MINI CARREGADEIRA<\/td><td>1<\/td><\/tr><tr><td>OPERADOR DE RETROESCAVADEIRA<\/td><td>1<\/td><\/tr><tr><td>OPERADOR DE ROLO<\/td><td>1<\/td><\/tr><tr><td>OPERADOR DE TRATOR<\/td><td>1<\/td><\/tr><tr><td>PEDREIRO<\/td><td>10<\/td><\/tr><tr><td>SERVENTE DE OBRAS<\/td><td>10<\/td><\/tr><tr><td>RASTELEIRO<\/td><td>1<\/td><\/tr><tr><td>\u00a0<\/td><td>\u00a0<\/td><\/tr><tr><td>VAGAS NO COM\u00c9RCIO<\/td><td>Quantidade<\/td><\/tr><tr><td>ATENDENTE DE TELEMARKETING<\/td><td>1<\/td><\/tr><tr><td>VENDEDOR EXTERNO<\/td><td>1<\/td><\/tr><tr><td>VENDEDOR INTERNO<\/td><td>6<\/td><\/tr><tr><td>\u00a0<\/td><td>\u00a0<\/td><\/tr><tr><td>VAGAS NA \u00c1REA DE COSTURA E CONFEC\u00c7\u00c3O<\/td><td>Quantidade<\/td><\/tr><tr><td>AUXILIAR DE COSTURA<\/td><td>5<\/td><\/tr><tr><td>AUXILIAR DE COSTURA NO ACABAMENTO<\/td><td>9<\/td><\/tr><tr><td>AUXILIAR DE CORTE<\/td><td>1<\/td><\/tr><tr><td>AUXILIAR DE ENFESTADOR DE TECIDOS<\/td><td>2<\/td><\/tr><tr><td>AUXILIAR DE OPERADOR DE BORDADO<\/td><td>1<\/td><\/tr><tr><td>CORTADOR<\/td><td>4<\/td><\/tr><tr><td>COSTUREIRA DE M\u00c1QUINA C\u00d3S<\/td><td>1<\/td><\/tr><tr><td>COSTUREIRA DE M\u00c1QUINA INTERLOQUE<\/td><td>4<\/td><\/tr><tr><td>COSTUREIRA DE M\u00c1QUINA OVERLOQUE<\/td><td>9<\/td><\/tr><tr><td>COSTUREIRA DE MAQUINA PRESPONTO<\/td><td>6<\/td><\/tr><tr><td>COSTUREIRA DE M\u00c1QUINA RETA<\/td><td>8<\/td><\/tr><tr><td>COSTUREIRA EM GERAL<\/td><td>13<\/td><\/tr><tr><td>COSTUREIRO REBATEDEIRA<\/td><td>1<\/td><\/tr><tr><td>COSTUREIRA PARA CAMISETA<\/td><td>1<\/td><\/tr><tr><td>COSTUREIRA PARA JEANS<\/td><td>1<\/td><\/tr><tr><td>COSTUREIRA PARA PREGAR BICO<\/td><td>3<\/td><\/tr><tr><td>COSTUREIRA PARA PREGAR ILH\u00d3S<\/td><td>2<\/td><\/tr><tr><td>ENFESTADOR DE ROUPAS<\/td><td>2<\/td><\/tr><tr><td>ENCHEDOR DE BICO<\/td><td>1<\/td><\/tr><tr><td>IMPRESSOR DE SERIGRAFIA<\/td><td>3<\/td><\/tr><tr><td>OPERADOR DE BORDADO<\/td><td>6<\/td><\/tr><tr><td>OPERADOR DE MAQUINA GALONEIRA<\/td><td>1<\/td><\/tr><tr><td>\u00a0<\/td><td>\u00a0<\/td><\/tr><tr><td>VAGAS EM SUPERMERCADOS<\/td><td>Quantidade<\/td><\/tr><tr><td>AJUDANTE DE A\u00c7OUGUEIRO<\/td><td>2<\/td><\/tr><tr><td>ATENDENTE DE PADARIA<\/td><td>4<\/td><\/tr><tr><td>AUXILIAR DE PADEIRO<\/td><td>1<\/td><\/tr><tr><td>A\u00c7OUGUEIRO<\/td><td>4<\/td><\/tr><tr><td>BALCONISTA DE A\u00c7OUGUE<\/td><td>6<\/td><\/tr><tr><td>EMPACOTADOR<\/td><td>2<\/td><\/tr><tr><td>OPERADOR DE CAIXA<\/td><td>27<\/td><\/tr><tr><td>PADEIRO<\/td><td>1<\/td><\/tr><tr><td>PROMOTOR DE VENDAS<\/td><td>1<\/td><\/tr><tr><td>REPOSITOR DE MERCADORIAS<\/td><td>7<\/td><\/tr><tr><td>ZELADOR<\/td><td>2<\/td><\/tr><\/tbody><\/table><p>\u00a0<\/p>\t\t\t\t\t\t<\/div>\n\t\t\t\t<\/div>\n\t\t\t\t\t<\/div>\n\t\t<\/div>\n\t\t\t\t\t\t\t<\/div>\n\t\t<\/section>\n\t\t\t\t\t\t\t<\/div>\n\t\t","protected":false},"excerpt":{"rendered":"<p>A Ag&ecirc;ncia do Trabalhador de Apucarana oferta 388 vagas de emprego para o dia 24\/04. Os postos de trabalho est&atilde;o dispon&iacute;veis em diversas &aacute;reas e est&atilde;o sujeitos a altera&ccedil;&otilde;es conforme aberturas e contrata&ccedil;&otilde;es nas empresas. Localizada na Rua Ren&ecirc; Camargo de Azambuja, 705, a Ag&ecirc;ncia do Trabalhador funciona de segunda a sexta-feira, das 8 &agrave;s [&hellip;]<\/p>\n","protected":false},"author":2,"featured_media":0,"parent":0,"menu_order":0,"comment_status":"closed","ping_status":"closed","template":"","meta":{"footnotes":""},"class_list":["post-5213","page","type-page","status-publish","hentry"],"acf":[],"_links":{"self":[{"href":"http:\/\/www.apucarana.pr.gov.br\/site\/wp-json\/wp\/v2\/pages\/5213","targetHints":{"allow":["GET"]}}],"collection":[{"href":"http:\/\/www.apucarana.pr.gov.br\/site\/wp-json\/wp\/v2\/pages"}],"about":[{"href":"http:\/\/www.apucarana.pr.gov.br\/site\/wp-json\/wp\/v2\/types\/page"}],"author":[{"embeddable":true,"href":"http:\/\/www.apucarana.pr.gov.br\/site\/wp-json\/wp\/v2\/users\/2"}],"replies":[{"embeddable":true,"href":"http:\/\/www.apucarana.pr.gov.br\/site\/wp-json\/wp\/v2\/comments?post=5213"}],"version-history":[{"count":5,"href":"http:\/\/www.apucarana.pr.gov.br\/site\/wp-json\/wp\/v2\/pages\/5213\/revisions"}],"predecessor-version":[{"id":126337,"href":"http:\/\/www.apucarana.pr.gov.br\/site\/wp-json\/wp\/v2\/pages\/5213\/revisions\/126337"}],"wp:attachment":[{"href":"http:\/\/www.apucarana.pr.gov.br\/site\/wp-json\/wp\/v2\/media?parent=5213"}],"curies":[{"name":"wp","href":"https:\/\/api.w.org\/{rel}","templated":true}]}}