{"id":50434,"date":"2021-09-16T10:06:29","date_gmt":"2021-09-16T13:06:29","guid":{"rendered":"http:\/\/www.apucarana.pr.gov.br\/site\/?page_id=50434"},"modified":"2025-05-30T11:15:33","modified_gmt":"2025-05-30T14:15:33","slug":"controle-interno","status":"publish","type":"page","link":"http:\/\/www.apucarana.pr.gov.br\/site\/orgaos-da-administracao\/controle-interno\/","title":{"rendered":"Controle Interno"},"content":{"rendered":"\t\t<div data-elementor-type=\"wp-page\" data-elementor-id=\"50434\" class=\"elementor elementor-50434\">\n\t\t\t\t\t\t\t\t\t<section class=\"elementor-section elementor-top-section elementor-element elementor-element-9a764d5 elementor-section-boxed elementor-section-height-default elementor-section-height-default\" data-id=\"9a764d5\" data-element_type=\"section\" data-settings=\"{&quot;jet_parallax_layout_list&quot;:[{&quot;jet_parallax_layout_image&quot;:{&quot;url&quot;:&quot;&quot;,&quot;id&quot;:&quot;&quot;},&quot;_id&quot;:&quot;4dfac68&quot;,&quot;jet_parallax_layout_image_tablet&quot;:{&quot;url&quot;:&quot;&quot;,&quot;id&quot;:&quot;&quot;},&quot;jet_parallax_layout_image_mobile&quot;:{&quot;url&quot;:&quot;&quot;,&quot;id&quot;:&quot;&quot;},&quot;jet_parallax_layout_speed&quot;:{&quot;unit&quot;:&quot;%&quot;,&quot;size&quot;:50,&quot;sizes&quot;:[]},&quot;jet_parallax_layout_type&quot;:&quot;scroll&quot;,&quot;jet_parallax_layout_direction&quot;:null,&quot;jet_parallax_layout_fx_direction&quot;:null,&quot;jet_parallax_layout_z_index&quot;:&quot;&quot;,&quot;jet_parallax_layout_bg_x&quot;:50,&quot;jet_parallax_layout_bg_x_tablet&quot;:&quot;&quot;,&quot;jet_parallax_layout_bg_x_mobile&quot;:&quot;&quot;,&quot;jet_parallax_layout_bg_y&quot;:50,&quot;jet_parallax_layout_bg_y_tablet&quot;:&quot;&quot;,&quot;jet_parallax_layout_bg_y_mobile&quot;:&quot;&quot;,&quot;jet_parallax_layout_bg_size&quot;:&quot;auto&quot;,&quot;jet_parallax_layout_bg_size_tablet&quot;:&quot;&quot;,&quot;jet_parallax_layout_bg_size_mobile&quot;:&quot;&quot;,&quot;jet_parallax_layout_animation_prop&quot;:&quot;transform&quot;,&quot;jet_parallax_layout_on&quot;:[&quot;desktop&quot;,&quot;tablet&quot;]}]}\">\n\t\t\t\t\t\t<div class=\"elementor-container elementor-column-gap-default\">\n\t\t\t\t\t<div class=\"elementor-column elementor-col-50 elementor-top-column elementor-element elementor-element-6772354\" data-id=\"6772354\" data-element_type=\"column\">\n\t\t\t<div class=\"elementor-widget-wrap elementor-element-populated\">\n\t\t\t\t\t\t\t\t<div class=\"elementor-element elementor-element-9c1eb33 elementor-widget elementor-widget-jet-custom-menu\" data-id=\"9c1eb33\" data-element_type=\"widget\" data-widget_type=\"jet-custom-menu.default\">\n\t\t\t\t<div class=\"elementor-widget-container\">\n\t\t\t<div class=\"menu-secretarias-container\"><div class=\"jet-custom-nav jet-custom-nav--dropdown-right-side jet-custom-nav--animation-fade\"><div class=\"menu-item menu-item-type-post_type menu-item-object-page jet-custom-nav__item jet-custom-nav__item-1449\"><a href=\"http:\/\/www.apucarana.pr.gov.br\/site\/orgaos-da-administracao\/agricultura\/\" class=\"jet-custom-nav__item-link\"><span class=\"jet-menu-link-text\"><span class=\"jet-custom-item-label top-level-label\">Agricultura<\/span><\/span><\/a><\/div>\n<div class=\"menu-item menu-item-type-post_type menu-item-object-page jet-custom-nav__item jet-custom-nav__item-1584\"><a href=\"http:\/\/www.apucarana.pr.gov.br\/site\/orgaos-da-administracao\/assistencia-social\/\" class=\"jet-custom-nav__item-link\"><span class=\"jet-menu-link-text\"><span class=\"jet-custom-item-label top-level-label\">Assist\u00eancia Social<\/span><\/span><\/a><\/div>\n<div class=\"menu-item menu-item-type-post_type menu-item-object-page jet-custom-nav__item jet-custom-nav__item-1576\"><a href=\"http:\/\/www.apucarana.pr.gov.br\/site\/orgaos-da-administracao\/autarquia-municipal-de-educacao\/\" class=\"jet-custom-nav__item-link\"><span class=\"jet-menu-link-text\"><span class=\"jet-custom-item-label top-level-label\">Autarquia Municipal de Educa\u00e7\u00e3o<\/span><\/span><\/a><\/div>\n<div class=\"menu-item menu-item-type-post_type menu-item-object-page jet-custom-nav__item jet-custom-nav__item-1575\"><a href=\"http:\/\/www.apucarana.pr.gov.br\/site\/orgaos-da-administracao\/autarquia-municipal-de-saude\/\" class=\"jet-custom-nav__item-link\"><span class=\"jet-menu-link-text\"><span class=\"jet-custom-item-label top-level-label\">Autarquia Municipal de Sa\u00fade<\/span><\/span><\/a><\/div>\n<div class=\"menu-item menu-item-type-post_type menu-item-object-page jet-custom-nav__item jet-custom-nav__item-1574\"><a href=\"http:\/\/www.apucarana.pr.gov.br\/site\/orgaos-da-administracao\/autarquia-de-servicos-funerarios\/\" class=\"jet-custom-nav__item-link\"><span class=\"jet-menu-link-text\"><span class=\"jet-custom-item-label top-level-label\">Autarquia de Servi\u00e7os Funer\u00e1rios<\/span><\/span><\/a><\/div>\n<div class=\"menu-item menu-item-type-post_type menu-item-object-page jet-custom-nav__item jet-custom-nav__item-50437\"><a href=\"http:\/\/www.apucarana.pr.gov.br\/site\/orgaos-da-administracao\/controle-interno\/\" class=\"jet-custom-nav__item-link\"><span class=\"jet-menu-link-text\"><span class=\"jet-custom-item-label top-level-label\">Controle Interno<\/span><\/span><\/a><\/div>\n<div class=\"menu-item menu-item-type-post_type menu-item-object-page jet-custom-nav__item jet-custom-nav__item-1582\"><a href=\"http:\/\/www.apucarana.pr.gov.br\/site\/orgaos-da-administracao\/esportes\/\" class=\"jet-custom-nav__item-link\"><span class=\"jet-menu-link-text\"><span class=\"jet-custom-item-label top-level-label\">Esportes<\/span><\/span><\/a><\/div>\n<div class=\"menu-item menu-item-type-post_type menu-item-object-page jet-custom-nav__item jet-custom-nav__item-1337\"><a href=\"http:\/\/www.apucarana.pr.gov.br\/site\/orgaos-da-administracao\/fazenda\/\" class=\"jet-custom-nav__item-link\"><span class=\"jet-menu-link-text\"><span class=\"jet-custom-item-label top-level-label\">Fazenda<\/span><\/span><\/a><\/div>\n<div class=\"menu-item menu-item-type-post_type menu-item-object-page jet-custom-nav__item jet-custom-nav__item-50510\"><a href=\"http:\/\/www.apucarana.pr.gov.br\/site\/orgaos-da-administracao\/gabinete\/\" class=\"jet-custom-nav__item-link\"><span class=\"jet-menu-link-text\"><span class=\"jet-custom-item-label top-level-label\">Gabinete<\/span><\/span><\/a><\/div>\n<div class=\"menu-item menu-item-type-post_type menu-item-object-page jet-custom-nav__item jet-custom-nav__item-1581\"><a href=\"http:\/\/www.apucarana.pr.gov.br\/site\/orgaos-da-administracao\/gestao-publica\/\" class=\"jet-custom-nav__item-link\"><span class=\"jet-menu-link-text\"><span class=\"jet-custom-item-label top-level-label\">Gest\u00e3o P\u00fablica<\/span><\/span><\/a><\/div>\n<div class=\"menu-item menu-item-type-post_type menu-item-object-page jet-custom-nav__item jet-custom-nav__item-1580\"><a href=\"http:\/\/www.apucarana.pr.gov.br\/site\/orgaos-da-administracao\/industria-comercio-e-emprego\/\" class=\"jet-custom-nav__item-link\"><span class=\"jet-menu-link-text\"><span class=\"jet-custom-item-label top-level-label\">Ind\u00fastria, Com\u00e9rcio e Emprego<\/span><\/span><\/a><\/div>\n<div class=\"menu-item menu-item-type-post_type menu-item-object-page jet-custom-nav__item jet-custom-nav__item-1573\"><a href=\"http:\/\/www.apucarana.pr.gov.br\/site\/orgaos-da-administracao\/instituto-de-pesquisa-e-planejamento\/\" class=\"jet-custom-nav__item-link\"><span class=\"jet-menu-link-text\"><span class=\"jet-custom-item-label top-level-label\">Instituto de Pesquisa e Planejamento<\/span><\/span><\/a><\/div>\n<div class=\"menu-item menu-item-type-post_type menu-item-object-page jet-custom-nav__item jet-custom-nav__item-1579\"><a href=\"http:\/\/www.apucarana.pr.gov.br\/site\/orgaos-da-administracao\/meio-ambiente\/\" class=\"jet-custom-nav__item-link\"><span class=\"jet-menu-link-text\"><span class=\"jet-custom-item-label top-level-label\">Meio Ambiente<\/span><\/span><\/a><\/div>\n<div class=\"menu-item menu-item-type-post_type menu-item-object-page jet-custom-nav__item jet-custom-nav__item-1572\"><a href=\"http:\/\/www.apucarana.pr.gov.br\/site\/orgaos-da-administracao\/mulher-e-assuntos-da-familia\/\" class=\"jet-custom-nav__item-link\"><span class=\"jet-menu-link-text\"><span class=\"jet-custom-item-label top-level-label\">Mulher e Assuntos da Fam\u00edlia<\/span><\/span><\/a><\/div>\n<div class=\"menu-item menu-item-type-post_type menu-item-object-page jet-custom-nav__item jet-custom-nav__item-1578\"><a href=\"http:\/\/www.apucarana.pr.gov.br\/site\/orgaos-da-administracao\/obras\/\" class=\"jet-custom-nav__item-link\"><span class=\"jet-menu-link-text\"><span class=\"jet-custom-item-label top-level-label\">Obras<\/span><\/span><\/a><\/div>\n<div class=\"menu-item menu-item-type-post_type menu-item-object-page jet-custom-nav__item jet-custom-nav__item-1846\"><a href=\"http:\/\/www.apucarana.pr.gov.br\/site\/orgaos-da-administracao\/promocao-artistica-cultural-e-turistica\/\" class=\"jet-custom-nav__item-link\"><span class=\"jet-menu-link-text\"><span class=\"jet-custom-item-label top-level-label\">Promo\u00e7\u00e3o Art\u00edstica, Cultural e Tur\u00edstica<\/span><\/span><\/a><\/div>\n<div class=\"menu-item menu-item-type-post_type menu-item-object-page jet-custom-nav__item jet-custom-nav__item-113445\"><a href=\"http:\/\/www.apucarana.pr.gov.br\/site\/orgaos-da-administracao\/seguranca-transporte-transito-mobilidade-urbana-e-defesa-civil\/\" class=\"jet-custom-nav__item-link\"><span class=\"jet-menu-link-text\"><span class=\"jet-custom-item-label top-level-label\">Seguran\u00e7a, Transporte, Tr\u00e2nsito, Mobilidade Urbana e Defesa Civil<\/span><\/span><\/a><\/div>\n<div class=\"menu-item menu-item-type-post_type menu-item-object-page jet-custom-nav__item jet-custom-nav__item-1577\"><a href=\"http:\/\/www.apucarana.pr.gov.br\/site\/orgaos-da-administracao\/servicos-publicos\/\" class=\"jet-custom-nav__item-link\"><span class=\"jet-menu-link-text\"><span class=\"jet-custom-item-label top-level-label\">Servi\u00e7os P\u00fablicos<\/span><\/span><\/a><\/div>\n<\/div><\/div>\t\t<\/div>\n\t\t\t\t<\/div>\n\t\t\t\t\t<\/div>\n\t\t<\/div>\n\t\t\t\t<div class=\"elementor-column elementor-col-50 elementor-top-column elementor-element elementor-element-9ac5a3a\" data-id=\"9ac5a3a\" data-element_type=\"column\">\n\t\t\t<div class=\"elementor-widget-wrap elementor-element-populated\">\n\t\t\t\t\t\t\t\t<div class=\"elementor-element elementor-element-98ee9c3 elementor-align-left elementor-widget elementor-widget-raven-heading\" data-id=\"98ee9c3\" data-element_type=\"widget\" data-widget_type=\"raven-heading.default\">\n\t\t\t\t<div class=\"elementor-widget-container\">\n\t\t\t\t\t<div class=\"raven-widget-wrapper\"><h2 class=\"raven-heading raven-heading-h2\"><span class=\"raven-heading-title\">Controle Interno<\/span><\/h2><\/div>\n\t\t\t\t<\/div>\n\t\t\t\t<\/div>\n\t\t\t\t<div class=\"elementor-element elementor-element-574b133 elementor-widget elementor-widget-text-editor\" data-id=\"574b133\" data-element_type=\"widget\" data-widget_type=\"text-editor.default\">\n\t\t\t\t<div class=\"elementor-widget-container\">\n\t\t\t\t\t\t\t<p>Criado pela lei n\u00ba 075\/2020, o Controle Interno da Prefeitura de Apucarana tem como fun\u00e7\u00e3o avaliar a a\u00e7\u00e3o governamental e a gest\u00e3o fiscal da administra\u00e7\u00e3o p\u00fablica. Tem status de secretaria e pertence \u00e0 administra\u00e7\u00e3o direta do munic\u00edpio.<\/p><p>Sua miss\u00e3o \u00e9 promover, permanentemente, a fiscaliza\u00e7\u00e3o cont\u00e1bil, financeira, or\u00e7ament\u00e1ria, operacional e patrimonial do munic\u00edpio, visando garantir a legalidade, legitimidade, economicidade e efici\u00eancia na administra\u00e7\u00e3o dos recursos e bens p\u00fablicos.<\/p><p>Entre as suas in\u00fameras atribui\u00e7\u00f5es est\u00e1 avaliar o cumprimento das diretrizes, objetivos e metas previstos no Plano Plurianual e eventuais altera\u00e7\u00f5es; e tamb\u00e9m o cumprimento das metas estabelecidas na Lei de Diretrizes Or\u00e7ament\u00e1rias. Deve ainda verificar os limites e condi\u00e7\u00f5es para a realiza\u00e7\u00e3o de opera\u00e7\u00f5es de cr\u00e9dito e inscri\u00e7\u00e3o em restos a pagar; e examinar, periodicamente, a observ\u00e2ncia do limite da despesa total com pessoal dos \u00f3rg\u00e3os e avaliar as medidas adotadas para o seu retomo ao respectivo limite.<\/p><p>Al\u00e9m disso, \u00e9 tamb\u00e9m respons\u00e1vel por acompanhar a gest\u00e3o patrimonial e pela avalia\u00e7\u00e3o dos resultados obtidos pelos administradores na execu\u00e7\u00e3o dos programas de governo e na aplica\u00e7\u00e3o dos recursos or\u00e7ament\u00e1rios, entre outras atribui\u00e7\u00f5es. Quando necess\u00e1rio, tem por obriga\u00e7\u00e3o adotar as provid\u00eancias para garantir o controle e a corre\u00e7\u00e3o necess\u00e1ria dos procedimentos administrativos do munic\u00edpio.<\/p>\t\t\t\t\t\t<\/div>\n\t\t\t\t<\/div>\n\t\t\t\t<div class=\"elementor-element elementor-element-c405f45 elementor-widget elementor-widget-text-editor\" data-id=\"c405f45\" data-element_type=\"widget\" data-widget_type=\"text-editor.default\">\n\t\t\t\t<div class=\"elementor-widget-container\">\n\t\t\t\t\t\t\t<p><strong>Secret\u00e1rio<\/strong>: Marcelo Barros<\/p><p><strong>Endere\u00e7o<\/strong>:\u00a0Centro C\u00edvico Jos\u00e9 de Oliveira Rosa, 25\u00a0<span style=\"color: var( --e-global-color-text ); font-family: var( --e-global-typography-text-font-family ), Sans-serif; font-weight: var( --e-global-typography-text-font-weight ); font-size: 1rem;\">\u2013 Centro<\/span><span style=\"color: var( --e-global-color-text ); font-family: var( --e-global-typography-text-font-family ), Sans-serif; font-weight: var( --e-global-typography-text-font-weight ); font-size: 1rem;\">\u00a0\u2013 1\u00ba andar<\/span><\/p><p><strong>Telefone<\/strong>:\u00a0(43) 3422-4000<\/p><p><strong>E-mail<\/strong>: controladoria@apucarana.pr.gov.br<\/p><p><strong>Hor\u00e1rio de Funcionamento<\/strong>: Segunda a sexta-feira, das 8h \u00e0s 18h<\/p>\t\t\t\t\t\t<\/div>\n\t\t\t\t<\/div>\n\t\t\t\t\t<\/div>\n\t\t<\/div>\n\t\t\t\t\t\t\t<\/div>\n\t\t<\/section>\n\t\t\t\t\t\t\t<\/div>\n\t\t","protected":false},"excerpt":{"rendered":"<p>Agricultura Assist&ecirc;ncia Social Autarquia Municipal de Educa&ccedil;&atilde;o Autarquia Municipal de Sa&uacute;de Autarquia de Servi&ccedil;os Funer&aacute;rios Controle Interno Esportes Fazenda Gabinete Gest&atilde;o P&uacute;blica Ind&uacute;stria, Com&eacute;rcio e Emprego Instituto de Pesquisa e Planejamento Meio Ambiente Mulher e Assuntos da Fam&iacute;lia Obras Promo&ccedil;&atilde;o Art&iacute;stica, Cultural e Tur&iacute;stica Seguran&ccedil;a, Transporte, Tr&acirc;nsito, Mobilidade Urbana e Defesa Civil Servi&ccedil;os P&uacute;blicos Controle [&hellip;]<\/p>\n","protected":false},"author":2,"featured_media":0,"parent":646,"menu_order":0,"comment_status":"closed","ping_status":"closed","template":"","meta":{"footnotes":""},"class_list":["post-50434","page","type-page","status-publish","hentry"],"acf":[],"_links":{"self":[{"href":"http:\/\/www.apucarana.pr.gov.br\/site\/wp-json\/wp\/v2\/pages\/50434","targetHints":{"allow":["GET"]}}],"collection":[{"href":"http:\/\/www.apucarana.pr.gov.br\/site\/wp-json\/wp\/v2\/pages"}],"about":[{"href":"http:\/\/www.apucarana.pr.gov.br\/site\/wp-json\/wp\/v2\/types\/page"}],"author":[{"embeddable":true,"href":"http:\/\/www.apucarana.pr.gov.br\/site\/wp-json\/wp\/v2\/users\/2"}],"replies":[{"embeddable":true,"href":"http:\/\/www.apucarana.pr.gov.br\/site\/wp-json\/wp\/v2\/comments?post=50434"}],"version-history":[{"count":5,"href":"http:\/\/www.apucarana.pr.gov.br\/site\/wp-json\/wp\/v2\/pages\/50434\/revisions"}],"predecessor-version":[{"id":113920,"href":"http:\/\/www.apucarana.pr.gov.br\/site\/wp-json\/wp\/v2\/pages\/50434\/revisions\/113920"}],"up":[{"embeddable":true,"href":"http:\/\/www.apucarana.pr.gov.br\/site\/wp-json\/wp\/v2\/pages\/646"}],"wp:attachment":[{"href":"http:\/\/www.apucarana.pr.gov.br\/site\/wp-json\/wp\/v2\/media?parent=50434"}],"curies":[{"name":"wp","href":"https:\/\/api.w.org\/{rel}","templated":true}]}}