{"id":5006,"date":"2021-07-30T17:05:12","date_gmt":"2021-07-30T20:05:12","guid":{"rendered":"http:\/\/www.apucarana.pr.gov.br\/site\/?page_id=5006"},"modified":"2026-02-26T11:54:14","modified_gmt":"2026-02-26T14:54:14","slug":"telefones-uteis","status":"publish","type":"page","link":"http:\/\/www.apucarana.pr.gov.br\/site\/telefones-uteis\/","title":{"rendered":"Telefones \u00dateis"},"content":{"rendered":"\t\t<div data-elementor-type=\"wp-page\" data-elementor-id=\"5006\" class=\"elementor elementor-5006\">\n\t\t\t\t\t\t\t\t\t<section class=\"elementor-section elementor-top-section elementor-element elementor-element-6306a0e elementor-section-boxed elementor-section-height-default elementor-section-height-default\" data-id=\"6306a0e\" data-element_type=\"section\" data-settings=\"{&quot;jet_parallax_layout_list&quot;:[{&quot;jet_parallax_layout_image&quot;:{&quot;url&quot;:&quot;&quot;,&quot;id&quot;:&quot;&quot;},&quot;_id&quot;:&quot;0245c74&quot;,&quot;jet_parallax_layout_image_tablet&quot;:{&quot;url&quot;:&quot;&quot;,&quot;id&quot;:&quot;&quot;},&quot;jet_parallax_layout_image_mobile&quot;:{&quot;url&quot;:&quot;&quot;,&quot;id&quot;:&quot;&quot;},&quot;jet_parallax_layout_speed&quot;:{&quot;unit&quot;:&quot;%&quot;,&quot;size&quot;:50,&quot;sizes&quot;:[]},&quot;jet_parallax_layout_type&quot;:&quot;scroll&quot;,&quot;jet_parallax_layout_direction&quot;:null,&quot;jet_parallax_layout_fx_direction&quot;:null,&quot;jet_parallax_layout_z_index&quot;:&quot;&quot;,&quot;jet_parallax_layout_bg_x&quot;:50,&quot;jet_parallax_layout_bg_x_tablet&quot;:&quot;&quot;,&quot;jet_parallax_layout_bg_x_mobile&quot;:&quot;&quot;,&quot;jet_parallax_layout_bg_y&quot;:50,&quot;jet_parallax_layout_bg_y_tablet&quot;:&quot;&quot;,&quot;jet_parallax_layout_bg_y_mobile&quot;:&quot;&quot;,&quot;jet_parallax_layout_bg_size&quot;:&quot;auto&quot;,&quot;jet_parallax_layout_bg_size_tablet&quot;:&quot;&quot;,&quot;jet_parallax_layout_bg_size_mobile&quot;:&quot;&quot;,&quot;jet_parallax_layout_animation_prop&quot;:&quot;transform&quot;,&quot;jet_parallax_layout_on&quot;:[&quot;desktop&quot;,&quot;tablet&quot;]}]}\">\n\t\t\t\t\t\t<div class=\"elementor-container elementor-column-gap-default\">\n\t\t\t\t\t<div class=\"elementor-column elementor-col-100 elementor-top-column elementor-element elementor-element-e06b830\" data-id=\"e06b830\" data-element_type=\"column\">\n\t\t\t<div class=\"elementor-widget-wrap elementor-element-populated\">\n\t\t\t\t\t\t\t\t<div class=\"elementor-element elementor-element-78f22f3 elementor-widget elementor-widget-jet-table\" data-id=\"78f22f3\" data-element_type=\"widget\" data-widget_type=\"jet-table.default\">\n\t\t\t\t<div class=\"elementor-widget-container\">\n\t\t\t<div class=\"elementor-jet-table jet-elements\">\n\t\t<div class=\"jet-table-wrapper jet-table-responsive-mobile\">\n\t\t\t<table class=\"jet-table jet-table--fa5-compat\">\n\t\t\t\t<thead class=\"jet-table__head\"><tr class=\"jet-table__head-row\"><th class=\"jet-table__cell elementor-repeater-item-d62df29 jet-table__head-cell\" scope=\"col\"><div class=\"jet-table__cell-inner\"><div class=\"jet-table__cell-content\"><div class=\"jet-table__cell-text\">Institui\u00e7\u00e3o<\/div><\/div><\/div><\/th><th class=\"jet-table__cell elementor-repeater-item-fa8380a jet-table__head-cell\" scope=\"col\"><div class=\"jet-table__cell-inner\"><div class=\"jet-table__cell-content\"><div class=\"jet-table__cell-text\">Telefone<\/div><\/div><\/div><\/th><th class=\"jet-table__cell elementor-repeater-item-be4b56a jet-table__head-cell\" scope=\"col\"><div class=\"jet-table__cell-inner\"><div class=\"jet-table__cell-content\"><div class=\"jet-table__cell-text\">Hor\u00e1rio de Atendimento<\/div><\/div><\/div><\/th><\/tr><\/thead>\n\t\t\t\t\t\t\t\t<tbody class=\"jet-table__body\"><tr class=\"jet-table__body-row elementor-repeater-item-3c098d7\"><td class=\"jet-table__cell elementor-repeater-item-329cb9a jet-table__body-cell\"><div class=\"jet-table__cell-inner\"><div class=\"jet-table__cell-content\"><div class=\"jet-table__cell-text\">Ag\u00eancia do Trabalhador (SINE)<\/div><\/div><\/div><\/td><td class=\"jet-table__cell elementor-repeater-item-8181461 jet-table__body-cell\"><div class=\"jet-table__cell-inner\"><div class=\"jet-table__cell-content\"><div class=\"jet-table__cell-text\">(43) 3423-1376 <br>\n(43) 3423-5266<\/div><\/div><\/div><\/td><td class=\"jet-table__cell elementor-repeater-item-7bb2c30 jet-table__body-cell\"><div class=\"jet-table__cell-inner\"><div class=\"jet-table__cell-content\"><div class=\"jet-table__cell-text\">Segunda a sexta-feira, das 8h \u00e0s 17h<\/div><\/div><\/div><\/td><\/tr><tr class=\"jet-table__body-row elementor-repeater-item-55873ac\"><td class=\"jet-table__cell elementor-repeater-item-5a4fb74 jet-table__body-cell\"><div class=\"jet-table__cell-inner\"><div class=\"jet-table__cell-content\"><div class=\"jet-table__cell-text\">ASERFA<\/div><\/div><\/div><\/td><td class=\"jet-table__cell elementor-repeater-item-58647a4 jet-table__body-cell\"><div class=\"jet-table__cell-inner\"><div class=\"jet-table__cell-content\"><div class=\"jet-table__cell-text\">(43) 3422-1053 <br>\n(43) 3422-3599<\/div><\/div><\/div><\/td><td class=\"jet-table__cell elementor-repeater-item-e8261bd jet-table__body-cell\"><div class=\"jet-table__cell-inner\"><div class=\"jet-table__cell-content\"><div class=\"jet-table__cell-text\">Segunda a sexta-feira, das 8h \u00e0s 18h<\/div><\/div><\/div><\/td><\/tr><tr class=\"jet-table__body-row elementor-repeater-item-ffa0b9e\"><td class=\"jet-table__cell elementor-repeater-item-8ea4eeb jet-table__body-cell\"><div class=\"jet-table__cell-inner\"><div class=\"jet-table__cell-content\"><div class=\"jet-table__cell-text\">Centro de Atendimento a Mulher (CAM)<\/div><\/div><\/div><\/td><td class=\"jet-table__cell elementor-repeater-item-371d590 jet-table__body-cell\"><div class=\"jet-table__cell-inner\"><div class=\"jet-table__cell-content\"><div class=\"jet-table__cell-text\">0800-645-4479 <br>\n(43) 99967-0429<\/div><\/div><\/div><\/td><td class=\"jet-table__cell elementor-repeater-item-b15d065 jet-table__body-cell\"><div class=\"jet-table__cell-inner\"><div class=\"jet-table__cell-content\"><div class=\"jet-table__cell-text\">Segunda a sexta-feira, das 8h \u00e0s 17h<\/div><\/div><\/div><\/td><\/tr><tr class=\"jet-table__body-row elementor-repeater-item-90e8ad1\"><td class=\"jet-table__cell elementor-repeater-item-04a1763 jet-table__body-cell\"><div class=\"jet-table__cell-inner\"><div class=\"jet-table__cell-content\"><div class=\"jet-table__cell-text\">Conselho Tutelar<\/div><\/div><\/div><\/td><td class=\"jet-table__cell elementor-repeater-item-eda66af jet-table__body-cell\"><div class=\"jet-table__cell-inner\"><div class=\"jet-table__cell-content\"><div class=\"jet-table__cell-text\">(43) 3308-1456<\/div><\/div><\/div><\/td><td class=\"jet-table__cell elementor-repeater-item-0d21980 jet-table__body-cell\"><div class=\"jet-table__cell-inner\"><div class=\"jet-table__cell-content\"><div class=\"jet-table__cell-text\">Segunda a sexta-feira, das 8h \u00e0s 18h<\/div><\/div><\/div><\/td><\/tr><tr class=\"jet-table__body-row elementor-repeater-item-65ec6d1\"><td class=\"jet-table__cell elementor-repeater-item-32a3c57 jet-table__body-cell\"><div class=\"jet-table__cell-inner\"><div class=\"jet-table__cell-content\"><div class=\"jet-table__cell-text\">Corpo de Bombeiros \/ SIATE<\/div><\/div><\/div><\/td><td class=\"jet-table__cell elementor-repeater-item-3fe3330 jet-table__body-cell\"><div class=\"jet-table__cell-inner\"><div class=\"jet-table__cell-content\"><div class=\"jet-table__cell-text\">193<\/div><\/div><\/div><\/td><td class=\"jet-table__cell elementor-repeater-item-fa1e418 jet-table__body-cell\"><div class=\"jet-table__cell-inner\"><div class=\"jet-table__cell-content\"><div class=\"jet-table__cell-text\">Atendimento 24 horas<\/div><\/div><\/div><\/td><\/tr><tr class=\"jet-table__body-row elementor-repeater-item-0c49578\"><td class=\"jet-table__cell elementor-repeater-item-d4b25bb jet-table__body-cell\"><div class=\"jet-table__cell-inner\"><div class=\"jet-table__cell-content\"><div class=\"jet-table__cell-text\">Delegacia da Mulher<\/div><\/div><\/div><\/td><td class=\"jet-table__cell elementor-repeater-item-b7be3df jet-table__body-cell\"><div class=\"jet-table__cell-inner\"><div class=\"jet-table__cell-content\"><div class=\"jet-table__cell-text\">(43) 3423-0972<\/div><\/div><\/div><\/td><td class=\"jet-table__cell elementor-repeater-item-0f3cd9e jet-table__body-cell\"><div class=\"jet-table__cell-inner\"><div class=\"jet-table__cell-content\"><div class=\"jet-table__cell-text\">Atendimento 24 horas<\/div><\/div><\/div><\/td><\/tr><tr class=\"jet-table__body-row elementor-repeater-item-2c8683f\"><td class=\"jet-table__cell elementor-repeater-item-78efa36 jet-table__body-cell\"><div class=\"jet-table__cell-inner\"><div class=\"jet-table__cell-content\"><div class=\"jet-table__cell-text\">Educa\u00e7\u00e3o (AME)<\/div><\/div><\/div><\/td><td class=\"jet-table__cell elementor-repeater-item-654ef40 jet-table__body-cell\"><div class=\"jet-table__cell-inner\"><div class=\"jet-table__cell-content\"><div class=\"jet-table__cell-text\">(43) 3425-9079<\/div><\/div><\/div><\/td><td class=\"jet-table__cell elementor-repeater-item-89cf800 jet-table__body-cell\"><div class=\"jet-table__cell-inner\"><div class=\"jet-table__cell-content\"><div class=\"jet-table__cell-text\">Segunda a sexta-feira, das 8h \u00e0s 18h<\/div><\/div><\/div><\/td><\/tr><tr class=\"jet-table__body-row elementor-repeater-item-9adcfff\"><td class=\"jet-table__cell elementor-repeater-item-1de5dad jet-table__body-cell\"><div class=\"jet-table__cell-inner\"><div class=\"jet-table__cell-content\"><div class=\"jet-table__cell-text\">Escola da Gestante<\/div><\/div><\/div><\/td><td class=\"jet-table__cell elementor-repeater-item-2dbb410 jet-table__body-cell\"><div class=\"jet-table__cell-inner\"><div class=\"jet-table__cell-content\"><div class=\"jet-table__cell-text\">(43) 3308-1408<br>\n(43) 99654-6667 (WhatsApp)<\/div><\/div><\/div><\/td><td class=\"jet-table__cell elementor-repeater-item-8ee8190 jet-table__body-cell\"><div class=\"jet-table__cell-inner\"><div class=\"jet-table__cell-content\"><div class=\"jet-table__cell-text\">Segunda a sexta-feira, das 7h30 \u00e0s 17h<\/div><\/div><\/div><\/td><\/tr><tr class=\"jet-table__body-row elementor-repeater-item-3993429\"><td class=\"jet-table__cell elementor-repeater-item-855c3f4 jet-table__body-cell\"><div class=\"jet-table__cell-inner\"><div class=\"jet-table__cell-content\"><div class=\"jet-table__cell-text\">Guarda Municipal \/ Patrulha Maria da Penha<\/div><\/div><\/div><\/td><td class=\"jet-table__cell elementor-repeater-item-2c01c14 jet-table__body-cell\"><div class=\"jet-table__cell-inner\"><div class=\"jet-table__cell-content\"><div class=\"jet-table__cell-text\">153<\/div><\/div><\/div><\/td><td class=\"jet-table__cell elementor-repeater-item-752917a jet-table__body-cell\"><div class=\"jet-table__cell-inner\"><div class=\"jet-table__cell-content\"><div class=\"jet-table__cell-text\">Atendimento 24 horas<\/div><\/div><\/div><\/td><\/tr><tr class=\"jet-table__body-row elementor-repeater-item-d8814a0\"><td class=\"jet-table__cell elementor-repeater-item-8f09b79 jet-table__body-cell\"><div class=\"jet-table__cell-inner\"><div class=\"jet-table__cell-content\"><div class=\"jet-table__cell-text\">Ilumina\u00e7\u00e3o P\u00fablica<\/div><\/div><\/div><\/td><td class=\"jet-table__cell elementor-repeater-item-434d7b4 jet-table__body-cell\"><div class=\"jet-table__cell-inner\"><div class=\"jet-table__cell-content\"><div class=\"jet-table__cell-text\">0800-600-1428<\/div><\/div><\/div><\/td><td class=\"jet-table__cell elementor-repeater-item-478e99f jet-table__body-cell\"><div class=\"jet-table__cell-inner\"><div class=\"jet-table__cell-content\"><div class=\"jet-table__cell-text\">Segunda a sexta-feira, das 8h \u00e0s 18h<\/div><\/div><\/div><\/td><\/tr><tr class=\"jet-table__body-row elementor-repeater-item-5307553\"><td class=\"jet-table__cell elementor-repeater-item-0f0fb23 jet-table__body-cell\"><div class=\"jet-table__cell-inner\"><div class=\"jet-table__cell-content\"><div class=\"jet-table__cell-text\">Pol\u00edcia Civil<\/div><\/div><\/div><\/td><td class=\"jet-table__cell elementor-repeater-item-df01550 jet-table__body-cell\"><div class=\"jet-table__cell-inner\"><div class=\"jet-table__cell-content\"><div class=\"jet-table__cell-text\">197<\/div><\/div><\/div><\/td><td class=\"jet-table__cell elementor-repeater-item-c85ef1a jet-table__body-cell\"><div class=\"jet-table__cell-inner\"><div class=\"jet-table__cell-content\"><div class=\"jet-table__cell-text\">Atendimento 24 horas<\/div><\/div><\/div><\/td><\/tr><tr class=\"jet-table__body-row elementor-repeater-item-384befd\"><td class=\"jet-table__cell elementor-repeater-item-833e5f1 jet-table__body-cell\"><div class=\"jet-table__cell-inner\"><div class=\"jet-table__cell-content\"><div class=\"jet-table__cell-text\">Pol\u00edcia Militar<\/div><\/div><\/div><\/td><td class=\"jet-table__cell elementor-repeater-item-c806b58 jet-table__body-cell\"><div class=\"jet-table__cell-inner\"><div class=\"jet-table__cell-content\"><div class=\"jet-table__cell-text\">190<\/div><\/div><\/div><\/td><td class=\"jet-table__cell elementor-repeater-item-e1bbdc7 jet-table__body-cell\"><div class=\"jet-table__cell-inner\"><div class=\"jet-table__cell-content\"><div class=\"jet-table__cell-text\">Atendimento 24 horas<\/div><\/div><\/div><\/td><\/tr><tr class=\"jet-table__body-row elementor-repeater-item-acd9c62\"><td class=\"jet-table__cell elementor-repeater-item-75d4d72 jet-table__body-cell\"><div class=\"jet-table__cell-inner\"><div class=\"jet-table__cell-content\"><div class=\"jet-table__cell-text\">Prefeitura*<\/div><\/div><\/div><\/td><td class=\"jet-table__cell elementor-repeater-item-85d2b39 jet-table__body-cell\"><div class=\"jet-table__cell-inner\"><div class=\"jet-table__cell-content\"><div class=\"jet-table__cell-text\">(43) 3422-4000<\/div><\/div><\/div><\/td><td class=\"jet-table__cell elementor-repeater-item-8137085 jet-table__body-cell\"><div class=\"jet-table__cell-inner\"><div class=\"jet-table__cell-content\"><div class=\"jet-table__cell-text\">Segunda a sexta-feira, das 8h \u00e0s 18h<\/div><\/div><\/div><\/td><\/tr><tr class=\"jet-table__body-row elementor-repeater-item-8785519\"><td class=\"jet-table__cell elementor-repeater-item-e7c8638 jet-table__body-cell\"><div class=\"jet-table__cell-inner\"><div class=\"jet-table__cell-content\"><div class=\"jet-table__cell-text\">PROCON<\/div><\/div><\/div><\/td><td class=\"jet-table__cell elementor-repeater-item-2e0b4b4 jet-table__body-cell\"><div class=\"jet-table__cell-inner\"><div class=\"jet-table__cell-content\"><div class=\"jet-table__cell-text\">(43) 3308-1434 <br>\n(43) 99654-9126 (WhatsApp)<\/div><\/div><\/div><\/td><td class=\"jet-table__cell elementor-repeater-item-493291d jet-table__body-cell\"><div class=\"jet-table__cell-inner\"><div class=\"jet-table__cell-content\"><div class=\"jet-table__cell-text\">Segunda a sexta-feira, das 8h \u00e0s 18h<\/div><\/div><\/div><\/td><\/tr><tr class=\"jet-table__body-row elementor-repeater-item-acdf0ff\"><td class=\"jet-table__cell elementor-repeater-item-3db66fc jet-table__body-cell\"><div class=\"jet-table__cell-inner\"><div class=\"jet-table__cell-content\"><div class=\"jet-table__cell-text\">SAMU<\/div><\/div><\/div><\/td><td class=\"jet-table__cell elementor-repeater-item-af84927 jet-table__body-cell\"><div class=\"jet-table__cell-inner\"><div class=\"jet-table__cell-content\"><div class=\"jet-table__cell-text\">192<\/div><\/div><\/div><\/td><td class=\"jet-table__cell elementor-repeater-item-8113b8a jet-table__body-cell\"><div class=\"jet-table__cell-inner\"><div class=\"jet-table__cell-content\"><div class=\"jet-table__cell-text\">Atendimento 24 horas<\/div><\/div><\/div><\/td><\/tr><tr class=\"jet-table__body-row elementor-repeater-item-dc737e3\"><td class=\"jet-table__cell elementor-repeater-item-f4a17b7 jet-table__body-cell\"><div class=\"jet-table__cell-inner\"><div class=\"jet-table__cell-content\"><div class=\"jet-table__cell-text\">Sala do Empreendedor<\/div><\/div><\/div><\/td><td class=\"jet-table__cell elementor-repeater-item-73978a0 jet-table__body-cell\"><div class=\"jet-table__cell-inner\"><div class=\"jet-table__cell-content\"><div class=\"jet-table__cell-text\">(43) 3308-1412<\/div><\/div><\/div><\/td><td class=\"jet-table__cell elementor-repeater-item-6a868f8 jet-table__body-cell\"><div class=\"jet-table__cell-inner\"><div class=\"jet-table__cell-content\"><div class=\"jet-table__cell-text\">Segunda a sexta-feira, das 8h \u00e0s 18h<\/div><\/div><\/div><\/td><\/tr><tr class=\"jet-table__body-row elementor-repeater-item-05a2fb2\"><td class=\"jet-table__cell elementor-repeater-item-6b9f14f jet-table__body-cell\"><div class=\"jet-table__cell-inner\"><div class=\"jet-table__cell-content\"><div class=\"jet-table__cell-text\">Sa\u00fade (AMS)<\/div><\/div><\/div><\/td><td class=\"jet-table__cell elementor-repeater-item-efb011a jet-table__body-cell\"><div class=\"jet-table__cell-inner\"><div class=\"jet-table__cell-content\"><div class=\"jet-table__cell-text\">(43) 3422-5888<\/div><\/div><\/div><\/td><td class=\"jet-table__cell elementor-repeater-item-0851abc jet-table__body-cell\"><div class=\"jet-table__cell-inner\"><div class=\"jet-table__cell-content\"><div class=\"jet-table__cell-text\">Segunda a sexta-feira, das 8h \u00e0s 18h<\/div><\/div><\/div><\/td><\/tr><tr class=\"jet-table__body-row elementor-repeater-item-4c0deed\"><td class=\"jet-table__cell elementor-repeater-item-e75fcd1 jet-table__body-cell\"><div class=\"jet-table__cell-inner\"><div class=\"jet-table__cell-content\"><div class=\"jet-table__cell-text\">Secretaria da Cultura e Turismo<\/div><\/div><\/div><\/td><td class=\"jet-table__cell elementor-repeater-item-f75e24d jet-table__body-cell\"><div class=\"jet-table__cell-inner\"><div class=\"jet-table__cell-content\"><div class=\"jet-table__cell-text\">(43) 3308-1419<\/div><\/div><\/div><\/td><td class=\"jet-table__cell elementor-repeater-item-ea2b91a jet-table__body-cell\"><div class=\"jet-table__cell-inner\"><div class=\"jet-table__cell-content\"><div class=\"jet-table__cell-text\">Segunda a sexta-feira, das 8h \u00e0s 18h<\/div><\/div><\/div><\/td><\/tr><tr class=\"jet-table__body-row elementor-repeater-item-3d30e25\"><td class=\"jet-table__cell elementor-repeater-item-58c22a7 jet-table__body-cell\"><div class=\"jet-table__cell-inner\"><div class=\"jet-table__cell-content\"><div class=\"jet-table__cell-text\">Secretaria da Mulher e Assuntos da Fam\u00edlia<\/div><\/div><\/div><\/td><td class=\"jet-table__cell elementor-repeater-item-8dfb243 jet-table__body-cell\"><div class=\"jet-table__cell-inner\"><div class=\"jet-table__cell-content\"><div class=\"jet-table__cell-text\">(43) 3422-4479<\/div><\/div><\/div><\/td><td class=\"jet-table__cell elementor-repeater-item-494d485 jet-table__body-cell\"><div class=\"jet-table__cell-inner\"><div class=\"jet-table__cell-content\"><div class=\"jet-table__cell-text\">Segunda a sexta-feira, das 8h \u00e0s 17h<\/div><\/div><\/div><\/td><\/tr><tr class=\"jet-table__body-row elementor-repeater-item-d6e5824\"><td class=\"jet-table__cell elementor-repeater-item-01842a3 jet-table__body-cell\"><div class=\"jet-table__cell-inner\"><div class=\"jet-table__cell-content\"><div class=\"jet-table__cell-text\">Secretaria de Agricultura<\/div><\/div><\/div><\/td><td class=\"jet-table__cell elementor-repeater-item-d4c60d6 jet-table__body-cell\"><div class=\"jet-table__cell-inner\"><div class=\"jet-table__cell-content\"><div class=\"jet-table__cell-text\">(43) 3308-1435<\/div><\/div><\/div><\/td><td class=\"jet-table__cell elementor-repeater-item-cd439ec jet-table__body-cell\"><div class=\"jet-table__cell-inner\"><div class=\"jet-table__cell-content\"><div class=\"jet-table__cell-text\">Segunda a sexta-feira, das 8h \u00e0s 17h<\/div><\/div><\/div><\/td><\/tr><tr class=\"jet-table__body-row elementor-repeater-item-504d2bb\"><td class=\"jet-table__cell elementor-repeater-item-7eb4ceb jet-table__body-cell\"><div class=\"jet-table__cell-inner\"><div class=\"jet-table__cell-content\"><div class=\"jet-table__cell-text\">Secretaria de Assist\u00eancia Social<\/div><\/div><\/div><\/td><td class=\"jet-table__cell elementor-repeater-item-3d28d17 jet-table__body-cell\"><div class=\"jet-table__cell-inner\"><div class=\"jet-table__cell-content\"><div class=\"jet-table__cell-text\">(43) 3308-1450<\/div><\/div><\/div><\/td><td class=\"jet-table__cell elementor-repeater-item-14aa607 jet-table__body-cell\"><div class=\"jet-table__cell-inner\"><div class=\"jet-table__cell-content\"><div class=\"jet-table__cell-text\">Segunda a sexta-feira, das 8h \u00e0s 17h<\/div><\/div><\/div><\/td><\/tr><tr class=\"jet-table__body-row elementor-repeater-item-73a60ef\"><td class=\"jet-table__cell elementor-repeater-item-51e4d7f jet-table__body-cell\"><div class=\"jet-table__cell-inner\"><div class=\"jet-table__cell-content\"><div class=\"jet-table__cell-text\">Secretaria de Esportes<\/div><\/div><\/div><\/td><td class=\"jet-table__cell elementor-repeater-item-acc903f jet-table__body-cell\"><div class=\"jet-table__cell-inner\"><div class=\"jet-table__cell-content\"><div class=\"jet-table__cell-text\">(43) 3422-5184<\/div><\/div><\/div><\/td><td class=\"jet-table__cell elementor-repeater-item-b12b33f jet-table__body-cell\"><div class=\"jet-table__cell-inner\"><div class=\"jet-table__cell-content\"><div class=\"jet-table__cell-text\">Segunda a sexta-feira, das 8h \u00e0s 17h<\/div><\/div><\/div><\/td><\/tr><tr class=\"jet-table__body-row elementor-repeater-item-829695e\"><td class=\"jet-table__cell elementor-repeater-item-5ecf15c jet-table__body-cell\"><div class=\"jet-table__cell-inner\"><div class=\"jet-table__cell-content\"><div class=\"jet-table__cell-text\">Secretaria de Ind\u00fastria, Com\u00e9rcio e Emprego<\/div><\/div><\/div><\/td><td class=\"jet-table__cell elementor-repeater-item-f504ada jet-table__body-cell\"><div class=\"jet-table__cell-inner\"><div class=\"jet-table__cell-content\"><div class=\"jet-table__cell-text\">(43) 3308-1410<\/div><\/div><\/div><\/td><td class=\"jet-table__cell elementor-repeater-item-5124eff jet-table__body-cell\"><div class=\"jet-table__cell-inner\"><div class=\"jet-table__cell-content\"><div class=\"jet-table__cell-text\">Segunda a sexta-feira, das 8h \u00e0s 17h<\/div><\/div><\/div><\/td><\/tr><tr class=\"jet-table__body-row elementor-repeater-item-045273b\"><td class=\"jet-table__cell elementor-repeater-item-1b7bc03 jet-table__body-cell\"><div class=\"jet-table__cell-inner\"><div class=\"jet-table__cell-content\"><div class=\"jet-table__cell-text\">Secretaria de Servi\u00e7os P\u00fablicos<\/div><\/div><\/div><\/td><td class=\"jet-table__cell elementor-repeater-item-bdb9581 jet-table__body-cell\"><div class=\"jet-table__cell-inner\"><div class=\"jet-table__cell-content\"><div class=\"jet-table__cell-text\">(43) 3427-8431<\/div><\/div><\/div><\/td><td class=\"jet-table__cell elementor-repeater-item-0d90b31 jet-table__body-cell\"><div class=\"jet-table__cell-inner\"><div class=\"jet-table__cell-content\"><div class=\"jet-table__cell-text\">Segunda a sexta-feira, das 8h \u00e0s 17h<\/div><\/div><\/div><\/td><\/tr><tr class=\"jet-table__body-row elementor-repeater-item-8114956\"><td class=\"jet-table__cell elementor-repeater-item-bf8a280 jet-table__body-cell\"><div class=\"jet-table__cell-inner\"><div class=\"jet-table__cell-content\"><div class=\"jet-table__cell-text\">Secretaria do Meio Ambiente (SEMA)<\/div><\/div><\/div><\/td><td class=\"jet-table__cell elementor-repeater-item-1e8f741 jet-table__body-cell\"><div class=\"jet-table__cell-inner\"><div class=\"jet-table__cell-content\"><div class=\"jet-table__cell-text\">(43) 3423-0142<\/div><\/div><\/div><\/td><td class=\"jet-table__cell elementor-repeater-item-56dc0ea jet-table__body-cell\"><div class=\"jet-table__cell-inner\"><div class=\"jet-table__cell-content\"><div class=\"jet-table__cell-text\">Segunda a sexta-feira, das 8h \u00e0s 17h<\/div><\/div><\/div><\/td><\/tr><tr class=\"jet-table__body-row elementor-repeater-item-6adc29a\"><td class=\"jet-table__cell elementor-repeater-item-f806ee1 jet-table__body-cell\"><div class=\"jet-table__cell-inner\"><div class=\"jet-table__cell-content\"><div class=\"jet-table__cell-text\">Tr\u00e2nsito (ASPLAN)<\/div><\/div><\/div><\/td><td class=\"jet-table__cell elementor-repeater-item-a4b8d42 jet-table__body-cell\"><div class=\"jet-table__cell-inner\"><div class=\"jet-table__cell-content\"><div class=\"jet-table__cell-text\">(43) 3423-0930<\/div><\/div><\/div><\/td><td class=\"jet-table__cell elementor-repeater-item-3725168 jet-table__body-cell\"><div class=\"jet-table__cell-inner\"><div class=\"jet-table__cell-content\"><div class=\"jet-table__cell-text\">Segunda a sexta-feira, das 8h \u00e0s 17h<\/div><\/div><\/div><\/td><\/tr><\/tbody>\n\t\t\t<\/table>\n\t\t<\/div>\n\n\t\t<\/div>\t\t<\/div>\n\t\t\t\t<\/div>\n\t\t\t\t<div class=\"elementor-element elementor-element-16ca664 elementor-widget elementor-widget-text-editor\" data-id=\"16ca664\" data-element_type=\"widget\" data-widget_type=\"text-editor.default\">\n\t\t\t\t<div class=\"elementor-widget-container\">\n\t\t\t\t\t\t\t<p>* IDEPPLAN, Secretaria da Fazenda, Secretaria de Gabinete, Secretaria de Gest\u00e3o P\u00fablica e Secretaria de Obras est\u00e3o localizados no pr\u00e9dio da Prefeitura.<\/p>\t\t\t\t\t\t<\/div>\n\t\t\t\t<\/div>\n\t\t\t\t\t<\/div>\n\t\t<\/div>\n\t\t\t\t\t\t\t<\/div>\n\t\t<\/section>\n\t\t\t\t\t\t\t<\/div>\n\t\t","protected":false},"excerpt":{"rendered":"<p>Institui&ccedil;&atilde;o Telefone Hor&aacute;rio de Atendimento Ag&ecirc;ncia do Trabalhador (SINE) (43) 3423-1376 (43) 3423-5266 Segunda a sexta-feira, das 8h &agrave;s 17h ASERFA (43) 3422-1053 (43) 3422-3599 Segunda a sexta-feira, das 8h &agrave;s 18h Centro de Atendimento a Mulher (CAM) 0800-645-4479 (43) 99967-0429 Segunda a sexta-feira, das 8h &agrave;s 17h Conselho Tutelar (43) 3308-1456 Segunda a sexta-feira, [&hellip;]<\/p>\n","protected":false},"author":1,"featured_media":0,"parent":0,"menu_order":0,"comment_status":"closed","ping_status":"closed","template":"","meta":{"footnotes":""},"class_list":["post-5006","page","type-page","status-publish","hentry"],"acf":[],"_links":{"self":[{"href":"http:\/\/www.apucarana.pr.gov.br\/site\/wp-json\/wp\/v2\/pages\/5006","targetHints":{"allow":["GET"]}}],"collection":[{"href":"http:\/\/www.apucarana.pr.gov.br\/site\/wp-json\/wp\/v2\/pages"}],"about":[{"href":"http:\/\/www.apucarana.pr.gov.br\/site\/wp-json\/wp\/v2\/types\/page"}],"author":[{"embeddable":true,"href":"http:\/\/www.apucarana.pr.gov.br\/site\/wp-json\/wp\/v2\/users\/1"}],"replies":[{"embeddable":true,"href":"http:\/\/www.apucarana.pr.gov.br\/site\/wp-json\/wp\/v2\/comments?post=5006"}],"version-history":[{"count":5,"href":"http:\/\/www.apucarana.pr.gov.br\/site\/wp-json\/wp\/v2\/pages\/5006\/revisions"}],"predecessor-version":[{"id":124138,"href":"http:\/\/www.apucarana.pr.gov.br\/site\/wp-json\/wp\/v2\/pages\/5006\/revisions\/124138"}],"wp:attachment":[{"href":"http:\/\/www.apucarana.pr.gov.br\/site\/wp-json\/wp\/v2\/media?parent=5006"}],"curies":[{"name":"wp","href":"https:\/\/api.w.org\/{rel}","templated":true}]}}