{"id":4958,"date":"2021-07-30T15:32:13","date_gmt":"2021-07-30T18:32:13","guid":{"rendered":"http:\/\/www.apucarana.pr.gov.br\/site\/?page_id=4958"},"modified":"2025-08-08T08:09:46","modified_gmt":"2025-08-08T11:09:46","slug":"itr","status":"publish","type":"page","link":"http:\/\/www.apucarana.pr.gov.br\/site\/itr\/","title":{"rendered":"ITR"},"content":{"rendered":"\t\t<div data-elementor-type=\"wp-page\" data-elementor-id=\"4958\" class=\"elementor elementor-4958\">\n\t\t\t\t\t\t\t\t\t<section class=\"elementor-section elementor-top-section elementor-element elementor-element-53e2ae2 elementor-section-boxed elementor-section-height-default elementor-section-height-default\" data-id=\"53e2ae2\" data-element_type=\"section\" data-settings=\"{&quot;jet_parallax_layout_list&quot;:[{&quot;jet_parallax_layout_image&quot;:{&quot;url&quot;:&quot;&quot;,&quot;id&quot;:&quot;&quot;},&quot;_id&quot;:&quot;f622a1e&quot;,&quot;jet_parallax_layout_image_tablet&quot;:{&quot;url&quot;:&quot;&quot;,&quot;id&quot;:&quot;&quot;},&quot;jet_parallax_layout_image_mobile&quot;:{&quot;url&quot;:&quot;&quot;,&quot;id&quot;:&quot;&quot;},&quot;jet_parallax_layout_speed&quot;:{&quot;unit&quot;:&quot;%&quot;,&quot;size&quot;:50,&quot;sizes&quot;:[]},&quot;jet_parallax_layout_type&quot;:&quot;scroll&quot;,&quot;jet_parallax_layout_direction&quot;:null,&quot;jet_parallax_layout_fx_direction&quot;:null,&quot;jet_parallax_layout_z_index&quot;:&quot;&quot;,&quot;jet_parallax_layout_bg_x&quot;:50,&quot;jet_parallax_layout_bg_x_tablet&quot;:&quot;&quot;,&quot;jet_parallax_layout_bg_x_mobile&quot;:&quot;&quot;,&quot;jet_parallax_layout_bg_y&quot;:50,&quot;jet_parallax_layout_bg_y_tablet&quot;:&quot;&quot;,&quot;jet_parallax_layout_bg_y_mobile&quot;:&quot;&quot;,&quot;jet_parallax_layout_bg_size&quot;:&quot;auto&quot;,&quot;jet_parallax_layout_bg_size_tablet&quot;:&quot;&quot;,&quot;jet_parallax_layout_bg_size_mobile&quot;:&quot;&quot;,&quot;jet_parallax_layout_animation_prop&quot;:&quot;transform&quot;,&quot;jet_parallax_layout_on&quot;:[&quot;desktop&quot;,&quot;tablet&quot;]}]}\">\n\t\t\t\t\t\t<div class=\"elementor-container elementor-column-gap-default\">\n\t\t\t\t\t<div class=\"elementor-column elementor-col-100 elementor-top-column elementor-element elementor-element-8ff7e7b\" data-id=\"8ff7e7b\" data-element_type=\"column\">\n\t\t\t<div class=\"elementor-widget-wrap elementor-element-populated\">\n\t\t\t\t\t\t\t\t<div class=\"elementor-element elementor-element-8a1fdb4 elementor-align-left elementor-widget elementor-widget-raven-heading\" data-id=\"8a1fdb4\" data-element_type=\"widget\" data-widget_type=\"raven-heading.default\">\n\t\t\t\t<div class=\"elementor-widget-container\">\n\t\t\t\t\t<div class=\"raven-widget-wrapper\"><h2 class=\"raven-heading raven-heading-h2\"><span class=\"raven-heading-title\">O que \u00e9 ITR<\/span><\/h2><\/div>\n\t\t\t\t<\/div>\n\t\t\t\t<\/div>\n\t\t\t\t<div class=\"elementor-element elementor-element-1b4e5e7 elementor-widget elementor-widget-text-editor\" data-id=\"1b4e5e7\" data-element_type=\"widget\" data-widget_type=\"text-editor.default\">\n\t\t\t\t<div class=\"elementor-widget-container\">\n\t\t\t\t\t\t\t<p>O ITR \u00e9 um imposto federal previsto na Constitui\u00e7\u00e3o Federal (art. 153, inciso VI), com apura\u00e7\u00e3o anual e cujo fato gerador \u00e9 a propriedade, posse ou dom\u00ednio \u00fatil de im\u00f3vel rural. Desde 2015, a Prefeitura de Apucarana mant\u00e9m conv\u00eanio com a Receita Federal do Brasil, o que permite ao munic\u00edpio fiscalizar e arrecadar 100% dos valores gerados pelo tributo. Em contrapartida, a Prefeitura deve repassar anualmente os valores m\u00e9dios de terra nua (VTN) \u00e0 Receita, servindo como base para a fiscaliza\u00e7\u00e3o e para os contribuintes no momento da declara\u00e7\u00e3o.<\/p>\t\t\t\t\t\t<\/div>\n\t\t\t\t<\/div>\n\t\t\t\t<div class=\"elementor-element elementor-element-de9125d elementor-align-left elementor-widget elementor-widget-raven-heading\" data-id=\"de9125d\" data-element_type=\"widget\" data-widget_type=\"raven-heading.default\">\n\t\t\t\t<div class=\"elementor-widget-container\">\n\t\t\t\t\t<div class=\"raven-widget-wrapper\"><h2 class=\"raven-heading raven-heading-h2\"><span class=\"raven-heading-title\">Apoio ao contribuinte<\/span><\/h2><\/div>\n\t\t\t\t<\/div>\n\t\t\t\t<\/div>\n\t\t\t\t<div class=\"elementor-element elementor-element-87155bf elementor-widget elementor-widget-text-editor\" data-id=\"87155bf\" data-element_type=\"widget\" data-widget_type=\"text-editor.default\">\n\t\t\t\t<div class=\"elementor-widget-container\">\n\t\t\t\t\t\t\t<p>Como forma de aux\u00edlio e orienta\u00e7\u00e3o, a Prefeitura divulga abaixo os valores atualizados do VTN 2025, conforme as diferentes aptid\u00f5es agr\u00edcolas definidas pela Instru\u00e7\u00e3o Normativa RFB n\u00ba 1.877\/2019. Os contribuintes e profissionais da contabilidade devem utilizar esses valores como refer\u00eancia obrigat\u00f3ria no preenchimento da DITR.<\/p>\t\t\t\t\t\t<\/div>\n\t\t\t\t<\/div>\n\t\t\t\t<div class=\"elementor-element elementor-element-f5387d0 elementor-widget elementor-widget-jet-table\" data-id=\"f5387d0\" data-element_type=\"widget\" data-widget_type=\"jet-table.default\">\n\t\t\t\t<div class=\"elementor-widget-container\">\n\t\t\t<div class=\"elementor-jet-table jet-elements\">\n\t\t<div class=\"jet-table-wrapper\">\n\t\t\t<table class=\"jet-table jet-table--fa5-compat\">\n\t\t\t\t<thead class=\"jet-table__head\"><tr class=\"jet-table__head-row\"><th class=\"jet-table__cell elementor-repeater-item-139ef1d jet-table__head-cell\" scope=\"col\"><div class=\"jet-table__cell-inner\"><div class=\"jet-table__cell-content\"><div class=\"jet-table__cell-text\">Ano<\/div><\/div><\/div><\/th><th class=\"jet-table__cell elementor-repeater-item-a2ae371 jet-table__head-cell\" scope=\"col\"><div class=\"jet-table__cell-inner\"><div class=\"jet-table__cell-content\"><div class=\"jet-table__cell-text\">Lavoura Aptid\u00e3o Boa<\/div><\/div><\/div><\/th><th class=\"jet-table__cell elementor-repeater-item-a4271bb jet-table__head-cell\" scope=\"col\"><div class=\"jet-table__cell-inner\"><div class=\"jet-table__cell-content\"><div class=\"jet-table__cell-text\">Lavoura Aptid\u00e3o Regular<\/div><\/div><\/div><\/th><th class=\"jet-table__cell elementor-repeater-item-4fcf29c jet-table__head-cell\" scope=\"col\"><div class=\"jet-table__cell-inner\"><div class=\"jet-table__cell-content\"><div class=\"jet-table__cell-text\">Lavoura Aptid\u00e3o Restrita<\/div><\/div><\/div><\/th><th class=\"jet-table__cell elementor-repeater-item-9fb1bd8 jet-table__head-cell\" scope=\"col\"><div class=\"jet-table__cell-inner\"><div class=\"jet-table__cell-content\"><div class=\"jet-table__cell-text\">Pastagem Plantada<\/div><\/div><\/div><\/th><th class=\"jet-table__cell elementor-repeater-item-2bad312 jet-table__head-cell\" scope=\"col\"><div class=\"jet-table__cell-inner\"><div class=\"jet-table__cell-content\"><div class=\"jet-table__cell-text\">Silvicultura ou Pastagem Natural<\/div><\/div><\/div><\/th><th class=\"jet-table__cell elementor-repeater-item-4456647 jet-table__head-cell\" scope=\"col\"><div class=\"jet-table__cell-inner\"><div class=\"jet-table__cell-content\"><div class=\"jet-table__cell-text\">Preserva\u00e7\u00e3o da Fauna ou Flora<\/div><\/div><\/div><\/th><\/tr><\/thead>\n\t\t\t\t\t\t\t\t<tbody class=\"jet-table__body\"><tr class=\"jet-table__body-row elementor-repeater-item-ae6fdd2\"><td class=\"jet-table__cell elementor-repeater-item-36efb8e jet-table__body-cell\"><div class=\"jet-table__cell-inner\"><div class=\"jet-table__cell-content\"><div class=\"jet-table__cell-text\">2025<\/div><\/div><\/div><\/td><td class=\"jet-table__cell elementor-repeater-item-186e9fc jet-table__body-cell\"><div class=\"jet-table__cell-inner\"><div class=\"jet-table__cell-content\"><div class=\"jet-table__cell-text\">R$ 84.531,11<\/div><\/div><\/div><\/td><td class=\"jet-table__cell elementor-repeater-item-cfe369f jet-table__body-cell\"><div class=\"jet-table__cell-inner\"><div class=\"jet-table__cell-content\"><div class=\"jet-table__cell-text\">R$ 54.837,08<\/div><\/div><\/div><\/td><td class=\"jet-table__cell elementor-repeater-item-cf7c841 jet-table__body-cell\"><div class=\"jet-table__cell-inner\"><div class=\"jet-table__cell-content\"><div class=\"jet-table__cell-text\">R$ 44.490,06<\/div><\/div><\/div><\/td><td class=\"jet-table__cell elementor-repeater-item-3a06f7e jet-table__body-cell\"><div class=\"jet-table__cell-inner\"><div class=\"jet-table__cell-content\"><div class=\"jet-table__cell-text\">R$ 35.592,05<\/div><\/div><\/div><\/td><td class=\"jet-table__cell elementor-repeater-item-c710199 jet-table__body-cell\"><div class=\"jet-table__cell-inner\"><div class=\"jet-table__cell-content\"><div class=\"jet-table__cell-text\">R$ 26.694,04<\/div><\/div><\/div><\/td><td class=\"jet-table__cell elementor-repeater-item-036045d jet-table__body-cell\"><div class=\"jet-table__cell-inner\"><div class=\"jet-table__cell-content\"><div class=\"jet-table__cell-text\">R$ 17.796,02<\/div><\/div><\/div><\/td><\/tr><tr class=\"jet-table__body-row elementor-repeater-item-140dbf3\"><td class=\"jet-table__cell elementor-repeater-item-83b47ef jet-table__body-cell\"><div class=\"jet-table__cell-inner\"><div class=\"jet-table__cell-content\"><div class=\"jet-table__cell-text\">2024<\/div><\/div><\/div><\/td><td class=\"jet-table__cell elementor-repeater-item-4e11703 jet-table__body-cell\"><div class=\"jet-table__cell-inner\"><div class=\"jet-table__cell-content\"><div class=\"jet-table__cell-text\">R$ 81.089,95<\/div><\/div><\/div><\/td><td class=\"jet-table__cell elementor-repeater-item-f030173 jet-table__body-cell\"><div class=\"jet-table__cell-inner\"><div class=\"jet-table__cell-content\"><div class=\"jet-table__cell-text\">R$ 55.482,60<\/div><\/div><\/div><\/td><td class=\"jet-table__cell elementor-repeater-item-b868197 jet-table__body-cell\"><div class=\"jet-table__cell-inner\"><div class=\"jet-table__cell-content\"><div class=\"jet-table__cell-text\">R$ 42.678,92<\/div><\/div><\/div><\/td><td class=\"jet-table__cell elementor-repeater-item-6a1ded5 jet-table__body-cell\"><div class=\"jet-table__cell-inner\"><div class=\"jet-table__cell-content\"><div class=\"jet-table__cell-text\">R$ 34.143,13<\/div><\/div><\/div><\/td><td class=\"jet-table__cell elementor-repeater-item-38598d0 jet-table__body-cell\"><div class=\"jet-table__cell-inner\"><div class=\"jet-table__cell-content\"><div class=\"jet-table__cell-text\">R$ 25.607,35<\/div><\/div><\/div><\/td><td class=\"jet-table__cell elementor-repeater-item-29c60a4 jet-table__body-cell\"><div class=\"jet-table__cell-inner\"><div class=\"jet-table__cell-content\"><div class=\"jet-table__cell-text\">R$ 17.071,57<\/div><\/div><\/div><\/td><\/tr><tr class=\"jet-table__body-row elementor-repeater-item-b5d0dec\"><td class=\"jet-table__cell elementor-repeater-item-f0e6e8c jet-table__body-cell\"><div class=\"jet-table__cell-inner\"><div class=\"jet-table__cell-content\"><div class=\"jet-table__cell-text\">2023<\/div><\/div><\/div><\/td><td class=\"jet-table__cell elementor-repeater-item-499410a jet-table__body-cell\"><div class=\"jet-table__cell-inner\"><div class=\"jet-table__cell-content\"><div class=\"jet-table__cell-text\">R$ 73.430,00<\/div><\/div><\/div><\/td><td class=\"jet-table__cell elementor-repeater-item-e257927 jet-table__body-cell\"><div class=\"jet-table__cell-inner\"><div class=\"jet-table__cell-content\"><div class=\"jet-table__cell-text\">R$ 55.440,00<\/div><\/div><\/div><\/td><td class=\"jet-table__cell elementor-repeater-item-4c2f009 jet-table__body-cell\"><div class=\"jet-table__cell-inner\"><div class=\"jet-table__cell-content\"><div class=\"jet-table__cell-text\">R$ 43.890,00<\/div><\/div><\/div><\/td><td class=\"jet-table__cell elementor-repeater-item-5fac65e jet-table__body-cell\"><div class=\"jet-table__cell-inner\"><div class=\"jet-table__cell-content\"><div class=\"jet-table__cell-text\">R$ 29.260,00<\/div><\/div><\/div><\/td><td class=\"jet-table__cell elementor-repeater-item-2d99204 jet-table__body-cell\"><div class=\"jet-table__cell-inner\"><div class=\"jet-table__cell-content\"><div class=\"jet-table__cell-text\">R$ 19.950,00 <\/div><\/div><\/div><\/td><td class=\"jet-table__cell elementor-repeater-item-87d8779 jet-table__body-cell\"><div class=\"jet-table__cell-inner\"><div class=\"jet-table__cell-content\"><div class=\"jet-table__cell-text\">R$ 10.430,00<\/div><\/div><\/div><\/td><\/tr><tr class=\"jet-table__body-row elementor-repeater-item-e68839a\"><td class=\"jet-table__cell elementor-repeater-item-9bf2047 jet-table__body-cell\"><div class=\"jet-table__cell-inner\"><div class=\"jet-table__cell-content\"><div class=\"jet-table__cell-text\">2022<\/div><\/div><\/div><\/td><td class=\"jet-table__cell elementor-repeater-item-b7afd75 jet-table__body-cell\"><div class=\"jet-table__cell-inner\"><div class=\"jet-table__cell-content\"><div class=\"jet-table__cell-text\">R$ 56.146,81<\/div><\/div><\/div><\/td><td class=\"jet-table__cell elementor-repeater-item-09e30e1 jet-table__body-cell\"><div class=\"jet-table__cell-inner\"><div class=\"jet-table__cell-content\"><div class=\"jet-table__cell-text\">R$ 42.233,83<\/div><\/div><\/div><\/td><td class=\"jet-table__cell elementor-repeater-item-654121b jet-table__body-cell\"><div class=\"jet-table__cell-inner\"><div class=\"jet-table__cell-content\"><div class=\"jet-table__cell-text\">R$ 34.644,95<\/div><\/div><\/div><\/td><td class=\"jet-table__cell elementor-repeater-item-1922300 jet-table__body-cell\"><div class=\"jet-table__cell-inner\"><div class=\"jet-table__cell-content\"><div class=\"jet-table__cell-text\">R$ 22.326,74<\/div><\/div><\/div><\/td><td class=\"jet-table__cell elementor-repeater-item-ce8d4e5 jet-table__body-cell\"><div class=\"jet-table__cell-inner\"><div class=\"jet-table__cell-content\"><div class=\"jet-table__cell-text\">R$ 15.397,75<\/div><\/div><\/div><\/td><td class=\"jet-table__cell elementor-repeater-item-e6fd39a jet-table__body-cell\"><div class=\"jet-table__cell-inner\"><div class=\"jet-table__cell-content\"><div class=\"jet-table__cell-text\">R$ 7.808,86<\/div><\/div><\/div><\/td><\/tr><tr class=\"jet-table__body-row elementor-repeater-item-ae29de2\"><td class=\"jet-table__cell elementor-repeater-item-b7f3d1c jet-table__body-cell\"><div class=\"jet-table__cell-inner\"><div class=\"jet-table__cell-content\"><div class=\"jet-table__cell-text\">2021<\/div><\/div><\/div><\/td><td class=\"jet-table__cell elementor-repeater-item-d0ae4fc jet-table__body-cell\"><div class=\"jet-table__cell-inner\"><div class=\"jet-table__cell-content\"><div class=\"jet-table__cell-text\">R$ 56.146,81<\/div><\/div><\/div><\/td><td class=\"jet-table__cell elementor-repeater-item-fcd6ffa jet-table__body-cell\"><div class=\"jet-table__cell-inner\"><div class=\"jet-table__cell-content\"><div class=\"jet-table__cell-text\">R$ 42.233,83<\/div><\/div><\/div><\/td><td class=\"jet-table__cell elementor-repeater-item-aa675ce jet-table__body-cell\"><div class=\"jet-table__cell-inner\"><div class=\"jet-table__cell-content\"><div class=\"jet-table__cell-text\">R$ 34.644,95<\/div><\/div><\/div><\/td><td class=\"jet-table__cell elementor-repeater-item-8ade29c jet-table__body-cell\"><div class=\"jet-table__cell-inner\"><div class=\"jet-table__cell-content\"><div class=\"jet-table__cell-text\">R$ 22.326,74<\/div><\/div><\/div><\/td><td class=\"jet-table__cell elementor-repeater-item-bbf2c8a jet-table__body-cell\"><div class=\"jet-table__cell-inner\"><div class=\"jet-table__cell-content\"><div class=\"jet-table__cell-text\">R$ 15.397,75<\/div><\/div><\/div><\/td><td class=\"jet-table__cell elementor-repeater-item-4ee250f jet-table__body-cell\"><div class=\"jet-table__cell-inner\"><div class=\"jet-table__cell-content\"><div class=\"jet-table__cell-text\">R$ 7.808,86<\/div><\/div><\/div><\/td><\/tr><tr class=\"jet-table__body-row elementor-repeater-item-3535a8f\"><td class=\"jet-table__cell elementor-repeater-item-df01a03 jet-table__body-cell\"><div class=\"jet-table__cell-inner\"><div class=\"jet-table__cell-content\"><div class=\"jet-table__cell-text\">2020<\/div><\/div><\/div><\/td><td class=\"jet-table__cell elementor-repeater-item-e8d44c7 jet-table__body-cell\"><div class=\"jet-table__cell-inner\"><div class=\"jet-table__cell-content\"><div class=\"jet-table__cell-text\">R$ 52.554,60<\/div><\/div><\/div><\/td><td class=\"jet-table__cell elementor-repeater-item-bb61bdb jet-table__body-cell\"><div class=\"jet-table__cell-inner\"><div class=\"jet-table__cell-content\"><div class=\"jet-table__cell-text\">R$ 39.531,76<\/div><\/div><\/div><\/td><td class=\"jet-table__cell elementor-repeater-item-f5fe86c jet-table__body-cell\"><div class=\"jet-table__cell-inner\"><div class=\"jet-table__cell-content\"><div class=\"jet-table__cell-text\">R$ 32.428,40<\/div><\/div><\/div><\/td><td class=\"jet-table__cell elementor-repeater-item-0b28b09 jet-table__body-cell\"><div class=\"jet-table__cell-inner\"><div class=\"jet-table__cell-content\"><div class=\"jet-table__cell-text\">R$ 20.898,30<\/div><\/div><\/div><\/td><td class=\"jet-table__cell elementor-repeater-item-de6f808 jet-table__body-cell\"><div class=\"jet-table__cell-inner\"><div class=\"jet-table__cell-content\"><div class=\"jet-table__cell-text\">R$ 14.412,62<\/div><\/div><\/div><\/td><td class=\"jet-table__cell elementor-repeater-item-5c28131 jet-table__body-cell\"><div class=\"jet-table__cell-inner\"><div class=\"jet-table__cell-content\"><div class=\"jet-table__cell-text\">R$ 7.309,26<\/div><\/div><\/div><\/td><\/tr><tr class=\"jet-table__body-row elementor-repeater-item-8068810\"><td class=\"jet-table__cell elementor-repeater-item-5fc1a0a jet-table__body-cell\"><div class=\"jet-table__cell-inner\"><div class=\"jet-table__cell-content\"><div class=\"jet-table__cell-text\">2019<\/div><\/div><\/div><\/td><td class=\"jet-table__cell elementor-repeater-item-2ed7fc3 jet-table__body-cell\"><div class=\"jet-table__cell-inner\"><div class=\"jet-table__cell-content\"><div class=\"jet-table__cell-text\">R$ 52.554,60<\/div><\/div><\/div><\/td><td class=\"jet-table__cell elementor-repeater-item-bdf5e3b jet-table__body-cell\"><div class=\"jet-table__cell-inner\"><div class=\"jet-table__cell-content\"><div class=\"jet-table__cell-text\">R$ 39.531,76<\/div><\/div><\/div><\/td><td class=\"jet-table__cell elementor-repeater-item-752626b jet-table__body-cell\"><div class=\"jet-table__cell-inner\"><div class=\"jet-table__cell-content\"><div class=\"jet-table__cell-text\">R$ 32.428,40<\/div><\/div><\/div><\/td><td class=\"jet-table__cell elementor-repeater-item-ed91b76 jet-table__body-cell\"><div class=\"jet-table__cell-inner\"><div class=\"jet-table__cell-content\"><div class=\"jet-table__cell-text\">R$ 20.898,30<\/div><\/div><\/div><\/td><td class=\"jet-table__cell elementor-repeater-item-3aff629 jet-table__body-cell\"><div class=\"jet-table__cell-inner\"><div class=\"jet-table__cell-content\"><div class=\"jet-table__cell-text\">R$ 14.412,62<\/div><\/div><\/div><\/td><td class=\"jet-table__cell elementor-repeater-item-9f3ac8f jet-table__body-cell\"><div class=\"jet-table__cell-inner\"><div class=\"jet-table__cell-content\"><div class=\"jet-table__cell-text\">R$ 7.309,26<\/div><\/div><\/div><\/td><\/tr><tr class=\"jet-table__body-row elementor-repeater-item-974ca9a\"><\/tr><\/tbody>\n\t\t\t<\/table>\n\t\t<\/div>\n\n\t\t<\/div>\t\t<\/div>\n\t\t\t\t<\/div>\n\t\t\t\t<div class=\"elementor-element elementor-element-250ecc3 elementor-widget elementor-widget-text-editor\" data-id=\"250ecc3\" data-element_type=\"widget\" data-widget_type=\"text-editor.default\">\n\t\t\t\t<div class=\"elementor-widget-container\">\n\t\t\t\t\t\t\t<p>Valor de Terra Nua em Reais \u2013 VTN em hectares<\/p>\t\t\t\t\t\t<\/div>\n\t\t\t\t<\/div>\n\t\t\t\t<div class=\"elementor-element elementor-element-316a94e elementor-widget elementor-widget-text-editor\" data-id=\"316a94e\" data-element_type=\"widget\" data-widget_type=\"text-editor.default\">\n\t\t\t\t<div class=\"elementor-widget-container\">\n\t\t\t\t\t\t\t<p>Os valores informados s\u00e3o calculados com base em crit\u00e9rios t\u00e9cnicos de uso e potencial produtivo da terra, conforme regulamenta\u00e7\u00e3o da Receita Federal.<\/p>\t\t\t\t\t\t<\/div>\n\t\t\t\t<\/div>\n\t\t\t\t<div class=\"elementor-element elementor-element-184ed34 elementor-align-left elementor-widget elementor-widget-raven-heading\" data-id=\"184ed34\" data-element_type=\"widget\" data-widget_type=\"raven-heading.default\">\n\t\t\t\t<div class=\"elementor-widget-container\">\n\t\t\t\t\t<div class=\"raven-widget-wrapper\"><h2 class=\"raven-heading raven-heading-h2\"><span class=\"raven-heading-title\">Quem deve declarar?<\/span><\/h2><\/div>\n\t\t\t\t<\/div>\n\t\t\t\t<\/div>\n\t\t\t\t<div class=\"elementor-element elementor-element-bd28541 elementor-widget elementor-widget-text-editor\" data-id=\"bd28541\" data-element_type=\"widget\" data-widget_type=\"text-editor.default\">\n\t\t\t\t<div class=\"elementor-widget-container\">\n\t\t\t\t\t\t\t<p>A <strong>Declara\u00e7\u00e3o do ITR \u00e9 obrigat\u00f3ria<\/strong> para toda pessoa f\u00edsica ou jur\u00eddica que possua, a qualquer t\u00edtulo, im\u00f3vel rural. O preenchimento e envio devem ser realizados por meio eletr\u00f4nico, utilizando o programa gerador da declara\u00e7\u00e3o, dispon\u00edvel gratuitamente no site da Receita Federal.<\/p>\t\t\t\t\t\t<\/div>\n\t\t\t\t<\/div>\n\t\t\t\t<div class=\"elementor-element elementor-element-854f6ba elementor-align-left elementor-widget elementor-widget-raven-heading\" data-id=\"854f6ba\" data-element_type=\"widget\" data-widget_type=\"raven-heading.default\">\n\t\t\t\t<div class=\"elementor-widget-container\">\n\t\t\t\t\t<div class=\"raven-widget-wrapper\"><h2 class=\"raven-heading raven-heading-h2\"><span class=\"raven-heading-title\">Retifica\u00e7\u00e3o e cuidados importantes<\/span><\/h2><\/div>\n\t\t\t\t<\/div>\n\t\t\t\t<\/div>\n\t\t\t\t<div class=\"elementor-element elementor-element-d08a3cf elementor-widget elementor-widget-text-editor\" data-id=\"d08a3cf\" data-element_type=\"widget\" data-widget_type=\"text-editor.default\">\n\t\t\t\t<div class=\"elementor-widget-container\">\n\t\t\t\t\t\t\t<p>Caso o contribuinte identifique <strong>diverg\u00eancias em declara\u00e7\u00f5es de anos anteriores<\/strong>, \u00e9 poss\u00edvel apresentar declara\u00e7\u00e3o retificadora antes da abertura de procedimento fiscal pela Receita. A retifica\u00e7\u00e3o substitui integralmente a declara\u00e7\u00e3o original e evita penalidades futuras. No entanto, <strong>a entrega fora do prazo est\u00e1 sujeita \u00e0 multa<\/strong>, calculada sobre o valor do imposto devido.<\/p>\t\t\t\t\t\t<\/div>\n\t\t\t\t<\/div>\n\t\t\t\t<div class=\"elementor-element elementor-element-1a97d86 elementor-align-left elementor-widget elementor-widget-raven-heading\" data-id=\"1a97d86\" data-element_type=\"widget\" data-widget_type=\"raven-heading.default\">\n\t\t\t\t<div class=\"elementor-widget-container\">\n\t\t\t\t\t<div class=\"raven-widget-wrapper\"><h2 class=\"raven-heading raven-heading-h2\"><span class=\"raven-heading-title\">Atendimento e orienta\u00e7\u00f5es<\/span><\/h2><\/div>\n\t\t\t\t<\/div>\n\t\t\t\t<\/div>\n\t\t\t\t<div class=\"elementor-element elementor-element-bbf33dd elementor-widget elementor-widget-text-editor\" data-id=\"bbf33dd\" data-element_type=\"widget\" data-widget_type=\"text-editor.default\">\n\t\t\t\t<div class=\"elementor-widget-container\">\n\t\t\t\t\t\t\t<p>A equipe do Departamento de Fiscaliza\u00e7\u00e3o Tribut\u00e1ria da Prefeitura de Apucarana est\u00e1 \u00e0 disposi\u00e7\u00e3o para <strong>esclarecimentos e apoio aos contribuintes<\/strong>, seja por telefone, e-mail ou presencialmente no Centro C\u00edvico.<\/p>\t\t\t\t\t\t<\/div>\n\t\t\t\t<\/div>\n\t\t\t\t<div class=\"elementor-element elementor-element-082bdcf default-icon-list elementor-icon-list--layout-traditional elementor-list-item-link-full_width elementor-widget elementor-widget-icon-list\" data-id=\"082bdcf\" data-element_type=\"widget\" data-widget_type=\"icon-list.default\">\n\t\t\t\t<div class=\"elementor-widget-container\">\n\t\t\t\t\t<ul class=\"elementor-icon-list-items\">\n\t\t\t\t\t\t\t<li class=\"elementor-icon-list-item\">\n\t\t\t\t\t\t\t\t\t\t\t<span class=\"elementor-icon-list-icon\">\n\t\t\t\t\t\t\t<i aria-hidden=\"true\" class=\"fas fa-phone-alt\"><\/i>\t\t\t\t\t\t<\/span>\n\t\t\t\t\t\t\t\t\t\t<span class=\"elementor-icon-list-text\">(43) 3422-4000 \u2013 Ramal 241<\/span>\n\t\t\t\t\t\t\t\t\t<\/li>\n\t\t\t\t\t\t\t\t<li class=\"elementor-icon-list-item\">\n\t\t\t\t\t\t\t\t\t\t\t<span class=\"elementor-icon-list-icon\">\n\t\t\t\t\t\t\t<i aria-hidden=\"true\" class=\"far fa-envelope\"><\/i>\t\t\t\t\t\t<\/span>\n\t\t\t\t\t\t\t\t\t\t<span class=\"elementor-icon-list-text\">cibele.antonechen@apucarana.pr.gov.br<\/span>\n\t\t\t\t\t\t\t\t\t<\/li>\n\t\t\t\t\t\t\t\t<li class=\"elementor-icon-list-item\">\n\t\t\t\t\t\t\t\t\t\t\t<span class=\"elementor-icon-list-icon\">\n\t\t\t\t\t\t\t<i aria-hidden=\"true\" class=\"fas fa-map-marker-alt\"><\/i>\t\t\t\t\t\t<\/span>\n\t\t\t\t\t\t\t\t\t\t<span class=\"elementor-icon-list-text\">Rua Professor Erasto Gaertner, 25 \u2013 Centro C\u00edvico Jos\u00e9 de Oliveira Rosa<\/span>\n\t\t\t\t\t\t\t\t\t<\/li>\n\t\t\t\t\t\t<\/ul>\n\t\t\t\t<\/div>\n\t\t\t\t<\/div>\n\t\t\t\t\t<\/div>\n\t\t<\/div>\n\t\t\t\t\t\t\t<\/div>\n\t\t<\/section>\n\t\t\t\t\t\t\t<\/div>\n\t\t","protected":false},"excerpt":{"rendered":"<p>O que &eacute; ITR O ITR &eacute; um imposto federal previsto na Constitui&ccedil;&atilde;o Federal (art. 153, inciso VI), com apura&ccedil;&atilde;o anual e cujo fato gerador &eacute; a propriedade, posse ou dom&iacute;nio &uacute;til de im&oacute;vel rural. Desde 2015, a Prefeitura de Apucarana mant&eacute;m conv&ecirc;nio com a Receita Federal do Brasil, o que permite ao munic&iacute;pio fiscalizar [&hellip;]<\/p>\n","protected":false},"author":1,"featured_media":0,"parent":0,"menu_order":0,"comment_status":"closed","ping_status":"closed","template":"","meta":{"footnotes":""},"class_list":["post-4958","page","type-page","status-publish","hentry"],"acf":[],"_links":{"self":[{"href":"http:\/\/www.apucarana.pr.gov.br\/site\/wp-json\/wp\/v2\/pages\/4958","targetHints":{"allow":["GET"]}}],"collection":[{"href":"http:\/\/www.apucarana.pr.gov.br\/site\/wp-json\/wp\/v2\/pages"}],"about":[{"href":"http:\/\/www.apucarana.pr.gov.br\/site\/wp-json\/wp\/v2\/types\/page"}],"author":[{"embeddable":true,"href":"http:\/\/www.apucarana.pr.gov.br\/site\/wp-json\/wp\/v2\/users\/1"}],"replies":[{"embeddable":true,"href":"http:\/\/www.apucarana.pr.gov.br\/site\/wp-json\/wp\/v2\/comments?post=4958"}],"version-history":[{"count":5,"href":"http:\/\/www.apucarana.pr.gov.br\/site\/wp-json\/wp\/v2\/pages\/4958\/revisions"}],"predecessor-version":[{"id":116251,"href":"http:\/\/www.apucarana.pr.gov.br\/site\/wp-json\/wp\/v2\/pages\/4958\/revisions\/116251"}],"wp:attachment":[{"href":"http:\/\/www.apucarana.pr.gov.br\/site\/wp-json\/wp\/v2\/media?parent=4958"}],"curies":[{"name":"wp","href":"https:\/\/api.w.org\/{rel}","templated":true}]}}