{"id":107514,"date":"2024-11-01T08:27:16","date_gmt":"2024-11-01T11:27:16","guid":{"rendered":"http:\/\/www.apucarana.pr.gov.br\/site\/?page_id=107514"},"modified":"2024-11-01T08:27:52","modified_gmt":"2024-11-01T11:27:52","slug":"i-seminario-de-medidas-socioeducativas","status":"publish","type":"page","link":"http:\/\/www.apucarana.pr.gov.br\/site\/i-seminario-de-medidas-socioeducativas\/","title":{"rendered":"I Semin\u00e1rio de Medidas Socioeducativas"},"content":{"rendered":"\t\t<div data-elementor-type=\"wp-page\" data-elementor-id=\"107514\" class=\"elementor elementor-107514\">\n\t\t\t\t\t\t\t\t\t<section class=\"elementor-section elementor-top-section elementor-element elementor-element-7119d54 elementor-section-boxed elementor-section-height-default elementor-section-height-default\" data-id=\"7119d54\" data-element_type=\"section\" data-settings=\"{&quot;jet_parallax_layout_list&quot;:[]}\">\n\t\t\t\t\t\t<div class=\"elementor-container elementor-column-gap-default\">\n\t\t\t\t\t<div class=\"elementor-column elementor-col-100 elementor-top-column elementor-element elementor-element-2889393\" data-id=\"2889393\" data-element_type=\"column\">\n\t\t\t<div class=\"elementor-widget-wrap elementor-element-populated\">\n\t\t\t\t\t\t\t\t<div class=\"elementor-element elementor-element-ee43f40 elementor-align-left elementor-widget elementor-widget-raven-heading\" data-id=\"ee43f40\" data-element_type=\"widget\" data-widget_type=\"raven-heading.default\">\n\t\t\t\t<div class=\"elementor-widget-container\">\n\t\t\t\t\t<div class=\"raven-widget-wrapper\"><h4 class=\"raven-heading raven-heading-h4\"><span class=\"raven-heading-title\">I Semin\u00e1rio de Medidas Socioeducativas - 13 e 14 de novembro de 2024<\/span><\/h4><\/div>\n\t\t\t\t<\/div>\n\t\t\t\t<\/div>\n\t\t\t\t<div class=\"elementor-element elementor-element-6249454 elementor-align-center elementor-widget elementor-widget-button\" data-id=\"6249454\" data-element_type=\"widget\" data-widget_type=\"button.default\">\n\t\t\t\t<div class=\"elementor-widget-container\">\n\t\t\t\t\t<div class=\"elementor-button-wrapper\">\n\t\t\t<a href=\"https:\/\/docs.google.com\/forms\/d\/e\/1FAIpQLSfLj9BLY5rWgaJAW3FlimheVy0ecCer0wlSbmfI0GV8XrHY9A\/viewform\" target=\"_blank\" rel=\"nofollow\" class=\"elementor-button-link elementor-button elementor-size-md\" role=\"button\">\n\t\t\t\t\t\t<span class=\"elementor-button-content-wrapper\">\n\t\t\t\t\t\t<span class=\"elementor-button-text\">Fa\u00e7a sua inscri\u00e7\u00e3o (Clique aqui)<\/span>\n\t\t<\/span>\n\t\t\t\t\t<\/a>\n\t\t<\/div>\n\t\t\t\t<\/div>\n\t\t\t\t<\/div>\n\t\t\t\t\t<\/div>\n\t\t<\/div>\n\t\t\t\t\t\t\t<\/div>\n\t\t<\/section>\n\t\t\t\t<section class=\"elementor-section elementor-top-section elementor-element elementor-element-32a80d4 elementor-section-boxed elementor-section-height-default elementor-section-height-default\" data-id=\"32a80d4\" data-element_type=\"section\" data-settings=\"{&quot;jet_parallax_layout_list&quot;:[]}\">\n\t\t\t\t\t\t<div class=\"elementor-container elementor-column-gap-default\">\n\t\t\t\t\t<div class=\"elementor-column elementor-col-100 elementor-top-column elementor-element elementor-element-8053b10\" data-id=\"8053b10\" data-element_type=\"column\">\n\t\t\t<div class=\"elementor-widget-wrap elementor-element-populated\">\n\t\t\t\t\t\t\t\t<div class=\"elementor-element elementor-element-8b8ca28 elementor-widget elementor-widget-image\" data-id=\"8b8ca28\" data-element_type=\"widget\" data-widget_type=\"image.default\">\n\t\t\t\t<div class=\"elementor-widget-container\">\n\t\t\t\t\t\t\t\t\t\t\t\t\t\t\t<img loading=\"lazy\" decoding=\"async\" width=\"1024\" height=\"1024\" src=\"http:\/\/www.apucarana.pr.gov.br\/site\/wp-content\/uploads\/2024\/11\/CAPA-SEM-LINK-1024x1024.png\" class=\"attachment-large size-large wp-image-107515\" alt=\"\" srcset=\"http:\/\/www.apucarana.pr.gov.br\/site\/wp-content\/uploads\/2024\/11\/CAPA-SEM-LINK-1024x1024.png 1024w, http:\/\/www.apucarana.pr.gov.br\/site\/wp-content\/uploads\/2024\/11\/CAPA-SEM-LINK-300x300.png 300w, http:\/\/www.apucarana.pr.gov.br\/site\/wp-content\/uploads\/2024\/11\/CAPA-SEM-LINK-150x150.png 150w, http:\/\/www.apucarana.pr.gov.br\/site\/wp-content\/uploads\/2024\/11\/CAPA-SEM-LINK-768x768.png 768w, http:\/\/www.apucarana.pr.gov.br\/site\/wp-content\/uploads\/2024\/11\/CAPA-SEM-LINK-500x500.png 500w, http:\/\/www.apucarana.pr.gov.br\/site\/wp-content\/uploads\/2024\/11\/CAPA-SEM-LINK.png 1080w\" sizes=\"auto, (max-width: 1024px) 100vw, 1024px\" \/>\t\t\t\t\t\t\t\t\t\t\t\t\t\t\t<\/div>\n\t\t\t\t<\/div>\n\t\t\t\t\t<\/div>\n\t\t<\/div>\n\t\t\t\t\t\t\t<\/div>\n\t\t<\/section>\n\t\t\t\t<section class=\"elementor-section elementor-top-section elementor-element elementor-element-1632cf9 elementor-section-boxed elementor-section-height-default elementor-section-height-default\" data-id=\"1632cf9\" data-element_type=\"section\" data-settings=\"{&quot;jet_parallax_layout_list&quot;:[]}\">\n\t\t\t\t\t\t<div class=\"elementor-container elementor-column-gap-default\">\n\t\t\t\t\t<div class=\"elementor-column elementor-col-50 elementor-top-column elementor-element elementor-element-8eedada\" data-id=\"8eedada\" data-element_type=\"column\">\n\t\t\t<div class=\"elementor-widget-wrap elementor-element-populated\">\n\t\t\t\t\t\t\t\t<div class=\"elementor-element elementor-element-c558fff elementor-widget elementor-widget-image\" data-id=\"c558fff\" data-element_type=\"widget\" data-widget_type=\"image.default\">\n\t\t\t\t<div class=\"elementor-widget-container\">\n\t\t\t\t\t\t\t\t\t\t\t\t\t\t\t<img loading=\"lazy\" decoding=\"async\" width=\"1024\" height=\"1024\" src=\"http:\/\/www.apucarana.pr.gov.br\/site\/wp-content\/uploads\/2024\/11\/PROGRAMACAO-SEM-LINK-1024x1024.png\" class=\"attachment-large size-large wp-image-107516\" alt=\"\" srcset=\"http:\/\/www.apucarana.pr.gov.br\/site\/wp-content\/uploads\/2024\/11\/PROGRAMACAO-SEM-LINK-1024x1024.png 1024w, http:\/\/www.apucarana.pr.gov.br\/site\/wp-content\/uploads\/2024\/11\/PROGRAMACAO-SEM-LINK-300x300.png 300w, http:\/\/www.apucarana.pr.gov.br\/site\/wp-content\/uploads\/2024\/11\/PROGRAMACAO-SEM-LINK-150x150.png 150w, http:\/\/www.apucarana.pr.gov.br\/site\/wp-content\/uploads\/2024\/11\/PROGRAMACAO-SEM-LINK-768x768.png 768w, http:\/\/www.apucarana.pr.gov.br\/site\/wp-content\/uploads\/2024\/11\/PROGRAMACAO-SEM-LINK-500x500.png 500w, http:\/\/www.apucarana.pr.gov.br\/site\/wp-content\/uploads\/2024\/11\/PROGRAMACAO-SEM-LINK.png 1080w\" sizes=\"auto, (max-width: 1024px) 100vw, 1024px\" \/>\t\t\t\t\t\t\t\t\t\t\t\t\t\t\t<\/div>\n\t\t\t\t<\/div>\n\t\t\t\t\t<\/div>\n\t\t<\/div>\n\t\t\t\t<div class=\"elementor-column elementor-col-50 elementor-top-column elementor-element elementor-element-3d28c86\" data-id=\"3d28c86\" data-element_type=\"column\">\n\t\t\t<div class=\"elementor-widget-wrap elementor-element-populated\">\n\t\t\t\t\t\t\t\t<div class=\"elementor-element elementor-element-0e2e550 elementor-widget elementor-widget-image\" data-id=\"0e2e550\" data-element_type=\"widget\" data-widget_type=\"image.default\">\n\t\t\t\t<div class=\"elementor-widget-container\">\n\t\t\t\t\t\t\t\t\t\t\t\t\t\t\t<img loading=\"lazy\" decoding=\"async\" width=\"1024\" height=\"1024\" src=\"http:\/\/www.apucarana.pr.gov.br\/site\/wp-content\/uploads\/2024\/11\/ABERTURA-SEM-LINK-1024x1024.png\" class=\"attachment-large size-large wp-image-107517\" alt=\"\" srcset=\"http:\/\/www.apucarana.pr.gov.br\/site\/wp-content\/uploads\/2024\/11\/ABERTURA-SEM-LINK-1024x1024.png 1024w, http:\/\/www.apucarana.pr.gov.br\/site\/wp-content\/uploads\/2024\/11\/ABERTURA-SEM-LINK-300x300.png 300w, http:\/\/www.apucarana.pr.gov.br\/site\/wp-content\/uploads\/2024\/11\/ABERTURA-SEM-LINK-150x150.png 150w, http:\/\/www.apucarana.pr.gov.br\/site\/wp-content\/uploads\/2024\/11\/ABERTURA-SEM-LINK-768x768.png 768w, http:\/\/www.apucarana.pr.gov.br\/site\/wp-content\/uploads\/2024\/11\/ABERTURA-SEM-LINK-500x500.png 500w, http:\/\/www.apucarana.pr.gov.br\/site\/wp-content\/uploads\/2024\/11\/ABERTURA-SEM-LINK.png 1080w\" sizes=\"auto, (max-width: 1024px) 100vw, 1024px\" \/>\t\t\t\t\t\t\t\t\t\t\t\t\t\t\t<\/div>\n\t\t\t\t<\/div>\n\t\t\t\t\t<\/div>\n\t\t<\/div>\n\t\t\t\t\t\t\t<\/div>\n\t\t<\/section>\n\t\t\t\t<section class=\"elementor-section elementor-top-section elementor-element elementor-element-a5a0e87 elementor-section-boxed elementor-section-height-default elementor-section-height-default\" data-id=\"a5a0e87\" data-element_type=\"section\" data-settings=\"{&quot;jet_parallax_layout_list&quot;:[]}\">\n\t\t\t\t\t\t<div class=\"elementor-container elementor-column-gap-default\">\n\t\t\t\t\t<div class=\"elementor-column elementor-col-50 elementor-top-column elementor-element elementor-element-f998c64\" data-id=\"f998c64\" data-element_type=\"column\">\n\t\t\t<div class=\"elementor-widget-wrap elementor-element-populated\">\n\t\t\t\t\t\t\t\t<div class=\"elementor-element elementor-element-8ed0b9a elementor-widget elementor-widget-image\" data-id=\"8ed0b9a\" data-element_type=\"widget\" data-widget_type=\"image.default\">\n\t\t\t\t<div class=\"elementor-widget-container\">\n\t\t\t\t\t\t\t\t\t\t\t\t\t\t\t<img loading=\"lazy\" decoding=\"async\" width=\"1024\" height=\"1024\" src=\"http:\/\/www.apucarana.pr.gov.br\/site\/wp-content\/uploads\/2024\/11\/PAINEL-I-SEM-LINK-1024x1024.png\" class=\"attachment-large size-large wp-image-107518\" alt=\"\" srcset=\"http:\/\/www.apucarana.pr.gov.br\/site\/wp-content\/uploads\/2024\/11\/PAINEL-I-SEM-LINK-1024x1024.png 1024w, http:\/\/www.apucarana.pr.gov.br\/site\/wp-content\/uploads\/2024\/11\/PAINEL-I-SEM-LINK-300x300.png 300w, http:\/\/www.apucarana.pr.gov.br\/site\/wp-content\/uploads\/2024\/11\/PAINEL-I-SEM-LINK-150x150.png 150w, http:\/\/www.apucarana.pr.gov.br\/site\/wp-content\/uploads\/2024\/11\/PAINEL-I-SEM-LINK-768x768.png 768w, http:\/\/www.apucarana.pr.gov.br\/site\/wp-content\/uploads\/2024\/11\/PAINEL-I-SEM-LINK-500x500.png 500w, http:\/\/www.apucarana.pr.gov.br\/site\/wp-content\/uploads\/2024\/11\/PAINEL-I-SEM-LINK.png 1080w\" sizes=\"auto, (max-width: 1024px) 100vw, 1024px\" \/>\t\t\t\t\t\t\t\t\t\t\t\t\t\t\t<\/div>\n\t\t\t\t<\/div>\n\t\t\t\t\t<\/div>\n\t\t<\/div>\n\t\t\t\t<div class=\"elementor-column elementor-col-50 elementor-top-column elementor-element elementor-element-3a43e09\" data-id=\"3a43e09\" data-element_type=\"column\">\n\t\t\t<div class=\"elementor-widget-wrap elementor-element-populated\">\n\t\t\t\t\t\t\t\t<div class=\"elementor-element elementor-element-bfb7bc1 elementor-widget elementor-widget-image\" data-id=\"bfb7bc1\" data-element_type=\"widget\" data-widget_type=\"image.default\">\n\t\t\t\t<div class=\"elementor-widget-container\">\n\t\t\t\t\t\t\t\t\t\t\t\t\t\t\t<img loading=\"lazy\" decoding=\"async\" width=\"1024\" height=\"1024\" src=\"http:\/\/www.apucarana.pr.gov.br\/site\/wp-content\/uploads\/2024\/11\/PAINEL-II-SEM-LINK-1024x1024.png\" class=\"attachment-large size-large wp-image-107519\" alt=\"\" srcset=\"http:\/\/www.apucarana.pr.gov.br\/site\/wp-content\/uploads\/2024\/11\/PAINEL-II-SEM-LINK-1024x1024.png 1024w, http:\/\/www.apucarana.pr.gov.br\/site\/wp-content\/uploads\/2024\/11\/PAINEL-II-SEM-LINK-300x300.png 300w, http:\/\/www.apucarana.pr.gov.br\/site\/wp-content\/uploads\/2024\/11\/PAINEL-II-SEM-LINK-150x150.png 150w, http:\/\/www.apucarana.pr.gov.br\/site\/wp-content\/uploads\/2024\/11\/PAINEL-II-SEM-LINK-768x768.png 768w, http:\/\/www.apucarana.pr.gov.br\/site\/wp-content\/uploads\/2024\/11\/PAINEL-II-SEM-LINK-500x500.png 500w, http:\/\/www.apucarana.pr.gov.br\/site\/wp-content\/uploads\/2024\/11\/PAINEL-II-SEM-LINK.png 1080w\" sizes=\"auto, (max-width: 1024px) 100vw, 1024px\" \/>\t\t\t\t\t\t\t\t\t\t\t\t\t\t\t<\/div>\n\t\t\t\t<\/div>\n\t\t\t\t\t<\/div>\n\t\t<\/div>\n\t\t\t\t\t\t\t<\/div>\n\t\t<\/section>\n\t\t\t\t<section class=\"elementor-section elementor-top-section elementor-element elementor-element-09702a4 elementor-section-boxed elementor-section-height-default elementor-section-height-default\" data-id=\"09702a4\" data-element_type=\"section\" data-settings=\"{&quot;jet_parallax_layout_list&quot;:[]}\">\n\t\t\t\t\t\t<div class=\"elementor-container elementor-column-gap-default\">\n\t\t\t\t\t<div class=\"elementor-column elementor-col-50 elementor-top-column elementor-element elementor-element-4a17f3a\" data-id=\"4a17f3a\" data-element_type=\"column\">\n\t\t\t<div class=\"elementor-widget-wrap elementor-element-populated\">\n\t\t\t\t\t\t\t\t<div class=\"elementor-element elementor-element-6551c04 elementor-widget elementor-widget-image\" data-id=\"6551c04\" data-element_type=\"widget\" data-widget_type=\"image.default\">\n\t\t\t\t<div class=\"elementor-widget-container\">\n\t\t\t\t\t\t\t\t\t\t\t\t\t\t\t<img loading=\"lazy\" decoding=\"async\" width=\"1024\" height=\"1024\" src=\"http:\/\/www.apucarana.pr.gov.br\/site\/wp-content\/uploads\/2024\/11\/GRUPO-TEMATICO-A-SEM-LINK-1024x1024.png\" class=\"attachment-large size-large wp-image-107520\" alt=\"\" srcset=\"http:\/\/www.apucarana.pr.gov.br\/site\/wp-content\/uploads\/2024\/11\/GRUPO-TEMATICO-A-SEM-LINK-1024x1024.png 1024w, http:\/\/www.apucarana.pr.gov.br\/site\/wp-content\/uploads\/2024\/11\/GRUPO-TEMATICO-A-SEM-LINK-300x300.png 300w, http:\/\/www.apucarana.pr.gov.br\/site\/wp-content\/uploads\/2024\/11\/GRUPO-TEMATICO-A-SEM-LINK-150x150.png 150w, http:\/\/www.apucarana.pr.gov.br\/site\/wp-content\/uploads\/2024\/11\/GRUPO-TEMATICO-A-SEM-LINK-768x768.png 768w, http:\/\/www.apucarana.pr.gov.br\/site\/wp-content\/uploads\/2024\/11\/GRUPO-TEMATICO-A-SEM-LINK-500x500.png 500w, http:\/\/www.apucarana.pr.gov.br\/site\/wp-content\/uploads\/2024\/11\/GRUPO-TEMATICO-A-SEM-LINK.png 1080w\" sizes=\"auto, (max-width: 1024px) 100vw, 1024px\" \/>\t\t\t\t\t\t\t\t\t\t\t\t\t\t\t<\/div>\n\t\t\t\t<\/div>\n\t\t\t\t\t<\/div>\n\t\t<\/div>\n\t\t\t\t<div class=\"elementor-column elementor-col-50 elementor-top-column elementor-element elementor-element-a11bc11\" data-id=\"a11bc11\" data-element_type=\"column\">\n\t\t\t<div class=\"elementor-widget-wrap elementor-element-populated\">\n\t\t\t\t\t\t\t\t<div class=\"elementor-element elementor-element-6eaed15 elementor-widget elementor-widget-image\" data-id=\"6eaed15\" data-element_type=\"widget\" data-widget_type=\"image.default\">\n\t\t\t\t<div class=\"elementor-widget-container\">\n\t\t\t\t\t\t\t\t\t\t\t\t\t\t\t<img loading=\"lazy\" decoding=\"async\" width=\"1024\" height=\"1024\" src=\"http:\/\/www.apucarana.pr.gov.br\/site\/wp-content\/uploads\/2024\/11\/GRUPO-TEMATICO-B-SEM-LINK-1024x1024.png\" class=\"attachment-large size-large wp-image-107521\" alt=\"\" srcset=\"http:\/\/www.apucarana.pr.gov.br\/site\/wp-content\/uploads\/2024\/11\/GRUPO-TEMATICO-B-SEM-LINK-1024x1024.png 1024w, http:\/\/www.apucarana.pr.gov.br\/site\/wp-content\/uploads\/2024\/11\/GRUPO-TEMATICO-B-SEM-LINK-300x300.png 300w, http:\/\/www.apucarana.pr.gov.br\/site\/wp-content\/uploads\/2024\/11\/GRUPO-TEMATICO-B-SEM-LINK-150x150.png 150w, http:\/\/www.apucarana.pr.gov.br\/site\/wp-content\/uploads\/2024\/11\/GRUPO-TEMATICO-B-SEM-LINK-768x768.png 768w, http:\/\/www.apucarana.pr.gov.br\/site\/wp-content\/uploads\/2024\/11\/GRUPO-TEMATICO-B-SEM-LINK-500x500.png 500w, http:\/\/www.apucarana.pr.gov.br\/site\/wp-content\/uploads\/2024\/11\/GRUPO-TEMATICO-B-SEM-LINK.png 1080w\" sizes=\"auto, (max-width: 1024px) 100vw, 1024px\" \/>\t\t\t\t\t\t\t\t\t\t\t\t\t\t\t<\/div>\n\t\t\t\t<\/div>\n\t\t\t\t\t<\/div>\n\t\t<\/div>\n\t\t\t\t\t\t\t<\/div>\n\t\t<\/section>\n\t\t\t\t<section class=\"elementor-section elementor-top-section elementor-element elementor-element-ab217d7 elementor-section-boxed elementor-section-height-default elementor-section-height-default\" data-id=\"ab217d7\" data-element_type=\"section\" data-settings=\"{&quot;jet_parallax_layout_list&quot;:[]}\">\n\t\t\t\t\t\t<div class=\"elementor-container elementor-column-gap-default\">\n\t\t\t\t\t<div class=\"elementor-column elementor-col-50 elementor-top-column elementor-element elementor-element-286e6a8\" data-id=\"286e6a8\" data-element_type=\"column\">\n\t\t\t<div class=\"elementor-widget-wrap elementor-element-populated\">\n\t\t\t\t\t\t\t\t<div class=\"elementor-element elementor-element-e11836c elementor-widget elementor-widget-image\" data-id=\"e11836c\" data-element_type=\"widget\" data-widget_type=\"image.default\">\n\t\t\t\t<div class=\"elementor-widget-container\">\n\t\t\t\t\t\t\t\t\t\t\t\t\t\t\t<img loading=\"lazy\" decoding=\"async\" width=\"1024\" height=\"1024\" src=\"http:\/\/www.apucarana.pr.gov.br\/site\/wp-content\/uploads\/2024\/11\/GRUPO-TEMATICO-C-SEM-LINK-1024x1024.png\" class=\"attachment-large size-large wp-image-107522\" alt=\"\" srcset=\"http:\/\/www.apucarana.pr.gov.br\/site\/wp-content\/uploads\/2024\/11\/GRUPO-TEMATICO-C-SEM-LINK-1024x1024.png 1024w, http:\/\/www.apucarana.pr.gov.br\/site\/wp-content\/uploads\/2024\/11\/GRUPO-TEMATICO-C-SEM-LINK-300x300.png 300w, http:\/\/www.apucarana.pr.gov.br\/site\/wp-content\/uploads\/2024\/11\/GRUPO-TEMATICO-C-SEM-LINK-150x150.png 150w, http:\/\/www.apucarana.pr.gov.br\/site\/wp-content\/uploads\/2024\/11\/GRUPO-TEMATICO-C-SEM-LINK-768x768.png 768w, http:\/\/www.apucarana.pr.gov.br\/site\/wp-content\/uploads\/2024\/11\/GRUPO-TEMATICO-C-SEM-LINK-500x500.png 500w, http:\/\/www.apucarana.pr.gov.br\/site\/wp-content\/uploads\/2024\/11\/GRUPO-TEMATICO-C-SEM-LINK.png 1080w\" sizes=\"auto, (max-width: 1024px) 100vw, 1024px\" \/>\t\t\t\t\t\t\t\t\t\t\t\t\t\t\t<\/div>\n\t\t\t\t<\/div>\n\t\t\t\t\t<\/div>\n\t\t<\/div>\n\t\t\t\t<div class=\"elementor-column elementor-col-50 elementor-top-column elementor-element elementor-element-0ecfc38\" data-id=\"0ecfc38\" data-element_type=\"column\">\n\t\t\t<div class=\"elementor-widget-wrap elementor-element-populated\">\n\t\t\t\t\t\t\t\t<div class=\"elementor-element elementor-element-f8c91c4 elementor-widget elementor-widget-image\" data-id=\"f8c91c4\" data-element_type=\"widget\" data-widget_type=\"image.default\">\n\t\t\t\t<div class=\"elementor-widget-container\">\n\t\t\t\t\t\t\t\t\t\t\t\t\t\t\t<img loading=\"lazy\" decoding=\"async\" width=\"1024\" height=\"1024\" src=\"http:\/\/www.apucarana.pr.gov.br\/site\/wp-content\/uploads\/2024\/11\/PAINEL-III-SEM-LINK-1024x1024.png\" class=\"attachment-large size-large wp-image-107523\" alt=\"\" srcset=\"http:\/\/www.apucarana.pr.gov.br\/site\/wp-content\/uploads\/2024\/11\/PAINEL-III-SEM-LINK-1024x1024.png 1024w, http:\/\/www.apucarana.pr.gov.br\/site\/wp-content\/uploads\/2024\/11\/PAINEL-III-SEM-LINK-300x300.png 300w, http:\/\/www.apucarana.pr.gov.br\/site\/wp-content\/uploads\/2024\/11\/PAINEL-III-SEM-LINK-150x150.png 150w, http:\/\/www.apucarana.pr.gov.br\/site\/wp-content\/uploads\/2024\/11\/PAINEL-III-SEM-LINK-768x768.png 768w, http:\/\/www.apucarana.pr.gov.br\/site\/wp-content\/uploads\/2024\/11\/PAINEL-III-SEM-LINK-500x500.png 500w, http:\/\/www.apucarana.pr.gov.br\/site\/wp-content\/uploads\/2024\/11\/PAINEL-III-SEM-LINK.png 1080w\" sizes=\"auto, (max-width: 1024px) 100vw, 1024px\" \/>\t\t\t\t\t\t\t\t\t\t\t\t\t\t\t<\/div>\n\t\t\t\t<\/div>\n\t\t\t\t\t<\/div>\n\t\t<\/div>\n\t\t\t\t\t\t\t<\/div>\n\t\t<\/section>\n\t\t\t\t\t\t\t<\/div>\n\t\t","protected":false},"excerpt":{"rendered":"<p>I Semin&aacute;rio de Medidas Socioeducativas &ndash; 13 e 14 de novembro de 2024 Fa&ccedil;a sua inscri&ccedil;&atilde;o (Clique aqui)<\/p>\n","protected":false},"author":5,"featured_media":0,"parent":0,"menu_order":0,"comment_status":"closed","ping_status":"closed","template":"","meta":{"footnotes":""},"class_list":["post-107514","page","type-page","status-publish","hentry"],"acf":[],"_links":{"self":[{"href":"http:\/\/www.apucarana.pr.gov.br\/site\/wp-json\/wp\/v2\/pages\/107514","targetHints":{"allow":["GET"]}}],"collection":[{"href":"http:\/\/www.apucarana.pr.gov.br\/site\/wp-json\/wp\/v2\/pages"}],"about":[{"href":"http:\/\/www.apucarana.pr.gov.br\/site\/wp-json\/wp\/v2\/types\/page"}],"author":[{"embeddable":true,"href":"http:\/\/www.apucarana.pr.gov.br\/site\/wp-json\/wp\/v2\/users\/5"}],"replies":[{"embeddable":true,"href":"http:\/\/www.apucarana.pr.gov.br\/site\/wp-json\/wp\/v2\/comments?post=107514"}],"version-history":[{"count":5,"href":"http:\/\/www.apucarana.pr.gov.br\/site\/wp-json\/wp\/v2\/pages\/107514\/revisions"}],"predecessor-version":[{"id":107529,"href":"http:\/\/www.apucarana.pr.gov.br\/site\/wp-json\/wp\/v2\/pages\/107514\/revisions\/107529"}],"wp:attachment":[{"href":"http:\/\/www.apucarana.pr.gov.br\/site\/wp-json\/wp\/v2\/media?parent=107514"}],"curies":[{"name":"wp","href":"https:\/\/api.w.org\/{rel}","templated":true}]}}