{"id":5460,"date":"2016-05-03T15:57:09","date_gmt":"2016-05-03T18:57:09","guid":{"rendered":"http:\/\/www.apucarana.pr.gov.br\/ame\/?page_id=5460"},"modified":"2021-02-01T13:53:47","modified_gmt":"2021-02-01T16:53:47","slug":"educacao-especial","status":"publish","type":"page","link":"http:\/\/www.apucarana.pr.gov.br\/ame\/educacao-especial\/","title":{"rendered":"Educa\u00e7\u00e3o Especial"},"content":{"rendered":"<p>Na busca pela constru\u00e7\u00e3o de uma educa\u00e7\u00e3o inclusiva, a AME investe em a\u00e7\u00f5es que visam eliminar barreiras e garantir o acesso e perman\u00eancia de todas as crian\u00e7as nas escolas p\u00fablicas, independentemente de suas limita\u00e7\u00f5es e diferen\u00e7as humanas.<\/p>\n<p>Entre as propostas desenvolvidas, as principais s\u00e3o a adequa\u00e7\u00e3o dos pr\u00e9dios escolares \u00e0s normas de acessibilidade definidas pelo Minist\u00e9rio da Educa\u00e7\u00e3o, a aquisi\u00e7\u00e3o de equipamentos e materiais pedag\u00f3gicos diferenciados, a forma\u00e7\u00e3o continuada dos docentes, o combate ao bullying nas unidades de ensino e o monitoramento dos alunos que apresentam necessidades especiais de aprendizagem.<\/p>\n<p>Os estudantes com defici\u00eancia, transtornos globais do desenvolvimento e altas habilidades ainda recebem o acompanhamento sistem\u00e1tico do Centro de Apoio Multiprofissional ao Escolar, \u00f3rg\u00e3o vinculado \u00e0 Autarquia Municipal de Educa\u00e7\u00e3o.<\/p>\n<p>A equipe do CAME \u00e9 formada por docentes especialistas em Educa\u00e7\u00e3o Especial, professores da L\u00edngua Brasileira de Sinais (Libras) e do Sistema Braille, Psic\u00f3logos, Psicopedagogos e Pedagogos.<\/p>\n<p><img class=\"size-full aligncenter\" src=\"\/ame\/wp-content\/uploads\/img\/especial.jpg\"\/><\/p>\n<div class = 'socialMediaOnEveryPost'>Compartilhe<div id=\"sgmbShare1-1\" class=\"sgmbShare jssocials-theme-classic sgmbWidget1-1\"><\/div><div class=\"dropdownWrapper dropdownWrapper1 dropdownWrapper-for-widget \" id=\"dropdownWrapper-for-widget\">\r\n\t\t\t\t\t\t<div class=\"dropdownLabel\" id=\"dropdownLabel-share-list\"><span class=\"sgmbButtonListLabel1\">Share List<\/span><\/div>\r\n\t\t\t\t\t\t<div class=\"dropdownPanel dropdownPanel1-1\">\r\n\t\t\t\t\t\t<\/div>\r\n\t\t\t\t\t<\/div><script>  SGMB_URL = \"http:\/\/www.apucarana.pr.gov.br\/ame\/wp-content\/plugins\/social-media-builder\/\"; jQuery(\".dropdownWrapper\").hide(); SGMB_GOOGLE_ACOUNT = \"\"; <\/script><script type=\"text\/javascript\">\r\n\t\tjQuery(document).ready(function($){var widget = new SGMBWidget();widget.show({\"id\":\"1\",\"title\":\"Face\\\/Twitter\",\"options\":{\"currentUrl\":\"1\",\"url\":\"\",\"shareText\":\"\",\"fontSize\":\"14\",\"betweenButtons\":\"1px\",\"theme\":\"classic\",\"sgmbButtonsPosition\":\"bottomLeft\",\"socialTheme\":\"\",\"icon\":\"default\",\"buttonsPanelEffect\":\"No Effect\",\"buttonsEffect\":\"No Effect\",\"iconsEffect\":\"No Effect\",\"buttons\":\"{\\\"facebook\\\":{\\\"label\\\":\\\"Share\\\",\\\"icon\\\":\\\"default-facebook\\\"},\\\"twitter\\\":{\\\"label\\\":\\\"Tweet\\\",\\\"icon\\\":\\\"default-twitter\\\",\\\"via\\\":\\\"\\\",\\\"hashtags\\\":\\\"\\\"}}\",\"roundButton\":\"\",\"showLabels\":\"\",\"showCounts\":\"\",\"showCenter\":\"\",\"showButtonsAsList\":\"\",\"sgmbDropdownColor\":\"\",\"sgmbDropdownLabelFontSize\":\"14\",\"sgmbDropdownLabelColor\":\"\",\"showButtonsOnEveryPost\":\"on\",\"selectedOrExcluded\":\"\",\"showButtonsOnEveryPage\":\"\",\"textOnEveryPost\":\"Compartilhe\",\"showButtonsOnCustomPost\":\"\",\"textOnCustomPost\":\"\",\"showButtonsOnMobileDirect\":\"on\",\"showButtonsOnDesktopDirect\":\"on\",\"sgmbSelectedPages\":[\"\"],\"sgmbExcludedPosts\":[\"\"],\"sgmbSelectedCustomPosts\":[],\"showButtonsInPopup\":\"\",\"titleOfPopup\":\"\",\"descriptionOfPopup\":\"\",\"showPopupOnLoad\":\"\",\"showPopupOnScroll\":\"\",\"showPopupOnExit\":\"\",\"openSecondsOfPopup\":\"\",\"googleAnaliticsAccount\":\"\"},\"buttonOptions\":{\"facebook\":{\"label\":\"Share\",\"icon\":\"default-facebook\"},\"twitter\":{\"label\":\"Tweet\",\"icon\":\"default-twitter\",\"via\":\"\",\"hashtags\":\"\"}},\"button\":[\"facebook\",\"twitter\"]}, 1, '', '\/ame\/wp-content\/uploads\/img\/especial.jpg', '', 'http:\/\/www.apucarana.pr.gov.br\/ame\/educacao-especial\/'); });<\/script><\/div><script> jQuery(\".socialMediaOnEveryPost\").addClass(\"sgmb-left\") <\/script>","protected":false},"excerpt":{"rendered":"<p>Na busca pela constru\u00e7\u00e3o de uma educa\u00e7\u00e3o inclusiva, a AME investe em a\u00e7\u00f5es que visam eliminar barreiras e garantir o acesso e perman\u00eancia de todas as crian\u00e7as nas escolas p\u00fablicas, independentemente de suas limita\u00e7\u00f5es e diferen\u00e7as humanas. Entre as propostas desenvolvidas, as principais s\u00e3o a adequa\u00e7\u00e3o dos pr\u00e9dios escolares \u00e0s&hellip; <\/p>\n","protected":false},"author":1,"featured_media":0,"parent":0,"menu_order":0,"comment_status":"closed","ping_status":"closed","template":"","meta":[],"_links":{"self":[{"href":"http:\/\/www.apucarana.pr.gov.br\/ame\/wp-json\/wp\/v2\/pages\/5460"}],"collection":[{"href":"http:\/\/www.apucarana.pr.gov.br\/ame\/wp-json\/wp\/v2\/pages"}],"about":[{"href":"http:\/\/www.apucarana.pr.gov.br\/ame\/wp-json\/wp\/v2\/types\/page"}],"author":[{"embeddable":true,"href":"http:\/\/www.apucarana.pr.gov.br\/ame\/wp-json\/wp\/v2\/users\/1"}],"replies":[{"embeddable":true,"href":"http:\/\/www.apucarana.pr.gov.br\/ame\/wp-json\/wp\/v2\/comments?post=5460"}],"version-history":[{"count":4,"href":"http:\/\/www.apucarana.pr.gov.br\/ame\/wp-json\/wp\/v2\/pages\/5460\/revisions"}],"predecessor-version":[{"id":10822,"href":"http:\/\/www.apucarana.pr.gov.br\/ame\/wp-json\/wp\/v2\/pages\/5460\/revisions\/10822"}],"wp:attachment":[{"href":"http:\/\/www.apucarana.pr.gov.br\/ame\/wp-json\/wp\/v2\/media?parent=5460"}],"curies":[{"name":"wp","href":"https:\/\/api.w.org\/{rel}","templated":true}]}}