{"id":5454,"date":"2016-04-28T14:58:12","date_gmt":"2016-04-28T17:58:12","guid":{"rendered":"http:\/\/www.apucarana.pr.gov.br\/ame\/?page_id=5454"},"modified":"2021-02-01T13:51:52","modified_gmt":"2021-02-01T16:51:52","slug":"eja-educacao-de-jovens-e-adultos","status":"publish","type":"page","link":"http:\/\/www.apucarana.pr.gov.br\/ame\/eja-educacao-de-jovens-e-adultos\/","title":{"rendered":"EJA &#8211; Educa\u00e7\u00e3o de Jovens e Adultos"},"content":{"rendered":"<p>A Autarquia Municipal de Educa\u00e7\u00e3o (AME) oferta a Educa\u00e7\u00e3o de Jovens e Adultos (EJA) em escolas localizadas nas diferentes regi\u00f5es apucaranenses.<\/p>\n<p>A EJA \u00e9 a modalidade de ensino que tem por p\u00fablico-alvo os cidad\u00e3os que, por um motivo ou outro, n\u00e3o conseguiram completar a educa\u00e7\u00e3o b\u00e1sica em idade adequada.<\/p>\n<p>A Lei de Diretrizes e Bases da Educa\u00e7\u00e3o Nacional (LDBEN), n\u00famero 9394\/96, divide entre estados e munic\u00edpios a responsabilidade por atender a demanda de matr\u00edculas da EJA. Assim, cabe \u00e0s unidades escolares pertencentes a AME a oferta dos anos iniciais do ensino fundamental (fase I), enquanto que os col\u00e9gios ligados ao N\u00facleo Regional de Educa\u00e7\u00e3o assumem o compromisso de disponibilizarem os anos finais do ensino fundamental (fase II) e o ensino m\u00e9dio.<\/p>\n<p>A erradica\u00e7\u00e3o do analfabetismo em Apucarana \u00e9 uma das metas do Plano Municipal de Educa\u00e7\u00e3o, que foi aprovado no m\u00eas de junho de 2015 e tem validade de dez anos. Por isso, as matr\u00edculas para a EJA est\u00e3o permanentemente abertas.<\/p>\n<p>Se voc\u00ea conhece algu\u00e9m com idade igual ou superior a 15 anos, mas que ainda n\u00e3o sabe ler ou escrever, por favor, estimule essa pessoa a procurar a Autarquia Municipal de Educa\u00e7\u00e3o ou qualquer uma das escolas da rede para a realiza\u00e7\u00e3o da matr\u00edcula.<\/p>\n<p><img class=\"size-full aligncenter\" src=\"\/ame\/wp-content\/uploads\/img\/eja.jpg\" alt=\"EJA - Educa\u00e7\u00e3o de Jovens e Adultos\" \/><\/p>\n<div class = 'socialMediaOnEveryPost'>Compartilhe<div id=\"sgmbShare1-1\" class=\"sgmbShare jssocials-theme-classic sgmbWidget1-1\"><\/div><div class=\"dropdownWrapper dropdownWrapper1 dropdownWrapper-for-widget \" id=\"dropdownWrapper-for-widget\">\r\n\t\t\t\t\t\t<div class=\"dropdownLabel\" id=\"dropdownLabel-share-list\"><span class=\"sgmbButtonListLabel1\">Share List<\/span><\/div>\r\n\t\t\t\t\t\t<div class=\"dropdownPanel dropdownPanel1-1\">\r\n\t\t\t\t\t\t<\/div>\r\n\t\t\t\t\t<\/div><script>  SGMB_URL = \"http:\/\/www.apucarana.pr.gov.br\/ame\/wp-content\/plugins\/social-media-builder\/\"; jQuery(\".dropdownWrapper\").hide(); SGMB_GOOGLE_ACOUNT = \"\"; <\/script><script type=\"text\/javascript\">\r\n\t\tjQuery(document).ready(function($){var widget = new SGMBWidget();widget.show({\"id\":\"1\",\"title\":\"Face\\\/Twitter\",\"options\":{\"currentUrl\":\"1\",\"url\":\"\",\"shareText\":\"\",\"fontSize\":\"14\",\"betweenButtons\":\"1px\",\"theme\":\"classic\",\"sgmbButtonsPosition\":\"bottomLeft\",\"socialTheme\":\"\",\"icon\":\"default\",\"buttonsPanelEffect\":\"No Effect\",\"buttonsEffect\":\"No Effect\",\"iconsEffect\":\"No Effect\",\"buttons\":\"{\\\"facebook\\\":{\\\"label\\\":\\\"Share\\\",\\\"icon\\\":\\\"default-facebook\\\"},\\\"twitter\\\":{\\\"label\\\":\\\"Tweet\\\",\\\"icon\\\":\\\"default-twitter\\\",\\\"via\\\":\\\"\\\",\\\"hashtags\\\":\\\"\\\"}}\",\"roundButton\":\"\",\"showLabels\":\"\",\"showCounts\":\"\",\"showCenter\":\"\",\"showButtonsAsList\":\"\",\"sgmbDropdownColor\":\"\",\"sgmbDropdownLabelFontSize\":\"14\",\"sgmbDropdownLabelColor\":\"\",\"showButtonsOnEveryPost\":\"on\",\"selectedOrExcluded\":\"\",\"showButtonsOnEveryPage\":\"\",\"textOnEveryPost\":\"Compartilhe\",\"showButtonsOnCustomPost\":\"\",\"textOnCustomPost\":\"\",\"showButtonsOnMobileDirect\":\"on\",\"showButtonsOnDesktopDirect\":\"on\",\"sgmbSelectedPages\":[\"\"],\"sgmbExcludedPosts\":[\"\"],\"sgmbSelectedCustomPosts\":[],\"showButtonsInPopup\":\"\",\"titleOfPopup\":\"\",\"descriptionOfPopup\":\"\",\"showPopupOnLoad\":\"\",\"showPopupOnScroll\":\"\",\"showPopupOnExit\":\"\",\"openSecondsOfPopup\":\"\",\"googleAnaliticsAccount\":\"\"},\"buttonOptions\":{\"facebook\":{\"label\":\"Share\",\"icon\":\"default-facebook\"},\"twitter\":{\"label\":\"Tweet\",\"icon\":\"default-twitter\",\"via\":\"\",\"hashtags\":\"\"}},\"button\":[\"facebook\",\"twitter\"]}, 1, '', '\/ame\/wp-content\/uploads\/img\/eja.jpg', '', 'http:\/\/www.apucarana.pr.gov.br\/ame\/eja-educacao-de-jovens-e-adultos\/'); });<\/script><\/div><script> jQuery(\".socialMediaOnEveryPost\").addClass(\"sgmb-left\") <\/script>","protected":false},"excerpt":{"rendered":"<p>A Autarquia Municipal de Educa\u00e7\u00e3o (AME) oferta a Educa\u00e7\u00e3o de Jovens e Adultos (EJA) em escolas localizadas nas diferentes regi\u00f5es apucaranenses. A EJA \u00e9 a modalidade de ensino que tem por p\u00fablico-alvo os cidad\u00e3os que, por um motivo ou outro, n\u00e3o conseguiram completar a educa\u00e7\u00e3o b\u00e1sica em idade adequada. A&hellip; <\/p>\n","protected":false},"author":1,"featured_media":0,"parent":0,"menu_order":0,"comment_status":"closed","ping_status":"closed","template":"","meta":[],"_links":{"self":[{"href":"http:\/\/www.apucarana.pr.gov.br\/ame\/wp-json\/wp\/v2\/pages\/5454"}],"collection":[{"href":"http:\/\/www.apucarana.pr.gov.br\/ame\/wp-json\/wp\/v2\/pages"}],"about":[{"href":"http:\/\/www.apucarana.pr.gov.br\/ame\/wp-json\/wp\/v2\/types\/page"}],"author":[{"embeddable":true,"href":"http:\/\/www.apucarana.pr.gov.br\/ame\/wp-json\/wp\/v2\/users\/1"}],"replies":[{"embeddable":true,"href":"http:\/\/www.apucarana.pr.gov.br\/ame\/wp-json\/wp\/v2\/comments?post=5454"}],"version-history":[{"count":2,"href":"http:\/\/www.apucarana.pr.gov.br\/ame\/wp-json\/wp\/v2\/pages\/5454\/revisions"}],"predecessor-version":[{"id":9323,"href":"http:\/\/www.apucarana.pr.gov.br\/ame\/wp-json\/wp\/v2\/pages\/5454\/revisions\/9323"}],"wp:attachment":[{"href":"http:\/\/www.apucarana.pr.gov.br\/ame\/wp-json\/wp\/v2\/media?parent=5454"}],"curies":[{"name":"wp","href":"https:\/\/api.w.org\/{rel}","templated":true}]}}