{"id":5453,"date":"2016-04-28T14:57:52","date_gmt":"2016-04-28T17:57:52","guid":{"rendered":"http:\/\/www.apucarana.pr.gov.br\/ame\/?page_id=5453"},"modified":"2021-02-01T13:43:34","modified_gmt":"2021-02-01T16:43:34","slug":"ensino-fundamental","status":"publish","type":"page","link":"http:\/\/www.apucarana.pr.gov.br\/ame\/ensino-fundamental\/","title":{"rendered":"Ensino Fundamental"},"content":{"rendered":"<p>O Ensino Fundamental, de acordo com a LDB (Lei 9394\/96), \u00e9 o n\u00edvel da educa\u00e7\u00e3o que tem por objetivo a forma\u00e7\u00e3o b\u00e1sica do cidad\u00e3o. As principais compet\u00eancias amadurecidas nesta etapa, que tem dura\u00e7\u00e3o de nove anos, s\u00e3o:<\/p>\n<p>I \u2013 o desenvolvimento da capacidade de aprender, tendo como meios b\u00e1sicos o pleno dom\u00ednio da leitura, da escrita e do c\u00e1lculo;<\/p>\n<p>II \u2013 a compreens\u00e3o do ambiente natural e social, do sistema pol\u00edtico, da tecnologia, das artes e dos valores em que se fundamenta a sociedade;<\/p>\n<p>III \u2013 o desenvolvimento da capacidade de aprendizagem, tendo em vista a aquisi\u00e7\u00e3o de conhecimentos e habilidades e a forma\u00e7\u00e3o de atitudes e valores;<\/p>\n<p>IV \u2013 o fortalecimento dos v\u00ednculos de fam\u00edlia, dos la\u00e7os de solidariedade humana e de toler\u00e2ncia rec\u00edproca em que se assenta a vida social.<\/p>\n<p>A Autarquia Municipal de Educa\u00e7\u00e3o oferta os anos iniciais do Ensino Fundamental (1\u00ba ao 5\u00ba ano) atrav\u00e9s de escolas distribu\u00eddas por todas as regi\u00f5es da cidade, enquanto que a presta\u00e7\u00e3o de servi\u00e7os referentes aos anos finais desta etapa do ensino (6\u00ba ao 9\u00ba ano) \u00e9 de responsabilidade do N\u00facleo Regional de Educa\u00e7\u00e3o e dos Col\u00e9gios Estaduais.<\/p>\n<p><img class=\"size-full aligncenter\" src=\"\/ame\/wp-content\/uploads\/img\/fundamental.jpg\" alt=\"Ensino Fundamental\" \/><\/p>\n<div class = 'socialMediaOnEveryPost'>Compartilhe<div id=\"sgmbShare1-1\" class=\"sgmbShare jssocials-theme-classic sgmbWidget1-1\"><\/div><div class=\"dropdownWrapper dropdownWrapper1 dropdownWrapper-for-widget \" id=\"dropdownWrapper-for-widget\">\r\n\t\t\t\t\t\t<div class=\"dropdownLabel\" id=\"dropdownLabel-share-list\"><span class=\"sgmbButtonListLabel1\">Share List<\/span><\/div>\r\n\t\t\t\t\t\t<div class=\"dropdownPanel dropdownPanel1-1\">\r\n\t\t\t\t\t\t<\/div>\r\n\t\t\t\t\t<\/div><script>  SGMB_URL = \"http:\/\/www.apucarana.pr.gov.br\/ame\/wp-content\/plugins\/social-media-builder\/\"; jQuery(\".dropdownWrapper\").hide(); SGMB_GOOGLE_ACOUNT = \"\"; <\/script><script type=\"text\/javascript\">\r\n\t\tjQuery(document).ready(function($){var widget = new SGMBWidget();widget.show({\"id\":\"1\",\"title\":\"Face\\\/Twitter\",\"options\":{\"currentUrl\":\"1\",\"url\":\"\",\"shareText\":\"\",\"fontSize\":\"14\",\"betweenButtons\":\"1px\",\"theme\":\"classic\",\"sgmbButtonsPosition\":\"bottomLeft\",\"socialTheme\":\"\",\"icon\":\"default\",\"buttonsPanelEffect\":\"No Effect\",\"buttonsEffect\":\"No Effect\",\"iconsEffect\":\"No Effect\",\"buttons\":\"{\\\"facebook\\\":{\\\"label\\\":\\\"Share\\\",\\\"icon\\\":\\\"default-facebook\\\"},\\\"twitter\\\":{\\\"label\\\":\\\"Tweet\\\",\\\"icon\\\":\\\"default-twitter\\\",\\\"via\\\":\\\"\\\",\\\"hashtags\\\":\\\"\\\"}}\",\"roundButton\":\"\",\"showLabels\":\"\",\"showCounts\":\"\",\"showCenter\":\"\",\"showButtonsAsList\":\"\",\"sgmbDropdownColor\":\"\",\"sgmbDropdownLabelFontSize\":\"14\",\"sgmbDropdownLabelColor\":\"\",\"showButtonsOnEveryPost\":\"on\",\"selectedOrExcluded\":\"\",\"showButtonsOnEveryPage\":\"\",\"textOnEveryPost\":\"Compartilhe\",\"showButtonsOnCustomPost\":\"\",\"textOnCustomPost\":\"\",\"showButtonsOnMobileDirect\":\"on\",\"showButtonsOnDesktopDirect\":\"on\",\"sgmbSelectedPages\":[\"\"],\"sgmbExcludedPosts\":[\"\"],\"sgmbSelectedCustomPosts\":[],\"showButtonsInPopup\":\"\",\"titleOfPopup\":\"\",\"descriptionOfPopup\":\"\",\"showPopupOnLoad\":\"\",\"showPopupOnScroll\":\"\",\"showPopupOnExit\":\"\",\"openSecondsOfPopup\":\"\",\"googleAnaliticsAccount\":\"\"},\"buttonOptions\":{\"facebook\":{\"label\":\"Share\",\"icon\":\"default-facebook\"},\"twitter\":{\"label\":\"Tweet\",\"icon\":\"default-twitter\",\"via\":\"\",\"hashtags\":\"\"}},\"button\":[\"facebook\",\"twitter\"]}, 1, '', '\/ame\/wp-content\/uploads\/img\/fundamental.jpg', '', 'http:\/\/www.apucarana.pr.gov.br\/ame\/ensino-fundamental\/'); });<\/script><\/div><script> jQuery(\".socialMediaOnEveryPost\").addClass(\"sgmb-left\") <\/script>","protected":false},"excerpt":{"rendered":"<p>O Ensino Fundamental, de acordo com a LDB (Lei 9394\/96), \u00e9 o n\u00edvel da educa\u00e7\u00e3o que tem por objetivo a forma\u00e7\u00e3o b\u00e1sica do cidad\u00e3o. As principais compet\u00eancias amadurecidas nesta etapa, que tem dura\u00e7\u00e3o de nove anos, s\u00e3o: I \u2013 o desenvolvimento da capacidade de aprender, tendo como meios b\u00e1sicos o&hellip; <\/p>\n","protected":false},"author":1,"featured_media":0,"parent":0,"menu_order":0,"comment_status":"closed","ping_status":"closed","template":"","meta":[],"_links":{"self":[{"href":"http:\/\/www.apucarana.pr.gov.br\/ame\/wp-json\/wp\/v2\/pages\/5453"}],"collection":[{"href":"http:\/\/www.apucarana.pr.gov.br\/ame\/wp-json\/wp\/v2\/pages"}],"about":[{"href":"http:\/\/www.apucarana.pr.gov.br\/ame\/wp-json\/wp\/v2\/types\/page"}],"author":[{"embeddable":true,"href":"http:\/\/www.apucarana.pr.gov.br\/ame\/wp-json\/wp\/v2\/users\/1"}],"replies":[{"embeddable":true,"href":"http:\/\/www.apucarana.pr.gov.br\/ame\/wp-json\/wp\/v2\/comments?post=5453"}],"version-history":[{"count":3,"href":"http:\/\/www.apucarana.pr.gov.br\/ame\/wp-json\/wp\/v2\/pages\/5453\/revisions"}],"predecessor-version":[{"id":9320,"href":"http:\/\/www.apucarana.pr.gov.br\/ame\/wp-json\/wp\/v2\/pages\/5453\/revisions\/9320"}],"wp:attachment":[{"href":"http:\/\/www.apucarana.pr.gov.br\/ame\/wp-json\/wp\/v2\/media?parent=5453"}],"curies":[{"name":"wp","href":"https:\/\/api.w.org\/{rel}","templated":true}]}}