{"id":5448,"date":"2016-04-27T15:49:15","date_gmt":"2016-04-27T18:49:15","guid":{"rendered":"http:\/\/www.apucarana.pr.gov.br\/ame\/?page_id=5448"},"modified":"2024-12-20T13:25:52","modified_gmt":"2024-12-20T16:25:52","slug":"autarquia-municipal-de-educacao","status":"publish","type":"page","link":"http:\/\/www.apucarana.pr.gov.br\/ame\/autarquia-municipal-de-educacao\/","title":{"rendered":"Autarquia Municipal de Educa\u00e7\u00e3o"},"content":{"rendered":"<p>A Autarquia Municipal de Educa\u00e7\u00e3o foi criada em dezembro de 2009, por meio da lei 242\/2009, e \u00e9 uma entidade com sede e foro na cidade de Apucarana-PR que disp\u00f5e de autonomia administrativa, financeira e t\u00e9cnica, al\u00e9m de patrim\u00f4nio p\u00fablico.<\/p>\n<p>Conforme o Artigo 4\u00ba da referida lei, s\u00e3o compet\u00eancias da Autarquia Municipal de Educa\u00e7\u00e3o:<\/p>\n<p>I \u2013 prestar servi\u00e7os de educa\u00e7\u00e3o por meio de profissionais habilitados;<br \/>\nII \u2013 administrar, coordenar e fiscalizar todas as atividades e servi\u00e7os prestados pelas institui\u00e7\u00f5es escolares municipais e conveniadas;<br \/>\nIII \u2013 estudar, projetar e executar, com recursos pr\u00f3prios ou transferidos, diretamente ou mediante contrato, conv\u00eanio com entidades p\u00fablicas ou privadas, a constru\u00e7\u00e3o, amplia\u00e7\u00e3o ou reforma de pr\u00e9dios e instala\u00e7\u00f5es destinadas \u00e0 explora\u00e7\u00e3o de atividades e servi\u00e7os de educa\u00e7\u00e3o, atendimento escolar e outros afins;<br \/>\nIV \u2013 organizar, coordenar e desenvolver programas de educa\u00e7\u00e3o e assist\u00eancia educacional;<br \/>\nV \u2013 exercer quaisquer outras atividades relacionadas com a educa\u00e7\u00e3o infantil e anos iniciais do ensino fundamental; e suas modalidades de educa\u00e7\u00e3o especial e educa\u00e7\u00e3o de jovens e adultos;<br \/>\nVI \u2013 formular, coordenar e executar a pol\u00edtica municipal de educa\u00e7\u00e3o em conformidade com as diretrizes emanadas pelo Minist\u00e9rio da Educa\u00e7\u00e3o e entidades competentes;<br \/>\nVII \u2013 atuar diretamente nas pol\u00edticas p\u00fablicas de educa\u00e7\u00e3o, visando a contribui\u00e7\u00e3o pela forma\u00e7\u00e3o social e a cidadania dos mun\u00edcipes de Apucarana, principalmente dos mais necessitados.<\/p>\n<p>A Autarquia Municipal de Educa\u00e7\u00e3o atende a mais de 12 mil alunos a cada ano, com idades entre 0 e 10 anos, por meio de seus cerca de 60 estabelecimentos de ensino.<\/p>\n<p><strong>Endere\u00e7o<\/strong><br \/>\nAvenida Jaboti, 195<br \/>\nVila Santo Ign\u00e1cio II<br \/>\nApucarana-PR<\/p>\n<p><strong>Telefone para contato<\/strong><br \/>\n(43) 3308-1699<\/p>\n<p><!--\n\n\n<figure>\n  <img class=\"aligncenter\" src=\"\" alt=\"\">\n  \n \n<figcaption>Diretora Presidente<\/figcaption>\n \n\n<\/figure>\n\n\n--><\/p>\n<div class = 'socialMediaOnEveryPost'>Compartilhe<div id=\"sgmbShare1-1\" class=\"sgmbShare jssocials-theme-classic sgmbWidget1-1\"><\/div><div class=\"dropdownWrapper dropdownWrapper1 dropdownWrapper-for-widget \" id=\"dropdownWrapper-for-widget\">\r\n\t\t\t\t\t\t<div class=\"dropdownLabel\" id=\"dropdownLabel-share-list\"><span class=\"sgmbButtonListLabel1\">Share List<\/span><\/div>\r\n\t\t\t\t\t\t<div class=\"dropdownPanel dropdownPanel1-1\">\r\n\t\t\t\t\t\t<\/div>\r\n\t\t\t\t\t<\/div><script>  SGMB_URL = \"http:\/\/www.apucarana.pr.gov.br\/ame\/wp-content\/plugins\/social-media-builder\/\"; jQuery(\".dropdownWrapper\").hide(); SGMB_GOOGLE_ACOUNT = \"\"; <\/script><script type=\"text\/javascript\">\r\n\t\tjQuery(document).ready(function($){var widget = new SGMBWidget();widget.show({\"id\":\"1\",\"title\":\"Face\\\/Twitter\",\"options\":{\"currentUrl\":\"1\",\"url\":\"\",\"shareText\":\"\",\"fontSize\":\"14\",\"betweenButtons\":\"1px\",\"theme\":\"classic\",\"sgmbButtonsPosition\":\"bottomLeft\",\"socialTheme\":\"\",\"icon\":\"default\",\"buttonsPanelEffect\":\"No Effect\",\"buttonsEffect\":\"No Effect\",\"iconsEffect\":\"No Effect\",\"buttons\":\"{\\\"facebook\\\":{\\\"label\\\":\\\"Share\\\",\\\"icon\\\":\\\"default-facebook\\\"},\\\"twitter\\\":{\\\"label\\\":\\\"Tweet\\\",\\\"icon\\\":\\\"default-twitter\\\",\\\"via\\\":\\\"\\\",\\\"hashtags\\\":\\\"\\\"}}\",\"roundButton\":\"\",\"showLabels\":\"\",\"showCounts\":\"\",\"showCenter\":\"\",\"showButtonsAsList\":\"\",\"sgmbDropdownColor\":\"\",\"sgmbDropdownLabelFontSize\":\"14\",\"sgmbDropdownLabelColor\":\"\",\"showButtonsOnEveryPost\":\"on\",\"selectedOrExcluded\":\"\",\"showButtonsOnEveryPage\":\"\",\"textOnEveryPost\":\"Compartilhe\",\"showButtonsOnCustomPost\":\"\",\"textOnCustomPost\":\"\",\"showButtonsOnMobileDirect\":\"on\",\"showButtonsOnDesktopDirect\":\"on\",\"sgmbSelectedPages\":[\"\"],\"sgmbExcludedPosts\":[\"\"],\"sgmbSelectedCustomPosts\":[],\"showButtonsInPopup\":\"\",\"titleOfPopup\":\"\",\"descriptionOfPopup\":\"\",\"showPopupOnLoad\":\"\",\"showPopupOnScroll\":\"\",\"showPopupOnExit\":\"\",\"openSecondsOfPopup\":\"\",\"googleAnaliticsAccount\":\"\"},\"buttonOptions\":{\"facebook\":{\"label\":\"Share\",\"icon\":\"default-facebook\"},\"twitter\":{\"label\":\"Tweet\",\"icon\":\"default-twitter\",\"via\":\"\",\"hashtags\":\"\"}},\"button\":[\"facebook\",\"twitter\"]}, 1, '', 'http:\/\/www.apucarana.pr.gov.br\/ame\/wp-content\/plugins\/social-media-builder\/\/img\/no-image.png', '', 'http:\/\/www.apucarana.pr.gov.br\/ame\/autarquia-municipal-de-educacao\/'); });<\/script><\/div><script> jQuery(\".socialMediaOnEveryPost\").addClass(\"sgmb-left\") <\/script>","protected":false},"excerpt":{"rendered":"<p>A Autarquia Municipal de Educa\u00e7\u00e3o foi criada em dezembro de 2009, por meio da lei 242\/2009, e \u00e9 uma entidade com sede e foro na cidade de Apucarana-PR que disp\u00f5e de autonomia administrativa, financeira e t\u00e9cnica, al\u00e9m de patrim\u00f4nio p\u00fablico. Conforme o Artigo 4\u00ba da referida lei, s\u00e3o compet\u00eancias da&hellip; <\/p>\n","protected":false},"author":1,"featured_media":0,"parent":0,"menu_order":0,"comment_status":"closed","ping_status":"closed","template":"","meta":[],"_links":{"self":[{"href":"http:\/\/www.apucarana.pr.gov.br\/ame\/wp-json\/wp\/v2\/pages\/5448"}],"collection":[{"href":"http:\/\/www.apucarana.pr.gov.br\/ame\/wp-json\/wp\/v2\/pages"}],"about":[{"href":"http:\/\/www.apucarana.pr.gov.br\/ame\/wp-json\/wp\/v2\/types\/page"}],"author":[{"embeddable":true,"href":"http:\/\/www.apucarana.pr.gov.br\/ame\/wp-json\/wp\/v2\/users\/1"}],"replies":[{"embeddable":true,"href":"http:\/\/www.apucarana.pr.gov.br\/ame\/wp-json\/wp\/v2\/comments?post=5448"}],"version-history":[{"count":19,"href":"http:\/\/www.apucarana.pr.gov.br\/ame\/wp-json\/wp\/v2\/pages\/5448\/revisions"}],"predecessor-version":[{"id":14181,"href":"http:\/\/www.apucarana.pr.gov.br\/ame\/wp-json\/wp\/v2\/pages\/5448\/revisions\/14181"}],"wp:attachment":[{"href":"http:\/\/www.apucarana.pr.gov.br\/ame\/wp-json\/wp\/v2\/media?parent=5448"}],"curies":[{"name":"wp","href":"https:\/\/api.w.org\/{rel}","templated":true}]}}