{"id":5446,"date":"2016-04-27T15:11:55","date_gmt":"2016-04-27T18:11:55","guid":{"rendered":"http:\/\/www.apucarana.pr.gov.br\/ame\/?page_id=5446"},"modified":"2026-02-19T17:07:36","modified_gmt":"2026-02-19T20:07:36","slug":"cmeis-2","status":"publish","type":"page","link":"http:\/\/www.apucarana.pr.gov.br\/ame\/cmeis-2\/","title":{"rendered":"CMEIS"},"content":{"rendered":"<div style=\"line-height: 2em;\">\n<h1>CMEI Alice Pereira de Ara\u00fajo<\/h1>\n<p><strong>Endere\u00e7o<\/strong>: Rua Inocente Martins, 18. Residencial Sumatra.<br \/>\n<strong>Telefone<\/strong>: (43) 3308-1618<br \/>\n<strong>Hor\u00e1rio de Atendimento<\/strong>: das 7:00 \u00e0s 18:00 horas.<\/p>\n<h1>CMEI Ana Luiz\u00e3o Festi<\/h1>\n<p><strong>Endere\u00e7o<\/strong>: Rua Augusto Ferreira Chagas, 847. Distrito de Pirap\u00f3.<br \/>\n<strong>Telefone<\/strong>: (43) 3308-1601<br \/>\n<strong>Hor\u00e1rio de Atendimento<\/strong>: das 7:00 \u00e0s 18:00 horas.<\/p>\n<h1>CMEI Antonio do Carmo Ribeiro<\/h1>\n<p><strong>Endere\u00e7o<\/strong>: Rua Nelson Miquel\u00e3o, 357. Distrito de Caixa S\u00e3o Pedro.<br \/>\n<strong>Telefone<\/strong>: (43) 3308-1602<br \/>\n<strong>Hor\u00e1rio de Atendimento<\/strong>: das 7:00 \u00e0s 18:00 horas.<\/p>\n<h1>CMEI Benedito Leugi<\/h1>\n<p><strong>Endere\u00e7o<\/strong>: Rua Rio Congoinhas, 240. N\u00facleo Jo\u00e3o Paulo.<br \/>\n<strong>Telefone<\/strong>: (43) 3308-1603<br \/>\n<strong>Hor\u00e1rio de Atendimento<\/strong>: das 7:00 \u00e0s 18:00 horas.<\/p>\n<h1>CMEI Cosap<\/h1>\n<p><strong>Endere\u00e7o<\/strong>: Rua Primeiro de Maio, 255. Vila Oper\u00e1ria.<br \/>\n<strong>Telefone<\/strong>: (43) 3308-1604<br \/>\n<strong>Hor\u00e1rio de Atendimento<\/strong>: das 7:00 \u00e0s 18:00 horas.<\/p>\n<h1>CMEI Domingos Mareze<\/h1>\n<p><strong>Endere\u00e7o<\/strong>: Avenida Serra do Cadeado, 349. N\u00facleo Adriano Correa.<br \/>\n<strong>Telefone<\/strong>: (43) 3308-1605<br \/>\n<strong>Hor\u00e1rio de Atendimento<\/strong>: das 7:00 \u00e0s 18:00 horas.<\/p>\n<h1>CMEI Geralda Siqueira Bormaita<\/h1>\n<p><strong>Endere\u00e7o<\/strong>: Rua Luiz Claudio Matsui, 55. Jardim Colonial.<br \/>\n<strong>Telefone<\/strong>: (43) 3308-1606<br \/>\n<strong>Hor\u00e1rio de Atendimento<\/strong>: das 7:00 \u00e0s 18:00 horas.<\/p>\n<h1>CMEI Irm\u00e3 Dulce<\/h1>\n<p><strong>Endere\u00e7o<\/strong>: Rua Jos\u00e9 Cardoso Sobrinho, 364. Parque Bigua\u00e7u.<br \/>\n<strong>Telefone<\/strong>: (43) 3308-1617<br \/>\n<strong>Hor\u00e1rio de Atendimento<\/strong>: das 7:00 \u00e0s 18:00 horas.<\/p>\n<h1>CMEI Izabel Holak<\/h1>\n<p><strong>Endere\u00e7o<\/strong>: Rua S\u00e3o Leopoldo, 101. N\u00facleo Dom Romeu Alberti.<br \/>\n<strong>Telefone<\/strong>: (43) 3308-1608<br \/>\n<strong>Hor\u00e1rio de Atendimento<\/strong>: das 7:00 \u00e0s 18:00 horas.<\/p>\n<h1>CMEI Jandira Gomes Scarpelini<\/h1>\n<p><strong>Endere\u00e7o<\/strong>: Rua Fernando Pereira, 373. Jardim Ponta Grossa.<br \/>\n<strong>Telefone<\/strong>: (43) 3308-1620<br \/>\n<strong>Hor\u00e1rio de Atendimento<\/strong>: das 7:00 \u00e0s 18:00 horas.<\/p>\n<h1>CMEI Jonas Pires<\/h1>\n<p><strong>Endere\u00e7o<\/strong>: Rua Jair Fid\u00e9lis Marques, 305. Residencial Garcia.<br \/>\n<strong>Telefone<\/strong>: (43) 3308-1609<br \/>\n<strong>Hor\u00e1rio de Atendimento<\/strong>: das 7:00 \u00e0s 18:00 horas.<\/p>\n<h1>CMEI Josa Ribeiro<\/h1>\n<p><strong>Endere\u00e7o<\/strong>: Rua Manoel Luiz da Silva, 282. Vila S\u00e3o Carlos.<br \/>\n<strong>Telefone<\/strong>: (43) 3308-1610<br \/>\n<strong>Hor\u00e1rio de Atendimento<\/strong>: das 7:00 \u00e0s 18:00 horas.<\/p>\n<h1>CMEI Jos\u00e9 Ign\u00e1cio Neto<\/h1>\n<p><strong>Endere\u00e7o<\/strong>: Rua Ebenezer, 2. Residencial Monte Si\u00e3o.<br \/>\n<strong>Telefone<\/strong>: (43) 3308-1621<br \/>\n<strong>Hor\u00e1rio de Atendimento<\/strong>: das 7:00 \u00e0s 18:00 horas.<\/p>\n<h1>CMEI Lu\u00eds Anibal Matiuzzi<\/h1>\n<p><strong>Endere\u00e7o<\/strong>: Rua Conselheiro Zacarias G\u00f3es e Vasconcelos, 67. N\u00facleo Parigot de Souza.<br \/>\n<strong>Telefone<\/strong>: (43) 3308-1611<br \/>\n<strong>Hor\u00e1rio de Atendimento<\/strong>: das 7:00 \u00e0s 18:00 horas.<\/p>\n<h1>CMEI Maria de Nazar\u00e9<\/h1>\n<p><strong>Endere\u00e7o<\/strong>: Rua Agostinho dos Santos, 164. N\u00facleo Castelo Branco.<br \/>\n<strong>Telefone<\/strong>: (43) 3308-1622<br \/>\n<strong>Hor\u00e1rio de Atendimento<\/strong>: das 7:00 \u00e0s 18:00 horas.<\/p>\n<h1>CMEI Maria dos Santos Gravena<\/h1>\n<p><strong>Endere\u00e7o<\/strong>: Rua Catanduva, 231. Jardim Am\u00e9rica.<br \/>\n<strong>Telefone<\/strong>: (43) 3308-1619<br \/>\n<strong>Hor\u00e1rio de Atendimento<\/strong>: das 7:00 \u00e0s 18:00 horas.<\/p>\n<h1>CMEI Miguel Moreno<\/h1>\n<p><strong>Endere\u00e7o<\/strong>: Rua Nossa Senhora do Bom Conselho, 18. Vila Reis.<br \/>\n<strong>Telefone<\/strong>: (43) 3308-1612<br \/>\n<strong>Hor\u00e1rio de Atendimento<\/strong>: das 7:00 \u00e0s 18:00 horas.<\/p>\n<h1>CMEI Ol\u00edvio Fernandes<\/h1>\n<p><strong>Endere\u00e7o<\/strong>: Rua Edward Andrade, 517. N\u00facleo Tancredo Neves.<br \/>\n<strong>Telefone<\/strong>: (43) 3308-1613<br \/>\n<strong>Hor\u00e1rio de Atendimento<\/strong>: das 7:00 \u00e0s 18:00 horas.<\/p>\n<h1>CMEI Professor Jo\u00e3o Baptista Mareze<\/h1>\n<p><strong>Endere\u00e7o<\/strong>: R. Jacarand\u00e1, 1302 &#8211; Nucleo Hab. Afonso Alves de Camargo.<br \/>\n<strong>Telefone<\/strong>: (43) 3308-1616<br \/>\n<strong>Hor\u00e1rio de Atendimento<\/strong>: das 7:00 \u00e0s 18:00 horas.<\/p>\n<h1>CMEI Professor On\u00e9simo de Oliveira Moraes<\/h1>\n<p><strong>Endere\u00e7o<\/strong>: Rua Nossa Senhora da Concei\u00e7\u00e3o, 612. Jardim Presidente Kennedy.<br \/>\n<strong>Telefone<\/strong>: (43) 3308-1607<br \/>\n<strong>Hor\u00e1rio de Atendimento<\/strong>: das 7:00 \u00e0s 18:00 horas.<\/p>\n<h1>CMEI Professora Laura Mareze Martinelli<\/h1>\n<p><strong>Endere\u00e7o<\/strong>: Avenida I\u00eado Marques, 115. Jardim Madrid.<br \/>\n<strong>Telefone<\/strong>: S\/T<br \/>\n<strong>Hor\u00e1rio de Atendimento<\/strong>: das 7:00 \u00e0s 18:00 horas.<\/p>\n<h1>CMEI Professora Maria Onide Ballan Sardinha<\/h1>\n<p><strong>Endere\u00e7o<\/strong>: &#8211; Nucleo Hab. Sanches dos Santos (Residencial Arquiteto Celso Marchi).<br \/>\n<strong>Telefone<\/strong>: (43) 3308-1650<br \/>\n<strong>Hor\u00e1rio de Atendimento<\/strong>: das 7:00 \u00e0s 18:00 horas.<\/p>\n<h1>CMEI Professora Marisa Beltoni Felipe<\/h1>\n<p><strong>Endere\u00e7o<\/strong>: Rua Grande Alexandre, 442. Vila Nova.<br \/>\n<strong>Telefone<\/strong>: (43) 3308-1623<br \/>\n<strong>Hor\u00e1rio de Atendimento<\/strong>: das 7:00 \u00e0s 18:00 horas.<\/p>\n<h1>CMEI Professora Tatiane Andr\u00e9ia Agrela Felippe Chinelli<\/h1>\n<p><strong>Endere\u00e7o<\/strong>: Rua Adolfo Pedroso Silva, 301. Vila Salete.<br \/>\n<strong>Telefone<\/strong>: (43) 3308-1615<br \/>\n<strong>Hor\u00e1rio de Atendimento<\/strong>: das 7:00 \u00e0s 18:00 horas.<\/p>\n<h1>CMEI Serafim Colombo<\/h1>\n<p><strong>Endere\u00e7o<\/strong>: Travessa Padre Tito Cerazoli, 73. Jardim Figueira.<br \/>\n<strong>Telefone<\/strong>: (43) 3308-1614<br \/>\n<strong>Hor\u00e1rio de Atendimento<\/strong>: das 7:00 \u00e0s 18:00 horas.<\/p>\n<\/div>\n<div class = 'socialMediaOnEveryPost'>Compartilhe<div id=\"sgmbShare1-1\" class=\"sgmbShare jssocials-theme-classic sgmbWidget1-1\"><\/div><div class=\"dropdownWrapper dropdownWrapper1 dropdownWrapper-for-widget \" id=\"dropdownWrapper-for-widget\">\r\n\t\t\t\t\t\t<div class=\"dropdownLabel\" id=\"dropdownLabel-share-list\"><span class=\"sgmbButtonListLabel1\">Share List<\/span><\/div>\r\n\t\t\t\t\t\t<div class=\"dropdownPanel dropdownPanel1-1\">\r\n\t\t\t\t\t\t<\/div>\r\n\t\t\t\t\t<\/div><script>  SGMB_URL = \"http:\/\/www.apucarana.pr.gov.br\/ame\/wp-content\/plugins\/social-media-builder\/\"; jQuery(\".dropdownWrapper\").hide(); SGMB_GOOGLE_ACOUNT = \"\"; <\/script><script type=\"text\/javascript\">\r\n\t\tjQuery(document).ready(function($){var widget = new SGMBWidget();widget.show({\"id\":\"1\",\"title\":\"Face\\\/Twitter\",\"options\":{\"currentUrl\":\"1\",\"url\":\"\",\"shareText\":\"\",\"fontSize\":\"14\",\"betweenButtons\":\"1px\",\"theme\":\"classic\",\"sgmbButtonsPosition\":\"bottomLeft\",\"socialTheme\":\"\",\"icon\":\"default\",\"buttonsPanelEffect\":\"No Effect\",\"buttonsEffect\":\"No Effect\",\"iconsEffect\":\"No Effect\",\"buttons\":\"{\\\"facebook\\\":{\\\"label\\\":\\\"Share\\\",\\\"icon\\\":\\\"default-facebook\\\"},\\\"twitter\\\":{\\\"label\\\":\\\"Tweet\\\",\\\"icon\\\":\\\"default-twitter\\\",\\\"via\\\":\\\"\\\",\\\"hashtags\\\":\\\"\\\"}}\",\"roundButton\":\"\",\"showLabels\":\"\",\"showCounts\":\"\",\"showCenter\":\"\",\"showButtonsAsList\":\"\",\"sgmbDropdownColor\":\"\",\"sgmbDropdownLabelFontSize\":\"14\",\"sgmbDropdownLabelColor\":\"\",\"showButtonsOnEveryPost\":\"on\",\"selectedOrExcluded\":\"\",\"showButtonsOnEveryPage\":\"\",\"textOnEveryPost\":\"Compartilhe\",\"showButtonsOnCustomPost\":\"\",\"textOnCustomPost\":\"\",\"showButtonsOnMobileDirect\":\"on\",\"showButtonsOnDesktopDirect\":\"on\",\"sgmbSelectedPages\":[\"\"],\"sgmbExcludedPosts\":[\"\"],\"sgmbSelectedCustomPosts\":[],\"showButtonsInPopup\":\"\",\"titleOfPopup\":\"\",\"descriptionOfPopup\":\"\",\"showPopupOnLoad\":\"\",\"showPopupOnScroll\":\"\",\"showPopupOnExit\":\"\",\"openSecondsOfPopup\":\"\",\"googleAnaliticsAccount\":\"\"},\"buttonOptions\":{\"facebook\":{\"label\":\"Share\",\"icon\":\"default-facebook\"},\"twitter\":{\"label\":\"Tweet\",\"icon\":\"default-twitter\",\"via\":\"\",\"hashtags\":\"\"}},\"button\":[\"facebook\",\"twitter\"]}, 1, '', 'http:\/\/www.apucarana.pr.gov.br\/ame\/wp-content\/plugins\/social-media-builder\/\/img\/no-image.png', '', 'http:\/\/www.apucarana.pr.gov.br\/ame\/cmeis-2\/'); });<\/script><\/div><script> jQuery(\".socialMediaOnEveryPost\").addClass(\"sgmb-left\") <\/script>","protected":false},"excerpt":{"rendered":"<p>CMEI Alice Pereira de Ara\u00fajo Endere\u00e7o: Rua Inocente Martins, 18. Residencial Sumatra. Telefone: (43) 3308-1618 Hor\u00e1rio de Atendimento: das 7:00 \u00e0s 18:00 horas. CMEI Ana Luiz\u00e3o Festi Endere\u00e7o: Rua Augusto Ferreira Chagas, 847. Distrito de Pirap\u00f3. Telefone: (43) 3308-1601 Hor\u00e1rio de Atendimento: das 7:00 \u00e0s 18:00 horas. CMEI Antonio do&hellip; <\/p>\n","protected":false},"author":1,"featured_media":0,"parent":0,"menu_order":0,"comment_status":"closed","ping_status":"closed","template":"","meta":[],"_links":{"self":[{"href":"http:\/\/www.apucarana.pr.gov.br\/ame\/wp-json\/wp\/v2\/pages\/5446"}],"collection":[{"href":"http:\/\/www.apucarana.pr.gov.br\/ame\/wp-json\/wp\/v2\/pages"}],"about":[{"href":"http:\/\/www.apucarana.pr.gov.br\/ame\/wp-json\/wp\/v2\/types\/page"}],"author":[{"embeddable":true,"href":"http:\/\/www.apucarana.pr.gov.br\/ame\/wp-json\/wp\/v2\/users\/1"}],"replies":[{"embeddable":true,"href":"http:\/\/www.apucarana.pr.gov.br\/ame\/wp-json\/wp\/v2\/comments?post=5446"}],"version-history":[{"count":27,"href":"http:\/\/www.apucarana.pr.gov.br\/ame\/wp-json\/wp\/v2\/pages\/5446\/revisions"}],"predecessor-version":[{"id":15061,"href":"http:\/\/www.apucarana.pr.gov.br\/ame\/wp-json\/wp\/v2\/pages\/5446\/revisions\/15061"}],"wp:attachment":[{"href":"http:\/\/www.apucarana.pr.gov.br\/ame\/wp-json\/wp\/v2\/media?parent=5446"}],"curies":[{"name":"wp","href":"https:\/\/api.w.org\/{rel}","templated":true}]}}